{"id":8394,"date":"2019-06-06T21:19:38","date_gmt":"2019-06-06T19:19:38","guid":{"rendered":"https:\/\/www.hugorodriguez.com\/blog\/?page_id=8394"},"modified":"2023-05-21T09:48:38","modified_gmt":"2023-05-21T07:48:38","slug":"test-de-rendimiento-en-revelado","status":"publish","type":"page","link":"https:\/\/www.hugorodriguez.com\/blog\/reviews\/test-de-rendimiento-en-revelado\/","title":{"rendered":"Test de rendimiento en revelado RAW con Capture One"},"content":{"rendered":"<p>Despu\u00e9s de renovar mi ordenador, pensando especialmente en un buen rendimiento revelando RAWs, me puse a hacer algunas pruebas cronometradas para intentar sacar conclusiones. Viendo que el nuevo ordenador revela tan r\u00e1pido, (0,4 segundos para un TIFF a 48bit de mi Nikon de 24MP), me planteaba la necesidad de crear un set de RAWs que tardase varios segundos (o minutos) y que no s\u00f3lo consistiese en \u00abconvertir\u00bb el RAW en un TIFF, sin m\u00e1s. Buscaba poner a prueba no s\u00f3lo la conversi\u00f3n directa, sino incluir muchas de las funciones que normalmente incluimos en un revelado: reducir el ruido, enfocar, levantar sombras, recuperar luces, la claridad, capas&#8230;<\/p>\n<p>Pues bien, tomando una foto de un paisaje de alto contraste que suelo usar en mis cursos, he comenzado a aplicarle mas y mas funciones al mismo tiempo que he ido creando copias virtuales de la misma. De esta forma, le he aplicado:<\/p>\n<ul>\n<li>ajustes b\u00e1sicos tonales<\/li>\n<li>reducci\u00f3n de ruido<\/li>\n<li>mejorar el enfoque<\/li>\n<li>enderezado y reencuadre<\/li>\n<li>correcciones \u00f3pticas y geom\u00e9tricas<\/li>\n<li>vi\u00f1eteo<\/li>\n<li>ediciones de color<\/li>\n<li>correcciones de motas<\/li>\n<li>estilos variados<\/li>\n<\/ul>\n<p>Pues bien, en total son 97 fotos en RAW, de 12 MP, provenientes de mi querida -y vetusta- Nikon D300.<\/p>\n<p>&nbsp;<\/p>\n<h3 style=\"text-align: center;\">C\u00d3MO LLEVAR A CABO EL TEST<\/h3>\n<p>&nbsp;<\/p>\n<div  class='avia-video av-2dhdsq-a8fc33fd5964ae81c2d2169d5d0f8d23 avia-video-16-9 av-no-preview-image avia-video-load-always av-lazyload-immediate av-lazyload-video-embed'  itemprop=\"video\" itemtype=\"https:\/\/schema.org\/VideoObject\"  data-original_url='https:\/\/www.youtube.com\/watch?v=y5Oo3vIQ3Ck'><script type='text\/html' class='av-video-tmpl'><div class='avia-iframe-wrap'><iframe loading=\"lazy\" width=\"1500\" height=\"844\" src=\"https:\/\/www.youtube.com\/embed\/y5Oo3vIQ3Ck?feature=oembed&autoplay=0&loop=0&controls=1&mute=0\" frameborder=\"0\" allow=\"accelerometer; autoplay; encrypted-media; gyroscope; picture-in-picture\" allowfullscreen><\/iframe><\/div><\/script><div class='av-click-to-play-overlay'><div class=\"avia_playpause_icon\"><\/div><\/div><\/div>\n<p>&nbsp;<\/p>\n<div  class='avia-button-wrap av-2hdk3e-982f07037fc105193a45c8c1a0bd9e32-wrap avia-button-center  avia-builder-el-1  el_after_av_video  el_before_av_tab_container '><a href='http:\/\/bit.ly\/2WHJdYB'  class='avia-button av-2hdk3e-982f07037fc105193a45c8c1a0bd9e32 av-link-btn avia-icon_select-no avia-size-medium avia-position-center avia-color-theme-color'  target=\"_blank\"  rel=\"noopener noreferrer\"  aria-label=\"DESCARGAR RAWs\"><span class='avia_iconbox_title' >DESCARGAR RAWs<\/span><\/a><\/div>\n<p>&nbsp;<\/p>\n<ol>\n<li>Descarga el fichero. Si tienes un SSD, desc\u00e1rgalo en una carpeta del SSD, que ser\u00e1 m\u00e1s r\u00e1pido que los discos cl\u00e1sicos, a menos que quieras probar tambi\u00e9n la velocidad del disco.\u00a0Una vez descargado, descomprime el ZIP.<\/li>\n<li>Dentro ver\u00e1s un fichero .eip. \u00c1brelo (o imp\u00f3rtalo si est\u00e1s usando cat\u00e1logo) en Capture One. Debes usar Capture One 10 o posterior.<\/li>\n<li>Comprueba como est\u00e1 el OpenCL. Abre las preferencias del programa y comprueba que el campo &#8216;procesando&#8217; est\u00e1 en autom\u00e1tico y debajo dice \u00abCapture One <strong>est\u00e1 utilizando<\/strong> aceleraci\u00f3n de hardware\u00bb, lo que lo confirmar\u00eda.<\/li>\n<\/ol>\n<p><img loading=\"lazy\" decoding=\"async\" class=\"aligncenter size-full wp-image-8409\" src=\"https:\/\/www.hugorodriguez.com\/blog\/wp-content\/uploads\/2019\/06\/Comprobar-OpenCL-crop.png\" alt=\"\" width=\"501\" height=\"156\" srcset=\"https:\/\/www.hugorodriguez.com\/blog\/wp-content\/uploads\/2019\/06\/Comprobar-OpenCL-crop.png 501w, https:\/\/www.hugorodriguez.com\/blog\/wp-content\/uploads\/2019\/06\/Comprobar-OpenCL-crop-450x140.png 450w, https:\/\/www.hugorodriguez.com\/blog\/wp-content\/uploads\/2019\/06\/Comprobar-OpenCL-crop-80x25.png 80w, https:\/\/www.hugorodriguez.com\/blog\/wp-content\/uploads\/2019\/06\/Comprobar-OpenCL-crop-500x156.png 500w\" sizes=\"auto, (max-width: 501px) 100vw, 501px\" \/><\/p>\n<p>4.\u00a0Luego, en la pesta\u00f1a de procesado, escoge la f\u00f3rmula JPEG sRGB (o crea una con un nombre similar):<\/p>\n<p><img loading=\"lazy\" decoding=\"async\" class=\"aligncenter wp-image-8397 size-full\" src=\"https:\/\/www.hugorodriguez.com\/blog\/wp-content\/uploads\/2019\/06\/Formula-procesado-sRGB.png\" alt=\"\" width=\"346\" height=\"300\" srcset=\"https:\/\/www.hugorodriguez.com\/blog\/wp-content\/uploads\/2019\/06\/Formula-procesado-sRGB.png 346w, https:\/\/www.hugorodriguez.com\/blog\/wp-content\/uploads\/2019\/06\/Formula-procesado-sRGB-80x69.png 80w\" sizes=\"auto, (max-width: 346px) 100vw, 346px\" \/><\/p>\n<p>y config\u00farala de la siguiente forma:<\/p>\n<p><img loading=\"lazy\" decoding=\"async\" class=\"aligncenter size-full wp-image-8398\" src=\"https:\/\/www.hugorodriguez.com\/blog\/wp-content\/uploads\/2019\/06\/paramFormula-procesado-sRGB.png\" alt=\"\" width=\"346\" height=\"247\" srcset=\"https:\/\/www.hugorodriguez.com\/blog\/wp-content\/uploads\/2019\/06\/paramFormula-procesado-sRGB.png 346w, https:\/\/www.hugorodriguez.com\/blog\/wp-content\/uploads\/2019\/06\/paramFormula-procesado-sRGB-80x57.png 80w, https:\/\/www.hugorodriguez.com\/blog\/wp-content\/uploads\/2019\/06\/paramFormula-procesado-sRGB-260x185.png 260w\" sizes=\"auto, (max-width: 346px) 100vw, 346px\" \/><\/p>\n<p>5.\u00a0 Una vez la tengas, prepara el cron\u00f3metro, selecciona todas las fotos (un Ctrl+A en Windows o Cmd+A en Mac), aseg\u00farate de tener activo (en naranja) este icono:<\/p>\n<p><img loading=\"lazy\" decoding=\"async\" class=\"aligncenter size-full wp-image-8410\" src=\"https:\/\/www.hugorodriguez.com\/blog\/wp-content\/uploads\/2019\/06\/Usar-todas-las-variantes.png\" alt=\"\" width=\"448\" height=\"203\" srcset=\"https:\/\/www.hugorodriguez.com\/blog\/wp-content\/uploads\/2019\/06\/Usar-todas-las-variantes.png 448w, https:\/\/www.hugorodriguez.com\/blog\/wp-content\/uploads\/2019\/06\/Usar-todas-las-variantes-80x36.png 80w\" sizes=\"auto, (max-width: 448px) 100vw, 448px\" \/><\/p>\n<p>6.\u00a0<strong>Recomendaci\u00f3n<\/strong>: desactiva temporalmente el antivirus y cierra el resto de programas abiertos, asi como programas en 2\u00ba plano (Adobe Cloud, CCleaner&#8230;) para asegurarte de que no interfieren en el rendimiento.<\/p>\n<p>7. Finalmente, pulsa <strong>Procesar<\/strong>. Trata de ser lo m\u00e1s preciso que puedas a la hora de cronometrar, y estate atento al final para medir con exactitud cuantos segundos tarda tu equipo.<\/p>\n<p>8. <strong>Intenta repetir el test 2 o 3 veces<\/strong> para asegurarte de que los tiempos son consistentes. Si obtienes tiempos muy diferentes cada vez, revisa que no haya procesos en 2\u00ba plano, defragmenta el disco, cierra programas, reinicia&#8230;<\/p>\n<p>9. Puedes repetir el test introduciendo variaciones: deshabilitando OpenCL, deshabilitando n\u00facleos de la CPU. Puedes mandar todos los resultados que quieras; simplemente aseg\u00farate de introducir bien los datos cada vez.<\/p>\n<p>&nbsp;<\/p>\n<h3 style=\"text-align: center;\">TOMA NOTA DE TU HARDWARE<\/h3>\n<p>Una vez tengas el tiempo, env\u00edanos tus datos para que todos los podamos ver. Toma nota tambi\u00e9n de los componentes de tu ordenador, para que todos podamos comparar y sacar conclusiones, que ser\u00e1 muy \u00fatil. Si usas Mac, ve a Manzana &gt; Acerca de este Mac y all\u00ed podr\u00e1s ver todos los datos. Si usas Windows, te ser\u00e1 \u00fatil <a href=\"https:\/\/www.cpuid.com\/softwares\/cpu-z.html\" target=\"_blank\" rel=\"noopener\">CPU-Z<\/a>.<\/p>\n<p>Si lo abres MIENTRAS ejecutas el test (puedes repetir el test las veces que quieras), podr\u00e1s ver claramente varios de los datos que buscamos:<\/p>\n<div  class='tabcontainer av-6ygt8q-afbb71886efce104aca04e88dccfb61b top_tab  avia-builder-el-2  el_after_av_button  el_before_av_button '>\n<section class='av_tab_section av_tab_section av-5gml0a-153e7e486496555d6a2773d9c9c6de4e'  itemscope=\"itemscope\" itemtype=\"https:\/\/schema.org\/CreativeWork\" ><div id='tab-id-1-tab' class='tab active_tab' role='tab' aria-selected=\"true\" tabindex=\"0\" data-fake-id='#tab-id-1' aria-controls='tab-id-1-content'  itemprop=\"headline\" >CPU<\/div><div id='tab-id-1-content' class='tab_content active_tab_content' role='tabpanel' aria-labelledby='tab-id-1-tab' aria-hidden=\"false\"><div class='tab_inner_content invers-color'  itemprop=\"text\" ><p><img loading=\"lazy\" decoding=\"async\" class=\"aligncenter wp-image-25953 size-full\" src=\"https:\/\/www.hugorodriguez.com\/blog\/wp-content\/uploads\/2023\/05\/Identificar-la-CPU2.png\" alt=\"\" width=\"403\" height=\"402\" srcset=\"https:\/\/www.hugorodriguez.com\/blog\/wp-content\/uploads\/2023\/05\/Identificar-la-CPU2.png 403w, https:\/\/www.hugorodriguez.com\/blog\/wp-content\/uploads\/2023\/05\/Identificar-la-CPU2-80x80.png 80w, https:\/\/www.hugorodriguez.com\/blog\/wp-content\/uploads\/2023\/05\/Identificar-la-CPU2-36x36.png 36w, https:\/\/www.hugorodriguez.com\/blog\/wp-content\/uploads\/2023\/05\/Identificar-la-CPU2-180x180.png 180w, https:\/\/www.hugorodriguez.com\/blog\/wp-content\/uploads\/2023\/05\/Identificar-la-CPU2-100x100.png 100w\" sizes=\"auto, (max-width: 403px) 100vw, 403px\" \/><\/p>\n<p>Aqu\u00ed puedes ver la marca y modelo de CPU, asi como su velocidad m\u00e1xima (si lo est\u00e1s mirando MIENTRAS ejecutas el test).<\/p>\n<\/div><\/div><\/section>\n<section class='av_tab_section av_tab_section av-3m53vu-cbd938ac8d72f252bac0be0148825d74'  itemscope=\"itemscope\" itemtype=\"https:\/\/schema.org\/CreativeWork\" ><div id='tab-id-2-tab' class='tab' role='tab' aria-selected=\"false\" tabindex=\"0\" data-fake-id='#tab-id-2' aria-controls='tab-id-2-content'  itemprop=\"headline\" >Tarjeta gr\u00e1fica (GPU)<\/div><div id='tab-id-2-content' class='tab_content' role='tabpanel' aria-labelledby='tab-id-2-tab' aria-hidden=\"true\"><div class='tab_inner_content invers-color'  itemprop=\"text\" ><p><img loading=\"lazy\" decoding=\"async\" class=\"aligncenter size-full wp-image-8404\" src=\"https:\/\/www.hugorodriguez.com\/blog\/wp-content\/uploads\/2019\/06\/Identificar-la-GPU.png\" alt=\"\" width=\"403\" height=\"402\" srcset=\"https:\/\/www.hugorodriguez.com\/blog\/wp-content\/uploads\/2019\/06\/Identificar-la-GPU.png 403w, https:\/\/www.hugorodriguez.com\/blog\/wp-content\/uploads\/2019\/06\/Identificar-la-GPU-80x80.png 80w, https:\/\/www.hugorodriguez.com\/blog\/wp-content\/uploads\/2019\/06\/Identificar-la-GPU-36x36.png 36w, https:\/\/www.hugorodriguez.com\/blog\/wp-content\/uploads\/2019\/06\/Identificar-la-GPU-180x180.png 180w, https:\/\/www.hugorodriguez.com\/blog\/wp-content\/uploads\/2019\/06\/Identificar-la-GPU-100x100.png 100w\" sizes=\"auto, (max-width: 403px) 100vw, 403px\" \/><\/p>\n<\/div><\/div><\/section>\n<section class='av_tab_section av_tab_section av-35ar6i-e9db3178cf5ac1f08c74637234105a53'  itemscope=\"itemscope\" itemtype=\"https:\/\/schema.org\/CreativeWork\" ><div id='tab-id-3-tab' class='tab' role='tab' aria-selected=\"false\" tabindex=\"0\" data-fake-id='#tab-id-3' aria-controls='tab-id-3-content'  itemprop=\"headline\" >Memoria RAM<\/div><div id='tab-id-3-content' class='tab_content' role='tabpanel' aria-labelledby='tab-id-3-tab' aria-hidden=\"true\"><div class='tab_inner_content invers-color'  itemprop=\"text\" ><p><img loading=\"lazy\" decoding=\"async\" class=\"aligncenter size-full wp-image-8406\" src=\"https:\/\/www.hugorodriguez.com\/blog\/wp-content\/uploads\/2019\/06\/Identificar-la-RAM.png\" alt=\"\" width=\"403\" height=\"402\" srcset=\"https:\/\/www.hugorodriguez.com\/blog\/wp-content\/uploads\/2019\/06\/Identificar-la-RAM.png 403w, https:\/\/www.hugorodriguez.com\/blog\/wp-content\/uploads\/2019\/06\/Identificar-la-RAM-80x80.png 80w, https:\/\/www.hugorodriguez.com\/blog\/wp-content\/uploads\/2019\/06\/Identificar-la-RAM-36x36.png 36w, https:\/\/www.hugorodriguez.com\/blog\/wp-content\/uploads\/2019\/06\/Identificar-la-RAM-180x180.png 180w, https:\/\/www.hugorodriguez.com\/blog\/wp-content\/uploads\/2019\/06\/Identificar-la-RAM-100x100.png 100w\" sizes=\"auto, (max-width: 403px) 100vw, 403px\" \/><\/p>\n<p>Aqu\u00ed puedes ver la cantidad y tipo de memoria, as\u00ed como su velocidad (si lo miras MIENTRAS ejecutas el test).<\/p>\n<\/div><\/div><\/section>\n<\/div>\n<p>&nbsp;<\/p>\n<h3 style=\"text-align: center;\">\u00a1ENV\u00cdA TUS TIEMPOS!<\/h3>\n<p>OJO! Que el tiempo es en segundos!! No se puede indicar 1 min 35 segundos, sino 95 (no hace falta poner \u00absegundos\u00bb al final).<\/p>\n<p style=\"text-align: center;\"><iframe loading=\"lazy\" src=\"https:\/\/docs.google.com\/forms\/d\/e\/1FAIpQLScaRMcwLB6k_e5qtxxvWLgXY_QUYREfesrqIs0CulJjVxLzXA\/viewform?embedded=true\" width=\"640\" height=\"1600\" frameborder=\"0\" marginwidth=\"0\" marginheight=\"0\"><span data-mce-type=\"bookmark\" style=\"display: inline-block; width: 0px; overflow: hidden; line-height: 0;\" class=\"mce_SELRES_start\">\ufeff<\/span><span data-mce-type=\"bookmark\" style=\"display: inline-block; width: 0px; overflow: hidden; line-height: 0;\" class=\"mce_SELRES_start\">\ufeff<\/span><span data-mce-type=\"bookmark\" style=\"display: inline-block; width: 0px; overflow: hidden; line-height: 0;\" class=\"mce_SELRES_start\">\ufeff<\/span>Cargando&#8230;<\/iframe><\/p>\n<p>&nbsp;<\/p>\n<h3 style=\"text-align: center;\">RESULTADOS<\/h3>\n<p>&nbsp;<\/p>\n<div  class='avia-button-wrap av-209zlm-75ee25b50d76b4e0f44bb5fc30b7d766-wrap avia-button-center  avia-builder-el-3  el_after_av_tab_container  avia-builder-el-last '><a href='http:\/\/bit.ly\/2KNsDQb'  class='avia-button av-209zlm-75ee25b50d76b4e0f44bb5fc30b7d766 av-link-btn avia-icon_select-no avia-size-medium avia-position-center avia-color-theme-color'  target=\"_blank\"  rel=\"noopener noreferrer\"  aria-label=\"VER RESULTADOS\"><span class='avia_iconbox_title' >VER RESULTADOS<\/span><\/a><\/div>\n<p>&nbsp;<\/p>\n<p>Y eso es todo. Gracias por colaborar, ser\u00e1 de utilidad para todos aquellos que dudan a la hora de comprar un nuevo equipo.<\/p>\n","protected":false},"excerpt":{"rendered":"<p>Despu\u00e9s de renovar mi ordenador, pensando especialmente en un buen rendimiento revelando RAWs, me puse a hacer algunas pruebas cronometradas para intentar sacar conclusiones. Viendo que el nuevo ordenador revela tan r\u00e1pido, (0,4 segundos para un TIFF a 48bit de mi Nikon de 24MP), me planteaba la necesidad de crear un set de RAWs que [&hellip;]<\/p>\n","protected":false},"author":1,"featured_media":8435,"parent":2652,"menu_order":0,"comment_status":"open","ping_status":"closed","template":"","meta":{"footnotes":""},"class_list":["post-8394","page","type-page","status-publish","has-post-thumbnail","hentry"],"_links":{"self":[{"href":"https:\/\/www.hugorodriguez.com\/blog\/wp-json\/wp\/v2\/pages\/8394","targetHints":{"allow":["GET"]}}],"collection":[{"href":"https:\/\/www.hugorodriguez.com\/blog\/wp-json\/wp\/v2\/pages"}],"about":[{"href":"https:\/\/www.hugorodriguez.com\/blog\/wp-json\/wp\/v2\/types\/page"}],"author":[{"embeddable":true,"href":"https:\/\/www.hugorodriguez.com\/blog\/wp-json\/wp\/v2\/users\/1"}],"replies":[{"embeddable":true,"href":"https:\/\/www.hugorodriguez.com\/blog\/wp-json\/wp\/v2\/comments?post=8394"}],"version-history":[{"count":5,"href":"https:\/\/www.hugorodriguez.com\/blog\/wp-json\/wp\/v2\/pages\/8394\/revisions"}],"predecessor-version":[{"id":25952,"href":"https:\/\/www.hugorodriguez.com\/blog\/wp-json\/wp\/v2\/pages\/8394\/revisions\/25952"}],"up":[{"embeddable":true,"href":"https:\/\/www.hugorodriguez.com\/blog\/wp-json\/wp\/v2\/pages\/2652"}],"wp:featuredmedia":[{"embeddable":true,"href":"https:\/\/www.hugorodriguez.com\/blog\/wp-json\/wp\/v2\/media\/8435"}],"wp:attachment":[{"href":"https:\/\/www.hugorodriguez.com\/blog\/wp-json\/wp\/v2\/media?parent=8394"}],"curies":[{"name":"wp","href":"https:\/\/api.w.org\/{rel}","templated":true}]}}