{"id":8079,"date":"2019-04-06T09:03:50","date_gmt":"2019-04-06T07:03:50","guid":{"rendered":"https:\/\/www.hugorodriguez.com\/blog\/?page_id=8079"},"modified":"2019-04-11T23:29:37","modified_gmt":"2019-04-11T21:29:37","slug":"aviso-legal","status":"publish","type":"page","link":"https:\/\/www.hugorodriguez.com\/blog\/aviso-legal\/","title":{"rendered":"Aviso Legal"},"content":{"rendered":"<h2>Pol\u00edtica de Privacidad y Protecci\u00f3n de datos personales de Hugorodriguez.com<\/h2>\n<p>&nbsp;<\/p>\n<h3 style=\"text-align: center;\">\u00bfQui\u00e9n es el delegado responsable del tratamiento de tus datos personales?<\/h3>\n<p>El responsable que vela por el cumplimiento diligente de la normativa de protecci\u00f3n de datos de car\u00e1cter personal es Hugo Rodr\u00edguez Alonso, con domicilio en BARCELONA 08026.<\/p>\n<p>&nbsp;<\/p>\n<h3 style=\"text-align: center;\">C\u00f3mo hemos obtenido tus datos de car\u00e1cter personal?<\/h3>\n<p>Nos has facilitado tus datos de car\u00e1cter personal v\u00eda una de las siguientes formas:<\/p>\n<ul>\n<li>Te has apuntado al newsletter envi\u00e1ndome un email o directamente en Mailchimp<\/li>\n<li>Has comprado un libro u otro art\u00edculo en mi tienda on-line<\/li>\n<\/ul>\n<p>Nunca hemos conseguido de forma autom\u00e1tica a trav\u00e9s de esta web los datos personales de que disponemos.<\/p>\n<p>&nbsp;<\/p>\n<h3 style=\"text-align: center;\">\u00bfQu\u00e9 datos personales tratamos?<\/h3>\n<p>Los datos que trataremos, para las finalidades leg\u00edtimas que m\u00e1s adelante se explican, son los siguientes (en caso de ser menor de edad precisamos la autorizaci\u00f3n del padre, madre o representante legal):<\/p>\n<p>Datos necesarios para mantener la relaci\u00f3n contigo:<\/p>\n<ul>\n<li>Nombre y apellidos<\/li>\n<li>Ciudad<\/li>\n<li>E-mail<\/li>\n<li>Temas de inter\u00e9s<\/li>\n<\/ul>\n<p>En el caso de que hayas comprado un art\u00edculo en mi tienda on-line, puedes habernos facilitado los siguientes datos:<\/p>\n<ul>\n<li>Direcci\u00f3n completa<\/li>\n<li>Tel\u00e9fono<\/li>\n<li>DNI<\/li>\n<\/ul>\n<p>&nbsp;<\/p>\n<h3 style=\"text-align: center;\">\u00bfPara qu\u00e9 tratamos tus datos personales?<\/h3>\n<p>Tus datos personales se utilizan exclusivamente para las siguientes finalidades:<\/p>\n<ul>\n<li>Env\u00edo de un newsletter con informaci\u00f3n relacionada con la tem\u00e1tica de mi p\u00e1gina (cursos, novedades fotogr\u00e1ficas, conferencias&#8230;)<\/li>\n<li>En el caso de comprar un art\u00edculo en mi tienda on-line, los datos son necesarios para que puedan entreg\u00e1rtelo.<\/li>\n<li>En el caso de comprar una IT8, los datos son necesarios para que EGM pueda venderte la carta y envi\u00e1rtela.<\/li>\n<\/ul>\n<p>El interesado puede oponerse a recibir este tipo de comunicaciones ahora o en cualquier otro momento, enviando un correo electr\u00f3nico al e-mail de nuestro Delegado de Protecci\u00f3n de Datos:<\/p>\n<p><img loading=\"lazy\" decoding=\"async\" class=\"aligncenter size-full wp-image-3853\" src=\"https:\/\/www.hugorodriguez.com\/blog\/wp-content\/uploads\/2016\/11\/correo-infohugorguez.gif\" alt=\"\" width=\"158\" height=\"26\" \/><\/p>\n<p>&nbsp;<\/p>\n<h3 style=\"text-align: center;\">\u00bfCu\u00e1ndo y por qu\u00e9 motivo podemos facilitar tus datos a terceros?<\/h3>\n<p>Si solo disponemos de tus datos para el env\u00edo de newsletter, tus datos nunca se ceden a terceros.<\/p>\n<p>Si disponemos de tus datos para la venta de un art\u00edculo, \u00e9stos se facilitar\u00e1n al transportista o al laboratorio EGM en el caso de una carta IT8.<\/p>\n<p>&nbsp;<\/p>\n<h3 style=\"text-align: center;\">\u00bfRealizamos transferencias internacionales de datos?<\/h3>\n<p>No.<\/p>\n<p>&nbsp;<\/p>\n<h3 style=\"text-align: center;\">\u00bfDurante cu\u00e1nto tiempo guardaremos sus datos?<\/h3>\n<p>Tus datos personales se conservar\u00e1n hasta que nos indiques lo contrario, en cuyo caso ser\u00e1n destruidos. Para mayor seguridad, mi sistema de env\u00edo de e-mail (mailchimp) impide que, una vez dado de baja tu correo electr\u00f3nico, puedas volver a darte de alta. En caso de que quisieras volver a recibir otra vez mis boletines por correo electr\u00f3nico, tendr\u00edas que proporcionar una direcci\u00f3n distinta a la primera.<\/p>\n<p>&nbsp;<\/p>\n<h3 style=\"text-align: center;\">\u00bfCu\u00e1les son tus derechos?<\/h3>\n<p>Tienes derecho, por ley, a que tus datos personales est\u00e9n solo en las bases de datos que tu decidas. Por tanto, puedes ejercitar tus derechos de acceso, rectificaci\u00f3n, supresi\u00f3n, portabilidad y limitaci\u00f3n a trav\u00e9s de las direcciones postal y electr\u00f3nica indicadas.<\/p>\n<p>Asimismo, si consideras que el tratamiento de sus datos personales vulnera la normativa o tus derechos de privacidad, que sin duda ser\u00e1 por un error, puedes presentar una reclamaci\u00f3n:<\/p>\n<ul>\n<li>A nuestro Delegado de Protecci\u00f3n de Datos, a trav\u00e9s de las direcciones postal y electr\u00f3nica indicadas.<\/li>\n<li>Ante la Agencia Espa\u00f1ola de Protecci\u00f3n de Datos.<\/li>\n<\/ul>\n<p>No obstante, si lo \u00fanico que deseas es dejar de recibir mi newsletter, el sistema te permite que, sin necesidad de dirigirte a nadie, te des de baja con tan solo clicar en el link \u201cDarse de baja de esta lista\u201c que encontrar\u00e1s al final de TODOS MIS NEWSLETTER.<\/p>\n","protected":false},"excerpt":{"rendered":"<p>Pol\u00edtica de Privacidad y Protecci\u00f3n de datos personales de Hugorodriguez.com &nbsp; \u00bfQui\u00e9n es el delegado responsable del tratamiento de tus datos personales? El responsable que vela por el cumplimiento diligente de la normativa de protecci\u00f3n de datos de car\u00e1cter personal es Hugo Rodr\u00edguez Alonso, con domicilio en BARCELONA 08026. &nbsp; C\u00f3mo hemos obtenido tus datos [&hellip;]<\/p>\n","protected":false},"author":1,"featured_media":0,"parent":0,"menu_order":0,"comment_status":"closed","ping_status":"closed","template":"","meta":{"footnotes":""},"class_list":["post-8079","page","type-page","status-publish","hentry"],"_links":{"self":[{"href":"https:\/\/www.hugorodriguez.com\/blog\/wp-json\/wp\/v2\/pages\/8079","targetHints":{"allow":["GET"]}}],"collection":[{"href":"https:\/\/www.hugorodriguez.com\/blog\/wp-json\/wp\/v2\/pages"}],"about":[{"href":"https:\/\/www.hugorodriguez.com\/blog\/wp-json\/wp\/v2\/types\/page"}],"author":[{"embeddable":true,"href":"https:\/\/www.hugorodriguez.com\/blog\/wp-json\/wp\/v2\/users\/1"}],"replies":[{"embeddable":true,"href":"https:\/\/www.hugorodriguez.com\/blog\/wp-json\/wp\/v2\/comments?post=8079"}],"version-history":[{"count":5,"href":"https:\/\/www.hugorodriguez.com\/blog\/wp-json\/wp\/v2\/pages\/8079\/revisions"}],"predecessor-version":[{"id":8119,"href":"https:\/\/www.hugorodriguez.com\/blog\/wp-json\/wp\/v2\/pages\/8079\/revisions\/8119"}],"wp:attachment":[{"href":"https:\/\/www.hugorodriguez.com\/blog\/wp-json\/wp\/v2\/media?parent=8079"}],"curies":[{"name":"wp","href":"https:\/\/api.w.org\/{rel}","templated":true}]}}