{"id":7552,"date":"2019-03-20T00:16:37","date_gmt":"2019-03-19T22:16:37","guid":{"rendered":"http:\/\/www.hugorodriguez.com\/blog\/?page_id=7552"},"modified":"2020-03-23T13:08:30","modified_gmt":"2020-03-23T11:08:30","slug":"promocion-capture-one-pro-31-10","status":"publish","type":"page","link":"https:\/\/www.hugorodriguez.com\/blog\/promocion\/promocion-capture-one-pro-31-10\/","title":{"rendered":"Promoci\u00f3n Capture One Pro"},"content":{"rendered":"<h2 style=\"text-align: center;\">\u00a0PROMOCI\u00d3N CAPTURE ONE<\/h2>\n<p>Seguro que ya me habr\u00e1s o\u00eddo hablar de Capture One en muchas ocasiones; lo hago con frecuencia en mis cursos, libros y art\u00edculos. Y no es para menos: realmente pienso que es el mejor programa de revelado existente (aunque eso no quita que en la Mega-comparativa que estoy llevando a cabo lo eval\u00fae de forma imparcial, como al resto).<\/p>\n<p>Pues bien, ahora gracias a esta promoci\u00f3n puedes comprarlo con descuento (y adem\u00e1s me ayudas a seguir con esta p\u00e1gina)<\/p>\n<p>&nbsp;<\/p>\n<p>&nbsp;<\/p>\n<h2 style=\"text-align: center;\">PROMOCI\u00d3N<\/h2>\n<p><a href=\"https:\/\/captureone.sjv.io\/c\/1397688\/551650\/8798\"><img loading=\"lazy\" decoding=\"async\" class=\"aligncenter size-full wp-image-12025\" src=\"https:\/\/www.hugorodriguez.com\/blog\/wp-content\/uploads\/2019\/09\/Banners-Buy-C1-48dto-Facebook-710x90.jpg\" alt=\"\" width=\"710\" height=\"228\" srcset=\"https:\/\/www.hugorodriguez.com\/blog\/wp-content\/uploads\/2019\/09\/Banners-Buy-C1-48dto-Facebook-710x90.jpg 710w, https:\/\/www.hugorodriguez.com\/blog\/wp-content\/uploads\/2019\/09\/Banners-Buy-C1-48dto-Facebook-710x90-80x26.jpg 80w, https:\/\/www.hugorodriguez.com\/blog\/wp-content\/uploads\/2019\/09\/Banners-Buy-C1-48dto-Facebook-710x90-500x161.jpg 500w, https:\/\/www.hugorodriguez.com\/blog\/wp-content\/uploads\/2019\/09\/Banners-Buy-C1-48dto-Facebook-710x90-705x226.jpg 705w, https:\/\/www.hugorodriguez.com\/blog\/wp-content\/uploads\/2019\/09\/Banners-Buy-C1-48dto-Facebook-710x90-450x145.jpg 450w\" sizes=\"auto, (max-width: 710px) 100vw, 710px\" \/><\/a><\/p>\n<p>&nbsp;<\/p>\n<h2 style=\"text-align: center;\">PROMOCI\u00d3N ESTUDIANTES<\/h2>\n<p>Si eres estudiante de fotograf\u00eda y puedes acreditarlo entonces tienes derecho a un descuento del \u00a165%! en tu suscripci\u00f3n mensual de CaptureOne Pro.<\/p>\n<h3 style=\"text-align: center;\">Suscr\u00edbete por s\u00f3lo 8,40\u20ac\/mes<\/h3>\n<div  class='avia-button-wrap av-33sidc-570c3bb88fa815b4786e944d9ec47341-wrap avia-button-center  avia-builder-el-0  el_before_av_button  avia-builder-el-first '><a href='https:\/\/captureone.sjv.io\/c\/1397688\/654606\/8798'  class='avia-button av-33sidc-570c3bb88fa815b4786e944d9ec47341 av-link-btn avia-icon_select-yes-right-icon avia-size-large avia-position-center avia-color-theme-color'   aria-label=\"VERIFICARME COMO ESTUDIANTE\"><span class='avia_iconbox_title' >VERIFICARME COMO ESTUDIANTE<\/span><span class='avia_button_icon avia_button_icon_right avia-iconfont avia-font-entypo-fontello' data-av_icon='\ue832' data-av_iconfont='entypo-fontello' ><\/span><\/a><\/div>\n<p>&nbsp;<\/p>\n<p>&nbsp;<\/p>\n<p>&nbsp;<\/p>\n<h2 style=\"text-align: center;\">DESCUENTOS Y OFERTAS CAPTURE ONE PRO SONY<\/h2>\n<p>&nbsp;<\/p>\n<div  class='avia-button-wrap av-3yhmbk-5e177311914aa64115c22cee52bbf2f2-wrap avia-button-center  avia-builder-el-1  el_after_av_button  el_before_av_button '><a href='https:\/\/captureone.sjv.io\/c\/1397688\/551650\/8798'  class='avia-button av-3yhmbk-5e177311914aa64115c22cee52bbf2f2 av-link-btn avia-icon_select-no avia-size-large avia-position-center avia-color-theme-color'   aria-label=\"CONSIGUE EL DESCUENTO!\"><span class='avia_iconbox_title' >CONSIGUE EL DESCUENTO!<\/span><\/a><\/div>\n<p>&nbsp;<\/p>\n<p>&nbsp;<\/p>\n<p><a href=\"https:\/\/captureone.sjv.io\/c\/1397688\/551650\/8798\"><img loading=\"lazy\" decoding=\"async\" class=\"aligncenter wp-image-11986 size-large\" src=\"https:\/\/www.hugorodriguez.com\/blog\/wp-content\/uploads\/2019\/09\/banner-captureone-sony-w-6-styles-dto-bonus-ebook-1030x200.png\" alt=\"\" width=\"1030\" height=\"200\" srcset=\"https:\/\/www.hugorodriguez.com\/blog\/wp-content\/uploads\/2019\/09\/banner-captureone-sony-w-6-styles-dto-bonus-ebook.png 1030w, https:\/\/www.hugorodriguez.com\/blog\/wp-content\/uploads\/2019\/09\/banner-captureone-sony-w-6-styles-dto-bonus-ebook-80x16.png 80w, https:\/\/www.hugorodriguez.com\/blog\/wp-content\/uploads\/2019\/09\/banner-captureone-sony-w-6-styles-dto-bonus-ebook-500x97.png 500w, https:\/\/www.hugorodriguez.com\/blog\/wp-content\/uploads\/2019\/09\/banner-captureone-sony-w-6-styles-dto-bonus-ebook-768x149.png 768w, https:\/\/www.hugorodriguez.com\/blog\/wp-content\/uploads\/2019\/09\/banner-captureone-sony-w-6-styles-dto-bonus-ebook-705x137.png 705w, https:\/\/www.hugorodriguez.com\/blog\/wp-content\/uploads\/2019\/09\/banner-captureone-sony-w-6-styles-dto-bonus-ebook-450x87.png 450w\" sizes=\"auto, (max-width: 1030px) 100vw, 1030px\" \/><\/a><\/p>\n<p><a href=\"https:\/\/captureone.sjv.io\/c\/1397688\/551650\/8798\" target=\"_blank\" rel=\"noopener\"><img loading=\"lazy\" decoding=\"async\" class=\"aligncenter wp-image-11987 size-large\" src=\"https:\/\/www.hugorodriguez.com\/blog\/wp-content\/uploads\/2019\/09\/banner-captureone-sony-w-3-styles-dto-bonus-1030x200.png\" alt=\"\" width=\"1030\" height=\"200\" srcset=\"https:\/\/www.hugorodriguez.com\/blog\/wp-content\/uploads\/2019\/09\/banner-captureone-sony-w-3-styles-dto-bonus.png 1030w, https:\/\/www.hugorodriguez.com\/blog\/wp-content\/uploads\/2019\/09\/banner-captureone-sony-w-3-styles-dto-bonus-80x16.png 80w, https:\/\/www.hugorodriguez.com\/blog\/wp-content\/uploads\/2019\/09\/banner-captureone-sony-w-3-styles-dto-bonus-500x97.png 500w, https:\/\/www.hugorodriguez.com\/blog\/wp-content\/uploads\/2019\/09\/banner-captureone-sony-w-3-styles-dto-bonus-768x149.png 768w, https:\/\/www.hugorodriguez.com\/blog\/wp-content\/uploads\/2019\/09\/banner-captureone-sony-w-3-styles-dto-bonus-705x137.png 705w, https:\/\/www.hugorodriguez.com\/blog\/wp-content\/uploads\/2019\/09\/banner-captureone-sony-w-3-styles-dto-bonus-450x87.png 450w\" sizes=\"auto, (max-width: 1030px) 100vw, 1030px\" \/><\/a><\/p>\n<p><a href=\"https:\/\/captureone.sjv.io\/c\/1397688\/551650\/8798\" target=\"_blank\" rel=\"noopener\"><img loading=\"lazy\" decoding=\"async\" class=\"aligncenter wp-image-11988 size-large\" src=\"https:\/\/www.hugorodriguez.com\/blog\/wp-content\/uploads\/2019\/09\/banner-captureone-sony-cloud-48dto-1030x200.png\" alt=\"\" width=\"1030\" height=\"200\" srcset=\"https:\/\/www.hugorodriguez.com\/blog\/wp-content\/uploads\/2019\/09\/banner-captureone-sony-cloud-48dto.png 1030w, https:\/\/www.hugorodriguez.com\/blog\/wp-content\/uploads\/2019\/09\/banner-captureone-sony-cloud-48dto-80x16.png 80w, https:\/\/www.hugorodriguez.com\/blog\/wp-content\/uploads\/2019\/09\/banner-captureone-sony-cloud-48dto-500x97.png 500w, https:\/\/www.hugorodriguez.com\/blog\/wp-content\/uploads\/2019\/09\/banner-captureone-sony-cloud-48dto-768x149.png 768w, https:\/\/www.hugorodriguez.com\/blog\/wp-content\/uploads\/2019\/09\/banner-captureone-sony-cloud-48dto-705x137.png 705w, https:\/\/www.hugorodriguez.com\/blog\/wp-content\/uploads\/2019\/09\/banner-captureone-sony-cloud-48dto-450x87.png 450w\" sizes=\"auto, (max-width: 1030px) 100vw, 1030px\" \/><\/a><\/p>\n<p>&nbsp;<\/p>\n<div  class='avia-button-wrap av-2gr19c-e2d2db27ea6a95b4f0b85a61ebea059e-wrap avia-button-center  avia-builder-el-2  el_after_av_button  avia-builder-el-last '><a href='https:\/\/captureone.sjv.io\/c\/1397688\/551650\/8798'  class='avia-button av-2gr19c-e2d2db27ea6a95b4f0b85a61ebea059e av-link-btn avia-icon_select-yes-left-icon avia-size-large avia-position-center avia-color-theme-color'   aria-label=\"DESC\u00c1RGALO Y PRU\u00c9BALO GRATIS POR 30 DIAS\"><span class='avia_button_icon avia_button_icon_left avia-iconfont avia-font-entypo-fontello' data-av_icon='\ue82d' data-av_iconfont='entypo-fontello' ><\/span><span class='avia_iconbox_title' >DESC\u00c1RGALO Y PRU\u00c9BALO GRATIS POR 30 DIAS<\/span><\/a><\/div>\n<p>&nbsp;<\/p>\n<p>&nbsp;<\/p>\n<h2 style=\"text-align: center;\">DESCUENTOS Y OFERTAS CAPTURE ONE PRO<\/h2>\n<p>&nbsp;<\/p>\n<p><a href=\"https:\/\/captureone.sjv.io\/c\/1397688\/551650\/8798\"><img loading=\"lazy\" decoding=\"async\" class=\"aligncenter wp-image-7619 size-full\" src=\"http:\/\/www.hugorodriguez.com\/blog\/wp-content\/uploads\/2019\/03\/banner-captureone-w-6-styles-dto.png\" alt=\"\" width=\"1030\" height=\"200\" srcset=\"https:\/\/www.hugorodriguez.com\/blog\/wp-content\/uploads\/2019\/03\/banner-captureone-w-6-styles-dto.png 1030w, https:\/\/www.hugorodriguez.com\/blog\/wp-content\/uploads\/2019\/03\/banner-captureone-w-6-styles-dto-450x87.png 450w, https:\/\/www.hugorodriguez.com\/blog\/wp-content\/uploads\/2019\/03\/banner-captureone-w-6-styles-dto-80x15.png 80w, https:\/\/www.hugorodriguez.com\/blog\/wp-content\/uploads\/2019\/03\/banner-captureone-w-6-styles-dto-500x97.png 500w, https:\/\/www.hugorodriguez.com\/blog\/wp-content\/uploads\/2019\/03\/banner-captureone-w-6-styles-dto-705x136.png 705w\" sizes=\"auto, (max-width: 1030px) 100vw, 1030px\" \/><\/a><\/p>\n<p><a href=\"https:\/\/captureone.sjv.io\/c\/1397688\/551650\/8798\" target=\"_blank\" rel=\"noopener\"><img loading=\"lazy\" decoding=\"async\" class=\"aligncenter wp-image-7618 size-full\" src=\"https:\/\/www.hugorodriguez.com\/blog\/wp-content\/uploads\/2019\/03\/banner-captureone-w-3-styles-dto.png\" alt=\"\" width=\"1030\" height=\"200\" srcset=\"https:\/\/www.hugorodriguez.com\/blog\/wp-content\/uploads\/2019\/03\/banner-captureone-w-3-styles-dto.png 1030w, https:\/\/www.hugorodriguez.com\/blog\/wp-content\/uploads\/2019\/03\/banner-captureone-w-3-styles-dto-450x87.png 450w, https:\/\/www.hugorodriguez.com\/blog\/wp-content\/uploads\/2019\/03\/banner-captureone-w-3-styles-dto-80x15.png 80w, https:\/\/www.hugorodriguez.com\/blog\/wp-content\/uploads\/2019\/03\/banner-captureone-w-3-styles-dto-500x97.png 500w, https:\/\/www.hugorodriguez.com\/blog\/wp-content\/uploads\/2019\/03\/banner-captureone-w-3-styles-dto-705x136.png 705w\" sizes=\"auto, (max-width: 1030px) 100vw, 1030px\" \/><\/a><\/p>\n<p><a href=\"https:\/\/captureone.sjv.io\/c\/1397688\/551650\/8798\"><img loading=\"lazy\" decoding=\"async\" class=\"aligncenter wp-image-11989 size-large\" src=\"https:\/\/www.hugorodriguez.com\/blog\/wp-content\/uploads\/2019\/09\/banner-captureone-cloud-36dto-1030x200.png\" alt=\"\" width=\"1030\" height=\"200\" srcset=\"https:\/\/www.hugorodriguez.com\/blog\/wp-content\/uploads\/2019\/09\/banner-captureone-cloud-36dto.png 1030w, https:\/\/www.hugorodriguez.com\/blog\/wp-content\/uploads\/2019\/09\/banner-captureone-cloud-36dto-80x16.png 80w, https:\/\/www.hugorodriguez.com\/blog\/wp-content\/uploads\/2019\/09\/banner-captureone-cloud-36dto-500x97.png 500w, https:\/\/www.hugorodriguez.com\/blog\/wp-content\/uploads\/2019\/09\/banner-captureone-cloud-36dto-768x149.png 768w, https:\/\/www.hugorodriguez.com\/blog\/wp-content\/uploads\/2019\/09\/banner-captureone-cloud-36dto-705x137.png 705w, https:\/\/www.hugorodriguez.com\/blog\/wp-content\/uploads\/2019\/09\/banner-captureone-cloud-36dto-450x87.png 450w\" sizes=\"auto, (max-width: 1030px) 100vw, 1030px\" \/><\/a><\/p>\n<p>&nbsp;<\/p>\n<p>&nbsp;<\/p>\n<h2 style=\"text-align: center;\">DESCUENTOS Y OFERTAS CAPTURE ONE PRO\u00a0FUJIFILM<\/h2>\n<p>&nbsp;<\/p>\n<p><a href=\"https:\/\/captureone.sjv.io\/c\/1397688\/551650\/8798\"><img loading=\"lazy\" decoding=\"async\" class=\"aligncenter wp-image-11990 size-full\" src=\"https:\/\/www.hugorodriguez.com\/blog\/wp-content\/uploads\/2019\/09\/banner-captureone-fuji-w-6-styles-dto-bonus-ebook.png\" alt=\"\" width=\"1030\" height=\"200\" srcset=\"https:\/\/www.hugorodriguez.com\/blog\/wp-content\/uploads\/2019\/09\/banner-captureone-fuji-w-6-styles-dto-bonus-ebook.png 1030w, https:\/\/www.hugorodriguez.com\/blog\/wp-content\/uploads\/2019\/09\/banner-captureone-fuji-w-6-styles-dto-bonus-ebook-80x16.png 80w, https:\/\/www.hugorodriguez.com\/blog\/wp-content\/uploads\/2019\/09\/banner-captureone-fuji-w-6-styles-dto-bonus-ebook-500x97.png 500w, https:\/\/www.hugorodriguez.com\/blog\/wp-content\/uploads\/2019\/09\/banner-captureone-fuji-w-6-styles-dto-bonus-ebook-768x149.png 768w, https:\/\/www.hugorodriguez.com\/blog\/wp-content\/uploads\/2019\/09\/banner-captureone-fuji-w-6-styles-dto-bonus-ebook-705x137.png 705w, https:\/\/www.hugorodriguez.com\/blog\/wp-content\/uploads\/2019\/09\/banner-captureone-fuji-w-6-styles-dto-bonus-ebook-450x87.png 450w\" sizes=\"auto, (max-width: 1030px) 100vw, 1030px\" \/><\/a><\/p>\n<p><a href=\"https:\/\/captureone.sjv.io\/c\/1397688\/551650\/8798\" target=\"_blank\" rel=\"noopener\"><img loading=\"lazy\" decoding=\"async\" class=\"aligncenter wp-image-11991 size-large\" src=\"https:\/\/www.hugorodriguez.com\/blog\/wp-content\/uploads\/2019\/09\/banner-captureone-fuji-w-3-styles-dto-bonus-1030x200.png\" alt=\"\" width=\"1030\" height=\"200\" srcset=\"https:\/\/www.hugorodriguez.com\/blog\/wp-content\/uploads\/2019\/09\/banner-captureone-fuji-w-3-styles-dto-bonus.png 1030w, https:\/\/www.hugorodriguez.com\/blog\/wp-content\/uploads\/2019\/09\/banner-captureone-fuji-w-3-styles-dto-bonus-80x16.png 80w, https:\/\/www.hugorodriguez.com\/blog\/wp-content\/uploads\/2019\/09\/banner-captureone-fuji-w-3-styles-dto-bonus-500x97.png 500w, https:\/\/www.hugorodriguez.com\/blog\/wp-content\/uploads\/2019\/09\/banner-captureone-fuji-w-3-styles-dto-bonus-768x149.png 768w, https:\/\/www.hugorodriguez.com\/blog\/wp-content\/uploads\/2019\/09\/banner-captureone-fuji-w-3-styles-dto-bonus-705x137.png 705w, https:\/\/www.hugorodriguez.com\/blog\/wp-content\/uploads\/2019\/09\/banner-captureone-fuji-w-3-styles-dto-bonus-450x87.png 450w\" sizes=\"auto, (max-width: 1030px) 100vw, 1030px\" \/><\/a><\/p>\n<p><a href=\"https:\/\/captureone.sjv.io\/c\/1397688\/551650\/8798\"><img loading=\"lazy\" decoding=\"async\" class=\"aligncenter wp-image-11992 size-large\" src=\"https:\/\/www.hugorodriguez.com\/blog\/wp-content\/uploads\/2019\/09\/banner-captureone-fuji-cloud-48dto-1030x200.png\" alt=\"\" width=\"1030\" height=\"200\" srcset=\"https:\/\/www.hugorodriguez.com\/blog\/wp-content\/uploads\/2019\/09\/banner-captureone-fuji-cloud-48dto.png 1030w, https:\/\/www.hugorodriguez.com\/blog\/wp-content\/uploads\/2019\/09\/banner-captureone-fuji-cloud-48dto-80x16.png 80w, https:\/\/www.hugorodriguez.com\/blog\/wp-content\/uploads\/2019\/09\/banner-captureone-fuji-cloud-48dto-500x97.png 500w, https:\/\/www.hugorodriguez.com\/blog\/wp-content\/uploads\/2019\/09\/banner-captureone-fuji-cloud-48dto-768x149.png 768w, https:\/\/www.hugorodriguez.com\/blog\/wp-content\/uploads\/2019\/09\/banner-captureone-fuji-cloud-48dto-705x137.png 705w, https:\/\/www.hugorodriguez.com\/blog\/wp-content\/uploads\/2019\/09\/banner-captureone-fuji-cloud-48dto-450x87.png 450w\" sizes=\"auto, (max-width: 1030px) 100vw, 1030px\" \/><\/a><\/p>\n<p>&nbsp;<\/p>\n","protected":false},"excerpt":{"rendered":"<p>\u00a0PROMOCI\u00d3N CAPTURE ONE Seguro que ya me habr\u00e1s o\u00eddo hablar de Capture One en muchas ocasiones; lo hago con frecuencia en mis cursos, libros y art\u00edculos. Y no es para menos: realmente pienso que es el mejor programa de revelado existente (aunque eso no quita que en la Mega-comparativa que estoy llevando a cabo lo [&hellip;]<\/p>\n","protected":false},"author":1,"featured_media":0,"parent":7625,"menu_order":0,"comment_status":"open","ping_status":"closed","template":"","meta":{"footnotes":""},"class_list":["post-7552","page","type-page","status-publish","hentry"],"_links":{"self":[{"href":"https:\/\/www.hugorodriguez.com\/blog\/wp-json\/wp\/v2\/pages\/7552","targetHints":{"allow":["GET"]}}],"collection":[{"href":"https:\/\/www.hugorodriguez.com\/blog\/wp-json\/wp\/v2\/pages"}],"about":[{"href":"https:\/\/www.hugorodriguez.com\/blog\/wp-json\/wp\/v2\/types\/page"}],"author":[{"embeddable":true,"href":"https:\/\/www.hugorodriguez.com\/blog\/wp-json\/wp\/v2\/users\/1"}],"replies":[{"embeddable":true,"href":"https:\/\/www.hugorodriguez.com\/blog\/wp-json\/wp\/v2\/comments?post=7552"}],"version-history":[{"count":5,"href":"https:\/\/www.hugorodriguez.com\/blog\/wp-json\/wp\/v2\/pages\/7552\/revisions"}],"predecessor-version":[{"id":15535,"href":"https:\/\/www.hugorodriguez.com\/blog\/wp-json\/wp\/v2\/pages\/7552\/revisions\/15535"}],"up":[{"embeddable":true,"href":"https:\/\/www.hugorodriguez.com\/blog\/wp-json\/wp\/v2\/pages\/7625"}],"wp:attachment":[{"href":"https:\/\/www.hugorodriguez.com\/blog\/wp-json\/wp\/v2\/media?parent=7552"}],"curies":[{"name":"wp","href":"https:\/\/api.w.org\/{rel}","templated":true}]}}