{"id":7417,"date":"2019-03-05T16:10:31","date_gmt":"2019-03-05T14:10:31","guid":{"rendered":"http:\/\/www.hugorodriguez.com\/blog\/?page_id=7417"},"modified":"2019-10-10T12:31:50","modified_gmt":"2019-10-10T10:31:50","slug":"promocion-benq","status":"publish","type":"page","link":"https:\/\/www.hugorodriguez.com\/blog\/promocion\/promocion-benq\/","title":{"rendered":"Promocion BenQ"},"content":{"rendered":"<p><img loading=\"lazy\" decoding=\"async\" class=\"aligncenter size-full wp-image-7515\" src=\"http:\/\/www.hugorodriguez.com\/blog\/wp-content\/uploads\/2019\/03\/Promo-codigo-BenQ-metrophobic_01_01.png\" alt=\"Promo-codigo-BenQ-metrophobic_01_01\" width=\"800\" height=\"425\" srcset=\"https:\/\/www.hugorodriguez.com\/blog\/wp-content\/uploads\/2019\/03\/Promo-codigo-BenQ-metrophobic_01_01.png 800w, https:\/\/www.hugorodriguez.com\/blog\/wp-content\/uploads\/2019\/03\/Promo-codigo-BenQ-metrophobic_01_01-450x239.png 450w, https:\/\/www.hugorodriguez.com\/blog\/wp-content\/uploads\/2019\/03\/Promo-codigo-BenQ-metrophobic_01_01-80x42.png 80w, https:\/\/www.hugorodriguez.com\/blog\/wp-content\/uploads\/2019\/03\/Promo-codigo-BenQ-metrophobic_01_01-500x265.png 500w, https:\/\/www.hugorodriguez.com\/blog\/wp-content\/uploads\/2019\/03\/Promo-codigo-BenQ-metrophobic_01_01-705x374.png 705w\" sizes=\"auto, (max-width: 800px) 100vw, 800px\" \/><\/p>\n<div  class='avia-button-wrap av-7are4p-89a6f5942d00cf0cf1606e051e773417-wrap avia-button-center  avia-builder-el-0  el_before_av_hr  avia-builder-el-first '><a href='http:\/\/eepurl.com\/BhGp5'  class='avia-button av-7are4p-89a6f5942d00cf0cf1606e051e773417 av-link-btn avia-icon_select-no avia-size-large avia-position-center avia-color-theme-color'  target=\"_blank\"  rel=\"noopener noreferrer\"  aria-label=\"\u00a1ME APUNTO!\"><span class='avia_iconbox_title' >\u00a1ME APUNTO!<\/span><\/a><\/div>\n<div  class='hr av-6adt2h-ffc4ab2cc63133779a3e9105c0abe129 hr-full  avia-builder-el-1  el_after_av_button  el_before_av_one_half  hr-shadow'><span class='hr-inner '><span class=\"hr-inner-style\"><\/span><\/span><\/div>\n<p><img loading=\"lazy\" decoding=\"async\" class=\"aligncenter size-full wp-image-7516\" src=\"http:\/\/www.hugorodriguez.com\/blog\/wp-content\/uploads\/2019\/03\/Promo-codigo-BenQ-metrophobic_fB-yT.png\" alt=\"Promo-codigo-BenQ-metrophobic_fB-yT\" width=\"800\" height=\"115\" srcset=\"https:\/\/www.hugorodriguez.com\/blog\/wp-content\/uploads\/2019\/03\/Promo-codigo-BenQ-metrophobic_fB-yT.png 800w, https:\/\/www.hugorodriguez.com\/blog\/wp-content\/uploads\/2019\/03\/Promo-codigo-BenQ-metrophobic_fB-yT-450x65.png 450w, https:\/\/www.hugorodriguez.com\/blog\/wp-content\/uploads\/2019\/03\/Promo-codigo-BenQ-metrophobic_fB-yT-80x11.png 80w, https:\/\/www.hugorodriguez.com\/blog\/wp-content\/uploads\/2019\/03\/Promo-codigo-BenQ-metrophobic_fB-yT-500x71.png 500w, https:\/\/www.hugorodriguez.com\/blog\/wp-content\/uploads\/2019\/03\/Promo-codigo-BenQ-metrophobic_fB-yT-705x101.png 705w\" sizes=\"auto, (max-width: 800px) 100vw, 800px\" \/><\/p>\n<p><iframe loading=\"lazy\" src=\"https:\/\/www.youtube.com\/embed\/SaWr-HcIx88\" width=\"560\" height=\"315\" frameborder=\"0\" allowfullscreen=\"allowfullscreen\"><\/iframe><\/p>\n<div  class='flex_column av-3ngvt5-3b51112c05f8b0939c6d81e614b8e97c av_one_half  avia-builder-el-2  el_after_av_hr  el_before_av_one_half  first flex_column_div  '     ><p>(Tambi\u00e9n me ayuda si lo compartes entre tus amigos, y ellos tambi\u00e9n se llevar\u00e1n el c\u00f3digo)<\/p><\/div>\n<div  class='flex_column av-24ni55-2be9da1f338440b959f0a64bfc7ea213 av_one_half  avia-builder-el-3  el_after_av_one_half  avia-builder-el-last  flex_column_div  '     ><div class=\"g-ytsubscribe\"><\/div><\/div>\n","protected":false},"excerpt":{"rendered":"","protected":false},"author":1,"featured_media":0,"parent":7625,"menu_order":0,"comment_status":"open","ping_status":"closed","template":"","meta":{"footnotes":""},"class_list":["post-7417","page","type-page","status-publish","hentry"],"_links":{"self":[{"href":"https:\/\/www.hugorodriguez.com\/blog\/wp-json\/wp\/v2\/pages\/7417","targetHints":{"allow":["GET"]}}],"collection":[{"href":"https:\/\/www.hugorodriguez.com\/blog\/wp-json\/wp\/v2\/pages"}],"about":[{"href":"https:\/\/www.hugorodriguez.com\/blog\/wp-json\/wp\/v2\/types\/page"}],"author":[{"embeddable":true,"href":"https:\/\/www.hugorodriguez.com\/blog\/wp-json\/wp\/v2\/users\/1"}],"replies":[{"embeddable":true,"href":"https:\/\/www.hugorodriguez.com\/blog\/wp-json\/wp\/v2\/comments?post=7417"}],"version-history":[{"count":5,"href":"https:\/\/www.hugorodriguez.com\/blog\/wp-json\/wp\/v2\/pages\/7417\/revisions"}],"predecessor-version":[{"id":7475,"href":"https:\/\/www.hugorodriguez.com\/blog\/wp-json\/wp\/v2\/pages\/7417\/revisions\/7475"}],"up":[{"embeddable":true,"href":"https:\/\/www.hugorodriguez.com\/blog\/wp-json\/wp\/v2\/pages\/7625"}],"wp:attachment":[{"href":"https:\/\/www.hugorodriguez.com\/blog\/wp-json\/wp\/v2\/media?parent=7417"}],"curies":[{"name":"wp","href":"https:\/\/api.w.org\/{rel}","templated":true}]}}