{"id":6202,"date":"2018-05-30T11:01:19","date_gmt":"2018-05-30T10:01:19","guid":{"rendered":"http:\/\/www.hugorodriguez.com\/blog\/?page_id=6202"},"modified":"2019-04-02T12:54:36","modified_gmt":"2019-04-02T10:54:36","slug":"workshop-catalogacion-y-revelado-raw-lightroom-16h","status":"publish","type":"page","link":"https:\/\/www.hugorodriguez.com\/blog\/cursos-y-conferencias\/cursos-de-captura-y-revelado-raw\/workshop-catalogacion-y-revelado-raw-lightroom-16h\/","title":{"rendered":"Workshop catalogaci\u00f3n y revelado RAW Lightroom (16h)"},"content":{"rendered":"<p>Este curso est\u00e1 dirigido a todos aquellos aficionados o profesionales que quieren reciclarse y aprender a conseguir una alta calidad de imagen en digital, pero tambi\u00e9n esta dirigido a aqu\u00e9llos que creen conocer c\u00f3mo conseguirlo y sin embargo, a\u00fan teniendo un equipo avanzado y conociendo el formato RAW, est\u00e1n insatisfechos con el resultado que consiguen.<\/p>\n<p>Ser\u00e1 un curso te\u00f3rico-pr\u00e1ctico en el que se abordar\u00e1n varios temas bien diferenciados:<\/p>\n<p>1) El manejo de c\u00e1mara avanzado para conseguir:<br \/>\na. enfocar realmente bien y<br \/>\nb. sacar partido de multitud de funciones de las c\u00e1maras modernas que permiten conseguir mejores resultados, o bien en menos tiempo o m\u00e1s c\u00f3modamente.<br \/>\n2) Aprender a exponer realmente bien en digital, incluso en condiciones realmente dif\u00edciles, y a corregir las dominantes perfectamente.<br \/>\n3) Aprender a revelar correctamente un RAW, siguiendo un procedimiento extrapolable a cualquier programa de revelado y a corregir los defectos m\u00e1s comunes de\u00a0 \u00a0 \u00a0las tomas, sin necesidad de retocar y mejorando globalmente la calidad de la imagen.<br \/>\n4) Cu\u00e1les son las directrices para comenzar a tener el archivo fotogr\u00e1fico bien catalogado con una base de datos.<\/p>\n<p>En definitiva, es un curso orientado a conseguir, en primer lugar, un RAW perfecto, para luego obtener a partir de \u00e9l una imagen final de una calidad excelente.<\/p>\n<p>&nbsp;<\/p>\n<h3 style=\"text-align: center\">TEMARIO<\/h3>\n<div  class='flex_column av-4ttf4q-49c0f1d77149f9ae431e76dcfa886f23 av_one_half  avia-builder-el-0  el_before_av_one_half  avia-builder-el-first  first flex_column_div  '     ><p>1)\u00a0\u00a0\u00a0 T\u00c9CNICA DE ENFOQUE PRECISO. Backfocus.<\/p>\n<p>2)\u00a0\u00a0\u00a0 CONFIGURACI\u00d3N DE LA C\u00c1MARA<\/p>\n<ol>\n<li>Ajustes de imagen<\/li>\n<li>Ajustes para mayor comodidad<\/li>\n<\/ol>\n<p>3)\u00a0\u00a0\u00a0 EL WHITE BALANCE<\/p>\n<ol>\n<li>La importancia del WB.<\/li>\n<li>C\u00f3mo funciona.<\/li>\n<li>Modos de ajuste: preajustes, ajuste fino y lectura de carta blanca.<\/li>\n<\/ol>\n<p>4)\u00a0\u00a0\u00a0 EL FORMATO RAW<\/p>\n<ol>\n<li>El proceso de revelado.<\/li>\n<li>Formatos RAW: la torre de Babel.<\/li>\n<\/ol>\n<p>5)\u00a0\u00a0\u00a0 REVELAR CON ADOBE LIGHTROOM<\/p>\n<ol>\n<li>Importar, revisar y renombrar con Lightroom.<\/li>\n<li>El proceso de revelado con Lightroom.<\/li>\n<li>Exportar fotos.<\/li>\n<li>Ajuste de fotos.<\/li>\n<li>Correcci\u00f3n de defectos comunes.<\/li>\n<li>Revelar el bodeg\u00f3n.<\/li>\n<li>Personalizar LR.<\/li>\n<\/ol><\/div>\n<div  class='flex_column av-3a68xm-05a1ff0674eadc5b0899a40c7e229d71 av_one_half  avia-builder-el-1  el_after_av_one_half  avia-builder-el-last  flex_column_div  '     ><p>6)\u00a0 CATALOGACI\u00d3N CON LIGHTROOM<\/p>\n<ol>\n<li>Colecciones y copias virtuales.<\/li>\n<li>Crear una presentaci\u00f3n y una web.<\/li>\n<li>La clave de la catalogaci\u00f3n: los metadatos.<\/li>\n<li>Criterios de catalogaci\u00f3n y backups<\/li>\n<\/ol>\n<p>7)\u00a0\u00a0\u00a0 GEOLOCALIZACI\u00d3N<\/p>\n<ol>\n<li>C\u00f3mo geolocalizar en c\u00e1mara.<\/li>\n<li>Geolocalizar en Lightroom.<\/li>\n<\/ol>\n<p>8)\u00a0\u00a0\u00a0 SLIDESHOWS (pases de fotos)<\/p>\n<ol>\n<li>Crear un Slideshow con fotos.<\/li>\n<li>Personalizar el slideshow.<\/li>\n<\/ol>\n<p>9)\u00a0\u00a0\u00a0 IMPRESI\u00d3N<\/p>\n<ol>\n<li>Impresi\u00f3n de una foto.<\/li>\n<li>Impresi\u00f3n de series de fotos.<\/li>\n<\/ol><\/div>\n<p>&nbsp;<\/p>\n<p>&nbsp;<\/p>\n<p>&nbsp;<\/p>\n<p>&nbsp;<\/p>\n<p>&nbsp;<\/p>\n<p>&nbsp;<\/p>\n<p>Si te interesa,\u00a0<a href=\"http:\/\/barcelonaworkshops.net\/contacto\/\" target=\"_blank\">contacta con BCN Workshops<\/a>\u00a0\u00a0o\u00a0<a title=\"Curso de Lightroom avanzado \u2013 BCN Workshops\" href=\"http:\/\/www.hugorodriguez.com\/blog\/producto\/curso-de-lightroom-avanzado-bcn-workshops\/\">matriculate directamente<\/a>.<\/p>\n","protected":false},"excerpt":{"rendered":"<p>Este curso est\u00e1 dirigido a todos aquellos aficionados o profesionales que quieren reciclarse y aprender a conseguir una alta calidad de imagen en digital, pero tambi\u00e9n esta dirigido a aqu\u00e9llos que creen conocer c\u00f3mo conseguirlo y sin embargo, a\u00fan teniendo un equipo avanzado y conociendo el formato RAW, est\u00e1n insatisfechos con el resultado que consiguen. [&hellip;]<\/p>\n","protected":false},"author":1,"featured_media":3677,"parent":3846,"menu_order":0,"comment_status":"open","ping_status":"closed","template":"","meta":{"footnotes":""},"class_list":["post-6202","page","type-page","status-publish","has-post-thumbnail","hentry"],"_links":{"self":[{"href":"https:\/\/www.hugorodriguez.com\/blog\/wp-json\/wp\/v2\/pages\/6202","targetHints":{"allow":["GET"]}}],"collection":[{"href":"https:\/\/www.hugorodriguez.com\/blog\/wp-json\/wp\/v2\/pages"}],"about":[{"href":"https:\/\/www.hugorodriguez.com\/blog\/wp-json\/wp\/v2\/types\/page"}],"author":[{"embeddable":true,"href":"https:\/\/www.hugorodriguez.com\/blog\/wp-json\/wp\/v2\/users\/1"}],"replies":[{"embeddable":true,"href":"https:\/\/www.hugorodriguez.com\/blog\/wp-json\/wp\/v2\/comments?post=6202"}],"version-history":[{"count":5,"href":"https:\/\/www.hugorodriguez.com\/blog\/wp-json\/wp\/v2\/pages\/6202\/revisions"}],"predecessor-version":[{"id":7743,"href":"https:\/\/www.hugorodriguez.com\/blog\/wp-json\/wp\/v2\/pages\/6202\/revisions\/7743"}],"up":[{"embeddable":true,"href":"https:\/\/www.hugorodriguez.com\/blog\/wp-json\/wp\/v2\/pages\/3846"}],"wp:featuredmedia":[{"embeddable":true,"href":"https:\/\/www.hugorodriguez.com\/blog\/wp-json\/wp\/v2\/media\/3677"}],"wp:attachment":[{"href":"https:\/\/www.hugorodriguez.com\/blog\/wp-json\/wp\/v2\/media?parent=6202"}],"curies":[{"name":"wp","href":"https:\/\/api.w.org\/{rel}","templated":true}]}}