{"id":6125,"date":"2018-05-16T11:01:01","date_gmt":"2018-05-16T10:01:01","guid":{"rendered":"http:\/\/www.hugorodriguez.com\/blog\/?page_id=6125"},"modified":"2019-04-02T12:54:36","modified_gmt":"2019-04-02T10:54:36","slug":"workshop-de-panoramicas-360o-y-tours-virtuales-16h","status":"publish","type":"page","link":"https:\/\/www.hugorodriguez.com\/blog\/cursos-y-conferencias\/cursos-de-panoramicas-360o-hdr-y-tours-virtuales\/workshop-de-panoramicas-360o-y-tours-virtuales-16h\/","title":{"rendered":"Workshop de panor\u00e1micas 360\u00ba y tours virtuales (16h)"},"content":{"rendered":"<h3 style=\"text-align: center\"><a href=\"http:\/\/www.hugorodriguez.com\/tour_virtual\/cta_zaragoza\/tour_cta.html\" target=\"_blank\"><img loading=\"lazy\" decoding=\"async\" class=\"aligncenter wp-image-6127 size-full\" src=\"http:\/\/www.hugorodriguez.com\/blog\/wp-content\/uploads\/2018\/05\/workshop_panos_tours_virtuales_BCNWorkshops.jpg\" alt=\"\" width=\"600\" height=\"634\" srcset=\"https:\/\/www.hugorodriguez.com\/blog\/wp-content\/uploads\/2018\/05\/workshop_panos_tours_virtuales_BCNWorkshops.jpg 600w, https:\/\/www.hugorodriguez.com\/blog\/wp-content\/uploads\/2018\/05\/workshop_panos_tours_virtuales_BCNWorkshops-450x476.jpg 450w, https:\/\/www.hugorodriguez.com\/blog\/wp-content\/uploads\/2018\/05\/workshop_panos_tours_virtuales_BCNWorkshops-236x250.jpg 236w, https:\/\/www.hugorodriguez.com\/blog\/wp-content\/uploads\/2018\/05\/workshop_panos_tours_virtuales_BCNWorkshops-473x500.jpg 473w\" sizes=\"auto, (max-width: 600px) 100vw, 600px\" \/><\/a><\/h3>\n<p>\u00bfSabes qu\u00e9 es un tour virtual? \u00bfNo?\u00a0<a href=\"http:\/\/www.hugorodriguez.com\/tour_virtual\/cta_zaragoza\/tour_cta.html\" target=\"_blank\">Echa un vistazo a este<\/a>\u00a0o a\u00a0<a href=\"http:\/\/www.salarazzmatazz.com\/tour\/?redir=tour\" target=\"_blank\">este otro<\/a>\u00a0y lo ver\u00e1s. Un tour virtual es la mejor forma de ense\u00f1ar un lugar a trav\u00e9s de Internet, usando toda la tecnolog\u00eda disponible hoy d\u00eda.<\/p>\n<p>Los turistas extranjeros lo saben bien, porque es justamente lo que buscan cuando quieren venir a veranear a Espa\u00f1a&#8230;<br \/>\nViene a ser similar al conocido Google Street View, pero con una calidad muy superior y prestaciones mucho m\u00e1s avanzadas. Por ejemplo: la definici\u00f3n es mayor, la t\u00e9cnica HDR permite mostrar escenas de alto contraste, en el cielo y suelo la calidad de imagen es igual que al mirar alrededor (en Google aparecen extra\u00f1os artefactos), puede incluir audio (por ejemplo, el sonido ambiental o m\u00fasica).Adem\u00e1s se pueden incorporar multitud de prestaciones avanzadas, como carteles interactivos (por ejemplo, para mostrar ampliada la carta del restaurante), enlaces (para poder abrir p\u00e1ginas web), reflejos en el objetivo (para simular un efecto realista del sol), plano de planta (para saber en qu\u00e9 sala te encuentras), br\u00fajula, geolocalizaci\u00f3n (de Google Maps o Bing, por ejemplo), v\u00eddeos dentro de pantallas (para que realmente parezca que esa TV est\u00e1 funcionando realmente dentro del tour), uso de los gir\u00f3scopos de tablets y smartphones&#8230; la lista es interminable!<\/p>\n<p>B\u00e1sicamente lo que hace falta es tomar panor\u00e1micas 360\u00ba o esf\u00e9ricas para luego unirlas con software especializado. Para tomar las panor\u00e1micas conviene usar r\u00f3tulas especiales, aunque tambi\u00e9n se pueden realizar usando algunos accesorios sencillos, y con una calidad m\u00e1s que suficiente.<\/p>\n<p>\u00bfQuieres saber qu\u00e9 puedes conseguir con esta t\u00e9cnica? Aqu\u00ed tienes una muestra:<\/p>\n<div  class='flex_column av-bdz065-d909d146aa08e6dfda71b0fea95dd030 av_one_third  avia-builder-el-0  el_before_av_one_third  avia-builder-el-first  first flex_column_div  '     ><p><a href=\"http:\/\/www.hugorodriguez.com\/blog\/wp-content\/uploads\/2016\/04\/pano-nautilus-bii-crop.jpg\"><img loading=\"lazy\" decoding=\"async\" class=\"alignnone wp-image-3176\" src=\"http:\/\/www.hugorodriguez.com\/blog\/wp-content\/uploads\/2016\/04\/pano-nautilus-bii-crop.jpg\" alt=\"pano-nautilus-bii-crop\" width=\"250\" height=\"67\" srcset=\"https:\/\/www.hugorodriguez.com\/blog\/wp-content\/uploads\/2016\/04\/pano-nautilus-bii-crop.jpg 1000w, https:\/\/www.hugorodriguez.com\/blog\/wp-content\/uploads\/2016\/04\/pano-nautilus-bii-crop-450x121.jpg 450w, https:\/\/www.hugorodriguez.com\/blog\/wp-content\/uploads\/2016\/04\/pano-nautilus-bii-crop-500x134.jpg 500w, https:\/\/www.hugorodriguez.com\/blog\/wp-content\/uploads\/2016\/04\/pano-nautilus-bii-crop-800x215.jpg 800w, https:\/\/www.hugorodriguez.com\/blog\/wp-content\/uploads\/2016\/04\/pano-nautilus-bii-crop-705x189.jpg 705w\" sizes=\"auto, (max-width: 250px) 100vw, 250px\" \/><\/a><\/p><\/div><div  class='flex_column av-9uajod-12fdf8b32bbabead015963dc6532a833 av_one_third  avia-builder-el-1  el_after_av_one_third  el_before_av_one_third  flex_column_div  '     ><p><a href=\"http:\/\/www.hugorodriguez.com\/fotos\/panos\/hotel-nautilus\/pano.html\" target=\"_blank\"><img loading=\"lazy\" decoding=\"async\" class=\"alignnone wp-image-2964\" src=\"http:\/\/www.hugorodriguez.com\/blog\/wp-content\/uploads\/2016\/02\/pano-nautilus-bii.jpg\" alt=\"Pano Nautilus BII\" width=\"250\" height=\"125\" srcset=\"https:\/\/www.hugorodriguez.com\/blog\/wp-content\/uploads\/2016\/02\/pano-nautilus-bii.jpg 600w, https:\/\/www.hugorodriguez.com\/blog\/wp-content\/uploads\/2016\/02\/pano-nautilus-bii-450x225.jpg 450w, https:\/\/www.hugorodriguez.com\/blog\/wp-content\/uploads\/2016\/02\/pano-nautilus-bii-500x250.jpg 500w\" sizes=\"auto, (max-width: 250px) 100vw, 250px\" \/><\/a><\/p><\/div><div  class='flex_column av-qucod-cddcb6cc612ccc90fc6bbab90151d3c6 av_one_third  avia-builder-el-2  el_after_av_one_third  el_before_av_one_half  flex_column_div  '     ><p><a href=\"http:\/\/www.hugorodriguez.com\/blog\/wp-content\/uploads\/2016\/02\/Pano-Nautilus-BII-Polar.jpg\"><img loading=\"lazy\" decoding=\"async\" class=\"alignnone wp-image-2963\" src=\"http:\/\/www.hugorodriguez.com\/blog\/wp-content\/uploads\/2016\/02\/Pano-Nautilus-BII-Polar-250x250.jpg\" alt=\"Pano Hotel Nautilus BII Polar\" width=\"175\" height=\"183\" srcset=\"https:\/\/www.hugorodriguez.com\/blog\/wp-content\/uploads\/2016\/02\/Pano-Nautilus-BII-Polar-450x472.jpg 450w, https:\/\/www.hugorodriguez.com\/blog\/wp-content\/uploads\/2016\/02\/Pano-Nautilus-BII-Polar-476x500.jpg 476w, https:\/\/www.hugorodriguez.com\/blog\/wp-content\/uploads\/2016\/02\/Pano-Nautilus-BII-Polar-672x705.jpg 672w, https:\/\/www.hugorodriguez.com\/blog\/wp-content\/uploads\/2016\/02\/Pano-Nautilus-BII-Polar.jpg 763w\" sizes=\"auto, (max-width: 175px) 100vw, 175px\" \/><\/a><\/p><\/div><\/p>\n<p>Este curso est\u00e1 dirigido a todos aquellos aficionados avanzados y profesionales que quieran ampliar horizontes y descubrir nuevas t\u00e9cnicas con las que poder ser m\u00e1s competitivo y productivo.<br \/>\nSer\u00e1 un curso te\u00f3rico-pr\u00e1ctico en el que se explicar\u00e1n las t\u00e9cnicas para tomar -de forma r\u00e1pida- panor\u00e1micas 360\u00ba y como montarlas posteriormente en un tour virtual de calidad profesional, perfectamente publicable. La organizaci\u00f3n contar\u00e1 con r\u00f3tulas panor\u00e1micas profesionales para que los asistentes puedan practicar en peque\u00f1os grupos.<\/p>\n<p>En el curso se har\u00e1 al menos una salida al exterior en las que se llevar\u00e1n a cabo ejercicios de toma de panor\u00e1micas 360\u00ba, que luego se procesar\u00e1n en el aula.<\/p>\n<h3 style=\"text-align: center\">TEMARIO<\/h3>\n<div  class='flex_column av-kvdh9-07036fea2ea2650ad4c47239a3d33d08 av_one_half  avia-builder-el-3  el_after_av_one_third  el_before_av_one_half  first flex_column_div  column-top-margin'     ><p>1)\u00a0\u00a0\u00a0 INTRODUCCI\u00d3N<\/p>\n<ol>\n<li>La t\u00e9cnica de <em>Stitching<\/em><\/li>\n<li>El punto nodal. \u00c1ngulos de giro.<\/li>\n<\/ol>\n<p>2)\u00a0\u00a0\u00a0 EQUIPO NECESARIO<\/p>\n<ol>\n<li>Regletas. Espejos 360\u00ba<\/li>\n<li>Rotulas VR<\/li>\n<\/ol>\n<p>3)\u00a0\u00a0\u00a0 PREPARACI\u00d3N DE LA PANO<\/p>\n<ol>\n<li>Ejercicio: hallando el punto nodal y los \u00e1ngulos de giro.<\/li>\n<li>Como tomar las fotos<\/li>\n<li>Problemas de ensamblado.<\/li>\n<li>Montaje con PTGui.<\/li>\n<li>Ejercicio: panor\u00e1mica 360\u00ba. Montaje con PTGui.<\/li>\n<\/ol><\/div>\n<div  class='flex_column av-4ij1fx-00ba335e21a557a97680a6c6a4ce89e6 av_one_half  avia-builder-el-4  el_after_av_one_half  el_before_av_hr  flex_column_div  column-top-margin'     ><p>4)\u00a0\u00a0\u00a0 TOUR VIRTUAL<\/p>\n<ol>\n<li>Posibilidades t\u00e9cnicas de un tour<\/li>\n<li>Crear un tour b\u00e1sico (preparar las panos, ubicarlas, inter-enlaces\u2026)<\/li>\n<li>Efectos especiales (etiquetas de texto, transiciones, carteles, videos, geolocalizaci\u00f3n, reflejos&#8230;)<\/li>\n<li>Exportar el tour para internet. Compatibilidad con tablets y smartphones.<\/li>\n<\/ol><\/div>\n<p>&nbsp;<\/p>\n<p>&nbsp;<\/p>\n<p>&nbsp;<\/p>\n<p>&nbsp;<\/p>\n<p>&nbsp;<\/p>\n<p>&nbsp;<\/p>\n<p>&nbsp;<\/p>\n<p>Para m\u00e1s informaci\u00f3n\u00a0sobre el curso: temario detallado, necesidades del aula y de los alumnos&#8230;<\/p>\n<p>Si quieres m\u00e1s informaci\u00f3n sobre el workshops de BCN Workshops, <a href=\"http:\/\/barcelonaworkshops.net\/\" target=\"_blank\">contacta con nosotros<\/a>\u00a0o escr\u00edbeme directamente a:<\/p>\n<p><img loading=\"lazy\" decoding=\"async\" class=\"aligncenter size-full wp-image-3853\" src=\"http:\/\/www.hugorodriguez.com\/blog\/wp-content\/uploads\/2016\/11\/correo-infohugorguez.gif\" alt=\"email correo-infohugorguez\" width=\"158\" height=\"26\" \/><\/p>\n<div  class='hr av-2b8j3h-dedd6a3a085c948c956595394c5617c3 hr-default  avia-builder-el-5  el_after_av_one_half  avia-builder-el-last '><span class='hr-inner '><span class=\"hr-inner-style\"><\/span><\/span><\/div>\n","protected":false},"excerpt":{"rendered":"<p>\u00bfSabes qu\u00e9 es un tour virtual? \u00bfNo?\u00a0Echa un vistazo a este\u00a0o a\u00a0este otro\u00a0y lo ver\u00e1s. Un tour virtual es la mejor forma de ense\u00f1ar un lugar a trav\u00e9s de Internet, usando toda la tecnolog\u00eda disponible hoy d\u00eda. Los turistas extranjeros lo saben bien, porque es justamente lo que buscan cuando quieren venir a veranear a [&hellip;]<\/p>\n","protected":false},"author":1,"featured_media":0,"parent":3849,"menu_order":0,"comment_status":"open","ping_status":"closed","template":"","meta":{"footnotes":""},"class_list":["post-6125","page","type-page","status-publish","hentry"],"_links":{"self":[{"href":"https:\/\/www.hugorodriguez.com\/blog\/wp-json\/wp\/v2\/pages\/6125","targetHints":{"allow":["GET"]}}],"collection":[{"href":"https:\/\/www.hugorodriguez.com\/blog\/wp-json\/wp\/v2\/pages"}],"about":[{"href":"https:\/\/www.hugorodriguez.com\/blog\/wp-json\/wp\/v2\/types\/page"}],"author":[{"embeddable":true,"href":"https:\/\/www.hugorodriguez.com\/blog\/wp-json\/wp\/v2\/users\/1"}],"replies":[{"embeddable":true,"href":"https:\/\/www.hugorodriguez.com\/blog\/wp-json\/wp\/v2\/comments?post=6125"}],"version-history":[{"count":5,"href":"https:\/\/www.hugorodriguez.com\/blog\/wp-json\/wp\/v2\/pages\/6125\/revisions"}],"predecessor-version":[{"id":7746,"href":"https:\/\/www.hugorodriguez.com\/blog\/wp-json\/wp\/v2\/pages\/6125\/revisions\/7746"}],"up":[{"embeddable":true,"href":"https:\/\/www.hugorodriguez.com\/blog\/wp-json\/wp\/v2\/pages\/3849"}],"wp:attachment":[{"href":"https:\/\/www.hugorodriguez.com\/blog\/wp-json\/wp\/v2\/media?parent=6125"}],"curies":[{"name":"wp","href":"https:\/\/api.w.org\/{rel}","templated":true}]}}