{"id":6116,"date":"2018-05-16T10:37:11","date_gmt":"2018-05-16T09:37:11","guid":{"rendered":"http:\/\/www.hugorodriguez.com\/blog\/?page_id=6116"},"modified":"2019-04-02T12:54:36","modified_gmt":"2019-04-02T10:54:36","slug":"workshop-captura-digital-y-revelado-de-raw-16h","status":"publish","type":"page","link":"https:\/\/www.hugorodriguez.com\/blog\/cursos-y-conferencias\/cursos-de-captura-y-revelado-raw\/workshop-captura-digital-y-revelado-de-raw-16h\/","title":{"rendered":"Workshop Captura digital y revelado de RAW CaptureOne (16h)"},"content":{"rendered":"<p><img loading=\"lazy\" decoding=\"async\" class=\"aligncenter wp-image-5602 size-full\" src=\"http:\/\/www.hugorodriguez.com\/blog\/wp-content\/uploads\/2017\/12\/2017-12-18-Videocurso-Captura-digital-y-RAW-con-C1-BCN-Workshops.jpg\" alt=\"\" width=\"799\" height=\"498\" srcset=\"https:\/\/www.hugorodriguez.com\/blog\/wp-content\/uploads\/2017\/12\/2017-12-18-Videocurso-Captura-digital-y-RAW-con-C1-BCN-Workshops.jpg 799w, https:\/\/www.hugorodriguez.com\/blog\/wp-content\/uploads\/2017\/12\/2017-12-18-Videocurso-Captura-digital-y-RAW-con-C1-BCN-Workshops-450x280.jpg 450w, https:\/\/www.hugorodriguez.com\/blog\/wp-content\/uploads\/2017\/12\/2017-12-18-Videocurso-Captura-digital-y-RAW-con-C1-BCN-Workshops-250x155.jpg 250w, https:\/\/www.hugorodriguez.com\/blog\/wp-content\/uploads\/2017\/12\/2017-12-18-Videocurso-Captura-digital-y-RAW-con-C1-BCN-Workshops-500x311.jpg 500w, https:\/\/www.hugorodriguez.com\/blog\/wp-content\/uploads\/2017\/12\/2017-12-18-Videocurso-Captura-digital-y-RAW-con-C1-BCN-Workshops-705x439.jpg 705w\" sizes=\"auto, (max-width: 799px) 100vw, 799px\" \/><\/p>\n<p>Si ya usas el formato RAW, quiz\u00e1s conf\u00edas en que ya est\u00e1s disfrutando de toda la calidad que pueden ofrecerte. \u00bfEst\u00e1s seguro? Capturar en RAW no es sin\u00f3nimo de dar un salto cualitativo, sin m\u00e1s&#8230;<\/p>\n<p>\u00bfSab\u00edas que exponer usando el fot\u00f3metro, gui\u00e1ndose por el gris medio o por el aspecto de la imagen en pantalla impide que aproveches todo ese potencial? Con este curso aprender\u00e1s a leer un histograma y a usarlo para exponer, de forma que puedes mejorar la gama tonal y reducir el ruido \u00a1incluso m\u00e1s de un 200%!<\/p>\n<p>\u00bfTienes la sensaci\u00f3n de que tus fotos no son suficientemente n\u00edtidas? Teniendo en cuenta la calidad de tu equipo, ten por seguro que da para m\u00e1s&#8230; Sab\u00edas para conseguir una alta nitidez en digital se requiere aplicar un par de t\u00e9cnicas clave? Y no se trata de aplicar este o aqu\u00e9l\u00a0<em>plug-in<\/em>\u00a0de enfoque al revelar, sino de conseguir un RAW m\u00e1s n\u00edtido&#8230;<\/p>\n<p>Este curso est\u00e1 dirigido a todos aquellos aficionados o profesionales que quieren reciclarse y aprender a conseguir una alta calidad de imagen en digital, pero tambi\u00e9n esta dirigido a aqu\u00e9llos que creen conocer c\u00f3mo conseguirlo y sin embargo, a\u00fan teniendo un equipo avanzado y conociendo el formato RAW, est\u00e1n insatisfechos con el resultado que consiguen.<\/p>\n<p>Por ejemplo, solo a nivel de enfoque en el curso veremos c\u00f3mo conseguir esto:<\/p>\n<p>[baslider name=\u00bbEnfoqueACRvsCaptureOne\u00bb]<\/p>\n<p>&nbsp;<\/p>\n<p>Y a nivel de reproducci\u00f3n de color f\u00edjate que diferencia s\u00f3lo al abrir un RAW, sin tocar nada (todos los par\u00e1metros a cero):<\/p>\n<p>[baslider name=\u00bbColorACRLrvsCaptureOne\u00bb]<\/p>\n<p>Foto: Manuel Mart\u00ednez.<\/p>\n<p>&nbsp;<\/p>\n<p>Un ejemplo de revelado:<\/p>\n<p>[baslider name=\u00bbBergaPordefectovsCaptureOne\u00bb]<\/p>\n<p>&nbsp;<\/p>\n<p>Ser\u00e1 un curso te\u00f3rico-pr\u00e1ctico en el que se abordar\u00e1n varios temas bien diferenciados:<\/p>\n<ol>\n<li>El manejo de c\u00e1mara avanzado para conseguir\u00a0a enfocar realmente bien y sacar partido de multitud de funciones de las c\u00e1maras modernas que permiten conseguir mejores resultados, o bien en menos tiempo o m\u00e1s c\u00f3modamente.<\/li>\n<li>Aprender a exponer realmente bien en digital, incluso en condiciones realmente dif\u00edciles, y a corregir las dominantes perfectamente.<\/li>\n<li>Aprender a revelar correctamente un RAW siguiendo el\u00a0<em>CRU<\/em>, un procedimiento extrapolable a cualquier programa de revelado y a corregir los defectos m\u00e1s comunes de las tomas, sin necesidad de retocar y mejorando globalmente la calidad de la imagen.<\/li>\n<\/ol>\n<p>En definitiva, es un curso orientado a conseguir, en primer lugar, un RAW perfecto, para luego obtener a partir de \u00e9l una imagen final de una calidad extraordinaria.<\/p>\n<p>Adem\u00e1s, podr\u00e1s comprar una <strong>licencia oficial y completa de Capture One \u00a1\u00a1con un 30% de descuento!!<\/strong><br \/>\nY por si fuera poco, <strong>mi libro estar\u00e1 disponible \u00a1tambi\u00e9n con descuento!<\/strong><\/p>\n<p>&nbsp;<\/p>\n<h3 style=\"text-align: center\">TEMARIO<\/h3>\n<div  class='flex_column av-3x7xp0-796f826f10e722023f7b7d3ac029248a av_one_half  avia-builder-el-0  el_before_av_one_half  avia-builder-el-first  first flex_column_div  '     ><ol>\n<li>LA CAPTURA PERFECTA<\/li>\n<\/ol>\n<p>a) \u00a0 \u00a0Configuraci\u00f3n \u00f3ptima de la c\u00e1mara.<\/p>\n<p>b) \u00a0 \u00a0Correcci\u00f3n \u00f3ptima de dominantes en la toma.<\/p>\n<p>c) \u00a0 \u00a0\u00a0Exponer al l\u00edmite con el histograma.<\/p>\n<ol start=\"2\">\n<li>CALIBRACI\u00d3N DEL MONITOR<\/li>\n<\/ol>\n<p>a) \u00a0 \u00a0 Demo: c\u00f3mo calibrar con\u00a0<em>i1 Display Pro<\/em>.<\/p>\n<ol start=\"3\">\n<li>INTRODUCCI\u00d3N<\/li>\n<\/ol>\n<p>a) \u00a0 \u00a0Explicaci\u00f3n general: interfaz, flujo de trabajo y sesiones.<\/p>\n<p>b) \u00a0 \u00a0Cat\u00e1logo: descripci\u00f3n general y manejo..<\/p>\n<p>c) \u00a0 \u00a0 B\u00fasquedas. Filtrado. Ordenaci\u00f3n. Variantes..<\/p>\n<ol start=\"4\">\n<li>MANEJO B\u00c1SICO<\/li>\n<\/ol>\n<p>a) \u00a0 \u00a0Demo: Captura\u00a0<em>tethered<\/em>.<\/p>\n<p>b) \u00a0 \u00a0Descarga, importaci\u00f3n y revisi\u00f3n de fotos.<\/p>\n<p>d) \u00a0 \u00a0El\u00a0<em>CRU<\/em>: Criterio de Revelado Universal.<\/p><\/div>\n<div  class='flex_column av-2a10qc-3dc9e6d60595148b136f9b8af41cd4c1 av_one_half  avia-builder-el-1  el_after_av_one_half  avia-builder-el-last  flex_column_div  '     ><p>e) \u00a0 \u00a0Control de dominantes. Ayudas visuales.<\/p>\n<p>f) \u00a0 \u00a0El procesado final. Salida m\u00faltiple. Marcas de agua.<\/p>\n<p>g) \u00a0 \u00a0Personalizaci\u00f3n del programa.<\/p>\n<p>h) \u00a0 \u00a0Ajustes tonales en escenas de bajo y alto contraste.<\/p>\n<p>i) \u00a0 \u00a0Expansi\u00f3n de luces y sombras.<\/p>\n<p>j) \u00a0 \u00a0Manejo de capas, m\u00e1scaras y clonados.<\/p>\n<p>k) \u00a0 Herramienta editor de color: b\u00e1sico, avanzado y piel.<\/p>\n<p>l) \u00a0 \u00a0Variantes y estilos.<\/p>\n<ol start=\"5\">\n<li>OPTIMIZACI\u00d3N DE LA CALIDAD DE IMAGEN<\/li>\n<\/ol>\n<p>a) \u00a0 \u00a0 Polvo en el sensor.<\/p>\n<p>b) \u00a0 \u00a0\u00a0Correcciones \u00f3pticas autom\u00e1ticas.<\/p>\n<p>c) \u00a0 \u00a0\u00a0Enfoque y ruido.<\/p>\n<ol start=\"6\">\n<li>FUNCIONES AVANZADAS<\/li>\n<\/ol>\n<p>a) \u00a0 \u00a0\u00a0Funci\u00f3n de superposici\u00f3n.<\/p>\n<p>b) \u00a0 \u00a0\u00a0Correcciones LCC.<\/p><\/div>\n<p>&nbsp;<\/p>\n<p>Si te interesa,\u00a0<a href=\"http:\/\/barcelonaworkshops.net\/contacto\/\" target=\"_blank\">contacta con BCN Workshops<\/a>\u00a0\u00a0o\u00a0<a title=\"Curso de Capture One BCN Workshops\" href=\"http:\/\/www.hugorodriguez.com\/blog\/producto\/curso-de-capture-one-bcn-workshops\/\">matriculate directamente<\/a>.<\/p>\n","protected":false},"excerpt":{"rendered":"<p>Si ya usas el formato RAW, quiz\u00e1s conf\u00edas en que ya est\u00e1s disfrutando de toda la calidad que pueden ofrecerte. \u00bfEst\u00e1s seguro? Capturar en RAW no es sin\u00f3nimo de dar un salto cualitativo, sin m\u00e1s&#8230; \u00bfSab\u00edas que exponer usando el fot\u00f3metro, gui\u00e1ndose por el gris medio o por el aspecto de la imagen en pantalla [&hellip;]<\/p>\n","protected":false},"author":1,"featured_media":0,"parent":3846,"menu_order":0,"comment_status":"open","ping_status":"closed","template":"","meta":{"footnotes":""},"class_list":["post-6116","page","type-page","status-publish","hentry"],"_links":{"self":[{"href":"https:\/\/www.hugorodriguez.com\/blog\/wp-json\/wp\/v2\/pages\/6116","targetHints":{"allow":["GET"]}}],"collection":[{"href":"https:\/\/www.hugorodriguez.com\/blog\/wp-json\/wp\/v2\/pages"}],"about":[{"href":"https:\/\/www.hugorodriguez.com\/blog\/wp-json\/wp\/v2\/types\/page"}],"author":[{"embeddable":true,"href":"https:\/\/www.hugorodriguez.com\/blog\/wp-json\/wp\/v2\/users\/1"}],"replies":[{"embeddable":true,"href":"https:\/\/www.hugorodriguez.com\/blog\/wp-json\/wp\/v2\/comments?post=6116"}],"version-history":[{"count":5,"href":"https:\/\/www.hugorodriguez.com\/blog\/wp-json\/wp\/v2\/pages\/6116\/revisions"}],"predecessor-version":[{"id":7747,"href":"https:\/\/www.hugorodriguez.com\/blog\/wp-json\/wp\/v2\/pages\/6116\/revisions\/7747"}],"up":[{"embeddable":true,"href":"https:\/\/www.hugorodriguez.com\/blog\/wp-json\/wp\/v2\/pages\/3846"}],"wp:attachment":[{"href":"https:\/\/www.hugorodriguez.com\/blog\/wp-json\/wp\/v2\/media?parent=6116"}],"curies":[{"name":"wp","href":"https:\/\/api.w.org\/{rel}","templated":true}]}}