{"id":5958,"date":"2018-04-25T11:07:05","date_gmt":"2018-04-25T10:07:05","guid":{"rendered":"http:\/\/www.hugorodriguez.com\/blog\/?page_id=5958"},"modified":"2018-04-25T11:07:05","modified_gmt":"2018-04-25T10:07:05","slug":"las-camaras-del-futuro-o-por-que-con-los-modelos-actuales-es-imposible-exponer-bien","status":"publish","type":"page","link":"https:\/\/www.hugorodriguez.com\/blog\/las-camaras-del-futuro-o-por-que-con-los-modelos-actuales-es-imposible-exponer-bien\/","title":{"rendered":"Las c\u00e1maras del futuro (o por qu\u00e9 con los modelos actuales es imposible exponer bien)"},"content":{"rendered":"<p>Ya llevan con nosotros unos cuantos a\u00f1os y nos hemos familiarizado con la mayor\u00eda de sus mecanismos. Hoy en d\u00eda cualquier fot\u00f3grafo tiene que conocer los conceptos b\u00e1sicos -conceptos como los p\u00edxeles y la resoluci\u00f3n- de una c\u00e1mara digital. Sin embargo, un aficionado que se precie, y no digamos un profesional, tambi\u00e9n deber\u00eda dominar otros conceptos no menos importantes como el control del ruido, la interpretaci\u00f3n del histograma, el formato RAW y c\u00f3mo exponerlo correctamente, los espacios de color&#8230;<\/p>\n<p>S\u00f3lo los aficionados avanzados y los profesionales que se mantienen al d\u00eda han integrado estos elementos en su \u00abworkflow\u00bb (eso que toda la vida se llam\u00f3, de forma menos \u00abcool\u00bb, flujo de trabajo). Aun as\u00ed, \u00bfle estamos sacando todo el rendimiento posible a la c\u00e1mara? No estemos tan seguros de ello.<\/p>\n<p>Si nos detenemos a analizar cuidadosamente c\u00f3mo las utilizamos, descubriremos que en nuestras c\u00e1maras existen algunas contradicciones importantes que impiden que, a d\u00eda de hoy, podamos exprimir al m\u00e1ximo sus posibilidades.<\/p>\n<p>En el apartado del enfoque, por ejemplo, nos encontramos con un problema flagrante: actualmente la inmensa mayor\u00eda de c\u00e1maras carecen de una funci\u00f3n para ampliar la imagen al 100% en un solo paso. Esta acci\u00f3n, que los fot\u00f3grafos realizamos para verificar si una fotograf\u00eda ha quedado bien enfocada justo despu\u00e9s de haberla capturado, es tan b\u00e1sica y elemental que resulta incre\u00edble que con tanta tecnolog\u00eda los principales fabricantes todav\u00eda no la hayan habilitado.<\/p>\n<div class=\"foto_comp roll no-border\">\n<div class=\"foto_copy\">\n<div id=\"attachment_3601\" style=\"width: 610px\" class=\"wp-caption aligncenter\"><a href=\"http:\/\/www.hugorodriguez.com\/blog\/wp-content\/uploads\/2016\/10\/camaras_futuro_hugo_rodriguez_1.jpg\"><img loading=\"lazy\" decoding=\"async\" aria-describedby=\"caption-attachment-3601\" class=\"wp-image-3601 size-full\" src=\"http:\/\/www.hugorodriguez.com\/blog\/wp-content\/uploads\/2016\/10\/camaras_futuro_hugo_rodriguez_1.jpg\" alt=\"camaras_futuro_hugo_rodriguez_1\" width=\"600\" height=\"431\" srcset=\"https:\/\/www.hugorodriguez.com\/blog\/wp-content\/uploads\/2016\/10\/camaras_futuro_hugo_rodriguez_1.jpg 600w, https:\/\/www.hugorodriguez.com\/blog\/wp-content\/uploads\/2016\/10\/camaras_futuro_hugo_rodriguez_1-450x323.jpg 450w, https:\/\/www.hugorodriguez.com\/blog\/wp-content\/uploads\/2016\/10\/camaras_futuro_hugo_rodriguez_1-250x179.jpg 250w, https:\/\/www.hugorodriguez.com\/blog\/wp-content\/uploads\/2016\/10\/camaras_futuro_hugo_rodriguez_1-500x359.jpg 500w\" sizes=\"auto, (max-width: 600px) 100vw, 600px\" \/><\/a><p id=\"caption-attachment-3601\" class=\"wp-caption-text\">Lo que aqu\u00ed es s\u00f3lo un fotomontaje en realidad es el deseo de muchos fot\u00f3grafos: disponer de un aut\u00e9ntico histograma para disparar en RAW.<\/p><\/div>\n<\/div>\n<\/div>\n<p>En el caso de las SLR de Canon sorprende que para llegar a ver la imagen al 100% haya que pulsar primero el bot\u00f3n de revisi\u00f3n (as\u00ed nos aseguramos de que \u00e9sta permanece en pantalla) y apretar luego hasta seis o siete veces el mando de la lupa (ampliamos de este modo la vista). Resulta curioso que, justo despu\u00e9s del disparo, si pulsamos la lupa mientras la foto aparece en pantalla, \u00e9sta se apague. Tiene gracia el asunto. \u00bfEn qu\u00e9 estar\u00edan pensando los ingenieros que dise\u00f1aron algo as\u00ed? Otro detalle que se agradecer\u00eda es que en alg\u00fan rinc\u00f3n apareciera indicado el nivel de ampliaci\u00f3n. Si no, \u00bfc\u00f3mo sabemos que hemos llegado al 100%?<\/p>\n<p>En las r\u00e9flex de Nikon el procedimiento es parecido, con la salvedad de que no hace falta pulsar el bot\u00f3n de revisi\u00f3n para comenzar (se agradece el detalle), pero igualmente hay que apretar seis o siete veces la lupa. S\u00f3lo en algunas Sony y Pentax se puede encontrar un bot\u00f3n que ampl\u00ede directamente al 100%. (Por cierto: en ciertas Nikon de gama alta, como la<a href=\"http:\/\/www.quesabesde.com\/camaras\/nikon-d300\" data-product-id=\"3172\">D300<\/a>\u00a0y otros modelos superiores, existe un truco bastante escondido en los men\u00fas que permite conseguir algo parecido y que explico con detalle en\u00a0<a href=\"http:\/\/www.bitandpixel.es\/\" target=\"noticias\">este libro<\/a>.)<\/p>\n<p>Otro ejemplo, tan o m\u00e1s ilustrativo que el anterior, se refiere a la exposici\u00f3n. Cada d\u00eda m\u00e1s fot\u00f3grafos se est\u00e1n pasando al formato RAW, pero los que nos dedicamos a la docencia a veces caemos en el error de pensar que todo el mundo lo usa. En efecto, todav\u00eda hay mucha gente que dispara en JPEG, seguramente porque se encuentra c\u00f3moda con este formato pensando que da menos trabajo y que la calidad que ofrece es buena.<\/p>\n<p>Dejando a un lado lo relativo del t\u00e9rmino \u00abbueno\u00bb, que depende del nivel de exigencia de cada cual, a\u00fan no he conocido a nadie que despu\u00e9s de haber descubierto las bondades del formato RAW haya vuelto a su otrora querido JPEG. Disparar en JPEG significa desperdiciar buena parte de lo que una c\u00e1mara digital moderna puede ofrecer en cuanto a nivel de ruido, definici\u00f3n, reproducci\u00f3n del color, rango din\u00e1mico&#8230; As\u00ed que, quienes todav\u00eda no se hayan atrevido a dar el salto al RAW, realmente no saben lo que se pierden. Dadle una oportunidad.<\/p>\n<p>Pero ni el inc\u00f3modo sistema de comprobaci\u00f3n del enfoque una vez realizada la toma ni tampoco la infrautilizaci\u00f3n del formato RAW son lo peor del caso. Despu\u00e9s de estudiar este asunto con bastante profundidad y dedicaci\u00f3n durante los \u00faltimos diez a\u00f1os, me he ido dando cuenta de que las c\u00e1maras actuales no est\u00e1n preparadas para aprovechar toda la calidad del RAW.<\/p>\n<p>Aunque hay otros problemas, el principal est\u00e1 en la exposici\u00f3n: disparando en RAW es poco menos que imposible conseguir la exposici\u00f3n perfecta, ni siquiera usando el histograma.<\/p>\n<div class=\"group featuredcomponent\">\n<div>\n<p style=\"text-align: center;\"><em>\u00abDisparando en RAW es poco menos que imposible conseguir la exposici\u00f3n perfecta, ni siquiera usando el histograma\u00bb<\/em><\/p>\n<\/div>\n<div class=\"texto-derecha\">\n<p>La mayor\u00eda de fot\u00f3grafos suelen realizar una lectura con el fot\u00f3metro (quiz\u00e1s comienzan con la matricial o bien toman lecturas puntuales en \u00e1reas importantes), luego hacen algunos c\u00e1lculos mentales (del tipo \u00absi el fot\u00f3metro sit\u00faa los negros con detalle a 1\/30 segundos, entonces voy a cerrar dos pasos para que queden como sombras con textura\u00bb) y finalmente deciden los par\u00e1metros de disparo. Luego echan una ojeada al aspecto de la foto en la pantalla, y si no se ve demasiado clara u oscura, la dan por buena. Otros, m\u00e1s experimentados, revisan el histograma, y si \u00e9ste no aparece muy descentrado, lo dan por bueno.<\/p>\n<\/div>\n<\/div>\n<p>El problema aqu\u00ed es que el fot\u00f3metro y el histograma son sistemas totalmente inconexos. El primero se basa en la suposici\u00f3n previa al disparo de cu\u00e1l ser\u00e1 el resultado final del mismo. El segundo es un an\u00e1lisis estad\u00edstico de los p\u00edxeles que forman la imagen (es decir, del resultado), que depende de varios ajustes de los men\u00fas, como por ejemplo el contraste, la saturaci\u00f3n o el brillo. Todos ellos afectan al resultado final, pero ninguno al fot\u00f3metro.<\/p>\n<p>As\u00ed pues, frente a la misma escena el fot\u00f3metro siempre indicar\u00e1 lo mismo, pero si se var\u00edan estos ajustes el resultado ser\u00e1 diferente. Entonces, \u00bfpor qu\u00e9 el fot\u00f3metro no est\u00e1 conectado con estos ajustes del men\u00fa? \u00bfTienen sentido estos par\u00e1metros si el fot\u00f3metro no los considera?<\/p>\n<p>Los fot\u00f3grafos que m\u00e1s han profundizado en el conocimiento de la t\u00e9cnica de exposici\u00f3n para capturas en RAW utilizan mucho menos el fot\u00f3metro y mucho m\u00e1s el histograma. Toman una primera lectura con el fot\u00f3metro grosso modo, luego disparan y verifican cuidadosamente el aspecto del histograma. El objetivo que buscan es que \u00e9ste aparezca desplazado hacia la derecha, pero sin llegar a chocar con el extremo. Es la llamada t\u00e9cnica de \u00abexponer a la derecha\u00bb, que permite obtener una mayor calidad de imagen y un menor nivel de ruido en las mismas condiciones.<\/p>\n<p>Esto quiere decir que el fot\u00f3metro es bastante menos \u00fatil de lo que ya era en la \u00e9poca de la pel\u00edcula, puesto que la validez de la mencionada t\u00e9cnica de exponer a la derecha es demostrable y el fot\u00f3metro puede llegar a indicar un \u00aberror\u00bb de sobreexposici\u00f3n de entre 0,5 y 2 puntos completos cuando el histograma es correcto.<\/p>\n<div class=\"foto_comp roll no-border\">\n<div id=\"attachment_3602\" style=\"width: 610px\" class=\"wp-caption aligncenter\"><a href=\"http:\/\/www.hugorodriguez.com\/blog\/wp-content\/uploads\/2016\/10\/Exponer-a-la-derecha.jpg\"><img loading=\"lazy\" decoding=\"async\" aria-describedby=\"caption-attachment-3602\" class=\"size-full wp-image-3602\" src=\"http:\/\/www.hugorodriguez.com\/blog\/wp-content\/uploads\/2016\/10\/Exponer-a-la-derecha.jpg\" alt=\"El rendimiento de la c\u00e1mara es sensiblemente diferente si nos fiamos de su fot\u00f3metro u optamos en cambio por fijarnos en el histograma y aplicamos la t\u00e9cnica del &quot;derecheo&quot;.\" width=\"600\" height=\"474\" srcset=\"https:\/\/www.hugorodriguez.com\/blog\/wp-content\/uploads\/2016\/10\/Exponer-a-la-derecha.jpg 600w, https:\/\/www.hugorodriguez.com\/blog\/wp-content\/uploads\/2016\/10\/Exponer-a-la-derecha-450x356.jpg 450w, https:\/\/www.hugorodriguez.com\/blog\/wp-content\/uploads\/2016\/10\/Exponer-a-la-derecha-250x197.jpg 250w, https:\/\/www.hugorodriguez.com\/blog\/wp-content\/uploads\/2016\/10\/Exponer-a-la-derecha-500x395.jpg 500w\" sizes=\"auto, (max-width: 600px) 100vw, 600px\" \/><\/a><p id=\"caption-attachment-3602\" class=\"wp-caption-text\">El rendimiento de la c\u00e1mara es sensiblemente diferente si nos fiamos de su fot\u00f3metro u optamos en cambio por fijarnos en el histograma y aplicamos la t\u00e9cnica del \u00abderecheo\u00bb.<\/p><\/div>\n<\/div>\n<p>\u00bfPara qu\u00e9 sirve entonces el fot\u00f3metro en una c\u00e1mara digital? \u00bfPara exponer o simplemente para saber por d\u00f3nde van los tiros al abordar una escena? \u00bfPor qu\u00e9 los fabricantes no ponen m\u00e1s empe\u00f1o en que el histograma tenga una mayor visibilidad, sobre todo antes de disparar? Porque, tecnol\u00f3gicamente, ser\u00eda posible.<\/p>\n<p>M\u00e1s a\u00fan: los ajustes de imagen de los que habl\u00e1bamos unas l\u00edneas m\u00e1s arriba (contraste, saturaci\u00f3n, etc\u00e9tera) afectan al histograma que muestra la c\u00e1mara, y no es dif\u00edcil darse cuenta de que ese histograma no es el mismo que uno se encuentra cuando se dispone a \u00abrevelar\u00bb el RAW. La explicaci\u00f3n estriba en que el histograma de la c\u00e1mara no es el del RAW, sino el del JPEG. Incluso cuando disparamos en RAW. Los m\u00e1s avezados ya lo saben y procuran ajustar todos los par\u00e1metros \u00aba cero\u00bb para tratar de ver un histograma lo m\u00e1s fidedigno posible.<\/p>\n<p>Pero lo que no muchos saben es que con eso no basta: hay otros par\u00e1metros, como el espacio de color o el equilibrio de blancos, que tambi\u00e9n afectan al histograma. Y no poco. Con el equilibrio de blancos (com\u00fanmente mal denominado balance de blancos) ocurre que la inmensa mayor\u00eda cree que \u00abes s\u00f3lo para profesionales que buscan una gran fidelidad en el color\u00bb o que \u00abno es necesario ajustarlo porque no afecta al RAW\u00bb. Optan por tanto por dejarlo ajustado siempre en autom\u00e1tico, \u00abque es como sale mejor\u00bb.<\/p>\n<div class=\"group featuredcomponent\">\n<div>\n<p style=\"text-align: center;\"><em>\u00abEl histograma de la c\u00e1mara es siempre el del JPEG, incluso cuando disparamos en RAW\u00bb<\/em><\/p>\n<\/div>\n<div class=\"texto-derecha\">\n<p>Ninguna de las tres afirmaciones es cierta, empezando por el hecho de que para conseguir una gran fidelidad de color lo que hay que hacer es calibrar la c\u00e1mara, ya que no es suficiente con ajustar bien el equilibrio de blancos. Pero volviendo al quid de la cuesti\u00f3n, el equilibrio de blancos y el espacio de color s\u00ed que inciden -indirectamente- en el RAW, porque afectan a los histogramas de la c\u00e1mara y \u00e9stos a su vez afectan a la exposici\u00f3n del archivo.<\/p>\n<\/div>\n<\/div>\n<p>As\u00ed que para exponer bien en RAW no basta con saber usar el histograma, ya que dejar el equilibrio de blancos en autom\u00e1tico garantiza \u00fanicamente que unas fotos van a salir mal y otras van a salir&#8230; peor. Lo m\u00e1s inquietante es que todo ello se debe a un fallo de los fabricantes, que deber\u00edan empezar a pensar en cambiar el funcionamiento de las c\u00e1maras para que cuando el fot\u00f3grafo elige disparar en RAW no se le muestre el histograma de la captura en JPEG. Porque, aunque parezca incre\u00edble, no hay modo alguno de que podamos ver el verdadero aspecto del histograma del RAW.<\/p>\n<p>Quiz\u00e1s los fabricantes deber\u00edan empezar a plantearse qu\u00e9 hacer con el fot\u00f3metro y c\u00f3mo tendr\u00edan que ofrecer las c\u00e1maras del futuro la informaci\u00f3n de la exposici\u00f3n al fot\u00f3grafo. \u00bfQu\u00e9 tal un modo de exposici\u00f3n autom\u00e1tica (con un fot\u00f3metro conectado al histograma o un histograma \u00abconvertido\u00bb en fot\u00f3metro) con prioridad a \u00abderecheo\u00bb? Tomen nota mientras la RAE estudia la incorporaci\u00f3n al diccionario de este nuevo vocablo.<\/p>\n<p>Tambi\u00e9n es cierto que el histograma del RAW es bastante especial, y si las c\u00e1maras lo mostrasen directamente ser\u00eda dif\u00edcil poder aprovecharlo en la pr\u00e1ctica. Eso si no lleva aplicado una modificaci\u00f3n (una compensaci\u00f3n de gamma, a todas luces muy necesaria). Pero entre eso y mostrar s\u00ed o s\u00ed el histograma del JPEG hay un mundo.<\/p>\n<p>\u00bfLlegar\u00e1 el d\u00eda en que los que buscamos la excelencia t\u00e9cnica podamos sacar todo el provecho de nuestra herramienta fundamental?<\/p>\n<p>Este art\u00edculo <a href=\"http:\/\/www.quesabesde.com\/noticias\/camaras-futuro-formato-raw-histograma-exposicion-perfecta_8718\" target=\"_blank\">apareci\u00f3 publicado <\/a>en el portal QueSabesDe el 25\/04\/2012<\/p>\n","protected":false},"excerpt":{"rendered":"<p>Ya llevan con nosotros unos cuantos a\u00f1os y nos hemos familiarizado con la mayor\u00eda de sus mecanismos. Hoy en d\u00eda cualquier fot\u00f3grafo tiene que conocer los conceptos b\u00e1sicos -conceptos como los p\u00edxeles y la resoluci\u00f3n- de una c\u00e1mara digital. Sin embargo, un aficionado que se precie, y no digamos un profesional, tambi\u00e9n deber\u00eda dominar otros [&hellip;]<\/p>\n","protected":false},"author":1,"featured_media":0,"parent":0,"menu_order":0,"comment_status":"open","ping_status":"closed","template":"","meta":{"footnotes":""},"class_list":["post-5958","page","type-page","status-publish","hentry"],"_links":{"self":[{"href":"https:\/\/www.hugorodriguez.com\/blog\/wp-json\/wp\/v2\/pages\/5958","targetHints":{"allow":["GET"]}}],"collection":[{"href":"https:\/\/www.hugorodriguez.com\/blog\/wp-json\/wp\/v2\/pages"}],"about":[{"href":"https:\/\/www.hugorodriguez.com\/blog\/wp-json\/wp\/v2\/types\/page"}],"author":[{"embeddable":true,"href":"https:\/\/www.hugorodriguez.com\/blog\/wp-json\/wp\/v2\/users\/1"}],"replies":[{"embeddable":true,"href":"https:\/\/www.hugorodriguez.com\/blog\/wp-json\/wp\/v2\/comments?post=5958"}],"version-history":[{"count":1,"href":"https:\/\/www.hugorodriguez.com\/blog\/wp-json\/wp\/v2\/pages\/5958\/revisions"}],"predecessor-version":[{"id":5959,"href":"https:\/\/www.hugorodriguez.com\/blog\/wp-json\/wp\/v2\/pages\/5958\/revisions\/5959"}],"wp:attachment":[{"href":"https:\/\/www.hugorodriguez.com\/blog\/wp-json\/wp\/v2\/media?parent=5958"}],"curies":[{"name":"wp","href":"https:\/\/api.w.org\/{rel}","templated":true}]}}