{"id":4313,"date":"2017-01-24T11:20:52","date_gmt":"2017-01-24T10:20:52","guid":{"rendered":"http:\/\/www.hugorodriguez.com\/blog\/?page_id=4313"},"modified":"2017-01-25T11:11:21","modified_gmt":"2017-01-25T10:11:21","slug":"el-nuevo-perfil-h-rgb-pro-lightroom-para-puristas","status":"publish","type":"page","link":"https:\/\/www.hugorodriguez.com\/blog\/el-nuevo-perfil-h-rgb-pro-lightroom-para-puristas\/","title":{"rendered":"El nuevo perfil H-RGB Pro Lightroom, para puristas del histograma"},"content":{"rendered":"<h2 style=\"text-align: center;\">El nuevo perfil H-RGB Pro Lightroom,<br \/>\npara puristas del histograma.<\/h2>\n<p>&nbsp;<\/p>\n<p>Lightroom es un magn\u00edfico programa, y los que lo usan lo saben bien. Pocas pegas se le pueden poner. Tiene una base de datos impresionante, una interfaz muy innovadora y depurada y una cantidad de funciones que puede resultar abrumadora.<\/p>\n<p>Pero tambi\u00e9n tiene algunas pegas, como todos los programas de este mundo. Algunas son bien conocidas (como la lentitud) y otras no tanto. Una de ellas es la que ya algunos usuarios avanzados y puristas han experimentado: el cambio de histograma.<\/p>\n<p>Mientras\u00a0est\u00e1s procesando una foto y vas ajust\u00e1ndola cuidadosamente, mantienes siempre un ojo en el histograma para no perder de vista la gama tonal. Cuando ya la tienes lista, simplemente la exportas. Luego la abres en Photoshop para retocar alg\u00fan peque\u00f1o detalle (de esos que no son\u00a0posibles de llevar a cabo en Lr), y&#8230; \u00a1sorpresa! \u00a1El histograma ha cambiado! Entonces vienen las caras de p\u00f3quer&#8230;<\/p>\n<p>Ve\u00e1moslo con un ejemplo:<\/p>\n<p><a href=\"http:\/\/www.hugorodriguez.com\/blog\/wp-content\/uploads\/2017\/01\/Istambul-Sultanahmet-Histograma-Lightroom.jpg\"><img loading=\"lazy\" decoding=\"async\" class=\"aligncenter wp-image-4299\" src=\"http:\/\/www.hugorodriguez.com\/blog\/wp-content\/uploads\/2017\/01\/Istambul-Sultanahmet-Histograma-Lightroom-800x499.jpg\" alt=\"Istambul-Sultanahmet-Histograma-Lightroom\" width=\"700\" height=\"437\" srcset=\"https:\/\/www.hugorodriguez.com\/blog\/wp-content\/uploads\/2017\/01\/Istambul-Sultanahmet-Histograma-Lightroom-800x499.jpg 800w, https:\/\/www.hugorodriguez.com\/blog\/wp-content\/uploads\/2017\/01\/Istambul-Sultanahmet-Histograma-Lightroom-450x281.jpg 450w, https:\/\/www.hugorodriguez.com\/blog\/wp-content\/uploads\/2017\/01\/Istambul-Sultanahmet-Histograma-Lightroom-250x156.jpg 250w, https:\/\/www.hugorodriguez.com\/blog\/wp-content\/uploads\/2017\/01\/Istambul-Sultanahmet-Histograma-Lightroom-500x312.jpg 500w, https:\/\/www.hugorodriguez.com\/blog\/wp-content\/uploads\/2017\/01\/Istambul-Sultanahmet-Histograma-Lightroom-705x440.jpg 705w, https:\/\/www.hugorodriguez.com\/blog\/wp-content\/uploads\/2017\/01\/Istambul-Sultanahmet-Histograma-Lightroom.jpg 1153w\" sizes=\"auto, (max-width: 700px) 100vw, 700px\" \/><\/a><\/p>\n<p>Esta es una captura de pantalla de la foto una vez abierta en Lightroom, en el m\u00f3dulo de revelado. Ahora mismo la foto ya est\u00e1 ajustada (la mayor\u00eda de ajustes son de color y no son visibles aqu\u00ed). F\u00edjate en el histograma. \u00bfVisto? Ok, ahora la exporto en TIFF y la abro en Photoshop:<\/p>\n<p><a href=\"http:\/\/www.hugorodriguez.com\/blog\/wp-content\/uploads\/2017\/01\/Istambul-Sultanahmet-Histograma-Photoshop.jpg\"><img loading=\"lazy\" decoding=\"async\" class=\"aligncenter wp-image-4301\" src=\"http:\/\/www.hugorodriguez.com\/blog\/wp-content\/uploads\/2017\/01\/Istambul-Sultanahmet-Histograma-Photoshop-H-RGB-Lightroom-800x498.jpg\" alt=\"Istambul-Sultanahmet-Histograma-Photoshop-H-RGB-Lightroom\" width=\"800\" height=\"498\" srcset=\"https:\/\/www.hugorodriguez.com\/blog\/wp-content\/uploads\/2017\/01\/Istambul-Sultanahmet-Histograma-Photoshop-H-RGB-Lightroom-800x498.jpg 800w, https:\/\/www.hugorodriguez.com\/blog\/wp-content\/uploads\/2017\/01\/Istambul-Sultanahmet-Histograma-Photoshop-H-RGB-Lightroom-450x281.jpg 450w, https:\/\/www.hugorodriguez.com\/blog\/wp-content\/uploads\/2017\/01\/Istambul-Sultanahmet-Histograma-Photoshop-H-RGB-Lightroom-250x155.jpg 250w, https:\/\/www.hugorodriguez.com\/blog\/wp-content\/uploads\/2017\/01\/Istambul-Sultanahmet-Histograma-Photoshop-H-RGB-Lightroom-500x311.jpg 500w, https:\/\/www.hugorodriguez.com\/blog\/wp-content\/uploads\/2017\/01\/Istambul-Sultanahmet-Histograma-Photoshop-H-RGB-Lightroom-705x439.jpg 705w, https:\/\/www.hugorodriguez.com\/blog\/wp-content\/uploads\/2017\/01\/Istambul-Sultanahmet-Histograma-Photoshop-H-RGB-Lightroom.jpg 1155w\" sizes=\"auto, (max-width: 800px) 100vw, 800px\" \/><\/a><\/p>\n<p>La foto tiene el mismo aspecto, \u00bfverdad? Ahora f\u00edjate en su histograma y comp\u00e1ralo con el anterior. \u00bfHa cambiado? En efecto, \u00a1ha cambiado!<\/p>\n<p>Explicar qu\u00e9 ha ocurrido no es f\u00e1cil, y la explicaci\u00f3n radica en la gesti\u00f3n del color, pero eso mejor lo dejamos para otro d\u00eda. El caso es que ha cambiado misteriosamente&#8230;<\/p>\n<p>Aqu\u00ed es cuando entra en escena <strong>mi nuevo perfil H-RGB Lightroom<\/strong>, especialmente dise\u00f1ado para este menester. Porque us\u00e1ndolo podr\u00e1s exportar la imagen de la misma forma, pero cuando la abras en Photoshop notar\u00e1s un cambio evidente:<\/p>\n<p><img loading=\"lazy\" decoding=\"async\" class=\"aligncenter wp-image-4300\" src=\"http:\/\/www.hugorodriguez.com\/blog\/wp-content\/uploads\/2017\/01\/Istambul-Sultanahmet-Histograma-Photoshop-800x498.jpg\" alt=\"Istambul-Sultanahmet-Histograma-Photoshop\" width=\"700\" height=\"436\" srcset=\"https:\/\/www.hugorodriguez.com\/blog\/wp-content\/uploads\/2017\/01\/Istambul-Sultanahmet-Histograma-Photoshop-800x498.jpg 800w, https:\/\/www.hugorodriguez.com\/blog\/wp-content\/uploads\/2017\/01\/Istambul-Sultanahmet-Histograma-Photoshop-450x281.jpg 450w, https:\/\/www.hugorodriguez.com\/blog\/wp-content\/uploads\/2017\/01\/Istambul-Sultanahmet-Histograma-Photoshop-250x155.jpg 250w, https:\/\/www.hugorodriguez.com\/blog\/wp-content\/uploads\/2017\/01\/Istambul-Sultanahmet-Histograma-Photoshop-500x311.jpg 500w, https:\/\/www.hugorodriguez.com\/blog\/wp-content\/uploads\/2017\/01\/Istambul-Sultanahmet-Histograma-Photoshop-705x439.jpg 705w, https:\/\/www.hugorodriguez.com\/blog\/wp-content\/uploads\/2017\/01\/Istambul-Sultanahmet-Histograma-Photoshop.jpg 1155w\" sizes=\"auto, (max-width: 700px) 100vw, 700px\" \/><\/p>\n<p>Por si no lo ves claramente, aqui tienes un esquema:<\/p>\n<p><a href=\"http:\/\/www.hugorodriguez.com\/blog\/wp-content\/uploads\/2017\/01\/05_23-Histograma-Lr-vs-H-RGB-Lightroom.png\"><img loading=\"lazy\" decoding=\"async\" class=\"aligncenter wp-image-4298 size-full\" src=\"http:\/\/www.hugorodriguez.com\/blog\/wp-content\/uploads\/2017\/01\/05_23-Histograma-Lr-vs-H-RGB-Lightroom.png\" alt=\"05_23-Histograma-Lr-vs-H-RGB-Lightroom\" width=\"600\" height=\"467\" srcset=\"https:\/\/www.hugorodriguez.com\/blog\/wp-content\/uploads\/2017\/01\/05_23-Histograma-Lr-vs-H-RGB-Lightroom.png 600w, https:\/\/www.hugorodriguez.com\/blog\/wp-content\/uploads\/2017\/01\/05_23-Histograma-Lr-vs-H-RGB-Lightroom-450x350.png 450w, https:\/\/www.hugorodriguez.com\/blog\/wp-content\/uploads\/2017\/01\/05_23-Histograma-Lr-vs-H-RGB-Lightroom-250x194.png 250w, https:\/\/www.hugorodriguez.com\/blog\/wp-content\/uploads\/2017\/01\/05_23-Histograma-Lr-vs-H-RGB-Lightroom-500x389.png 500w\" sizes=\"auto, (max-width: 600px) 100vw, 600px\" \/><\/a><\/p>\n<p>&nbsp;<\/p>\n<p>\u00bfM\u00e1s claro ahora?<\/p>\n<p>El perfil H-RGB Pro Lightroom est\u00e1 disponible para compradores del libro.\u00a0Encontrar\u00e1s explicaciones detalladas y paso a paso de c\u00f3mo utilizarlo en el cap\u00edtulo 5, as\u00ed como detallada informaci\u00f3n acerca de c\u00f3mo funciona la curiosa gesti\u00f3n de color del programa.<\/p>\n<p>&nbsp;<\/p>\n<h3 style=\"text-align: center;\">\u00bfQuieres usar el H-RGB Pro Lightroom?<\/h3>\n<p>No pierdas m\u00e1s tiempo y encarga ya tu copia del CAPTURA DIGITAL Y REVELADO RAW, 2\u00aa EDICI\u00d3N antes de que se agote!<\/p>\n<p><a href=\"http:\/\/www.hugorodriguez.com\/blog\/coleccion-bitpixel\/captura-digital-y-revelado-de-raw-2a-edicion\/\"><img loading=\"lazy\" decoding=\"async\" class=\"aligncenter wp-image-4276 size-full\" src=\"http:\/\/www.hugorodriguez.com\/blog\/wp-content\/uploads\/2016\/11\/Portada-L05-2a-Ed.jpg\" alt=\"Portada-L05-2a-Ed\" width=\"342\" height=\"478\" srcset=\"https:\/\/www.hugorodriguez.com\/blog\/wp-content\/uploads\/2016\/11\/Portada-L05-2a-Ed.jpg 342w, https:\/\/www.hugorodriguez.com\/blog\/wp-content\/uploads\/2016\/11\/Portada-L05-2a-Ed-178x250.jpg 178w\" sizes=\"auto, (max-width: 342px) 100vw, 342px\" \/><\/a><\/p>\n","protected":false},"excerpt":{"rendered":"<p>El nuevo perfil H-RGB Pro Lightroom, para puristas del histograma. &nbsp; Lightroom es un magn\u00edfico programa, y los que lo usan lo saben bien. Pocas pegas se le pueden poner. Tiene una base de datos impresionante, una interfaz muy innovadora y depurada y una cantidad de funciones que puede resultar abrumadora. Pero tambi\u00e9n tiene algunas [&hellip;]<\/p>\n","protected":false},"author":1,"featured_media":0,"parent":0,"menu_order":0,"comment_status":"open","ping_status":"closed","template":"","meta":{"footnotes":""},"class_list":["post-4313","page","type-page","status-publish","hentry"],"_links":{"self":[{"href":"https:\/\/www.hugorodriguez.com\/blog\/wp-json\/wp\/v2\/pages\/4313","targetHints":{"allow":["GET"]}}],"collection":[{"href":"https:\/\/www.hugorodriguez.com\/blog\/wp-json\/wp\/v2\/pages"}],"about":[{"href":"https:\/\/www.hugorodriguez.com\/blog\/wp-json\/wp\/v2\/types\/page"}],"author":[{"embeddable":true,"href":"https:\/\/www.hugorodriguez.com\/blog\/wp-json\/wp\/v2\/users\/1"}],"replies":[{"embeddable":true,"href":"https:\/\/www.hugorodriguez.com\/blog\/wp-json\/wp\/v2\/comments?post=4313"}],"version-history":[{"count":5,"href":"https:\/\/www.hugorodriguez.com\/blog\/wp-json\/wp\/v2\/pages\/4313\/revisions"}],"predecessor-version":[{"id":4359,"href":"https:\/\/www.hugorodriguez.com\/blog\/wp-json\/wp\/v2\/pages\/4313\/revisions\/4359"}],"wp:attachment":[{"href":"https:\/\/www.hugorodriguez.com\/blog\/wp-json\/wp\/v2\/media?parent=4313"}],"curies":[{"name":"wp","href":"https:\/\/api.w.org\/{rel}","templated":true}]}}