{"id":3976,"date":"2016-11-30T11:42:56","date_gmt":"2016-11-30T09:42:56","guid":{"rendered":"http:\/\/www.hugorodriguez.com\/blog\/?page_id=3976"},"modified":"2026-01-16T15:00:01","modified_gmt":"2026-01-16T13:00:01","slug":"guia-completa-de-la-imagen-digital-5a-edicion","status":"publish","type":"page","link":"https:\/\/www.hugorodriguez.com\/blog\/coleccion-bitpixel\/guia-completa-de-la-imagen-digital-5a-edicion\/","title":{"rendered":"GU\u00cdA COMPLETA DE LA IMAGEN DIGITAL. 5\u00aa Edici\u00f3n"},"content":{"rendered":"<h2 style=\"text-align: center;\">GU\u00cdA COMPLETA DE LA IMAGEN DIGITAL. 5\u00aa Edici\u00f3n<\/h2>\n<p><a href=\"https:\/\/www.hugorodriguez.com\/blog\/wp-content\/uploads\/2020\/01\/Libro-L01-5a-Edicion-800px.jpg\"><img loading=\"lazy\" decoding=\"async\" class=\"aligncenter wp-image-14142 size-medium\" src=\"https:\/\/www.hugorodriguez.com\/blog\/wp-content\/uploads\/2020\/01\/Libro-L01-5a-Edicion-800px-500x398.jpg\" alt=\"\" width=\"500\" height=\"398\" srcset=\"https:\/\/www.hugorodriguez.com\/blog\/wp-content\/uploads\/2020\/01\/Libro-L01-5a-Edicion-800px-500x398.jpg 500w, https:\/\/www.hugorodriguez.com\/blog\/wp-content\/uploads\/2020\/01\/Libro-L01-5a-Edicion-800px-80x64.jpg 80w, https:\/\/www.hugorodriguez.com\/blog\/wp-content\/uploads\/2020\/01\/Libro-L01-5a-Edicion-800px-768x612.jpg 768w, https:\/\/www.hugorodriguez.com\/blog\/wp-content\/uploads\/2020\/01\/Libro-L01-5a-Edicion-800px-705x561.jpg 705w, https:\/\/www.hugorodriguez.com\/blog\/wp-content\/uploads\/2020\/01\/Libro-L01-5a-Edicion-800px-450x358.jpg 450w, https:\/\/www.hugorodriguez.com\/blog\/wp-content\/uploads\/2020\/01\/Libro-L01-5a-Edicion-800px.jpg 800w\" sizes=\"auto, (max-width: 500px) 100vw, 500px\" \/><\/a><\/p>\n<p>GU\u00cdA COMPLETA DE LA IMAGEN DIGITAL\u00a0es un libro que trata todos los aspectos b\u00e1sicos de la imagen digital, y est\u00e1 pensado para poder llevar encima y leer en cualquier lugar. No es el t\u00edpico manual de Photoshop ni tampoco de los conceptos archirepetidos de la fotograf\u00eda (velocidad, diafragma&#8230;) sino un libro para aprender los conceptos esenciales de la imagen digital, es decir, de todo lo relacionado con los p\u00edxeles: tama\u00f1os, megap\u00edxeles, resoluciones, formatos, compresiones&#8230;<\/p>\n<p>Aunque es un libro de t\u00e9cnica, el lenguaje utilizado es sencillo, sin tecnicismos innecesarios pero con un glosario al final del libro, porque no se trata de demostrar cu\u00e1nto sabe el autor, sino de que el lector entienda los conceptos.<\/p>\n<p>Para facilitar a\u00fan m\u00e1s la comprensi\u00f3n, al final de cada cap\u00edtulo hay un breve resumen de lo explicado. Hay quien prefiere leerse primero el resumen y luego el cap\u00edtulo en s\u00ed&#8230;<\/p>\n<p>Tiene multitud de ilustraciones, esquemas y tablas con datos \u00fatiles, todos de factura propia y cuidadosamente elaborados para que se aprecie con claridad el concepto que se quiere explicar.<\/p>\n<p>Tambi\u00e9n la impresi\u00f3n est\u00e1 muy cuidada, pues ha sido hecha por\u00a0200Bis siguiendo las estrictas directrices de la normativa ISO 12647-2, relativa a la calidad de impresi\u00f3n y del color en offset. Por ello, tanto la nitidez como el color est\u00e1n muy cuidados. Puesto que es un libro que habla de la imagen y utiliza im\u00e1genes para ilustrarlo, tendr\u00eda que predicar con el ejemplo y mostrarlas con alta calidad, \u00bfno?<\/p>\n<p>El libro est\u00e1 dirigido tanto a los que se inician en la fotograf\u00eda y se ven desbordados por tanto t\u00e9rmino nuevo, como a aficionados avanzados y, en especial, a profesionales que empezaron con la fotograf\u00eda cl\u00e1sica (la de pel\u00edcula) y que -m\u00e1s o menos- conocen los t\u00e9rminos, pero no acaban de entenderlos bien.<\/p>\n<p>&nbsp;<\/p>\n<h3 style=\"text-align: center;\">\u00abQuer\u00eda decirte que ayer casi me le\u00ed el libro de un tir\u00f3n<br \/>\n\u00a1Es magn\u00edfico! Y he aprendido mucho.\u00bb<\/h3>\n<p style=\"text-align: right;\"><a href=\"http:\/\/www.tinosoriano.com\/\" target=\"_blank\" rel=\"noopener\">Tino Soriano<\/a>, fot\u00f3grafo de National Geographic<\/p>\n<p>&nbsp;<\/p>\n<h3 style=\"text-align: center;\">\u00ab(&#8230;) he de reconocer humildemente que con su lectura he aprendido bastante m\u00e1s<br \/>\nde lo que a priori esperaba, y es que creo que la etiqueta de \u201cb\u00e1sico\u201d<br \/>\npuede llevar a muchos a enga\u00f1o.\u00bb<\/h3>\n<p style=\"text-align: right;\"><a href=\"http:\/\/www.xatakafoto.com\/autor\/david-cabezon\" target=\"_blank\" rel=\"noopener\">David Cabez\u00f3n<\/a>, editor del blog\u00a0<a href=\"http:\/\/www.xatakafoto.com\/opinion\/imagen-digital-conceptos-basicos\" target=\"_blank\" rel=\"noopener\">Xatakafoto<\/a><\/p>\n<p>&nbsp;<\/p>\n<h3 style=\"text-align: center;\">\u00abNo es un libro para re\u00edrse. Ni para explayarse con las fotograf\u00edas llenas de filtros.<br \/>\nEs un libro para aprender de una vez por todas, sin adornos superfluos.\u00bb<\/h3>\n<p style=\"text-align: right;\"><a href=\"http:\/\/www.ferfoto.es\/ferfotoblog\/info\/\" target=\"_blank\" rel=\"noopener\">Fernando S\u00e1nchez<\/a>,\u00a0editor del blog\u00a0<a href=\"http:\/\/www.ferfoto.es\/ferfotoblog\/libros\/la-guia-completa-hugo-rodriguez\/\" target=\"_blank\" rel=\"noopener\">FERFOTOBlog<\/a><\/p>\n<p>&nbsp;<\/p>\n<h3 style=\"text-align: center;\">\u00abpuedo dar fe de que es una de las raras personas en las que se dan simult\u00e1neamente dos caracter\u00edsticas: sabe de lo que habla y lo sabe explicar. Todo el que haya sufrido una Universidad sabe que eso no es lo habitual, sino m\u00e1s bien una anomal\u00eda.<br \/>\nSin haberlo abierto siquiera, lo recomiendo sin ninguna duda.\u00bb<\/h3>\n<p style=\"text-align: right;\"><a href=\"http:\/\/www.fotochismes.com\/acerca-de\/\" target=\"_blank\" rel=\"noopener\">Adolfo Duarte<\/a>,\u00a0editor del blog <a href=\"http:\/\/www.fotochismes.com\/2017\/01\/12\/guia-completa-de-la-imagen-digital-de-hugo-rodriguez-un-excelente-acompanante-para-el-que-empieza-y-para-el-que-ya-esta-ahi\/\" target=\"_blank\" rel=\"noopener\">Fotochismes<\/a><\/p>\n<p>&nbsp;<\/p>\n<h3 style=\"text-align: center;\">No hace falta saber de pixeles y de resoluciones para hacer fotos, pero si quieres sentirte c\u00f3modo a la hora de manejar los archivos y darles una salida, entonces necesitas conocer bien los fundamentos.<br \/>\nLa Gu\u00eda te allana ese camino, y por si fuese poco es tan f\u00e1cil de leer que probablemente te sorprenda asimilar de manera sencilla conceptos que hab\u00edas le\u00eddo una y otra vez sin acabar de interiorizarlos.<\/h3>\n<p style=\"text-align: right;\">Jota Barros, de <a href=\"http:\/\/rubixephoto.com\/2017\/02\/09\/libro-fotografia-guia-completa-imagen-digital-hugo-rodriguez\/\" target=\"_blank\" rel=\"noopener\">Rubixephoto<\/a>.<\/p>\n<h3 style=\"text-align: center;\">\u00abClaro, conciso y profundo donde debe, y sin liar al lector<br \/>\ncon informaci\u00f3n que nada aporta&#8230;<br \/>\nUn libro basado en tu experiencia, con informaci\u00f3n \u00fatil de primera mano<br \/>\ny sin copiar nada de otras publicaciones.\u00bb<\/h3>\n<p style=\"text-align: right;\"><a href=\"http:\/\/www.frannieto.es\/paginas\/marcos\/inicio.htm\" target=\"_blank\" rel=\"noopener\">Fran Nieto<\/a>, director de la revista<br \/>\n\u00abNaturaleza Salvaje a trav\u00e9s de la fotograf\u00eda\u00bb<\/p>\n<p>&nbsp;<\/p>\n<p>&nbsp;<\/p>\n<h2 style=\"text-align: center;\">\u00bfQu\u00e9 encontrar\u00e1s en este libro?<\/h2>\n<ul>\n<li>Todo lo relativo al <strong>tama\u00f1o de imagen<\/strong>: p\u00edxeles y megap\u00edxeles, tama\u00f1os de imagen y est\u00e1ndares para pantalla. Averiguar el verdadero tama\u00f1o de una imagen digital, tanto en Photoshop como en la propia c\u00e1mara o en Bridge. El tama\u00f1o del RAW (y el caso particular del SuperCCD de las Fuji).<\/li>\n<li><strong>La interpolaci\u00f3n<\/strong>: qu\u00e9 es, c\u00f3mo se hace y qu\u00e9 tipos existen. El tama\u00f1o adecuado para colgar en Internet o enviar por e-mail.<\/li>\n<li><strong>La resoluci\u00f3n<\/strong>: qu\u00e9 es exactamente, c\u00f3mo se mide, y c\u00f3mo se cambia. Resoluci\u00f3n y calidad, \u00bfson lo mismo? Las resoluciones: la de entrada, la del sensor, la de salida, la del monitor y la de impresi\u00f3n. La trama. La \u00abresoluci\u00f3n fotogr\u00e1fica\u00bb.<\/li>\n<li><strong>La profundidad de color<\/strong>: El c\u00f3digo binario. Los canales. Tipos de imagen (escala de grises, RGB y CMYK). El color indexado. El canal alfa.<\/li>\n<li><strong>Tama\u00f1o de archivo y formatos<\/strong>: Averiguar el tama\u00f1o de archivo. \u00bfCorresponde 1 MB realmente a 1.024 KB? Los formatos de imagen: BMP, TIFF, JPEG, PDF, RAW, DNG, GIF, HEIF, WebP&#8230; La compresi\u00f3n. Los metadatos. La herramienta \u00abGuardar para Web\u00bb de Photoshop.<\/li>\n<li>Las<strong> caracter\u00edsticas de la imagen<\/strong>: El histograma, los niveles y las curvas. Posterizaci\u00f3n y banding. La m\u00e1scara de enfoque, el grano y el ruido&#8230;<\/li>\n<\/ul>\n<p>Adem\u00e1s de aportar las explicaciones a todo lo mencionado, el libro trata de acabar con algunas \u00ableyendas urbanas\u00bb bastante populares en relaci\u00f3n a diversos aspectos de la fotograf\u00eda digital. Por ejemplo: \u00bfsab\u00edas que ajustar la resoluci\u00f3n a 72 dpi cuando las im\u00e1genes son para pantalla o Internet es totalmente in\u00fatil? (adem\u00e1s de que es incorrecto puesto que las unidades correctas no son los \u00abdpi\u00bb sino los \u00abppp\u00bb, que no son lo mismo&#8230;)<\/p>\n<p>&nbsp;<\/p>\n<h2 style=\"text-align: center;\">Echa un vistazo al libro<\/h2>\n<p>Si tienes curiosidad por ojear c\u00f3mo es el libro, aqu\u00ed tienes una peque\u00f1a muestra:<\/p>\n<div  class='avia-button-wrap av-2l8kc1-e596fd401132a1a01cf8e17564f3d7c4-wrap avia-button-center  avia-builder-el-0  el_before_av_partner  avia-builder-el-first '><a href='https:\/\/issuu.com\/hugorodriguez\/docs\/01_imagen_digital_v5.0_final_isuu_srgb_optimizado'  class='avia-button av-2l8kc1-e596fd401132a1a01cf8e17564f3d7c4 av-link-btn avia-icon_select-yes-right-icon avia-size-large avia-position-center avia-color-theme-color'  target=\"_blank\"  rel=\"noopener noreferrer\"  aria-label=\"OJEAR LA 5\u00aa EDICI\u00d3N\"><span class='avia_iconbox_title' >OJEAR LA 5\u00aa EDICI\u00d3N<\/span><span class='avia_button_icon avia_button_icon_right avia-iconfont avia-font-entypo-fontello' data-av_icon='\ue832' data-av_iconfont='entypo-fontello' ><\/span><\/a><\/div>\n<p>Y aqui puedes ver la 4\u00aa edici\u00f3n:<\/p>\n<p>Tambi\u00e9n puedes consultar el\u00a0<a href=\"http:\/\/www.hugorodriguez.com\/libros\/indice_imagen_digital_5a-ed.pdf\">\u00edndice de contenidos<\/a>\u00a0en formato PDF.<\/p>\n<p>&nbsp;<\/p>\n<h2 style=\"text-align: center;\">La 5\u00aa edici\u00f3n<\/h2>\n<p>EDICI\u00d3N ACTUALIZADA Y AMPLIADA:<\/p>\n<ul>\n<li>A\u00f1adido el formato HEIF que tanto usa Apple en sus dispositivos y pretende sustituir al JPEG.<\/li>\n<li>A\u00f1adido el formato WebP desarrollado por Google y que pretende sustituir al JPEG en Internet.<\/li>\n<li>Eliminado el formato JPEG XR.<\/li>\n<li>Comparativa visual y de tama\u00f1os entre HEIF, WebP, JPEG y TIFF.<\/li>\n<li>Diversas actualizaciones a programas y enlaces (algunos han quedado obsoletos).<\/li>\n<\/ul>\n<p>&nbsp;<\/p>\n<h2 style=\"text-align: center;\">La 4\u00aa edici\u00f3n (2016)<\/h2>\n<p>La edici\u00f3n del primer libro de la colecci\u00f3n BIT&amp;P\u00cdXEL fue un \u00e9xito y se agot\u00f3 en 2008, y actualmente se vende la 5\u00aa edici\u00f3n, que acumula actualizaciones progresivamente sobre la 2\u00aa edici\u00f3n, que a se vez supuso bastantes cambios:<\/p>\n<ul>\n<li>EDICI\u00d3N TOTALMENTE ACTUALIZADA: ahora se citan las versiones m\u00e1s modernas de los programas y todas las capturas de pantalla han sido actualizadas.<\/li>\n<li>MUY AMPLIADA: supera en \u00a1m\u00e1s de 100 p\u00e1ginas! a la primera edici\u00f3n, que principalmente se han empleado en mejorar las explicaciones de los conceptos, en nuevas ilustraciones y en a\u00f1adir m\u00e1s contenidos e, incluso, un nuevo cap\u00edtulo: el quinto.\n<ul>\n<li>Se explica c\u00f3mo averiguar el tama\u00f1o de imagen en Windows 8, Bridge, OSX&#8230;<\/li>\n<li>El tama\u00f1o de imagen en la camara incluye capturas de modelos modernos, como la Nikon D700. Asimismo, se menciona el tama\u00f1o del RAW (incluso de las peculiares c\u00e1maras Fuji) y el del moderno sRAW.<\/li>\n<li>En el apartado de interpolaci\u00f3n se mencionan y comparan ahora los m\u00e9todos de antes m\u00e1s el Lanczos y el Fractals.<\/li>\n<li>Se han introducido los t\u00e9rminos aliasing, antialising y su efecto.<\/li>\n<li>La resoluci\u00f3n de pantalla contempla ahora los \u00faltimos modelos de monitores panor\u00e1micos, incluidos los de 30&#8243; y los de netbooks.<\/li>\n<li>El apartado \u00abResoluci\u00f3n de c\u00e1mara\u00bb explica todo lo relativo a los sensores de las c\u00e1maras digitales, el tama\u00f1o del sensor y de sus celdas&#8230;<\/li>\n<li>La resoluci\u00f3n de impresi\u00f3n est\u00e1 muy ampliada, completando las explicaciones de la cuatricom\u00eda, la trama de impresi\u00f3n y otros conceptos asociados.<\/li>\n<li>Se han a\u00f1adido explicaciones acerca de la profundidad de color en la c\u00e1mara, especialmente en RAW.<\/li>\n<li>Adem\u00e1s del RGB y CMYK, se ha a\u00f1adido el modo de color indexado. Incluye una explicaci\u00f3n detallada de c\u00f3mo utilizarlo en Photoshop. Se ha a\u00f1adido el concepto del canal alfa.<\/li>\n<li>Los formatos de archivo contienen ahora explicaciones mucho m\u00e1s detalladas (en especial el RAW), incluyendo la explicaci\u00f3n del comando \u00abGuardar como&#8230;\u00bb de Photoshop con todas sus opciones para cada formato. Tambi\u00e9n se han a\u00f1adido otros, como el DNG o el PDF.<\/li>\n<li>Se han a\u00f1adido los metadatos, sus tipos (EXIF, IPTC y XMP) y c\u00f3mo se verifican en ACDSee, Bridge y Photoshop.<\/li>\n<li>Se ha incluido una explicaci\u00f3n muy detallada de la herramienta \u00abGuardar para Web\u00bb de Photoshop.<\/li>\n<li>El cap\u00edtulo 5, \u00abCaracteristicas de la imagen\u00bb, explica conceptos como el histograma, el ajuste de niveles, las curvas, la m\u00e1scara de enfoque, el ruido, la posterizaci\u00f3n&#8230;<\/li>\n<\/ul>\n<\/li>\n<li>REVISADA Y CORREGIDA: adem\u00e1s de correcciones en el texto, tambi\u00e9n la mayor\u00eda de los esquemas e ilustraciones se han revisado y se han utilizado nuevas im\u00e1genes m\u00e1s adecuadas para ilustrar los ejemplos.<\/li>\n<\/ul>\n<p>Esta tercera edici\u00f3n realmente es casi un nuevo libro. Tanto, que puedo asegurar que es interesante incluso para los que ya compraron la primera edici\u00f3n.<\/p>\n<p>Un detalle curioso de este libro es que en la \u00faltima p\u00e1gina tiene una tabla recortable de resoluciones muy pr\u00e1ctica:<\/p>\n<div id=\"attachment_3949\" style=\"width: 310px\" class=\"wp-caption aligncenter\"><a href=\"http:\/\/www.hugorodriguez.com\/blog\/wp-content\/uploads\/2016\/11\/tabla_recortable.jpg\"><img loading=\"lazy\" decoding=\"async\" aria-describedby=\"caption-attachment-3949\" class=\"size-full wp-image-3949\" src=\"http:\/\/www.hugorodriguez.com\/blog\/wp-content\/uploads\/2016\/11\/tabla_recortable.jpg\" alt=\"Tabla recortable de resoluciones.\" width=\"300\" height=\"224\" srcset=\"https:\/\/www.hugorodriguez.com\/blog\/wp-content\/uploads\/2016\/11\/tabla_recortable.jpg 300w, https:\/\/www.hugorodriguez.com\/blog\/wp-content\/uploads\/2016\/11\/tabla_recortable-250x186.jpg 250w\" sizes=\"auto, (max-width: 300px) 100vw, 300px\" \/><\/a><p id=\"caption-attachment-3949\" class=\"wp-caption-text\">Tabla recortable de resoluciones.<\/p><\/div>\n<p>&nbsp;<\/p>\n<h2 style=\"text-align: center;\">Recomendado por<\/h2>\n<p>Este libro se recomienda en diversas universidades y escuelas de fotograf\u00eda, imagen y sonido espa\u00f1olas, como:<\/p>\n<ul>\n<li><strong>Escuela de fotograf\u00eda EFTI<\/strong> (en varias asignaturas y por varios profesores, entre ellos Jorge Salgado, director del \u00e1rea digital).<\/li>\n<li><strong>Universidad Europea de Madrid<\/strong> <span style=\"color: #000000;\">(<\/span><a href=\"http:\/\/www.uem.es\/postgrado\/master-photoespana-en-fotografia-teorias-y-proyectos-artisticos\" target=\"_blank\" rel=\"noopener\">Master PHoto Espa\u00f1a fotograf\u00eda<\/a><span style=\"color: #000000;\">)<\/span><\/li>\n<li><strong>Universidad de Alicante<\/strong> (asignaturas <span style=\"color: #000000;\">\u00ab<\/span><a href=\"http:\/\/cv1.cpd.ua.es\/consplanesestudio\/cvFichaAsi.asp?wCodEst=B201&amp;wcodasi=7052&amp;wLengua=C&amp;scaca=2009-10\" target=\"_blank\" rel=\"noopener\">fotografia en television<\/a><span style=\"color: #000000;\">\u00ab, \u00ab<\/span><a href=\"http:\/\/cv1.cpd.ua.es\/consplanesestudio\/cvFichaAsi.asp?wCodEst=B201&amp;wcodasi=7053&amp;wLengua=C&amp;scaca=2009-10\" target=\"_blank\" rel=\"noopener\">aplicacion de t\u00e9cnicas visuales<\/a><span style=\"color: #000000;\">\u00bb\u00a0<\/span>en la escuela de Ingenier\u00eda de Telecomunicaciones, y \u00abT\u00e9cnicas de comunicaci\u00f3n audiovisual\u00bb en el Grado de Publicidad).<\/li>\n<li><strong>Universidad Miguel Hernandez de Elche<\/strong> (Asignatura <span style=\"color: #000000;\">\u00ab<\/span><a href=\"http:\/\/www.umh.es\/fpo\/fichaCursoFPO.asp?caca=2011&amp;id_edicion=3439\" target=\"_blank\" rel=\"noopener\">Experto en artes visuales<\/a><span style=\"color: #000000;\">\u00ab<\/span>)<\/li>\n<\/ul>\n<p>&nbsp;<\/p>\n\n<style type=\"text\/css\" data-created_by=\"avia_inline_auto\" id=\"style-css-av-efbfh4-3f513a5edbbf9d939bc6590127352344\">\n.avia-logo-element-container.av-efbfh4-3f513a5edbbf9d939bc6590127352344 .av-partner-fake-img{\nbackground-size:cover;\n}\n<\/style>\n<div  class='avia-logo-element-container av-efbfh4-3f513a5edbbf9d939bc6590127352344 avia-logo-grid avia-content-slider avia-smallarrow-slider avia-content-grid-active noHover avia-content-slider-even  avia-builder-el-1  el_after_av_button  el_before_av_button  avia-content-slider1' ><div class='avia-smallarrow-slider-heading  no-logo-slider-heading '><div class='new-special-heading'>&nbsp;<\/div><\/div><div class=\"avia-content-slider-inner\"><div class=\"slide-entry-wrap\"><div  class='slide-entry av-byoexk-3947f6e58247e37ffddc113f9327f16a flex_column no_margin av_one_fourth real-thumbnail post-entry slide-entry-overview slide-loop-1 slide-parity-odd  first'><span class='av-partner-fake-img' style='padding-bottom:53.571428571429%; background-image:url(https:\/\/www.hugorodriguez.com\/blog\/wp-content\/uploads\/2016\/11\/logo_univ-alicante-280.gif);'><\/span><\/div><div  class='slide-entry av-bglwq0-175e13734fad9798da009883e751c5f4 flex_column no_margin av_one_fourth real-thumbnail post-entry slide-entry-overview slide-loop-2 slide-parity-even  '><span class='av-partner-fake-img' style='padding-bottom:53.571428571429%; background-image:url(https:\/\/www.hugorodriguez.com\/blog\/wp-content\/uploads\/2016\/11\/logo_efti_wht-150.gif);'><\/span><\/div><div  class='slide-entry av-v5208-cb24af196155a4b3522f33446b912583 flex_column no_margin av_one_fourth real-thumbnail post-entry slide-entry-overview slide-loop-3 slide-parity-odd  '><span class='av-partner-fake-img' style='padding-bottom:53.571428571429%; background-image:url(https:\/\/www.hugorodriguez.com\/blog\/wp-content\/uploads\/2016\/11\/logo_uni-europ-madrid-280.gif);'><\/span><\/div><div  class='slide-entry av-7yy5s8-9f569fd16991cca6a15141e14a00088e flex_column no_margin av_one_fourth real-thumbnail post-entry slide-entry-overview slide-loop-4 slide-parity-even post-entry-last '><span class='av-partner-fake-img' style='padding-bottom:53.571428571429%; background-image:url(https:\/\/www.hugorodriguez.com\/blog\/wp-content\/uploads\/2016\/11\/logo_uni-miguel-hernandez-280.jpg);'><\/span><\/div><\/div><\/div><\/div>\n<p>\u00bfRecomiendas los libros en tus clases?\u00a0<a href=\"http:\/\/www.hugorodriguez.com\/email-nospam.htm\">H\u00e1zmelo saber<\/a>.<\/p>\n<p>&nbsp;<\/p>\n<h2 style=\"text-align: center;\">D\u00f3nde comprar<\/h2>\n<p>Puedes comprarlo on-line y recibirlo en casa en 48h por s\u00f3lo 18,95\u20ac<\/p>\n<p>&nbsp;<\/p>\n<div  class='avia-button-wrap av-30mme0-54ce6113523bbcc6b4a02b7acdae0c3f-wrap avia-button-center  avia-builder-el-2  el_after_av_partner  el_before_av_partner '><a href=''  class='avia-button av-30mme0-54ce6113523bbcc6b4a02b7acdae0c3f av-link-btn avia-icon_select-no avia-size-large avia-position-center avia-color-theme-color'   aria-label=\"\u00a1LO QUIERO!\"><span class='avia_iconbox_title' >\u00a1LO QUIERO!<\/span><\/a><\/div>\n<p>&nbsp;<\/p>\n<p>Tambi\u00e9n lo podr\u00e1s encontrar en librer\u00edas especializadas,\u00a0<a href=\"https:\/\/www.casanovafoto.com\/libro-hugo-imagen-digital-conceptos-basicos.html\" target=\"_blank\" rel=\"noopener\">Casanova<\/a>,\u00a0El Corte Ingl\u00e9s,\u00a0<a href=\"http:\/\/www.casadellibro.com\/libro-guia-completa-de-la-imagen-digital\/9788426724144\/4788772\" target=\"_blank\" rel=\"noopener\">La Casa del Libro<\/a>\u00a0y en la\u00a0<a href=\"http:\/\/www.llibreriaha.com\/spa\/guia_completa_de_la_imagen_digital_9788426724144.html\" target=\"_blank\" rel=\"noopener\">librer\u00eda Hispano Americana<\/a>.<\/p>\n<p>En Mexico tambi\u00e9n los encontrar\u00e1s, en la librer\u00eda\u00a0<a href=\"http:\/\/www.espadadeluz.com\/libros\/imagen-digital-conceptos-basicos\/79893\/978-84-267-1372-8\" target=\"_blank\" rel=\"noopener\">Espada de Luz<\/a>.<\/p>\n<p>&nbsp;<\/p>\n<h2 style=\"text-align: center;\">Edici\u00f3n On-Line<\/h2>\n<p>Si buscas lo mismo que te explica este libro pero en formato On-Line, que sepas que tambi\u00e9n lo tienes:<\/p>\n<p><a href=\"https:\/\/hugorodriguez.com\/escuela\/cursos\/guia-completa-img-dig\/\"><img loading=\"lazy\" decoding=\"async\" class=\"aligncenter size-full wp-image-27597\" src=\"https:\/\/www.hugorodriguez.com\/blog\/wp-content\/uploads\/2024\/01\/Videocurso-Guia-completa-IMG-DIG-960px_resize.jpg\" alt=\"\" width=\"710\" height=\"399\" srcset=\"https:\/\/www.hugorodriguez.com\/blog\/wp-content\/uploads\/2024\/01\/Videocurso-Guia-completa-IMG-DIG-960px_resize.jpg 710w, https:\/\/www.hugorodriguez.com\/blog\/wp-content\/uploads\/2024\/01\/Videocurso-Guia-completa-IMG-DIG-960px_resize-80x45.jpg 80w, https:\/\/www.hugorodriguez.com\/blog\/wp-content\/uploads\/2024\/01\/Videocurso-Guia-completa-IMG-DIG-960px_resize-500x281.jpg 500w, https:\/\/www.hugorodriguez.com\/blog\/wp-content\/uploads\/2024\/01\/Videocurso-Guia-completa-IMG-DIG-960px_resize-705x396.jpg 705w, https:\/\/www.hugorodriguez.com\/blog\/wp-content\/uploads\/2024\/01\/Videocurso-Guia-completa-IMG-DIG-960px_resize-450x253.jpg 450w\" sizes=\"auto, (max-width: 710px) 100vw, 710px\" \/><\/a><\/p>\n<p>&nbsp;<\/p>\n<h2 style=\"text-align: center;\">Con la colaboraci\u00f3n de:<\/h2>\n\n<style type=\"text\/css\" data-created_by=\"avia_inline_auto\" id=\"style-css-av-60ul0o-9477a637510d10c6ff334cdff25d1eb7\">\n.avia-logo-element-container.av-60ul0o-9477a637510d10c6ff334cdff25d1eb7 .av-partner-fake-img{\nbackground-size:cover;\n}\n<\/style>\n<div  class='avia-logo-element-container av-60ul0o-9477a637510d10c6ff334cdff25d1eb7 avia-logo-grid avia-content-slider avia-smallarrow-slider avia-content-grid-active noHover avia-content-slider-even  avia-builder-el-3  el_after_av_button  avia-builder-el-last  avia-content-slider2' ><div class='avia-smallarrow-slider-heading  no-logo-slider-heading '><div class='new-special-heading'>&nbsp;<\/div><\/div><div class=\"avia-content-slider-inner\"><div class=\"slide-entry-wrap\"><div  class='slide-entry av-4aas7c-fc6df3721b822da561657d3ea5051814 flex_column no_margin av_one_half real-thumbnail post-entry slide-entry-overview slide-loop-1 slide-parity-odd  first'><span class='av-partner-fake-img' style='padding-bottom:53.571428571429%; background-image:url(https:\/\/www.hugorodriguez.com\/blog\/wp-content\/uploads\/2016\/11\/logo_casanova-280.gif);'><\/span><\/div><div  class='slide-entry av-364gaw-2db7589ae90383c536c8b9d7c59b92f6 flex_column no_margin av_one_half real-thumbnail post-entry slide-entry-overview slide-loop-2 slide-parity-even post-entry-last '><span class='av-partner-fake-img' style='padding-bottom:53.571428571429%; background-image:url(https:\/\/www.hugorodriguez.com\/blog\/wp-content\/uploads\/2016\/11\/logo-egm-pequeno-280.gif);'><\/span><\/div><\/div><\/div><\/div>\n","protected":false},"excerpt":{"rendered":"<p>GU\u00cdA COMPLETA DE LA IMAGEN DIGITAL. 5\u00aa Edici\u00f3n GU\u00cdA COMPLETA DE LA IMAGEN DIGITAL\u00a0es un libro que trata todos los aspectos b\u00e1sicos de la imagen digital, y est\u00e1 pensado para poder llevar encima y leer en cualquier lugar. No es el t\u00edpico manual de Photoshop ni tampoco de los conceptos archirepetidos de la fotograf\u00eda (velocidad, [&hellip;]<\/p>\n","protected":false},"author":1,"featured_media":0,"parent":3944,"menu_order":0,"comment_status":"open","ping_status":"closed","template":"","meta":{"footnotes":""},"class_list":["post-3976","page","type-page","status-publish","hentry"],"_links":{"self":[{"href":"https:\/\/www.hugorodriguez.com\/blog\/wp-json\/wp\/v2\/pages\/3976","targetHints":{"allow":["GET"]}}],"collection":[{"href":"https:\/\/www.hugorodriguez.com\/blog\/wp-json\/wp\/v2\/pages"}],"about":[{"href":"https:\/\/www.hugorodriguez.com\/blog\/wp-json\/wp\/v2\/types\/page"}],"author":[{"embeddable":true,"href":"https:\/\/www.hugorodriguez.com\/blog\/wp-json\/wp\/v2\/users\/1"}],"replies":[{"embeddable":true,"href":"https:\/\/www.hugorodriguez.com\/blog\/wp-json\/wp\/v2\/comments?post=3976"}],"version-history":[{"count":6,"href":"https:\/\/www.hugorodriguez.com\/blog\/wp-json\/wp\/v2\/pages\/3976\/revisions"}],"predecessor-version":[{"id":29605,"href":"https:\/\/www.hugorodriguez.com\/blog\/wp-json\/wp\/v2\/pages\/3976\/revisions\/29605"}],"up":[{"embeddable":true,"href":"https:\/\/www.hugorodriguez.com\/blog\/wp-json\/wp\/v2\/pages\/3944"}],"wp:attachment":[{"href":"https:\/\/www.hugorodriguez.com\/blog\/wp-json\/wp\/v2\/media?parent=3976"}],"curies":[{"name":"wp","href":"https:\/\/api.w.org\/{rel}","templated":true}]}}