{"id":3959,"date":"2016-11-30T10:38:50","date_gmt":"2016-11-30T09:38:50","guid":{"rendered":"http:\/\/www.hugorodriguez.com\/blog\/?page_id=3959"},"modified":"2026-02-14T19:17:17","modified_gmt":"2026-02-14T17:17:17","slug":"captura-digital-y-revelado-de-raw-2a-edicion","status":"publish","type":"page","link":"https:\/\/www.hugorodriguez.com\/blog\/coleccion-bitpixel\/captura-digital-y-revelado-de-raw-2a-edicion\/","title":{"rendered":"CAPTURA DIGITAL Y REVELADO DE RAW, 2\u00aa Edici\u00f3n"},"content":{"rendered":"<p><a href=\"http:\/\/www.hugorodriguez.com\/blog\/wp-content\/uploads\/2016\/11\/Portada-L05-2a-Ed-800px.jpg\"><img loading=\"lazy\" decoding=\"async\" class=\"aligncenter wp-image-4947 size-medium\" src=\"http:\/\/www.hugorodriguez.com\/blog\/wp-content\/uploads\/2016\/11\/Portada-L05-2a-Ed-800px-355x500.jpg\" alt=\"\" width=\"355\" height=\"500\" srcset=\"https:\/\/www.hugorodriguez.com\/blog\/wp-content\/uploads\/2016\/11\/Portada-L05-2a-Ed-800px-355x500.jpg 355w, https:\/\/www.hugorodriguez.com\/blog\/wp-content\/uploads\/2016\/11\/Portada-L05-2a-Ed-800px-450x634.jpg 450w, https:\/\/www.hugorodriguez.com\/blog\/wp-content\/uploads\/2016\/11\/Portada-L05-2a-Ed-800px-177x250.jpg 177w, https:\/\/www.hugorodriguez.com\/blog\/wp-content\/uploads\/2016\/11\/Portada-L05-2a-Ed-800px-500x705.jpg 500w, https:\/\/www.hugorodriguez.com\/blog\/wp-content\/uploads\/2016\/11\/Portada-L05-2a-Ed-800px.jpg 568w\" sizes=\"auto, (max-width: 355px) 100vw, 355px\" \/><\/a><\/p>\n<p><strong>Captura digital y revelado de RAW<\/strong> es un libro que te mostrar\u00e1 las claves para que consigas capturas de alta calidad y un excelente resultado final despues de revelar los RAW, siguiendo un m\u00e9todo muy eficiente. Tambi\u00e9n aprender\u00e1s a configurar tu c\u00e1mara, las t\u00e9cnicas m\u00e1s punteras para exponer en digital, el modo de corregir dominantes con gran precisi\u00f3n y mucho m\u00e1s&#8230; Est\u00e1 escrito pensando tanto para el que quiere iniciarse en el uso del formato RAW como para el que quiere profundizar m\u00e1s.<\/p>\n<p>&nbsp;<\/p>\n<h2 style=\"text-align: center;\">Visita el minisite<\/h2>\n<p><a href=\"http:\/\/www.bitandpixel.es\/\"><img loading=\"lazy\" decoding=\"async\" class=\"aligncenter wp-image-3960 size-full\" src=\"http:\/\/www.hugorodriguez.com\/blog\/wp-content\/uploads\/2016\/11\/libro_5_captura-minisite.png\" alt=\"libro_5_captura-minisite\" width=\"475\" height=\"600\" srcset=\"https:\/\/www.hugorodriguez.com\/blog\/wp-content\/uploads\/2016\/11\/libro_5_captura-minisite.png 475w, https:\/\/www.hugorodriguez.com\/blog\/wp-content\/uploads\/2016\/11\/libro_5_captura-minisite-450x568.png 450w, https:\/\/www.hugorodriguez.com\/blog\/wp-content\/uploads\/2016\/11\/libro_5_captura-minisite-197x250.png 197w, https:\/\/www.hugorodriguez.com\/blog\/wp-content\/uploads\/2016\/11\/libro_5_captura-minisite-395x500.png 395w\" sizes=\"auto, (max-width: 475px) 100vw, 475px\" \/><\/a><\/p>\n<p>&nbsp;<\/p>\n<h2 style=\"text-align: center;\">\u00bfQu\u00e9 encontrar\u00e1s en este libro?<\/h2>\n<p>Encontrar\u00e1s un extenso, minucioso y ameno libro que te llevar\u00e1 desde la c\u00e1mara y su configuraci\u00f3n hasta el revelado del RAW, pasando por una zambullida para descubrir las profundidades del RAW y una detallada explicaci\u00f3n sobre c\u00f3mo exponer realmente bien en digital.<\/p>\n<p>&nbsp;<\/p>\n<h2 style=\"text-align: center;\">La expansi\u00f3n de luces y sombras, reinventada<\/h2>\n<p><a href=\"https:\/\/www.hugorodriguez.com\/blog\/expansion-de-las-luces-y-las-sombras-la-tecnica-de-los-maestros\/\"><img loading=\"lazy\" decoding=\"async\" class=\"aligncenter size-full wp-image-15725\" src=\"https:\/\/www.hugorodriguez.com\/blog\/wp-content\/uploads\/2020\/04\/Pedrusco-en-Vic-Sombras-levantadas-vs-expandidas_resize.jpg\" alt=\"\" width=\"900\" height=\"639\" srcset=\"https:\/\/www.hugorodriguez.com\/blog\/wp-content\/uploads\/2020\/04\/Pedrusco-en-Vic-Sombras-levantadas-vs-expandidas_resize.jpg 900w, https:\/\/www.hugorodriguez.com\/blog\/wp-content\/uploads\/2020\/04\/Pedrusco-en-Vic-Sombras-levantadas-vs-expandidas_resize-80x57.jpg 80w, https:\/\/www.hugorodriguez.com\/blog\/wp-content\/uploads\/2020\/04\/Pedrusco-en-Vic-Sombras-levantadas-vs-expandidas_resize-500x355.jpg 500w, https:\/\/www.hugorodriguez.com\/blog\/wp-content\/uploads\/2020\/04\/Pedrusco-en-Vic-Sombras-levantadas-vs-expandidas_resize-768x545.jpg 768w, https:\/\/www.hugorodriguez.com\/blog\/wp-content\/uploads\/2020\/04\/Pedrusco-en-Vic-Sombras-levantadas-vs-expandidas_resize-260x185.jpg 260w, https:\/\/www.hugorodriguez.com\/blog\/wp-content\/uploads\/2020\/04\/Pedrusco-en-Vic-Sombras-levantadas-vs-expandidas_resize-705x501.jpg 705w, https:\/\/www.hugorodriguez.com\/blog\/wp-content\/uploads\/2020\/04\/Pedrusco-en-Vic-Sombras-levantadas-vs-expandidas_resize-450x320.jpg 450w\" sizes=\"auto, (max-width: 900px) 100vw, 900px\" \/><\/a><\/p>\n<p>&nbsp;<\/p>\n<h2 style=\"text-align: center;\">La t\u00e9cnica del enfoque limpio<\/h2>\n<p><a href=\"https:\/\/www.hugorodriguez.com\/blog\/la-nueva-tecnica-del-enfoque-limpio\/\"><img loading=\"lazy\" decoding=\"async\" class=\"aligncenter size-full wp-image-15727\" src=\"https:\/\/www.hugorodriguez.com\/blog\/wp-content\/uploads\/2020\/04\/Enfoque-STD-vs-Limpio.jpg\" alt=\"\" width=\"726\" height=\"442\" srcset=\"https:\/\/www.hugorodriguez.com\/blog\/wp-content\/uploads\/2020\/04\/Enfoque-STD-vs-Limpio.jpg 726w, https:\/\/www.hugorodriguez.com\/blog\/wp-content\/uploads\/2020\/04\/Enfoque-STD-vs-Limpio-80x49.jpg 80w, https:\/\/www.hugorodriguez.com\/blog\/wp-content\/uploads\/2020\/04\/Enfoque-STD-vs-Limpio-500x304.jpg 500w, https:\/\/www.hugorodriguez.com\/blog\/wp-content\/uploads\/2020\/04\/Enfoque-STD-vs-Limpio-705x429.jpg 705w, https:\/\/www.hugorodriguez.com\/blog\/wp-content\/uploads\/2020\/04\/Enfoque-STD-vs-Limpio-450x274.jpg 450w\" sizes=\"auto, (max-width: 726px) 100vw, 726px\" \/><\/a><\/p>\n<p>&nbsp;<\/p>\n<h2 style=\"text-align: center;\">Perfil H-RGB Lightroom, para los m\u00e1s puristas<\/h2>\n<p><a href=\"https:\/\/www.hugorodriguez.com\/blog\/el-nuevo-perfil-h-rgb-pro-lightroom-para-puristas\/\"><img loading=\"lazy\" decoding=\"async\" class=\"aligncenter size-full wp-image-4298\" src=\"https:\/\/www.hugorodriguez.com\/blog\/wp-content\/uploads\/2017\/01\/05_23-Histograma-Lr-vs-H-RGB-Lightroom.png\" alt=\"\" width=\"600\" height=\"467\" srcset=\"https:\/\/www.hugorodriguez.com\/blog\/wp-content\/uploads\/2017\/01\/05_23-Histograma-Lr-vs-H-RGB-Lightroom.png 600w, https:\/\/www.hugorodriguez.com\/blog\/wp-content\/uploads\/2017\/01\/05_23-Histograma-Lr-vs-H-RGB-Lightroom-450x350.png 450w, https:\/\/www.hugorodriguez.com\/blog\/wp-content\/uploads\/2017\/01\/05_23-Histograma-Lr-vs-H-RGB-Lightroom-250x194.png 250w, https:\/\/www.hugorodriguez.com\/blog\/wp-content\/uploads\/2017\/01\/05_23-Histograma-Lr-vs-H-RGB-Lightroom-500x389.png 500w\" sizes=\"auto, (max-width: 600px) 100vw, 600px\" \/><\/a><\/p>\n<h3><\/h3>\n<h3 style=\"text-align: center;\">Que encontrar\u00e1s en la 2\u00aa edici\u00f3n:<\/h3>\n<p>La lista de novedades no s\u00f3lo no es peque\u00f1a sino que\u00a0adem\u00e1s son novedades de \u00abgran calibre\u00bb. El libro vuelve a innovar como ya hizo la 1\u00aa edici\u00f3n con el CRU, el m\u00e9todo de revelado m\u00e1s eficiente que existe, que adem\u00e1s es universal (aplicable a todos los programas). Pues bien, ahora trae importantes novedades:<\/p>\n<ul>\n<li>El nuevo y sorprendente m\u00e9todo de\u00a0<a title=\"Expansi\u00f3n de luces y las sombras. La t\u00e9cnica de los maestros, reinventada.\" href=\"http:\/\/www.hugorodriguez.com\/blog\/2017\/01\/expansion-de-luces-y-sombras-tecnica-de-maestros-reinventada\/\"><strong>expansi\u00f3n y compresi\u00f3n de luces y sombras<\/strong><\/a>, con el que podr\u00e1s conseguir resultados mucho mejores que los m\u00e9todos actuales, sin salir de ACR\/Lightroom. Sin usar selecciones ni capas. \u00a1Y en menos de 5 segundos!<\/li>\n<li>Un nuevo y\u00a0<a title=\"La nueva t\u00e9cnica del enfoque limpio\" href=\"http:\/\/www.hugorodriguez.com\/blog\/2017\/01\/nueva-tecnica-de-enfoque-limpio\/\"><strong>ultrarr\u00e1pido sistema para conseguir una alta\u00a0nitidez<\/strong><\/a>\u00a0desde ACR\/Lightroom, sin los desagradables efectos de \u00abacuarela con bordes repasados\u00bb. Y sin tener que usar pesadas y engorrosas acciones de tropecientos pasos en Photoshop.<\/li>\n<li>Desgranada paso a paso\u00a0<strong>c\u00f3mo procesar<\/strong>\u00a0la impresionante -y muy dif\u00edcil de procesar-\u00a0<a title=\"Novia frente a la cascada de Seljalandsfoss. Revelado paso a paso\" href=\"http:\/\/www.hugorodriguez.com\/blog\/2017\/01\/novia-frente-cascada-seljalandsfoss-revelado-paso-a-paso\/\"><strong>fotograf\u00eda de una novia en la cascada de\u00a0Seljalandsfoss<\/strong><\/a>, del famoso fot\u00f3grafo\u00a0<strong>Carlos Felipe Ortiz<\/strong>.<\/li>\n<li>Mas explicaciones para los usuarios de Lightroom, incluyendo la particular gesti\u00f3n del color que hace este programa.<\/li>\n<li>Un\u00a0<strong>nuevo perfil de color H-RGB Lightroom<\/strong>\u00a0que te permite exportar las im\u00e1genes desde Lightroom \u00a1sin que cambie el histograma!<\/li>\n<li>Como llevar a cabo\u00a0<strong>Softproof desde dentro de ACR<\/strong>\u00a0(pruebas de color de laboratorio o imprenta en pantalla).<\/li>\n<li>Actualizados\u00a0diversos ejemplos para que ahora se vean m\u00e1s claramente las diferencias.<\/li>\n<li>Y multitud de peque\u00f1as actualizaciones y cambios m\u00e1s!<\/li>\n<\/ul>\n<p>&nbsp;<\/p>\n<h3 style=\"text-align: center;\">En la 1\u00aa edici\u00f3n<\/h3>\n<p>A lo largo de sus 5 cap\u00edtulos y 416 p\u00e1ginas encontrar\u00e1s:<\/p>\n<ul>\n<li><strong>Configuraci\u00f3n avanzada de la c\u00e1mara<\/strong>: Aparte de las funciones b\u00e1sicas, el libro te muestra todo un abanico de funciones muy \u00fatiles que normalmente s\u00f3lo encuentras buceando por los men\u00fas avanzados, como las funciones personalizadas. Muestra ejemplos de Nikon y Canon con capturas reales de los men\u00fas.<\/li>\n<li><strong>Todo sobre el RAW<\/strong>: Qu\u00e9 es exactamente, c\u00f3mo es por dentro, los sensores CCD y los CMOS, el sensor SuperCCD, los back-illuminated, el patron de tipo Bayer y otros tipos, el demosaicing, el formato DNG, las fases del revelado&#8230;<\/li>\n<li><strong>El equilibrio de blancos (WB)<\/strong>: Por fin un libro que explica <span style=\"text-decoration: underline;\">claramente<\/span> y en profundidad para qu\u00e9 sirve y c\u00f3mo se utiliza. Olv\u00eddate de una vez del consabido \u00abeso no sirve para nada en RAW\u00bb y del \u00abeso s\u00f3lo sirve para profesionales que buscan fidelidad del color\u00bb (ambas falsas). No s\u00f3lo eso: \u00bfsab\u00edas que nunca conseguir\u00e1s exponer correctamente si antes no ajustas bien el WB? Ver\u00e1s c\u00f3mo hacerlo de la mejor forma y porqu\u00e9 debe ser de este modo.<\/li>\n<li><strong>La exposici\u00f3n en digital<\/strong>. Aprende que es el histograma, c\u00f3mo se interpreta y c\u00f3mo se utiliza para conseguir una exposici\u00f3n razonablemente buena. Y cuando lo hayas conseguido, avanza un paso m\u00e1s con la t\u00e9cnica de \u00abexponer a la derecha\u00bb. Pero no acaba aqui la cosa: todav\u00eda se pueden conseguir mejores resultados: la clave est\u00e1 en los estilos de imagen y los espacios de color.<\/li>\n<li><strong>Aprende a revelar con Adobe Camera RAW (y Lightroom)<\/strong>, sacando partido de sus virtudes y desmenuzando meticulosamente todas sus funciones, atajos de teclado y trucos poco conocidos. Aprende tambi\u00e9n lo que otros no te cuentan: a evitar sus defectos o funciones de calidad discutible.<\/li>\n<li>Descubre el nuevo y sofisticado <strong>\u201ccriterio de revelado universal\u201d<\/strong> propuesto por el autor, el resultado de a\u00f1os de estudio sobre el procesado de RAW. Se trata de un procedimiento con el que conseguir la m\u00e1xima eficiencia al minimizar la necesidad de reajustar alguna de las funciones del programa de revelado. Se acab\u00f3 eso de tener que hacer varias rondas de ajustes hasta dar por acabado el revelado. No s\u00f3lo eso: es el \u00fanico procedimiento extrapolable a cualquier programa de revelado, al estar basado en la teor\u00eda del RAW y de su revelado.<\/li>\n<li><strong>Podr\u00e1s descargar im\u00e1genes RAW<\/strong> utilizadas en el libro para seguir los ejemplos y experimentar con ellas.<\/li>\n<\/ul>\n<p>Todo con un\u00a0<strong>lenguaje claro y sin tecnicismos innecesarios<\/strong>, puesto de que lo que se trata es de transmitir la mayor cantidad de informaci\u00f3n posible, no de demostrar cu\u00e1nto sabe el autor&#8230; pero, eso s\u00ed, con un glosario de t\u00e9rminos muy riguroso al final del libro. La sencillez no debe estar re\u00f1ida con la rigurosidad.<\/p>\n<p>&nbsp;<\/p>\n<h3 style=\"text-align: center;\"><em>\u00ab<\/em>Claro, preciso y muy ameno. Hugo no solo nos ense\u00f1a,<br \/>\nsino que nos demuestra la importancia de un correcto flujo de trabajo.<br \/>\nImprescindible tanto para aficionados como para profesionales.<em>\u00ab<\/em><\/h3>\n<p style=\"text-align: right;\"><a href=\"http:\/\/www.efti.es\/la-escuela\/staff\/jorge-salgado\" target=\"_blank\" rel=\"noopener\">Jorge Salgado<\/a>, director del \u00e1rea digital de la<br \/>\nEscuela de fotograf\u00eda\u00a0<a href=\"http:\/\/www.efti.es\/\" target=\"_blank\" rel=\"noopener\">EFTI<\/a><\/p>\n<h3 style=\"text-align: center;\">\u00abEs un gran trabajo que junta todos los pasos necesarios en el momento de la toma<br \/>\ny el posterior tratamiento.\u00bb<\/h3>\n<p style=\"text-align: right;\">Felix S\u00e1nchez (Wiggin),<br \/>\neditor de\u00a0<a href=\"http:\/\/www.caborian.com\/20111213\/18396\/\" target=\"_blank\" rel=\"noopener\">Caborian<\/a><\/p>\n<h3 style=\"text-align: center;\">\u00abun fenomenal manual pr\u00e1ctico y de consulta para sacar el mayor partido a esta posibilidad<br \/>\npropia de las c\u00e1maras digitales m\u00e1s o menos avanzadas. (..) No deja ning\u00fan aspecto sin tratar y,<br \/>\na\u00fan mejor, enfatiza la importancia de ciertos par\u00e1metros. \u00ab<\/h3>\n<p style=\"text-align: right;\">Nacho Palou,<br \/>\neditor de\u00a0<a href=\"http:\/\/foto.microsiervos.com\/libros\/libro-captura-digital-revelado-de-raw.html\" target=\"_blank\" rel=\"noopener\">Foto Microsiervos<\/a><\/p>\n<h3 style=\"text-align: center;\">\u00abEl libro de Hugo, pese a ser un manual riguroso sobre t\u00e9cnica fotogr\u00e1fica,<br \/>\nse lee como una novela en la que cada capitulo te motiva todav\u00eda mas para leer el siguiente<br \/>\ny as\u00ed descubriendo sus secretos llegas al final, sintiendo que no haya m\u00e1s cap\u00edtulos<br \/>\ncon m\u00e1s secretos por descubrir.\u00bb<\/h3>\n<p style=\"text-align: right;\">Sergio Royo, Responsable del \u00c1rea de Audiovisuales<br \/>\n<a href=\"http:\/\/www.aragon.es\/DepartamentosOrganismosPublicos\/Organismos\/InstitutoAragonesEmpleo\/AreasTematicas\/Formacion\/ch.CentroTecnologiasAvanzadas.detalleDepartamento\" target=\"_blank\" rel=\"noopener\">Centro de Tecnolog\u00edas Avanzadas<\/a>\u00a0de Zaragoza<\/p>\n<h3 style=\"text-align: center;\">\u00abDir\u00eda que tu libro se lee en una tarde y se utiliza toda la vida,<br \/>\nque parece mentira que tanta experiencia se pueda contar con tanta sencillez,<br \/>\nque no leerlo no tiene perd\u00f3n y no aplicar lo que nos cuentas es imperdonable\u00bb<\/h3>\n<p style=\"text-align: right;\"><a href=\"http:\/\/www.javieragueda.com\/\" target=\"_blank\" rel=\"noopener\">Javier \u00c1gueda<br \/>\n<\/a>Fot\u00f3grafo de larga trayectoria como formador.<\/p>\n<h3 style=\"text-align: center;\">\u00abUn manual completo pero compacto y manejable, riguroso pero ameno y comprensible,<br \/>\nque cubre todo el proceso desde que se aprieta el bot\u00f3n hasta que se tiene una imagen<br \/>\nlista para ser acondicionada al dispositivo de salida\u00bb<\/h3>\n<p style=\"text-align: right;\"><a href=\"http:\/\/www.guillermoluijk.com\/\" target=\"_blank\" rel=\"noopener\">Guillermo Luijk<\/a>, ingeniero de telecomunicaci\u00f3n<br \/>\ny aficionado a la fotograf\u00eda<\/p>\n<h3 style=\"text-align: center;\">\u00abEs un libro muy f\u00e1cil de leer, con un lenguaje sencillo<br \/>\npero con un exhaustivo trabajo detr\u00e1s -como es Hugo realmente-.<br \/>\n(&#8230;) He disfrutado ley\u00e9ndolo y practic\u00e1ndolo a la vez.\u00bb<\/h3>\n<p style=\"text-align: right;\">Juan Carlos Aragon\u00e9s<br \/>\nPresidente de la\u00a0<a href=\"http:\/\/www.afgu.org\/2011\/08\/libro-captura-digital-y-revelado-raw-de-hugo-rodriguez\/\" target=\"_blank\" rel=\"noopener\">asociaci\u00f3n fotogr\u00e1fica de Guadalajara<\/a><\/p>\n<p>La impresi\u00f3n tambi\u00e9n est\u00e1 muy cuidada, pues ha sido hecha por\u00a0<a href=\"http:\/\/www.rgmsa.com\/esp_index.htm\" target=\"_blank\" rel=\"noopener\">RGM servicios gr\u00e1ficos<\/a>\u00a0siguiendo las estrictas directrices de la normativa ISO 12647 Fogra 39L, relativa a la calidad de impresi\u00f3n y del color en offset. Por ello, tanto la nitidez como el color est\u00e1n muy controlados. Puesto que es un libro que habla de la imagen y utiliza im\u00e1genes para ilustrarlo, tendr\u00eda que predicar con el ejemplo y mostrarlas con alta calidad, \u00bfno?<\/p>\n<p>Echa un vistazo al libro<\/p>\n<p>Si tienes curiosidad por ojear c\u00f3mo es el libro, aqu\u00ed tienes una muestra:<\/p>\n<div class=\"issuuembed\" style=\"width: 600px; height: 420px;\" data-configid=\"1221958\/3276953\"><\/div>\n<p><script src=\"\/\/e.issuu.com\/embed.js\" async=\"true\"><\/script><\/p>\n<p>Hugo Rodriguez te explica c\u00f3mo est\u00e1 organizado este exitoso libro que se est\u00e1 situando como una referencia en su campo, al tratar en profundidad, y sin \u00abpaja\u00bb los temas m\u00e1s importantes: c\u00f3mo es un RAW realmente (por dentro), c\u00f3mo se corrigen (bien) las dominantes, c\u00f3mo exponer a la perfecci\u00f3n (usando el histograma de c\u00e1mara, con t\u00e9cnicas como el derecheo y otra de invenci\u00f3n propia que a\u00fan va m\u00e1s all\u00e1) y c\u00f3mo revelar con Adobe Camera RAW.<\/p>\n<p><iframe loading=\"lazy\" src=\"https:\/\/player.vimeo.com\/video\/51996833\" width=\"640\" height=\"360\" frameborder=\"0\" allowfullscreen=\"allowfullscreen\"><\/iframe><\/p>\n<h2 style=\"text-align: center;\">\u00bfQu\u00e9 dicen las cr\u00edticas?<\/h2>\n<p>Hasta este momento, tengo constancia de que han sido publicados los siguientes art\u00edculos sobre este libro:\u00a0<a href=\"http:\/\/www.caborian.com\/20111213\/18396\/\" target=\"_blank\" rel=\"noopener\">Caborian<\/a>,\u00a0<a href=\"http:\/\/www.xatakafoto.com\/entrevistas\/el-libro-aclara-de-una-vez-por-todas-que-es-el-balance-de-blancos-y-como-se-usa-entrevista-a-hugo-rodriguez\" target=\"_blank\" rel=\"noopener\">Xatakafoto.com<\/a>,<a href=\"http:\/\/foto.microsiervos.com\/libros\/libro-captura-digital-revelado-de-raw.html\" target=\"_blank\" rel=\"noopener\">Foto Microsiervos<\/a>,\u00a0<a href=\"http:\/\/www.dslrmagazine.com\/estado-del-arte\/publicaciones\/captura-digital-y-revelado-del-raw.html\" target=\"_blank\" rel=\"noopener\">DSLR Magazine<\/a>,\u00a0<a href=\"http:\/\/www.fotografia.com\/blog\/2011\/07\/22\/captura-digital-y-revelado-de-raw-de-hugo-rodriguez\/\" target=\"_blank\" rel=\"noopener\">fotografia.com<\/a>,\u00a0<a href=\"http:\/\/www.fotochismes.com\/2011\/10\/03\/hugo-rodriguez-captura-digital-y-revelado-de-raw-sin-duda-un-buen-libro\/\" target=\"_blank\" rel=\"noopener\">fotochismes<\/a>,\u00a0<a href=\"http:\/\/hastalosmegapixeles.wordpress.com\/2011\/07\/25\/lectura-veraniega\/\" target=\"_blank\" rel=\"noopener\">Hasta los megap\u00edxeles<\/a>,\u00a0<a href=\"http:\/\/blog.jdiezfoto.es\/fotografia\/captura-digital-y-revelado-de-raw\/\" target=\"_blank\" rel=\"noopener\">blog de Juan D\u00edez-Yanguas<\/a>,\u00a0<a href=\"http:\/\/www.afgu.org\/2011\/08\/libro-captura-digital-y-revelado-raw-de-hugo-rodriguez\/\" target=\"_blank\" rel=\"noopener\">asociaci\u00f3n af\/G<\/a>,\u00a0<a href=\"http:\/\/eldiariodemipapa.wordpress.com\/2011\/09\/04\/aprende-a-hacer-fotos-correctamente\/\" target=\"_blank\" rel=\"noopener\">El diario de mi papa<\/a>.<\/p>\n<p>\u00bfQuieres solicitar una unidad para escribir una rese\u00f1a en tu p\u00e1gina web? Solic\u00edtala\u00a0<a href=\"http:\/\/www.bitandpixel.es\/contacto\/\">aqui<\/a>.<\/p>\n<p>&nbsp;<\/p>\n<h2 style=\"text-align: center;\">\u00bfD\u00f3nde se puede comprar?<\/h2>\n<p>Ya no lo puedes comprar en formato papel, pero s\u00ed una versi\u00f3n en PDF. Cont\u00e1ctame si te interesa:<\/p>\n<p><img loading=\"lazy\" decoding=\"async\" class=\"aligncenter size-full wp-image-3853\" src=\"https:\/\/www.hugorodriguez.com\/blog\/wp-content\/uploads\/2016\/11\/correo-infohugorguez.gif\" alt=\"\" width=\"158\" height=\"26\" \/><\/p>\n<p>&nbsp;<\/p>\n<h2 style=\"text-align: center;\">Con la colaboraci\u00f3n de:<\/h2>\n\n<style type=\"text\/css\" data-created_by=\"avia_inline_auto\" id=\"style-css-av-6i3q47-f9758a532a1c0b301905e52784345acd\">\n.avia-logo-element-container.av-6i3q47-f9758a532a1c0b301905e52784345acd .av-partner-fake-img{\nbackground-size:cover;\n}\n<\/style>\n<div  class='avia-logo-element-container av-6i3q47-f9758a532a1c0b301905e52784345acd avia-logo-grid avia-content-slider avia-smallarrow-slider avia-content-grid-active noHover avia-content-slider-even  avia-builder-el-0  avia-builder-el-no-sibling  avia-content-slider1' ><div class='avia-smallarrow-slider-heading  no-logo-slider-heading '><div class='new-special-heading'>&nbsp;<\/div><\/div><div class=\"avia-content-slider-inner\"><div class=\"slide-entry-wrap\"><div  class='slide-entry av-3x0lon-0a24296eda49c64519fc403106817821 flex_column no_margin av_one_half real-thumbnail post-entry slide-entry-overview slide-loop-1 slide-parity-odd  first'><span class='av-partner-fake-img' style='padding-bottom:55.072463768116%; background-image:url(https:\/\/www.hugorodriguez.com\/blog\/wp-content\/uploads\/2016\/11\/logo-egm-pequenoII.gif);'><\/span><\/div><div  class='slide-entry av-9jnvr-88b0f7d53b570adfed13ea2f0e273fae flex_column no_margin av_one_half real-thumbnail post-entry slide-entry-overview slide-loop-2 slide-parity-even post-entry-last '><span class='av-partner-fake-img' style='padding-bottom:55.072463768116%; background-image:url(https:\/\/www.hugorodriguez.com\/blog\/wp-content\/uploads\/2016\/11\/logo-colourconfidence.jpg);'><\/span><\/div><\/div><\/div><\/div>\n<p>&nbsp;<\/p>\n","protected":false},"excerpt":{"rendered":"<p>Captura digital y revelado de RAW es un libro que te mostrar\u00e1 las claves para que consigas capturas de alta calidad y un excelente resultado final despues de revelar los RAW, siguiendo un m\u00e9todo muy eficiente. Tambi\u00e9n aprender\u00e1s a configurar tu c\u00e1mara, las t\u00e9cnicas m\u00e1s punteras para exponer en digital, el modo de corregir dominantes [&hellip;]<\/p>\n","protected":false},"author":1,"featured_media":0,"parent":3944,"menu_order":0,"comment_status":"open","ping_status":"closed","template":"","meta":{"footnotes":""},"class_list":["post-3959","page","type-page","status-publish","hentry"],"_links":{"self":[{"href":"https:\/\/www.hugorodriguez.com\/blog\/wp-json\/wp\/v2\/pages\/3959","targetHints":{"allow":["GET"]}}],"collection":[{"href":"https:\/\/www.hugorodriguez.com\/blog\/wp-json\/wp\/v2\/pages"}],"about":[{"href":"https:\/\/www.hugorodriguez.com\/blog\/wp-json\/wp\/v2\/types\/page"}],"author":[{"embeddable":true,"href":"https:\/\/www.hugorodriguez.com\/blog\/wp-json\/wp\/v2\/users\/1"}],"replies":[{"embeddable":true,"href":"https:\/\/www.hugorodriguez.com\/blog\/wp-json\/wp\/v2\/comments?post=3959"}],"version-history":[{"count":6,"href":"https:\/\/www.hugorodriguez.com\/blog\/wp-json\/wp\/v2\/pages\/3959\/revisions"}],"predecessor-version":[{"id":29660,"href":"https:\/\/www.hugorodriguez.com\/blog\/wp-json\/wp\/v2\/pages\/3959\/revisions\/29660"}],"up":[{"embeddable":true,"href":"https:\/\/www.hugorodriguez.com\/blog\/wp-json\/wp\/v2\/pages\/3944"}],"wp:attachment":[{"href":"https:\/\/www.hugorodriguez.com\/blog\/wp-json\/wp\/v2\/media?parent=3959"}],"curies":[{"name":"wp","href":"https:\/\/api.w.org\/{rel}","templated":true}]}}