{"id":3922,"date":"2016-11-30T10:15:57","date_gmt":"2016-11-30T09:15:57","guid":{"rendered":"http:\/\/www.hugorodriguez.com\/blog\/?page_id=3922"},"modified":"2019-04-02T12:54:41","modified_gmt":"2019-04-02T10:54:41","slug":"calibrar-el-monitor-3a-edicion","status":"publish","type":"page","link":"https:\/\/www.hugorodriguez.com\/blog\/coleccion-bitpixel\/calibrar-el-monitor-3a-edicion\/","title":{"rendered":"CALIBRAR EL MONITOR, 3\u00aa Edici\u00f3n"},"content":{"rendered":"<p><a href=\"http:\/\/www.hugorodriguez.com\/blog\/wp-content\/uploads\/2016\/11\/Portada-L4-3a-Edicion-600px.jpg\"><img loading=\"lazy\" decoding=\"async\" class=\"aligncenter size-medium wp-image-3923\" src=\"http:\/\/www.hugorodriguez.com\/blog\/wp-content\/uploads\/2016\/11\/Portada-L4-3a-Edicion-600px-356x500.jpg\" alt=\"portada Calibrar el monitor 3a edicion-600px\" width=\"356\" height=\"500\" srcset=\"https:\/\/www.hugorodriguez.com\/blog\/wp-content\/uploads\/2016\/11\/Portada-L4-3a-Edicion-600px-356x500.jpg 356w, https:\/\/www.hugorodriguez.com\/blog\/wp-content\/uploads\/2016\/11\/Portada-L4-3a-Edicion-600px-178x250.jpg 178w, https:\/\/www.hugorodriguez.com\/blog\/wp-content\/uploads\/2016\/11\/Portada-L4-3a-Edicion-600px.jpg 428w\" sizes=\"auto, (max-width: 356px) 100vw, 356px\" \/><\/a><\/p>\n<p><strong>CALIBRAR EL MONITOR<\/strong> es el primer libro que aborda directamente el tema de la calibraci\u00f3n del monitor. Es una obra pensada para que cualquier fot\u00f3grafo, sin mayores conocimientos que los b\u00e1sicos de inform\u00e1tica, pueda llevar a cabo un ajuste completo del monitor. Aunque est\u00e1 pensado especialmente para fot\u00f3grafos, es perfectamente v\u00e1lido para dise\u00f1adores gr\u00e1ficos, retocadores, preimpresores, editores, t\u00e9cnicos de impresi\u00f3n, vide\u00f3grafos y otros profesionales de la imagen que necesitan tener la tranquilidad de ver en su pantalla los colores tal y como son.<br \/>\nDe hecho, aborda aspectos concretos de configuraci\u00f3n del color tanto en Photoshop como en programas como Bridge, Illustrator, ACDSee, Vista previa, ProShow Gold, los navegadores o los programas para revelar RAW.<\/p>\n<p>Todo ello con el habitual lenguaje claro y conciso de esta colecci\u00f3n y esta web, sin tecnicismos innecesarios, pero con gran rigurosidad. Todo lo que se afirma ha sido comprobado personalmente tanto en un equipo PC y en un MAC. Por supuesto, aunque se evita utilizar t\u00e9rminos t\u00e9cnicos, se explican aquellos conceptos necesarios e importantes y al final del libro se incluye un detallado glosario.<\/p>\n<p>&nbsp;<\/p>\n<h2 style=\"text-align: center;\">Visita el minisite<\/h2>\n<p><a href=\"http:\/\/www.calibrarelmonitor.com\"><img loading=\"lazy\" decoding=\"async\" class=\"aligncenter size-full wp-image-3991\" src=\"http:\/\/www.hugorodriguez.com\/blog\/wp-content\/uploads\/2016\/11\/libro_4_calibrar_monitor_minisite.png\" alt=\"libro_4_calibrar_monitor_minisite\" width=\"471\" height=\"592\" srcset=\"https:\/\/www.hugorodriguez.com\/blog\/wp-content\/uploads\/2016\/11\/libro_4_calibrar_monitor_minisite.png 471w, https:\/\/www.hugorodriguez.com\/blog\/wp-content\/uploads\/2016\/11\/libro_4_calibrar_monitor_minisite-450x566.png 450w, https:\/\/www.hugorodriguez.com\/blog\/wp-content\/uploads\/2016\/11\/libro_4_calibrar_monitor_minisite-198x250.png 198w, https:\/\/www.hugorodriguez.com\/blog\/wp-content\/uploads\/2016\/11\/libro_4_calibrar_monitor_minisite-397x500.png 397w\" sizes=\"auto, (max-width: 471px) 100vw, 471px\" \/><\/a><\/p>\n<p>&nbsp;<\/p>\n<h2 style=\"text-align: center;\">\u00bfQu\u00e9 encontrar\u00e1s en este libro?<\/h2>\n<p>Encontrar\u00e1s explicaciones que te ense\u00f1ar\u00e1n desde los primeros pasos de una calibraci\u00f3n hasta los trucos para conseguir mejores calibraciones, mejores incluso que siguiendo las propias instrucciones del calibrador.<\/p>\n<p>A lo largo de sus 5 cap\u00edtulos y 320 p\u00e1ginas encontrar\u00e1s:<\/p>\n<ul>\n<li>Todos los <strong>pasos previos<\/strong> a una calibraci\u00f3n: luz ambiental adecuada, normativa ISO, resoluciones adecuadas, como construir unas viseras, como limpiar la pantalla, c\u00f3mo escoger un monitor para fotograf\u00eda (tama\u00f1os, tipos de panel, backlighting, \u00e1ngulos de visi\u00f3n&#8230;)<\/li>\n<li><strong>Un poco de teor\u00eda<\/strong>: mapas, espacios y perfiles de color. Gamma y compensaci\u00f3n de gamma. La curva de respuesta. Ajuste de brillo, contraste, punto blanco, tonalidad y punto negro.<\/li>\n<li><strong>Calibraci\u00f3n con dos monitores<\/strong>.<\/li>\n<li><strong>Calibraci\u00f3n por software<\/strong>. En PC, con Adobe Gamma; en MAC, con ColorSync.<\/li>\n<li><strong>Calibraci\u00f3n con calibrador<\/strong>, paso a paso, con i1Profiler, i1Match, Spyder4, Colormunki, BasICColor y Spectraview Profiler. Calibraci\u00f3n autom\u00e1tica y manual. El ajuste del blanco en los TFTs. Comprobaci\u00f3n del contraste. Validar una calibraci\u00f3n.<\/li>\n<li><strong>Calibrar la TV y un proyector digital<\/strong>. Ajuste de los men\u00fas. Comprobaciones finales.<\/li>\n<li><strong>Configurar correctamente los programas<\/strong>: Photoshop y otros programas de Adobe. ACDSee Pro, Camera RAW, Lightroom, Nikon Capture NX, Canon DPP, CaptureOne, Internet Explorer, Safari, Mozilla Firefox, Google Chrome, Proshow Producer, Powerpoint&#8230;<\/li>\n<li><strong>Herramientas<\/strong>: el panel Preferencias de pantalla en MAC y el del color en Windows 7.<\/li>\n<\/ul>\n<p>Junto con el libro se ofrecen diversos materiales que el lector puede descargar gratuitamente de una p\u00e1gina asociada al mismo.<\/p>\n<p>La impresi\u00f3n est\u00e1 muy cuidada, pues ha sido hecha por <a href=\"http:\/\/www.rgmsa.com\/esp_index.htm\" target=\"_blank\">RGM servicios gr\u00e1ficos<\/a>, siguiendo las estrictas directrices de la normativa ISO 12647-2, relativa a la calidad de impresi\u00f3n y del color en offset. Por ello, tanto la nitidez como el color est\u00e1n muy controlados. Puesto que es un libro que habla de la imagen y utiliza im\u00e1genes para ilustrarlo, tendr\u00eda que predicar con el ejemplo y mostrarlas con alta calidad, \u00bfno?<\/p>\n<p><a href=\"http:\/\/www.hugorodriguez.com\/blog\/wp-content\/uploads\/2016\/11\/Libro-Calibrar-el-monitor-01_resize.jpg\"><img loading=\"lazy\" decoding=\"async\" class=\"aligncenter size-medium wp-image-3924\" src=\"http:\/\/www.hugorodriguez.com\/blog\/wp-content\/uploads\/2016\/11\/Libro-Calibrar-el-monitor-01_resize-500x331.jpg\" alt=\"libro-calibrar-el-monitor-01_resize\" width=\"500\" height=\"331\" srcset=\"https:\/\/www.hugorodriguez.com\/blog\/wp-content\/uploads\/2016\/11\/Libro-Calibrar-el-monitor-01_resize-500x331.jpg 500w, https:\/\/www.hugorodriguez.com\/blog\/wp-content\/uploads\/2016\/11\/Libro-Calibrar-el-monitor-01_resize-450x298.jpg 450w, https:\/\/www.hugorodriguez.com\/blog\/wp-content\/uploads\/2016\/11\/Libro-Calibrar-el-monitor-01_resize-250x165.jpg 250w, https:\/\/www.hugorodriguez.com\/blog\/wp-content\/uploads\/2016\/11\/Libro-Calibrar-el-monitor-01_resize-705x467.jpg 705w, https:\/\/www.hugorodriguez.com\/blog\/wp-content\/uploads\/2016\/11\/Libro-Calibrar-el-monitor-01_resize.jpg 800w\" sizes=\"auto, (max-width: 500px) 100vw, 500px\" \/><\/a><\/p>\n<h3 style=\"text-align: center;\"><\/h3>\n<h2 style=\"text-align: center;\">Echa un vistazo al libro<\/h2>\n<p>Si tienes curiosidad por ojear c\u00f3mo es el libro, aqu\u00ed tienes una peque\u00f1a muestra:<\/p>\n<div class=\"issuuembed\" style=\"width: 700px; height: 493px;\" data-configid=\"1221958\/1842899\"><\/div>\n<p><script src=\"\/\/e.issuu.com\/embed.js\" async=\"\"><\/script><\/p>\n<p>Tambi\u00e9n puedes consultar el <a href=\"http:\/\/www.hugorodriguez.com\/libros\/indice_calibrar_monitor_3a-ed.pdf\" target=\"_blank\">\u00edndice de contenidos<\/a> en formato PDF.<\/p>\n<p>&nbsp;<\/p>\n<h2 style=\"text-align: center;\">La 3\u00aa edici\u00f3n<\/h2>\n<p>La tercera edici\u00f3n del cuarto libro de la colecci\u00f3n BIT&amp;P\u00cdXEL tiene unos los siguientes cambios respecto a la edici\u00f3n anterior:<\/p>\n<p>&nbsp;<\/p>\n<ul>\n<li>EDICI\u00d3N TOTALMENTE ACTUALIZADA: Ya han pasado unos a\u00f1os desde que se public\u00f3 el libro inicial, y unas cuantas cosas han cambiado en el mundo de los monitores, asi que hacia falta revisar el contenido. Puesto que hoy dia el TFT es el principal (no lo era cuando se public\u00f3 la 1\u00aa edici\u00f3n), todo el libro ha sido cambiado, para hablar de estas pantallas en primer lugar, eliminando pr\u00e1cticamente cualquiere referencia a los ya viejos CRT.\n<ul>\n<li>Eliminadas pr\u00e1cticamente todas las referencias a los viejos monitores de tubo.<\/li>\n<li>A\u00f1adido: C\u00f3mo escoger un monitor para fotograf\u00eda: tama\u00f1o, tipos de panel, gamut, retroiluminaci\u00f3n, profundidad de color&#8230;<\/li>\n<li>Calibrar con software: el tercer capitulo se ha visto reducido y actualizado a la \u00faltima versi\u00f3n de ColorSync que incorpora Mac OSX Lion.<\/li>\n<li>Calibrar con calibrador: el cuarto capitulo ha sido el que mayor cambios ha sufrido, ya que el 90% es completamente nuevo. Ahora, aparte de i1Match (que decid\u00ed conservar por existir a\u00fan un parque de calibradores importante) he a\u00f1adido: i1Profiler, Colormunki, Spyder 4, BasICColor y Spectraview Profiler. En todos ellos est\u00e1 incluida la validaci\u00f3n (excepto colormunki, que no tiene). Tambi\u00e9n se han a\u00f1adido referencias a c\u00f3mo calibrar proyectores DELL y Canon. C\u00f3mo calibrar un segundo monitor.<\/li>\n<li>En el ultimo capitulo, todas las versiones de software han sido actualizadas:<\/li>\n<li>Adem\u00e1s de actualizadas, se han a\u00f1adido rese\u00f1as sobre como configurar otros programas de visionado y revelado de RAW: Vista previa de Windows Vista y 7, Camera RAW CS6, Lightroom 4, CaptureOne Pro, Canon Digital Photo Professional, Aperture, Bibble, DxO. Reproducci\u00f3n de videos en monitores de gama Adobe con MPHC.<\/li>\n<li>En el apartado navegadores, se habla de IE 9, Firefox 5 y superiores, Safari 4, Google Chrome (todos ellos en Windows 7 de 64 bits y Mac OSX Lion.<\/li>\n<li>En el apartado de software para presentaciones de fotos, se ha actualizado a ACDSee Pro 5 y Proshow Producer 5, a\u00f1adiendo Powerpoint.<\/li>\n<\/ul>\n<\/li>\n<li>REVISADA Y CORREGIDA: adem\u00e1s de correcciones en el texto, tambi\u00e9n la mayor\u00eda de los esquemas e ilustraciones se han revisado.<\/li>\n<\/ul>\n<p>&nbsp;<\/p>\n<h2 style=\"text-align: center;\">Recomendado por<\/h2>\n<p>Este libro se recomienda en diversas escuelas de fotograf\u00eda, imagen y sonido espa\u00f1olas, como:<\/p>\n<ul>\n<li>Escuela de fotograf\u00eda <a href=\"http:\/\/www.efti.es\/\" target=\"_blank\">EFTI<\/a> (en varias asignaturas y por varios profesores, entre ellos Jorge Salgado, director del \u00e1rea digital).<\/li>\n<\/ul>\n<p><a href=\"http:\/\/www.efti.es\/\" target=\"_blank\"><img loading=\"lazy\" decoding=\"async\" class=\"aligncenter wp-image-3928 size-full\" src=\"http:\/\/www.hugorodriguez.com\/blog\/wp-content\/uploads\/2016\/11\/logo_efti.gif\" alt=\"logo_efti\" width=\"220\" height=\"146\" \/><\/a><\/p>\n<ul>\n<li><a href=\"http:\/\/www.escueladeartedehuesca.org\/\" target=\"_blank\">Escuela de arte de Huesca<\/a>.<\/li>\n<li>Escuela de arte <a href=\"http:\/\/pancholasso.com\/\" target=\"_blank\">Pancho Lasso<\/a> de Lanzarote.<\/li>\n<li>Escuela de fotograf\u00eda <a href=\"http:\/\/www.centrodiaporama.es\/\" target=\"_blank\">Centro Diaporama<\/a> de Zaragoza.<\/li>\n<\/ul>\n<p>Eres una escuela y quieres comprar un lote de libros? Hay descuentos\u00a0muy especiales para escuelas. <a title=\"Formulario de contacto\" href=\"http:\/\/www.hugorodriguez.com\/blog\/blog-list\/formulario-de-contacto\/\">Contacta conmigo<\/a> para m\u00e1s informaci\u00f3n.<\/p>\n<p>\u00bfRecomiendas los libros en tus clases? <a title=\"Formulario de contacto\" href=\"http:\/\/www.hugorodriguez.com\/blog\/blog-list\/formulario-de-contacto\/\">H\u00e1zmelo saber<\/a>.<\/p>\n<p>&nbsp;<\/p>\n<h2 style=\"text-align: center;\">D\u00f3nde comprar<\/h2>\n<p>Puedes comprarlo on-line y recibirlo en casa en 48h desde la tienda on-line BIT&amp;PIXEL por s\u00f3lo 19,90\u20ac<\/p>\n<p><a href=\"http:\/\/www.hugorodriguez.com\/blog\/producto\/calibrar-el-monitor-4a-edicion\/\"><img loading=\"lazy\" decoding=\"async\" class=\"aligncenter wp-image-3929 size-full\" src=\"http:\/\/www.hugorodriguez.com\/blog\/wp-content\/uploads\/2016\/11\/acceder_pag_compra.png\" alt=\"acceder_pag_compra\" width=\"391\" height=\"30\" srcset=\"https:\/\/www.hugorodriguez.com\/blog\/wp-content\/uploads\/2016\/11\/acceder_pag_compra.png 391w, https:\/\/www.hugorodriguez.com\/blog\/wp-content\/uploads\/2016\/11\/acceder_pag_compra-250x19.png 250w\" sizes=\"auto, (max-width: 391px) 100vw, 391px\" \/><\/a><\/p>\n<p>&nbsp;<\/p>\n<p>Tambi\u00e9n lo encontrar\u00e1s en librer\u00edas especializadas, en Casanova, La casa del Libro, Agapea, la <a href=\"http:\/\/www.llibreriaha.com\/spa\/calibrar_el_monitor__9788426719942.html\" target=\"_blank\">Hispano Americana<\/a> y en El Corte Ingl\u00e9s.<\/p>\n<p>En Mexico tambi\u00e9n los encontrar\u00e1s, en la librer\u00eda Espada de Luz y en Argentina, en Cuspide.<\/p>\n<p>&nbsp;<\/p>\n<h2 style=\"text-align: center;\">Con la colaboraci\u00f3n de:<\/h2>\n\n<style type=\"text\/css\" data-created_by=\"avia_inline_auto\" id=\"style-css-av-byz4oy-e702b34a1307a6d3d5a88fcddfd8fcdd\">\n.avia-logo-element-container.av-byz4oy-e702b34a1307a6d3d5a88fcddfd8fcdd .av-partner-fake-img{\nbackground-size:cover;\n}\n<\/style>\n<div  class='avia-logo-element-container av-byz4oy-e702b34a1307a6d3d5a88fcddfd8fcdd avia-logo-grid avia-content-slider avia-smallarrow-slider avia-content-grid-active noHover avia-content-slider-odd  avia-builder-el-0  avia-builder-el-no-sibling  avia-content-slider1' ><div class='avia-smallarrow-slider-heading  no-logo-slider-heading '><div class='new-special-heading'>&nbsp;<\/div><\/div><div class=\"avia-content-slider-inner\"><div class=\"slide-entry-wrap\"><div  class='slide-entry av-aq39ea-d6c014dbefee1253f426861a816d1539 flex_column no_margin av_one_third real-thumbnail post-entry slide-entry-overview slide-loop-1 slide-parity-odd  first'><span class='av-partner-fake-img' style='padding-bottom:38.235294117647%; background-image:url(https:\/\/www.hugorodriguez.com\/blog\/wp-content\/uploads\/2016\/11\/logo_didecaf-wht-backgr.png);'><\/span><\/div><div  class='slide-entry av-9hd6fm-396c730c76bbd9bd4c1ee90e8b96619d flex_column no_margin av_one_third real-thumbnail post-entry slide-entry-overview slide-loop-2 slide-parity-even  '><span class='av-partner-fake-img' style='padding-bottom:38.235294117647%; background-image:url(https:\/\/www.hugorodriguez.com\/blog\/wp-content\/uploads\/2016\/11\/logo_x-rite-wht-backgr.png);'><\/span><\/div><div  class='slide-entry av-rat42-b08f366f8f7cdca32ec65ed6cad6e2ad flex_column no_margin av_one_third real-thumbnail post-entry slide-entry-overview slide-loop-3 slide-parity-odd  '><span class='av-partner-fake-img' style='padding-bottom:38.235294117647%; background-image:url(https:\/\/www.hugorodriguez.com\/blog\/wp-content\/uploads\/2016\/11\/logo-colourconfidence.jpg);'><\/span><\/div><\/div><div class=\"slide-entry-wrap\"><div  class='slide-entry av-5lwdz6-d6c10ae848a64ef44babda6b753e800e flex_column no_margin av_one_third real-thumbnail post-entry slide-entry-overview slide-loop-4 slide-parity-odd  first'><span class='av-partner-fake-img' style='padding-bottom:38.235294117647%; background-image:url(https:\/\/www.hugorodriguez.com\/blog\/wp-content\/uploads\/2016\/11\/logo_coloratti_wht.gif);'><\/span><\/div><div  class='slide-entry av-426fgy-0cf5972a123f763e4df5900f24898752 flex_column no_margin av_one_third real-thumbnail post-entry slide-entry-overview slide-loop-5 slide-parity-even  '><\/div><div  class='slide-entry av-337n42-b778a89e1df88102697df43a40061eb1 flex_column no_margin av_one_third real-thumbnail post-entry slide-entry-overview slide-loop-6 slide-parity-odd post-entry-last '><span class='av-partner-fake-img' style='padding-bottom:38.235294117647%; background-image:url(https:\/\/www.hugorodriguez.com\/blog\/wp-content\/uploads\/2016\/11\/logo-egm-pequenoII.gif);'><\/span><\/div><\/div><\/div><\/div>\n","protected":false},"excerpt":{"rendered":"<p>CALIBRAR EL MONITOR es el primer libro que aborda directamente el tema de la calibraci\u00f3n del monitor. Es una obra pensada para que cualquier fot\u00f3grafo, sin mayores conocimientos que los b\u00e1sicos de inform\u00e1tica, pueda llevar a cabo un ajuste completo del monitor. Aunque est\u00e1 pensado especialmente para fot\u00f3grafos, es perfectamente v\u00e1lido para dise\u00f1adores gr\u00e1ficos, retocadores, [&hellip;]<\/p>\n","protected":false},"author":1,"featured_media":0,"parent":3944,"menu_order":0,"comment_status":"open","ping_status":"closed","template":"","meta":{"footnotes":""},"class_list":["post-3922","page","type-page","status-publish","hentry"],"_links":{"self":[{"href":"https:\/\/www.hugorodriguez.com\/blog\/wp-json\/wp\/v2\/pages\/3922","targetHints":{"allow":["GET"]}}],"collection":[{"href":"https:\/\/www.hugorodriguez.com\/blog\/wp-json\/wp\/v2\/pages"}],"about":[{"href":"https:\/\/www.hugorodriguez.com\/blog\/wp-json\/wp\/v2\/types\/page"}],"author":[{"embeddable":true,"href":"https:\/\/www.hugorodriguez.com\/blog\/wp-json\/wp\/v2\/users\/1"}],"replies":[{"embeddable":true,"href":"https:\/\/www.hugorodriguez.com\/blog\/wp-json\/wp\/v2\/comments?post=3922"}],"version-history":[{"count":5,"href":"https:\/\/www.hugorodriguez.com\/blog\/wp-json\/wp\/v2\/pages\/3922\/revisions"}],"predecessor-version":[{"id":8070,"href":"https:\/\/www.hugorodriguez.com\/blog\/wp-json\/wp\/v2\/pages\/3922\/revisions\/8070"}],"up":[{"embeddable":true,"href":"https:\/\/www.hugorodriguez.com\/blog\/wp-json\/wp\/v2\/pages\/3944"}],"wp:attachment":[{"href":"https:\/\/www.hugorodriguez.com\/blog\/wp-json\/wp\/v2\/media?parent=3922"}],"curies":[{"name":"wp","href":"https:\/\/api.w.org\/{rel}","templated":true}]}}