{"id":3860,"date":"2016-11-22T09:58:55","date_gmt":"2016-11-22T08:58:55","guid":{"rendered":"http:\/\/www.hugorodriguez.com\/blog\/?page_id=3860"},"modified":"2019-04-02T12:54:41","modified_gmt":"2019-04-02T10:54:41","slug":"otros-cursos","status":"publish","type":"page","link":"https:\/\/www.hugorodriguez.com\/blog\/cursos-y-conferencias\/otros-cursos\/","title":{"rendered":"Otros cursos"},"content":{"rendered":"<h3 style=\"text-align: center;\">T\u00c9CNICAS AVANZADAS DE OPTIMIZACI\u00d3N DE LA IMAGEN<\/h3>\n<p><img loading=\"lazy\" decoding=\"async\" class=\"aligncenter size-full wp-image-3861\" src=\"http:\/\/www.hugorodriguez.com\/blog\/wp-content\/uploads\/2016\/11\/IMG-taller-gestion-color-alargado_resize.jpg\" alt=\"img-taller-gestion-color-alargado_resize\" width=\"800\" height=\"171\" srcset=\"https:\/\/www.hugorodriguez.com\/blog\/wp-content\/uploads\/2016\/11\/IMG-taller-gestion-color-alargado_resize.jpg 800w, https:\/\/www.hugorodriguez.com\/blog\/wp-content\/uploads\/2016\/11\/IMG-taller-gestion-color-alargado_resize-450x96.jpg 450w, https:\/\/www.hugorodriguez.com\/blog\/wp-content\/uploads\/2016\/11\/IMG-taller-gestion-color-alargado_resize-250x53.jpg 250w, https:\/\/www.hugorodriguez.com\/blog\/wp-content\/uploads\/2016\/11\/IMG-taller-gestion-color-alargado_resize-500x106.jpg 500w, https:\/\/www.hugorodriguez.com\/blog\/wp-content\/uploads\/2016\/11\/IMG-taller-gestion-color-alargado_resize-705x150.jpg 705w\" sizes=\"auto, (max-width: 800px) 100vw, 800px\" \/><\/p>\n<p>Este curso est\u00e1 dirigido a todos aquellos aficionados o profesionales que quieren aprender t\u00e9cnicas para mejorar espectacularmente la calidad global de la imagen sin necesidad de retocar ni pr\u00e1cticamente usar capas de Photoshop.<\/p>\n<p>La inmensa mayor\u00eda de nuestras fotograf\u00edas tienen defectos, que pueden ser compositivos, de iluminaci\u00f3n o de \u00edndole t\u00e9cnico. Dentro de estos \u00faltimos tenemos el ruido, la escasa nitidez, mal color, excesivo contraste, aberraciones \u00f3pticas, distorsiones, etc&#8230; Para corregir los primeros (composici\u00f3n o iluminaci\u00f3n) no queda otro remedio que seguir aprendiendo y practicando, pero para todo lo dem\u00e1s est\u00e1 este curso especialmente enfocado: para resolver r\u00e1pidamente todos estos problemas sin que requieran de horas de retoque delante del ordenador, sino de pocos minutos, gracias a t\u00e9cnicas magistrales usando programas altamente especializados.<\/p>\n<div  class='hr av-3j0p6c-4aa8300ccff927839d0467030be169af hr-short  avia-builder-el-0  el_before_av_hr  avia-builder-el-first  hr-center'><span class='hr-inner '><span class=\"hr-inner-style\"><\/span><\/span><\/div>\n<p>Aparte de las tem\u00e1ticas que ves en las otras p\u00e1ginas, tambi\u00e9n tengo preparados cursos de<\/p>\n<ul>\n<li>Manejo de ACDSee Pro<\/li>\n<li>Automatizaci\u00f3n de tareas y mejora de la productividad con Photoshop.<\/li>\n<li>Creaci\u00f3n de <em>slideshows<\/em> multimedia<\/li>\n<\/ul>\n<p><a title=\"Formulario de contacto\" href=\"http:\/\/www.hugorodriguez.com\/blog\/blog-list\/formulario-de-contacto\/\">Contacta conmigo<\/a>\u00a0en para m\u00e1s informaci\u00f3n\u00a0sobre el curso: temario detallado, necesidades del aula y de los alumnos&#8230;<\/p>\n<div  class='hr av-2wnnp0-8b28c19c91ce471b7eac275de4487c77 hr-short  avia-builder-el-1  el_after_av_hr  avia-builder-el-last  hr-center'><span class='hr-inner '><span class=\"hr-inner-style\"><\/span><\/span><\/div>\n<h3 style=\"text-align: center;\">QUIERES ORGANIZAR UN CURSO?<\/h3>\n<p>Si estas interesado en organizar un curso presencial, ponte en contacto conmigo a trav\u00e9s de correo electr\u00f3nico:<\/p>\n<p><img loading=\"lazy\" decoding=\"async\" class=\"aligncenter size-full wp-image-3853\" src=\"http:\/\/www.hugorodriguez.com\/blog\/wp-content\/uploads\/2016\/11\/correo-infohugorguez.gif\" alt=\"correo-infohugorguez\" width=\"158\" height=\"26\" \/><\/p>\n<p>Adem\u00e1s de los cursos presenciales que puedes ver programados en esta agenda, tambi\u00e9n puedes solicitarme asesoramiento t\u00e9cnico especializado o clases particulares a la medida sobre alguno de los temas que conozco bien, como son los que puedes ver en las otras pesta\u00f1as de esta p\u00e1gina.<\/p>\n","protected":false},"excerpt":{"rendered":"<p>T\u00c9CNICAS AVANZADAS DE OPTIMIZACI\u00d3N DE LA IMAGEN Este curso est\u00e1 dirigido a todos aquellos aficionados o profesionales que quieren aprender t\u00e9cnicas para mejorar espectacularmente la calidad global de la imagen sin necesidad de retocar ni pr\u00e1cticamente usar capas de Photoshop. La inmensa mayor\u00eda de nuestras fotograf\u00edas tienen defectos, que pueden ser compositivos, de iluminaci\u00f3n o [&hellip;]<\/p>\n","protected":false},"author":1,"featured_media":0,"parent":3157,"menu_order":0,"comment_status":"open","ping_status":"closed","template":"","meta":{"footnotes":""},"class_list":["post-3860","page","type-page","status-publish","hentry"],"_links":{"self":[{"href":"https:\/\/www.hugorodriguez.com\/blog\/wp-json\/wp\/v2\/pages\/3860","targetHints":{"allow":["GET"]}}],"collection":[{"href":"https:\/\/www.hugorodriguez.com\/blog\/wp-json\/wp\/v2\/pages"}],"about":[{"href":"https:\/\/www.hugorodriguez.com\/blog\/wp-json\/wp\/v2\/types\/page"}],"author":[{"embeddable":true,"href":"https:\/\/www.hugorodriguez.com\/blog\/wp-json\/wp\/v2\/users\/1"}],"replies":[{"embeddable":true,"href":"https:\/\/www.hugorodriguez.com\/blog\/wp-json\/wp\/v2\/comments?post=3860"}],"version-history":[{"count":5,"href":"https:\/\/www.hugorodriguez.com\/blog\/wp-json\/wp\/v2\/pages\/3860\/revisions"}],"predecessor-version":[{"id":3863,"href":"https:\/\/www.hugorodriguez.com\/blog\/wp-json\/wp\/v2\/pages\/3860\/revisions\/3863"}],"up":[{"embeddable":true,"href":"https:\/\/www.hugorodriguez.com\/blog\/wp-json\/wp\/v2\/pages\/3157"}],"wp:attachment":[{"href":"https:\/\/www.hugorodriguez.com\/blog\/wp-json\/wp\/v2\/media?parent=3860"}],"curies":[{"name":"wp","href":"https:\/\/api.w.org\/{rel}","templated":true}]}}