{"id":3849,"date":"2016-11-22T09:50:39","date_gmt":"2016-11-22T08:50:39","guid":{"rendered":"http:\/\/www.hugorodriguez.com\/blog\/?page_id=3849"},"modified":"2019-04-02T12:54:41","modified_gmt":"2019-04-02T10:54:41","slug":"cursos-de-panoramicas-360o-hdr-y-tours-virtuales","status":"publish","type":"page","link":"https:\/\/www.hugorodriguez.com\/blog\/cursos-y-conferencias\/cursos-de-panoramicas-360o-hdr-y-tours-virtuales\/","title":{"rendered":"Cursos de panor\u00e1micas 360\u00ba, HDR y tours virtuales"},"content":{"rendered":"<h3 style=\"text-align: center;\">FOTOGRAF\u00cdA PANOR\u00c1MICA ESF\u00c9RICA Y HDR NATURAL<\/h3>\n<p><img loading=\"lazy\" decoding=\"async\" class=\"aligncenter size-full wp-image-828\" src=\"http:\/\/www.hugorodriguez.com\/blog\/wp-content\/uploads\/2014\/09\/pano-cueva-de-en-xoroi-i-srgb.jpg\" alt=\"pano cueva de en xoroi i\" width=\"800\" height=\"343\" srcset=\"https:\/\/www.hugorodriguez.com\/blog\/wp-content\/uploads\/2014\/09\/pano-cueva-de-en-xoroi-i-srgb.jpg 800w, https:\/\/www.hugorodriguez.com\/blog\/wp-content\/uploads\/2014\/09\/pano-cueva-de-en-xoroi-i-srgb-450x193.jpg 450w, https:\/\/www.hugorodriguez.com\/blog\/wp-content\/uploads\/2014\/09\/pano-cueva-de-en-xoroi-i-srgb-500x214.jpg 500w, https:\/\/www.hugorodriguez.com\/blog\/wp-content\/uploads\/2014\/09\/pano-cueva-de-en-xoroi-i-srgb-705x302.jpg 705w\" sizes=\"auto, (max-width: 800px) 100vw, 800px\" \/><\/p>\n<p>\u00bfAlguna vez has querido captar un espacio amplio y sentiste que tu angular no te lo permit\u00eda? Ocurre a menudo&#8230; Es que captar la esencia de un lugar especial en toda su amplitud no es f\u00e1cil. No basta con tener un angular amplio (adem\u00e1s, aparece una fuerte distorsi\u00f3n cuanto m\u00e1s corta es la focal) ni tampoco con alejarse para fotografiarlo desde lejos. A menudo, lo que quieres es situarte en el \u201ccentro del meollo\u201d, \u00bfno?<br \/>\nLa soluci\u00f3n pasa por aprender a usar la t\u00e9cnica de la panor\u00e1mica, que te permitir\u00e1 captar hasta 360\u00ba horizontalmente e incluso hasta 180\u00ba verticalmente (o sea: todo).<\/p>\n<p>Pero no pienses que basta con ir tomando fotos mientras giras para luego montarlas en Photoshop, porque as\u00ed no se consigue una alta calidad, aparte de que cada foto puede requerir f\u00e1cilmente un d\u00eda de retoque o m\u00e1s&#8230; En realidad, se basa en usar r\u00f3tulas panor\u00e1micas VR y ensamblar con programas especializados como PTGui, para conseguir alta calidad en menos de 30 minutos!<\/p>\n<p>Ser\u00e1 un curso te\u00f3rico-pr\u00e1ctico en el que se explicar\u00e1n las t\u00e9cnicas para tomar panor\u00e1micas esf\u00e9ricas (360\u00ba a lo ancho y 180\u00ba en vertical). Tambi\u00e9n se combinar\u00e1n con la t\u00e9cnica de HDR -es decir, de m\u00faltiples disparos- para poder captar incluso escenas de muy alto contraste o contraluces muy fuertes.<\/p>\n<p>Se hace especial hincapi\u00e9 en la t\u00e9cnica de captura, dedicando gran parte del tiempo a ella, para poder as\u00ed reducir el tiempo dedicado al montaje posterior en el ordenador. Esto permite, aparte de no usar Photomerge -la sencilla utilidad incorporada en Photoshop-, conseguir tomas de alta calidad que pr\u00e1cticamente no requieren de retoque para ensamblarse, sino que se restringe mayoritariamente al uso, avanzado, del programa PTGui Pro, altamente especializado en este tipo de fotos.<\/p>\n<p>En el curso se har\u00e1 al menos una salida al exterior en las que se llevar\u00e1n a cabo ejercicios de toma de panor\u00e1micas esf\u00e9ricas, que luego se procesar\u00e1n en el aula.<\/p>\n<p>\u00bfQuieres saber qu\u00e9 puedes conseguir con esta t\u00e9cnica? Aqu\u00ed tienes una muestra:<\/p>\n<div  class='flex_column av-j51oih-7a9a49fe5547d0f53ff30208f807fcda av_one_third  avia-builder-el-0  el_before_av_one_third  avia-builder-el-first  first flex_column_div  '     ><p><a href=\"http:\/\/www.hugorodriguez.com\/blog\/wp-content\/uploads\/2016\/04\/pano-nautilus-bii-crop.jpg\"><img loading=\"lazy\" decoding=\"async\" class=\"alignnone wp-image-3176\" src=\"http:\/\/www.hugorodriguez.com\/blog\/wp-content\/uploads\/2016\/04\/pano-nautilus-bii-crop.jpg\" alt=\"pano-nautilus-bii-crop\" width=\"250\" height=\"67\" srcset=\"https:\/\/www.hugorodriguez.com\/blog\/wp-content\/uploads\/2016\/04\/pano-nautilus-bii-crop.jpg 1000w, https:\/\/www.hugorodriguez.com\/blog\/wp-content\/uploads\/2016\/04\/pano-nautilus-bii-crop-450x121.jpg 450w, https:\/\/www.hugorodriguez.com\/blog\/wp-content\/uploads\/2016\/04\/pano-nautilus-bii-crop-500x134.jpg 500w, https:\/\/www.hugorodriguez.com\/blog\/wp-content\/uploads\/2016\/04\/pano-nautilus-bii-crop-800x215.jpg 800w, https:\/\/www.hugorodriguez.com\/blog\/wp-content\/uploads\/2016\/04\/pano-nautilus-bii-crop-705x189.jpg 705w\" sizes=\"auto, (max-width: 250px) 100vw, 250px\" \/><\/a><\/p><\/div><div  class='flex_column av-htrv2x-d46ed358e7a004f3712963c535b21adc av_one_third  avia-builder-el-1  el_after_av_one_third  el_before_av_one_third  flex_column_div  '     ><p><a href=\"http:\/\/www.hugorodriguez.com\/fotos\/panos\/hotel-nautilus\/pano.html\" target=\"_blank\"><img loading=\"lazy\" decoding=\"async\" class=\"alignnone wp-image-2964\" src=\"http:\/\/www.hugorodriguez.com\/blog\/wp-content\/uploads\/2016\/02\/pano-nautilus-bii.jpg\" alt=\"Pano Nautilus BII\" width=\"250\" height=\"125\" srcset=\"https:\/\/www.hugorodriguez.com\/blog\/wp-content\/uploads\/2016\/02\/pano-nautilus-bii.jpg 600w, https:\/\/www.hugorodriguez.com\/blog\/wp-content\/uploads\/2016\/02\/pano-nautilus-bii-450x225.jpg 450w, https:\/\/www.hugorodriguez.com\/blog\/wp-content\/uploads\/2016\/02\/pano-nautilus-bii-500x250.jpg 500w\" sizes=\"auto, (max-width: 250px) 100vw, 250px\" \/><\/a><\/p><\/div><div  class='flex_column av-ggl12x-809a6b536510a243602e5d4dde9e93d5 av_one_third  avia-builder-el-2  el_after_av_one_third  el_before_av_hr  flex_column_div  '     ><p><a href=\"http:\/\/www.hugorodriguez.com\/blog\/wp-content\/uploads\/2016\/02\/Pano-Nautilus-BII-Polar.jpg\"><img loading=\"lazy\" decoding=\"async\" class=\"alignnone wp-image-2963\" src=\"http:\/\/www.hugorodriguez.com\/blog\/wp-content\/uploads\/2016\/02\/Pano-Nautilus-BII-Polar-250x250.jpg\" alt=\"Pano Hotel Nautilus BII Polar\" width=\"175\" height=\"183\" srcset=\"https:\/\/www.hugorodriguez.com\/blog\/wp-content\/uploads\/2016\/02\/Pano-Nautilus-BII-Polar-450x472.jpg 450w, https:\/\/www.hugorodriguez.com\/blog\/wp-content\/uploads\/2016\/02\/Pano-Nautilus-BII-Polar-476x500.jpg 476w, https:\/\/www.hugorodriguez.com\/blog\/wp-content\/uploads\/2016\/02\/Pano-Nautilus-BII-Polar-672x705.jpg 672w, https:\/\/www.hugorodriguez.com\/blog\/wp-content\/uploads\/2016\/02\/Pano-Nautilus-BII-Polar.jpg 763w\" sizes=\"auto, (max-width: 175px) 100vw, 175px\" \/><\/a><\/p><\/div><\/p>\n<p><a title=\"Formulario de contacto\" href=\"http:\/\/www.hugorodriguez.com\/blog\/blog-list\/formulario-de-contacto\/\">Contacta conmigo<\/a>\u00a0en para m\u00e1s informaci\u00f3n\u00a0sobre el curso: temario detallado, necesidades del aula y de los alumnos&#8230;<\/p>\n<div  class='hr av-e4dwpl-9513bea250e23d8edf693a33b9ccb321 hr-default  avia-builder-el-3  el_after_av_one_third  el_before_av_hr '><span class='hr-inner '><span class=\"hr-inner-style\"><\/span><\/span><\/div>\n<h3 style=\"text-align: center;\">CURSO DE FOTOGRAF\u00cdA PANOR\u00c1MICA<\/h3>\n<p><a href=\"http:\/\/www.hugorodriguez.com\/blog\/wp-content\/uploads\/2014\/09\/2014-05-19-Pano-Palacio-congresos-Vitoria-B-crop2.jpg\"><img loading=\"lazy\" decoding=\"async\" class=\"aligncenter size-large wp-image-267\" src=\"http:\/\/www.hugorodriguez.com\/blog\/wp-content\/uploads\/2014\/09\/2014-05-19-Pano-Palacio-congresos-Vitoria-B-crop2-800x358.jpg\" alt=\"2014-05-19 Pano Palacio congresos Vitoria B crop2\" width=\"800\" height=\"358\" srcset=\"https:\/\/www.hugorodriguez.com\/blog\/wp-content\/uploads\/2014\/09\/2014-05-19-Pano-Palacio-congresos-Vitoria-B-crop2-800x358.jpg 800w, https:\/\/www.hugorodriguez.com\/blog\/wp-content\/uploads\/2014\/09\/2014-05-19-Pano-Palacio-congresos-Vitoria-B-crop2-450x202.jpg 450w, https:\/\/www.hugorodriguez.com\/blog\/wp-content\/uploads\/2014\/09\/2014-05-19-Pano-Palacio-congresos-Vitoria-B-crop2-500x224.jpg 500w, https:\/\/www.hugorodriguez.com\/blog\/wp-content\/uploads\/2014\/09\/2014-05-19-Pano-Palacio-congresos-Vitoria-B-crop2-705x316.jpg 705w, https:\/\/www.hugorodriguez.com\/blog\/wp-content\/uploads\/2014\/09\/2014-05-19-Pano-Palacio-congresos-Vitoria-B-crop2.jpg 1200w\" sizes=\"auto, (max-width: 800px) 100vw, 800px\" \/><\/a><\/p>\n<p>\u00bfAlguna vez has querido captar un espacio amplio y sentiste que tu angular no te lo permit\u00eda? Ocurre a menudo&#8230; Es que captar la esencia de un lugar especial en toda su amplitud no es f\u00e1cil. No basta con tener un angular amplio (adem\u00e1s, aparece una fuerte distorsi\u00f3n cuanto m\u00e1s corta es la focal) ni tampoco con alejarse para fotografiarlo desde lejos. A menudo, lo que quieres es situarte en el \u201ccentro del meollo\u201d, \u00bfno?<\/p>\n<p>La soluci\u00f3n pasa por aprender a usar la t\u00e9cnica de la panor\u00e1mica, que te permitir\u00e1 captar hasta 360\u00ba horizontalmente.<\/p>\n<p>Pero no pienses que basta con ir tomando fotos mientras giras para luego montarlas en Photoshop, porque as\u00ed no se consigue una alta calidad, aparte de que cada foto puede requerir f\u00e1cilmente un d\u00eda de retoque o m\u00e1s&#8230; En realidad, se basa en usar ciertos accesorios y ensamblar con programas especializados como PTGui, para conseguir alta calidad en pocos minutos!<\/p>\n<p>Ser\u00e1 un curso te\u00f3rico-pr\u00e1ctico en el que se explicar\u00e1n las t\u00e9cnicas para tomar panor\u00e1micas de 360\u00ba usando accesorios especiales, con los cuales obtener resultados sorprendentes.<br \/>\nSe hace especial hincapi\u00e9 en la t\u00e9cnica de captura, dedicando buena parte del tiempo a ella, para poder as\u00ed reducir el tiempo dedicado al montaje posterior en el ordenador. Esto permite conseguir tomas de alta calidad que pr\u00e1cticamente no requieren de retoque para ensamblarse, sino que se restringe mayoritariamente al uso, avanzado, del programa PTGui Pro, altamente especializado en este tipo de fotos.<\/p>\n<p>En el curso se har\u00e1 al menos una salida al exterior en las que se llevar\u00e1n a cabo ejercicios de toma de panor\u00e1micas 360\u00ba, que luego se procesar\u00e1n en el aula.<\/p>\n<p><a title=\"Formulario de contacto\" href=\"http:\/\/www.hugorodriguez.com\/blog\/blog-list\/formulario-de-contacto\/\">Contacta conmigo<\/a>\u00a0en para m\u00e1s informaci\u00f3n\u00a0sobre el curso: temario detallado, necesidades del aula y de los alumnos&#8230;<\/p>\n<div  class='hr av-csuvhl-f3781db2ba868c436a938833bd1105c2 hr-default  avia-builder-el-4  el_after_av_hr  el_before_av_hr '><span class='hr-inner '><span class=\"hr-inner-style\"><\/span><\/span><\/div>\n<h3 style=\"text-align: center;\">PANOR\u00c1MICAS 360\u00ba Y TOURS VIRTUALES<\/h3>\n<p><a href=\"http:\/\/www.hugorodriguez.com\/blog\/cursos-y-conferencias\/cursos-de-panoramicas-360o-hdr-y-tours-virtuales\/workshop-de-panoramicas-360o-y-tours-virtuales-16h\/\" target=\"_blank\"><img loading=\"lazy\" decoding=\"async\" class=\"aligncenter wp-image-2501 size-full\" src=\"http:\/\/www.hugorodriguez.com\/blog\/wp-content\/uploads\/2015\/06\/tour-cta-2015-600.jpg\" alt=\"tour-cta-2015-600\" width=\"600\" height=\"407\" srcset=\"https:\/\/www.hugorodriguez.com\/blog\/wp-content\/uploads\/2015\/06\/tour-cta-2015-600.jpg 600w, https:\/\/www.hugorodriguez.com\/blog\/wp-content\/uploads\/2015\/06\/tour-cta-2015-600-450x305.jpg 450w, https:\/\/www.hugorodriguez.com\/blog\/wp-content\/uploads\/2015\/06\/tour-cta-2015-600-500x339.jpg 500w\" sizes=\"auto, (max-width: 600px) 100vw, 600px\" \/><\/a><\/p>\n<div  class='hr av-ap090p-7aa525478b0d671391024fa2f7bb37d7 hr-default  avia-builder-el-5  el_after_av_hr  el_before_av_hr '><span class='hr-inner '><span class=\"hr-inner-style\"><\/span><\/span><\/div>\n<h3 style=\"text-align: center;\">FOTOGRAF\u00cdA DE ARQUITECTURA CON TECNOLOG\u00cdA PANOR\u00c1MICA<\/h3>\n<p><img loading=\"lazy\" decoding=\"async\" class=\"aligncenter size-full wp-image-3185\" src=\"http:\/\/www.hugorodriguez.com\/blog\/wp-content\/uploads\/2016\/04\/entradilla_workshop-arquitectura-panoramica.jpg\" alt=\"entradilla_workshop-arquitectura-panoramica\" width=\"650\" height=\"438\" srcset=\"https:\/\/www.hugorodriguez.com\/blog\/wp-content\/uploads\/2016\/04\/entradilla_workshop-arquitectura-panoramica.jpg 650w, https:\/\/www.hugorodriguez.com\/blog\/wp-content\/uploads\/2016\/04\/entradilla_workshop-arquitectura-panoramica-450x303.jpg 450w, https:\/\/www.hugorodriguez.com\/blog\/wp-content\/uploads\/2016\/04\/entradilla_workshop-arquitectura-panoramica-500x336.jpg 500w\" sizes=\"auto, (max-width: 650px) 100vw, 650px\" \/><\/p>\n<p>La fotograf\u00eda de arquitectura ha sido durante mucho tiempo una disciplina que ha requerido de c\u00e1maras especiales (t\u00edpicamente de formato medio y grande) y de \u00f3pticas especiales muy bien corregidas (descentrables, etc&#8230;), que eran las \u00fanicos capaces de producir im\u00e1genes de una geometr\u00eda pr\u00e1cticamente perfecta. Pero las cosas han cambiado. Con los modernos desarrollos en software y los potentes motores de transformaci\u00f3n geom\u00e9trica de alta calidad, hoy dia es posible conseguir im\u00e1genes tan perfectas (y m\u00e1s, de hecho) sin tantas limitaciones y con mayor calidad global (mayor definici\u00f3n en las esquinas, menores aberraciones, ausencia de vi\u00f1eteo&#8230;). Todo ello puede conseguirse con equipos DSLR y \u00f3pticas de alta calidad, no necesariamente descentrables. La t\u00e9cnica moderna se basa en el \u2018stitching\u2019, y con ella pueden captarse \u00e1ngulos incluso superiores a 130\u00ba sin distorsi\u00f3n alguna (cuando con un 16mm s\u00f3lo alcanza hasta 97\u00ba).<br \/>\nEn vez de hablar de t\u00e9rminos como \u2018Biogon\u2019 o \u2018descentramiento\u2019 y de software como Photoshop, ahora acabar\u00e1s familiariz\u00e1ndote con otros nuevos: \u2018punto nodal\u2019, stitching, proyecciones&#8230; y con programas como PTGui.<\/p>\n<p>\u00a1Bienvenido a una nueva era!<a href=\"http:\/\/www.hugorodriguez.com\/blog\/wp-content\/uploads\/2016\/04\/entradilla_workshop-arquitectura-panoramica.jpg\"><br \/>\n<\/a><\/p>\n<p><a title=\"Formulario de contacto\" href=\"http:\/\/www.hugorodriguez.com\/blog\/blog-list\/formulario-de-contacto\/\">Contacta conmigo<\/a>\u00a0en para m\u00e1s informaci\u00f3n\u00a0sobre el curso: temario detallado, necesidades del aula y de los alumnos&#8230;<\/p>\n<div  class='hr av-8srby1-cf37d4292190a15d7a4cd61b61d55c6f hr-default  avia-builder-el-6  el_after_av_hr  el_before_av_one_third '><span class='hr-inner '><span class=\"hr-inner-style\"><\/span><\/span><\/div>\n<h3 style=\"text-align: center;\">FOTOGRAF\u00cdA DE ALTO RANGO DIN\u00c1MICO (HDR) NATURAL<\/h3>\n<p>Ser\u00e1 un curso te\u00f3rico-pr\u00e1ctico en el que se explicar\u00e1 tanto la teor\u00eda de HDR, su ensamblado y procesado, como diversos m\u00e9todos y t\u00e9cnicas para resolver los problemas comunes que un fot\u00f3grafo se encuentra con frecuencia al usar estas t\u00e9cnicas.<\/p>\n<p>En el curso se explicar\u00e1 el uso de programas como PhotoMatix, SNS-HDR y mi propio m\u00e9todo, una acci\u00f3n especial capaz de mezclar las exposiciones en Photoshop produciendo un aut\u00e9ntico archivo Radiance RGBE, para aquellas escenas realmente dif\u00edciles, en que ninguno de los programas disponibles sirve.<\/p>\n<div  class='flex_column av-7flct5-3df00137eedf295c0e0f977ed04395af av_one_third  avia-builder-el-7  el_after_av_hr  el_before_av_one_third  first flex_column_div  '     ><div id=\"attachment_3186\" style=\"width: 260px\" class=\"wp-caption aligncenter\"><img loading=\"lazy\" decoding=\"async\" aria-describedby=\"caption-attachment-3186\" class=\"wp-image-3186 size-full\" src=\"http:\/\/www.hugorodriguez.com\/blog\/wp-content\/uploads\/2016\/04\/hdr_estudio_cta_01.jpg\" alt=\"hdr_estudio_cta_01\" width=\"250\" height=\"166\" \/><p id=\"caption-attachment-3186\" class=\"wp-caption-text\">Disparo 0 EV (1\/2s f8)<\/p><\/div><\/div><div  class='flex_column av-lvz61-1486bef44239d63bb2ed925920a64515 av_one_third  avia-builder-el-8  el_after_av_one_third  el_before_av_one_third  flex_column_div  '     ><div id=\"attachment_3187\" style=\"width: 260px\" class=\"wp-caption aligncenter\"><img loading=\"lazy\" decoding=\"async\" aria-describedby=\"caption-attachment-3187\" class=\"wp-image-3187 size-full\" src=\"http:\/\/www.hugorodriguez.com\/blog\/wp-content\/uploads\/2016\/04\/hdr_estudio_cta_02.jpg\" alt=\"hdr_estudio_cta_02\" width=\"250\" height=\"166\" \/><p id=\"caption-attachment-3187\" class=\"wp-caption-text\">Disparo +3 EV (4s f8)<\/p><\/div><\/div><div  class='flex_column av-44m3a1-c235d0486b0698cd2688e40254bf4f21 av_one_third  avia-builder-el-9  el_after_av_one_third  el_before_av_hr  flex_column_div  '     ><div id=\"attachment_3188\" style=\"width: 260px\" class=\"wp-caption aligncenter\"><img loading=\"lazy\" decoding=\"async\" aria-describedby=\"caption-attachment-3188\" class=\"wp-image-3188 size-full\" src=\"http:\/\/www.hugorodriguez.com\/blog\/wp-content\/uploads\/2016\/04\/hdr_estudio_cta_03.jpg\" alt=\"hdr_estudio_cta_03\" width=\"250\" height=\"166\" \/><p id=\"caption-attachment-3188\" class=\"wp-caption-text\">Disparo +6 EV (30s f8)<\/p><\/div><\/div><\/p>\n<div id=\"attachment_3189\" style=\"width: 610px\" class=\"wp-caption aligncenter\"><img loading=\"lazy\" decoding=\"async\" aria-describedby=\"caption-attachment-3189\" class=\"size-full wp-image-3189\" src=\"http:\/\/www.hugorodriguez.com\/blog\/wp-content\/uploads\/2016\/04\/hdr_estudio_cta_sns.jpg\" alt=\"Toma conseguida con un bracketing de 6 EV (contraste total de la escena: 18 EV).\" width=\"600\" height=\"399\" srcset=\"https:\/\/www.hugorodriguez.com\/blog\/wp-content\/uploads\/2016\/04\/hdr_estudio_cta_sns.jpg 600w, https:\/\/www.hugorodriguez.com\/blog\/wp-content\/uploads\/2016\/04\/hdr_estudio_cta_sns-450x299.jpg 450w, https:\/\/www.hugorodriguez.com\/blog\/wp-content\/uploads\/2016\/04\/hdr_estudio_cta_sns-500x332.jpg 500w\" sizes=\"auto, (max-width: 600px) 100vw, 600px\" \/><p id=\"caption-attachment-3189\" class=\"wp-caption-text\">Toma conseguida con un bracketing de 6 EV (contraste total de la escena: 18 EV).<\/p><\/div>\n<p>En el curso se har\u00e1 al menos una salida al exterior en las que se llevar\u00e1n a cabo ejercicios de toma de HDR, que luego se procesar\u00e1n en el aula. El alumno debe llevar su propia c\u00e1mara, tr\u00edpode y cable disparador.<\/p>\n<p><a title=\"Formulario de contacto\" href=\"http:\/\/www.hugorodriguez.com\/blog\/blog-list\/formulario-de-contacto\/\">Contacta conmigo<\/a>\u00a0en para m\u00e1s informaci\u00f3n\u00a0sobre el curso: temario detallado, necesidades del aula y de los alumnos&#8230;<\/p>\n<div  class='hr av-2bkwvd-a3e2610f8632b9f8a9aee2deacea462f hr-short  avia-builder-el-10  el_after_av_one_third  avia-builder-el-last  hr-center'><span class='hr-inner '><span class=\"hr-inner-style\"><\/span><\/span><\/div>\n<h3 style=\"text-align: center;\">QUIERES ORGANIZAR UN CURSO?<\/h3>\n<p>Si estas interesado en organizar un curso presencial, ponte en contacto conmigo a trav\u00e9s de correo electr\u00f3nico:<\/p>\n<p><img loading=\"lazy\" decoding=\"async\" class=\"aligncenter size-full wp-image-3853\" src=\"http:\/\/www.hugorodriguez.com\/blog\/wp-content\/uploads\/2016\/11\/correo-infohugorguez.gif\" alt=\"correo-infohugorguez\" width=\"158\" height=\"26\" \/><\/p>\n<p>Adem\u00e1s de los cursos presenciales que puedes ver programados en esta agenda, tambi\u00e9n puedes solicitarme asesoramiento t\u00e9cnico especializado o clases particulares a la medida sobre alguno de los temas que conozco bien, como son los que puedes ver en las otras pesta\u00f1as de esta p\u00e1gina.<\/p>\n","protected":false},"excerpt":{"rendered":"<p>FOTOGRAF\u00cdA PANOR\u00c1MICA ESF\u00c9RICA Y HDR NATURAL \u00bfAlguna vez has querido captar un espacio amplio y sentiste que tu angular no te lo permit\u00eda? Ocurre a menudo&#8230; Es que captar la esencia de un lugar especial en toda su amplitud no es f\u00e1cil. No basta con tener un angular amplio (adem\u00e1s, aparece una fuerte distorsi\u00f3n cuanto [&hellip;]<\/p>\n","protected":false},"author":1,"featured_media":0,"parent":3157,"menu_order":0,"comment_status":"open","ping_status":"closed","template":"","meta":{"footnotes":""},"class_list":["post-3849","page","type-page","status-publish","hentry"],"_links":{"self":[{"href":"https:\/\/www.hugorodriguez.com\/blog\/wp-json\/wp\/v2\/pages\/3849","targetHints":{"allow":["GET"]}}],"collection":[{"href":"https:\/\/www.hugorodriguez.com\/blog\/wp-json\/wp\/v2\/pages"}],"about":[{"href":"https:\/\/www.hugorodriguez.com\/blog\/wp-json\/wp\/v2\/types\/page"}],"author":[{"embeddable":true,"href":"https:\/\/www.hugorodriguez.com\/blog\/wp-json\/wp\/v2\/users\/1"}],"replies":[{"embeddable":true,"href":"https:\/\/www.hugorodriguez.com\/blog\/wp-json\/wp\/v2\/comments?post=3849"}],"version-history":[{"count":5,"href":"https:\/\/www.hugorodriguez.com\/blog\/wp-json\/wp\/v2\/pages\/3849\/revisions"}],"predecessor-version":[{"id":7860,"href":"https:\/\/www.hugorodriguez.com\/blog\/wp-json\/wp\/v2\/pages\/3849\/revisions\/7860"}],"up":[{"embeddable":true,"href":"https:\/\/www.hugorodriguez.com\/blog\/wp-json\/wp\/v2\/pages\/3157"}],"wp:attachment":[{"href":"https:\/\/www.hugorodriguez.com\/blog\/wp-json\/wp\/v2\/media?parent=3849"}],"curies":[{"name":"wp","href":"https:\/\/api.w.org\/{rel}","templated":true}]}}