{"id":3846,"date":"2016-11-22T09:18:25","date_gmt":"2016-11-22T08:18:25","guid":{"rendered":"http:\/\/www.hugorodriguez.com\/blog\/?page_id=3846"},"modified":"2019-04-02T12:54:41","modified_gmt":"2019-04-02T10:54:41","slug":"cursos-de-captura-y-revelado-raw","status":"publish","type":"page","link":"https:\/\/www.hugorodriguez.com\/blog\/cursos-y-conferencias\/cursos-de-captura-y-revelado-raw\/","title":{"rendered":"Cursos de captura y revelado RAW"},"content":{"rendered":"<h3 style=\"text-align: center;\">CAPTURA DIGITAL Y REVELADO DE RAW<\/h3>\n<p><a href=\"http:\/\/www.hugorodriguez.com\/blog\/cursos-y-conferencias\/cursos-de-captura-y-revelado-raw\/workshop-captura-digital-y-revelado-de-raw-16h\/\"><img loading=\"lazy\" decoding=\"async\" class=\"aligncenter wp-image-6117 size-full\" src=\"http:\/\/www.hugorodriguez.com\/blog\/wp-content\/uploads\/2017\/12\/workshop-captura-digital-revelado-raw-c1-bcnworkshops.jpg\" alt=\"\" width=\"799\" height=\"498\" srcset=\"https:\/\/www.hugorodriguez.com\/blog\/wp-content\/uploads\/2017\/12\/workshop-captura-digital-revelado-raw-c1-bcnworkshops.jpg 799w, https:\/\/www.hugorodriguez.com\/blog\/wp-content\/uploads\/2017\/12\/workshop-captura-digital-revelado-raw-c1-bcnworkshops-450x280.jpg 450w, https:\/\/www.hugorodriguez.com\/blog\/wp-content\/uploads\/2017\/12\/workshop-captura-digital-revelado-raw-c1-bcnworkshops-250x155.jpg 250w, https:\/\/www.hugorodriguez.com\/blog\/wp-content\/uploads\/2017\/12\/workshop-captura-digital-revelado-raw-c1-bcnworkshops-500x311.jpg 500w, https:\/\/www.hugorodriguez.com\/blog\/wp-content\/uploads\/2017\/12\/workshop-captura-digital-revelado-raw-c1-bcnworkshops-705x439.jpg 705w\" sizes=\"auto, (max-width: 799px) 100vw, 799px\" \/><\/a><\/p>\n<p>&nbsp;<\/p>\n<h3 style=\"text-align: center;\">T\u00c9CNICAS AVANZADAS DE CAPTURA DIGITAL<\/h3>\n<p><img loading=\"lazy\" decoding=\"async\" class=\"aligncenter size-full wp-image-3168\" src=\"http:\/\/www.hugorodriguez.com\/blog\/wp-content\/uploads\/2016\/04\/entradilla_workshop-tecnicas-adv-captura-digital.jpg\" alt=\"entradilla_workshop-tecnicas-adv-captura-digital\" width=\"800\" height=\"237\" srcset=\"https:\/\/www.hugorodriguez.com\/blog\/wp-content\/uploads\/2016\/04\/entradilla_workshop-tecnicas-adv-captura-digital.jpg 800w, https:\/\/www.hugorodriguez.com\/blog\/wp-content\/uploads\/2016\/04\/entradilla_workshop-tecnicas-adv-captura-digital-450x133.jpg 450w, https:\/\/www.hugorodriguez.com\/blog\/wp-content\/uploads\/2016\/04\/entradilla_workshop-tecnicas-adv-captura-digital-500x148.jpg 500w, https:\/\/www.hugorodriguez.com\/blog\/wp-content\/uploads\/2016\/04\/entradilla_workshop-tecnicas-adv-captura-digital-705x208.jpg 705w\" sizes=\"auto, (max-width: 800px) 100vw, 800px\" \/><\/p>\n<p>Si ya usas el formato RAW, quiz\u00e1s conf\u00edas en que ya est\u00e1s disfrutando de toda la calidad que pueden ofrecerte, pero&#8230; \u00bfest\u00e1s seguro? Capturar en RAW no es sin\u00f3nimo de dar un salto cualitativo, sin m\u00e1s&#8230;<br \/>\n\u00bfSab\u00edas que exponer usando el fot\u00f3metro, gui\u00e1ndose por el gris medio o por el aspecto de la imagen en pantalla impide que aproveches todo ese potencial? Con este curso aprender\u00e1s a leer un histograma y a usarlo para exponer, de forma que puedes mejorar la gama tonal y reducir el ruido \u00a1incluso m\u00e1s de un 200%!<br \/>\n\u00bfTienes la sensaci\u00f3n de que tus fotos no son suficientemente n\u00edtidas? Incluso teniendo en cuenta la calidad de tu equipo, ten por seguro que da para m\u00e1s&#8230; \u00bfSab\u00edas para conseguir una alta nitidez en digital se requiere aplicar un par de t\u00e9cnicas clave? Y no se trata de aplicar este o aqu\u00e9l plug-in de enfoque al revelar, sino de conseguir un RAW m\u00e1s n\u00edtido&#8230;<\/p>\n<p>Este curso est\u00e1 dirigido a todos aquellos aficionados o profesionales que quieren reciclarse y aprender a conseguir una alta calidad de imagen en digital, pero tambi\u00e9n esta dirigido a aqu\u00e9llos que creen conocer c\u00f3mo conseguirlo y sin embargo, a\u00fan teniendo un equipo avanzado y conociendo el formato RAW, est\u00e1n insatisfechos con el resultado que consiguen.<\/p>\n<p>Ser\u00e1 un curso te\u00f3rico-pr\u00e1ctico en el que se abordar\u00e1n varios temas bien diferenciados:<\/p>\n<ul>\n<li>El manejo de c\u00e1mara avanzado para conseguir:<\/li>\n<\/ul>\n<ol>\n<li>enfocar realmente bien y<\/li>\n<li>sacar partido de multitud de funciones de las c\u00e1maras modernas que permiten conseguir mejores resultados, o bien en menos tiempo o m\u00e1s c\u00f3modamente.<\/li>\n<\/ol>\n<ul>\n<li>Aprender a corregir las dominantes de la escena con gran precisi\u00f3n, para obtener im\u00e1genes con colores limpios.<\/li>\n<li>Aprender a exponer realmente bien en digital, incluso en condiciones realmente dif\u00edciles.<\/li>\n<\/ul>\n<p>En definitiva, es un curso orientado a conseguir, en primer lugar, un RAW perfecto, para luego obtener a partir de \u00e9l una imagen final de una calidad extraordinaria.<\/p>\n<p><a title=\"Formulario de contacto\" href=\"http:\/\/www.hugorodriguez.com\/blog\/blog-list\/formulario-de-contacto\/\">Contacta conmigo<\/a>\u00a0en para m\u00e1s informaci\u00f3n\u00a0sobre el curso: temario detallado, necesidades del aula y de los alumnos&#8230;<\/p>\n<p><em>NOTA: La diferencia entre este curso y el de Captura digital y Revelado de RAW es que en este no se trata el tema del revelado del RAW.<\/em><\/p>\n<div  class='hr av-881nt2-3f817654ececb022e74e01f31356cc27 hr-short  avia-builder-el-0  el_before_av_hr  avia-builder-el-first  hr-center'><span class='hr-inner '><span class=\"hr-inner-style\"><\/span><\/span><\/div>\n<h3 style=\"text-align: center;\">FOTOGRAF\u00cdA DIGITAL DE NIVEL AVANZADO<\/h3>\n<h3><img loading=\"lazy\" decoding=\"async\" class=\"aligncenter size-full wp-image-3171\" src=\"http:\/\/www.hugorodriguez.com\/blog\/wp-content\/uploads\/2016\/04\/entradilla_foto-digital-adv_2014.jpg\" alt=\"entradilla_foto-digital-adv_2014\" width=\"800\" height=\"220\" srcset=\"https:\/\/www.hugorodriguez.com\/blog\/wp-content\/uploads\/2016\/04\/entradilla_foto-digital-adv_2014.jpg 800w, https:\/\/www.hugorodriguez.com\/blog\/wp-content\/uploads\/2016\/04\/entradilla_foto-digital-adv_2014-450x124.jpg 450w, https:\/\/www.hugorodriguez.com\/blog\/wp-content\/uploads\/2016\/04\/entradilla_foto-digital-adv_2014-500x137.jpg 500w, https:\/\/www.hugorodriguez.com\/blog\/wp-content\/uploads\/2016\/04\/entradilla_foto-digital-adv_2014-705x193.jpg 705w\" sizes=\"auto, (max-width: 800px) 100vw, 800px\" \/><\/h3>\n<p>&nbsp;<\/p>\n<p>Este curso est\u00e1 dirigido a todos aquellos aficionados o profesionales que quieren aprender r\u00e1pidamente, en pocas horas, un completo abanico de t\u00e9cnicas modernas y espec\u00edficas para la fotograf\u00eda digital.<\/p>\n<p>Ser\u00e1 un curso te\u00f3rico-pr\u00e1ctico en el que se explicar\u00e1n t\u00e9cnicas avanzadas de captura digital, para optimizar globalmente la calidad de la imagen sin necesidad de retocar, y para comenzar a disfrutar de la gesti\u00f3n del color, concretamente abordando el tema de calibrar el monitor y de c\u00f3mo usar el perfil del laboratorio.<\/p>\n<p>Asimismo, se explicar\u00e1 qu\u00e9 es exactamente un RAW y todo lo relacionado con \u00e9l: c\u00f3mo es por dentro, porqu\u00e9 necesita revelarse, c\u00f3mo consigue ofrecer tanta calidad&#8230; Y, por supuesto, c\u00f3mo exponer bien en digital, incluso en condiciones realmente dif\u00edciles y c\u00f3mo se corrigen las dominantes. Tambi\u00e9n se ver\u00e1 c\u00f3mo corregir los defectos m\u00e1s comunes de las tomas, sin necesidad de retocar y mejorando globalmente la calidad de la imagen.<\/p>\n<p><a title=\"Formulario de contacto\" href=\"http:\/\/www.hugorodriguez.com\/blog\/blog-list\/formulario-de-contacto\/\">Contacta conmigo<\/a>\u00a0en para m\u00e1s informaci\u00f3n\u00a0sobre el curso: temario detallado, necesidades del aula y de los alumnos&#8230;<\/p>\n<p><em>NOTA: Este curso es una especie de \u201ccombinado\u201d de los cursos de t\u00e9cnicas avanzadas de captura digital y Gesti\u00f3n del color b\u00e1sica.<\/em><\/p>\n<div  class='hr av-5zczwm-4ac270a5a299937d98c4df79de212f8e hr-short  avia-builder-el-1  el_after_av_hr  el_before_av_hr  hr-center'><span class='hr-inner '><span class=\"hr-inner-style\"><\/span><\/span><\/div>\n<h3 style=\"text-align: center;\">REVELADO DE RAW CON CAPTUREONE<\/h3>\n<p><img loading=\"lazy\" decoding=\"async\" class=\"aligncenter size-full wp-image-3173\" src=\"http:\/\/www.hugorodriguez.com\/blog\/wp-content\/uploads\/2016\/04\/entradilla_workshop_captureone.jpg\" alt=\"entradilla_workshop_captureone\" width=\"800\" height=\"291\" srcset=\"https:\/\/www.hugorodriguez.com\/blog\/wp-content\/uploads\/2016\/04\/entradilla_workshop_captureone.jpg 800w, https:\/\/www.hugorodriguez.com\/blog\/wp-content\/uploads\/2016\/04\/entradilla_workshop_captureone-450x164.jpg 450w, https:\/\/www.hugorodriguez.com\/blog\/wp-content\/uploads\/2016\/04\/entradilla_workshop_captureone-500x181.jpg 500w, https:\/\/www.hugorodriguez.com\/blog\/wp-content\/uploads\/2016\/04\/entradilla_workshop_captureone-705x256.jpg 705w\" sizes=\"auto, (max-width: 800px) 100vw, 800px\" \/><\/p>\n<p>\u00a1Libera toda la calidad oculta en tus RAW! \u00a1Extrae hasta un 80% m\u00e1s de detalle en tus fotos!<br \/>\nSi ya usas el formato RAW, quiz\u00e1s conf\u00edas en que ya est\u00e1s disfrutando de toda la calidad que pueden ofrecerte. Pero la realidad es que la capacidad para ofrecer la calidad m\u00e1s absoluta es un list\u00f3n muy alto que muy pocos fabricantes consiguen superar&#8230; y no todo el mundo busca, seamos francos. Porque no todo el mundo lo necesita. A la mayor\u00eda una calidad \u201cbuena\u201d les basta, incluso cuando ni siquiera saben c\u00f3mo extraerla con aquella herramienta.<br \/>\nPero al que busca la excelencia, la maestr\u00eda, no le basta con una \u201cbuena calidad\u201d. Igual que al audiofilo purista no le sirve una simple minicadena porque quiz\u00e1s busca un buen par de altavoces de \u201csonido brit\u00e1nico\u201d.<\/p>\n<p>Si est\u00e1s satisfecho con tu equipo pero constantemente sospechas que deber\u00edas poder conseguir (y ans\u00edas conseguirlo) una calidad muy superior, no lo dudes: este es tu Workshop&#8230;<\/p>\n<p>Ser\u00e1 un curso te\u00f3rico-pr\u00e1ctico en el que se abordar\u00e1n varios temas bien diferenciados:<\/p>\n<ol>\n<li>C\u00f3mo debe ser un revelado \u00f3ptimo de un RAW para conseguir una calidad de imagen global muy elevada, tanto para obtener una imagen final como para ser luego retocada.<\/li>\n<li>C\u00f3mo optimizar la calidad de la imagen, especialmente en casos dif\u00edciles, corrigiendo defectos comunes de las tomas, como ruido, muar\u00e9, aberraciones \u00f3pticas y polvo en el sensor.<\/li>\n<li>Uso de funciones avanzadas de CaptureOne Pro, como la m\u00e1scara de foco, las hojas de contactos, cuadr\u00edculas y gu\u00edas o la superposici\u00f3n de bocetos iniciales de un trabajo.<\/li>\n<\/ol>\n<p>Durante el curso se entregar\u00e1n fotos que representan ejemplos reales de condiciones dif\u00edciles de toma.<\/p>\n<p><a title=\"Formulario de contacto\" href=\"http:\/\/www.hugorodriguez.com\/blog\/blog-list\/formulario-de-contacto\/\">Contacta conmigo<\/a>\u00a0en para m\u00e1s informaci\u00f3n\u00a0sobre el curso: temario detallado, necesidades del aula y de los alumnos&#8230;<\/p>\n<p><em>NOTA: Es muy recomendable tener un nivel de conocimientos alto para la correcta asimilaci\u00f3n del curso (manejo avanzado de c\u00e1mara, exposici\u00f3n en digital, histograma, equilibrio de blancos, etc&#8230;). Se aconseja haber asistido antes al curso de T\u00e9cnicas avanzadas de captura digital.<\/em><\/p>\n<div  class='hr av-4emlo6-6f139e41207e5eea2b830b6c0ed0877e hr-default  avia-builder-el-2  el_after_av_hr  el_before_av_hr '><span class='hr-inner '><span class=\"hr-inner-style\"><\/span><\/span><\/div>\n<h3 style=\"text-align: center;\">REVELADO DE RAW Y CATALOGACI\u00d3N CON LIGHTROOM<\/h3>\n<p><img loading=\"lazy\" decoding=\"async\" class=\"aligncenter size-full wp-image-3175\" src=\"http:\/\/www.hugorodriguez.com\/blog\/wp-content\/uploads\/2016\/04\/entradilla_workshop_lightroom.jpg\" alt=\"entradilla_workshop_lightroom\" width=\"800\" height=\"237\" srcset=\"https:\/\/www.hugorodriguez.com\/blog\/wp-content\/uploads\/2016\/04\/entradilla_workshop_lightroom.jpg 800w, https:\/\/www.hugorodriguez.com\/blog\/wp-content\/uploads\/2016\/04\/entradilla_workshop_lightroom-450x133.jpg 450w, https:\/\/www.hugorodriguez.com\/blog\/wp-content\/uploads\/2016\/04\/entradilla_workshop_lightroom-500x148.jpg 500w, https:\/\/www.hugorodriguez.com\/blog\/wp-content\/uploads\/2016\/04\/entradilla_workshop_lightroom-705x208.jpg 705w\" sizes=\"auto, (max-width: 800px) 100vw, 800px\" \/><\/p>\n<p>\u00bfTodav\u00eda usas Photoshop para todo? Sab\u00edas que el 80% de las tareas que un fot\u00f3grafo hace a diario con sus fotos en el ordenador las puedes hacer Lightroom, mucho m\u00e1s r\u00e1pida y c\u00f3modamente? Y que puede hacer muchas m\u00e1s cosas, adem\u00e1s de lo que haces con Photoshop?<\/p>\n<p>Lightroom es el futuro de los programas integrales de gesti\u00f3n de fotos, porque con \u00e9l puedes navegar, organizar, clasificar, revelar, optimizar, mostrar, presentar, subir a la web, imprimir tus fotos&#8230; \u00bfsigo?<\/p>\n<p>Ser\u00e1 un curso te\u00f3rico-pr\u00e1ctico en el que se explicar\u00e1 c\u00f3mo revelar correctamente un RAW en Lightroom, siguiendo mi propio m\u00e9todo, el Criterio de Revelado Universal, que adem\u00e1s es extrapolable a cualquier programa de revelado.<br \/>\nTambi\u00e9n se ver\u00e1 c\u00f3mo corregir los defectos m\u00e1s comunes de las tomas, sin necesidad de retocar y mejorando globalmente la calidad de la imagen.<br \/>\nEn la segunda parte del curso se explicar\u00e1n cu\u00e1les son las directrices para comenzar a tener el archivo fotogr\u00e1fico bien catalogado utilizando la base de datos de Lightroom. Se explicar\u00e1 qu\u00e9 son los metadatos y qu\u00e9 tipos hay, c\u00f3mo hacer potentes b\u00fasquedas en la base de datos y trucos \u00fatiles para organizar el archivo.<br \/>\nAsimismo, tambi\u00e9n se explicar\u00e1 c\u00f3mo crear una presentaci\u00f3n de fotos (slideshow) y c\u00f3mo crear una p\u00e1gina web desde el mismo programa.<\/p>\n<p><a title=\"Formulario de contacto\" href=\"http:\/\/www.hugorodriguez.com\/blog\/blog-list\/formulario-de-contacto\/\">Contacta conmigo<\/a>\u00a0en para m\u00e1s informaci\u00f3n\u00a0sobre el curso: temario detallado, necesidades del aula y de los alumnos&#8230;<\/p>\n<p><em>NOTA: La diferencia entre este curso y el de El formato RAW es que en este no se explica c\u00f3mo utilizar correctamente el WB ni c\u00f3mo exponer bien en digital. Tampoco se lleva a cabo un ejercicio de captura con un bodeg\u00f3n.<\/em><\/p>\n<div  class='hr av-26bnli-474ed4c987bd91514bac69d8e4adbd1a hr-short  avia-builder-el-3  el_after_av_hr  avia-builder-el-last  hr-center'><span class='hr-inner '><span class=\"hr-inner-style\"><\/span><\/span><\/div>\n<h3 style=\"text-align: center;\">QUIERES ORGANIZAR UN CURSO?<\/h3>\n<p>Si estas interesado en organizar un curso presencial, ponte en contacto conmigo a trav\u00e9s de correo electr\u00f3nico:<\/p>\n<p><img loading=\"lazy\" decoding=\"async\" class=\"aligncenter size-full wp-image-3853\" src=\"http:\/\/www.hugorodriguez.com\/blog\/wp-content\/uploads\/2016\/11\/correo-infohugorguez.gif\" alt=\"correo-infohugorguez\" width=\"158\" height=\"26\" \/><\/p>\n<p>Adem\u00e1s de los cursos presenciales que puedes ver programados en esta agenda, tambi\u00e9n puedes solicitarme asesoramiento t\u00e9cnico especializado o clases particulares a la medida sobre alguno de los temas que conozco bien, como son los que puedes ver en las otras pesta\u00f1as de esta p\u00e1gina.<\/p>\n","protected":false},"excerpt":{"rendered":"<p>CAPTURA DIGITAL Y REVELADO DE RAW &nbsp; T\u00c9CNICAS AVANZADAS DE CAPTURA DIGITAL Si ya usas el formato RAW, quiz\u00e1s conf\u00edas en que ya est\u00e1s disfrutando de toda la calidad que pueden ofrecerte, pero&#8230; \u00bfest\u00e1s seguro? Capturar en RAW no es sin\u00f3nimo de dar un salto cualitativo, sin m\u00e1s&#8230; \u00bfSab\u00edas que exponer usando el fot\u00f3metro, gui\u00e1ndose [&hellip;]<\/p>\n","protected":false},"author":1,"featured_media":0,"parent":3157,"menu_order":0,"comment_status":"open","ping_status":"closed","template":"","meta":{"footnotes":""},"class_list":["post-3846","page","type-page","status-publish","hentry"],"_links":{"self":[{"href":"https:\/\/www.hugorodriguez.com\/blog\/wp-json\/wp\/v2\/pages\/3846","targetHints":{"allow":["GET"]}}],"collection":[{"href":"https:\/\/www.hugorodriguez.com\/blog\/wp-json\/wp\/v2\/pages"}],"about":[{"href":"https:\/\/www.hugorodriguez.com\/blog\/wp-json\/wp\/v2\/types\/page"}],"author":[{"embeddable":true,"href":"https:\/\/www.hugorodriguez.com\/blog\/wp-json\/wp\/v2\/users\/1"}],"replies":[{"embeddable":true,"href":"https:\/\/www.hugorodriguez.com\/blog\/wp-json\/wp\/v2\/comments?post=3846"}],"version-history":[{"count":5,"href":"https:\/\/www.hugorodriguez.com\/blog\/wp-json\/wp\/v2\/pages\/3846\/revisions"}],"predecessor-version":[{"id":7861,"href":"https:\/\/www.hugorodriguez.com\/blog\/wp-json\/wp\/v2\/pages\/3846\/revisions\/7861"}],"up":[{"embeddable":true,"href":"https:\/\/www.hugorodriguez.com\/blog\/wp-json\/wp\/v2\/pages\/3157"}],"wp:attachment":[{"href":"https:\/\/www.hugorodriguez.com\/blog\/wp-json\/wp\/v2\/media?parent=3846"}],"curies":[{"name":"wp","href":"https:\/\/api.w.org\/{rel}","templated":true}]}}