{"id":3843,"date":"2016-11-22T09:17:03","date_gmt":"2016-11-22T08:17:03","guid":{"rendered":"http:\/\/www.hugorodriguez.com\/blog\/?page_id=3843"},"modified":"2019-04-02T12:54:41","modified_gmt":"2019-04-02T10:54:41","slug":"cursos-de-gestion-del-color","status":"publish","type":"page","link":"https:\/\/www.hugorodriguez.com\/blog\/cursos-y-conferencias\/cursos-de-gestion-del-color\/","title":{"rendered":"Cursos de gesti\u00f3n del color"},"content":{"rendered":"<h3 style=\"text-align: center;\">CURSO AVANZADO DE GESTI\u00d3N DEL COLOR<\/h3>\n<p><img loading=\"lazy\" decoding=\"async\" class=\"aligncenter size-full wp-image-3163\" src=\"http:\/\/www.hugorodriguez.com\/blog\/wp-content\/uploads\/2016\/04\/img_gestion-color-adv-2014.jpg\" alt=\"img_gestion-color-adv-2014\" width=\"800\" height=\"220\" srcset=\"https:\/\/www.hugorodriguez.com\/blog\/wp-content\/uploads\/2016\/04\/img_gestion-color-adv-2014.jpg 800w, https:\/\/www.hugorodriguez.com\/blog\/wp-content\/uploads\/2016\/04\/img_gestion-color-adv-2014-450x124.jpg 450w, https:\/\/www.hugorodriguez.com\/blog\/wp-content\/uploads\/2016\/04\/img_gestion-color-adv-2014-500x137.jpg 500w, https:\/\/www.hugorodriguez.com\/blog\/wp-content\/uploads\/2016\/04\/img_gestion-color-adv-2014-705x193.jpg 705w\" sizes=\"auto, (max-width: 800px) 100vw, 800px\" \/><\/p>\n<p>\u00bfTe has encontrado \u201csorpresas\u201d al imprimir una fotograf\u00eda? \u00bfY al verla en otro monitor? \u00bfQuiz\u00e1s al colgarla en Internet? Si te ha ocurrido alguna vez, tranquilo; es normal. \u00a1Bienvenido al apasionante mundo de la gesti\u00f3n del color!<\/p>\n<p>La gesti\u00f3n de color se est\u00e1 convirtiendo en una pieza esencial en la captura, la edici\u00f3n y la impresi\u00f3n de las im\u00e1genes, pues permite, no s\u00f3lo entender, sino controlar los colores de la imagen y anticiparse a sus cambios, especialmente a la hora de imprimirla. Si lo que buscas es aprender de una vez c\u00f3mo gestionar el color desde el principio de tu flujo de trabajo (el revelado del RAW) hasta el final (la publicaci\u00f3n electr\u00f3nica o en papel), este curso te aportar\u00e1 soluciones concretas para todos esos casos.<\/p>\n<p>Con este curso aprender\u00e1s lo m\u00e1s importante: saber porqu\u00e9 cambian los colores, c\u00f3mo se describe un color realmente (en t\u00e9rminos absolutos) y c\u00f3mo controlarlo con la ayuda de los perfiles de color. Tambi\u00e9n aprender\u00e1s, por supuesto, a calibrar bien el monitor para ver los colores de las fotograf\u00edas perfectamente, a configurar el manejo del color en Photoshop adecuadamente, a emplear correctamente los perfiles de color, a crear perfiles de entrada (de c\u00e1mara para JPEG y RAW y esc\u00e1ner) y a perfilar una impresora inkjet de calidad fotogr\u00e1fica.<\/p>\n<p>No es necesario tener conocimientos previos de gesti\u00f3n del color; empieza \u201cdesde cero\u201d.<\/p>\n<p><a title=\"Formulario de contacto\" href=\"http:\/\/www.hugorodriguez.com\/blog\/blog-list\/formulario-de-contacto\/\">Contacta conmigo<\/a> en para m\u00e1s informaci\u00f3n\u00a0sobre el curso: temario detallado, necesidades del aula y de los alumnos&#8230;<\/p>\n<div  class='hr av-5djw0j-110118e12807c7ca804050a928766fd2 hr-short  avia-builder-el-0  el_before_av_hr  avia-builder-el-first  hr-center'><span class='hr-inner '><span class=\"hr-inner-style\"><\/span><\/span><\/div>\n<h3 style=\"text-align: center;\">CURSO INTENSIVO DE GESTI\u00d3N DEL COLOR<\/h3>\n<p><img loading=\"lazy\" decoding=\"async\" class=\"aligncenter size-full wp-image-3166\" src=\"http:\/\/www.hugorodriguez.com\/blog\/wp-content\/uploads\/2016\/04\/img_gestion-color-bas-2014.jpg\" alt=\"img_gestion-color-bas-2014\" width=\"800\" height=\"220\" srcset=\"https:\/\/www.hugorodriguez.com\/blog\/wp-content\/uploads\/2016\/04\/img_gestion-color-bas-2014.jpg 800w, https:\/\/www.hugorodriguez.com\/blog\/wp-content\/uploads\/2016\/04\/img_gestion-color-bas-2014-450x124.jpg 450w, https:\/\/www.hugorodriguez.com\/blog\/wp-content\/uploads\/2016\/04\/img_gestion-color-bas-2014-500x137.jpg 500w, https:\/\/www.hugorodriguez.com\/blog\/wp-content\/uploads\/2016\/04\/img_gestion-color-bas-2014-705x193.jpg 705w\" sizes=\"auto, (max-width: 800px) 100vw, 800px\" \/><\/p>\n<p>La gesti\u00f3n de color se est\u00e1 convirtiendo en una pieza esencial en la captura, edici\u00f3n e impresi\u00f3n de las im\u00e1genes digitales, pues permite no s\u00f3lo entender, sino controlar los colores de la imagen y sus cambios tanto al verla en el monitor como al imprimir. Si te has encontrado \u201csorpresas\u201d al imprimir una fotograf\u00eda, al verla en otro monitor, colgarla en Internet o tratando de reproducir el color de una escena, este curso te aportar\u00e1 soluciones concretas para todos esos casos.<\/p>\n<p>Con este curso aprender\u00e1s lo m\u00e1s importante: saber porqu\u00e9 cambian los colores, c\u00f3mo se describe un color realmente (en t\u00e9rminos absolutos) y c\u00f3mo controlarlo con la ayuda de los perfiles de color. Tambi\u00e9n aprender\u00e1s, por supuesto, a calibrar bien el monitor para ver los colores de las fotograf\u00edas perfectamente, a configurar el manejo del color en Photoshop adecuadamente, a emplear correctamente los perfiles de color, a crear perfiles de entrada de c\u00e1mara y a utilizar el perfil del laboratorio o el de la impresora.<\/p>\n<p>No es necesario tener conocimientos previos de gesti\u00f3n del color; empieza \u201cdesde cero\u201d.<\/p>\n<p><em>NOTA: La diferencia con el curso avanzado estriba en que el perfilado de la c\u00e1mara es mucho m\u00e1s sencillo y que no se explica c\u00f3mo perfilar una impresora, sino c\u00f3mo utilizar el perfil del laboratorio.<\/em><\/p>\n<p><a title=\"Formulario de contacto\" href=\"http:\/\/www.hugorodriguez.com\/blog\/blog-list\/formulario-de-contacto\/\">Contacta conmigo<\/a>\u00a0en para m\u00e1s informaci\u00f3n\u00a0sobre el curso: temario detallado, necesidades del aula y de los alumnos&#8230;<\/p>\n<div  class='hr av-47lh0j-fdae14f66ee4009138ce81ef0fc0b4f7 hr-short  avia-builder-el-1  el_after_av_hr  el_before_av_hr  hr-center'><span class='hr-inner '><span class=\"hr-inner-style\"><\/span><\/span><\/div>\n<h3 style=\"text-align: center;\">CURSO DE REPRODUCCI\u00d3N DE OBRAS DE ARTE<\/h3>\n<p><img loading=\"lazy\" decoding=\"async\" class=\"aligncenter size-full wp-image-3867\" src=\"http:\/\/www.hugorodriguez.com\/blog\/wp-content\/uploads\/2016\/11\/Calibrando-la-camara-03_resize.jpg\" alt=\"calibrando la camara 03 reproduccion obras arte\" width=\"600\" height=\"381\" srcset=\"https:\/\/www.hugorodriguez.com\/blog\/wp-content\/uploads\/2016\/11\/Calibrando-la-camara-03_resize.jpg 600w, https:\/\/www.hugorodriguez.com\/blog\/wp-content\/uploads\/2016\/11\/Calibrando-la-camara-03_resize-450x286.jpg 450w, https:\/\/www.hugorodriguez.com\/blog\/wp-content\/uploads\/2016\/11\/Calibrando-la-camara-03_resize-250x158.jpg 250w, https:\/\/www.hugorodriguez.com\/blog\/wp-content\/uploads\/2016\/11\/Calibrando-la-camara-03_resize-500x317.jpg 500w\" sizes=\"auto, (max-width: 600px) 100vw, 600px\" \/><\/p>\n<p>Este curso est\u00e1 dirigido a todos aquellos aficionados o profesionales que quieren conocer cu\u00e1les son las claves, t\u00e9cnicas y equipo id\u00f3neo para realizar reproducciones de obras de arte, principalmente pinturas y fotograf\u00edas.<\/p>\n<p>Ser\u00e1 un curso te\u00f3rico-pr\u00e1ctico en el que se abordar\u00e1n varios temas bien diferenciados:<\/p>\n<p>1) El manejo de c\u00e1mara avanzado para conseguir:<\/p>\n<p style=\"padding-left: 30px;\">a. Iluminar muy uniformemente y tener un control avanzado de los brillos.<br \/>\nb. Hacer la captura de m\u00e1xima calidad via\u00a0<em>tethered<\/em> (con cable) usando CaptureOne Pro.<\/p>\n<p>2) Aprender a hacer un revelado especial que respete fielmente la colorimetr\u00eda (color HI-FI).<\/p>\n<p>3) Normativas actuales de exigencias de fidelidad en la reproducci\u00f3n.<\/p>\n<p>4) C\u00f3mo aportar certificados en los trabajos que demuestren la calidad obtenida.<\/p>\n<p>En definitiva, todo lo necesario para hacer reproducciones de calidad profesional, publicable.<\/p>\n<p><em>NOTA: Aunque muchos aspectos son extrapolables, no se abordar\u00e1 directamente la fotograf\u00eda de esculturas y otras obras de arte con volumen.<\/em><\/p>\n<p><a title=\"Formulario de contacto\" href=\"http:\/\/www.hugorodriguez.com\/blog\/blog-list\/formulario-de-contacto\/\">Contacta conmigo<\/a>\u00a0en para m\u00e1s informaci\u00f3n\u00a0sobre el curso: temario detallado, necesidades del aula y de los alumnos&#8230;<\/p>\n<div  class='hr av-2ws5pv-cd990203960ec4bd3f9e8619960d788b hr-short  avia-builder-el-2  el_after_av_hr  avia-builder-el-last  hr-center'><span class='hr-inner '><span class=\"hr-inner-style\"><\/span><\/span><\/div>\n<h3 style=\"text-align: center;\">QUIERES ORGANIZAR UN CURSO?<\/h3>\n<p>Si estas interesado en organizar un curso presencial, ponte en contacto conmigo a trav\u00e9s de correo electr\u00f3nico:<\/p>\n<p><img loading=\"lazy\" decoding=\"async\" class=\"aligncenter size-full wp-image-3853\" src=\"http:\/\/www.hugorodriguez.com\/blog\/wp-content\/uploads\/2016\/11\/correo-infohugorguez.gif\" alt=\"correo-infohugorguez\" width=\"158\" height=\"26\" \/><\/p>\n<p>Adem\u00e1s de los cursos presenciales que puedes ver programados en esta agenda, tambi\u00e9n puedes solicitarme asesoramiento t\u00e9cnico especializado o clases particulares a la medida sobre alguno de los temas que conozco bien, como son los que puedes ver en las otras pesta\u00f1as de esta p\u00e1gina.<\/p>\n","protected":false},"excerpt":{"rendered":"<p>CURSO AVANZADO DE GESTI\u00d3N DEL COLOR \u00bfTe has encontrado \u201csorpresas\u201d al imprimir una fotograf\u00eda? \u00bfY al verla en otro monitor? \u00bfQuiz\u00e1s al colgarla en Internet? Si te ha ocurrido alguna vez, tranquilo; es normal. \u00a1Bienvenido al apasionante mundo de la gesti\u00f3n del color! La gesti\u00f3n de color se est\u00e1 convirtiendo en una pieza esencial en [&hellip;]<\/p>\n","protected":false},"author":1,"featured_media":0,"parent":3157,"menu_order":0,"comment_status":"open","ping_status":"closed","template":"","meta":{"footnotes":""},"class_list":["post-3843","page","type-page","status-publish","hentry"],"_links":{"self":[{"href":"https:\/\/www.hugorodriguez.com\/blog\/wp-json\/wp\/v2\/pages\/3843","targetHints":{"allow":["GET"]}}],"collection":[{"href":"https:\/\/www.hugorodriguez.com\/blog\/wp-json\/wp\/v2\/pages"}],"about":[{"href":"https:\/\/www.hugorodriguez.com\/blog\/wp-json\/wp\/v2\/types\/page"}],"author":[{"embeddable":true,"href":"https:\/\/www.hugorodriguez.com\/blog\/wp-json\/wp\/v2\/users\/1"}],"replies":[{"embeddable":true,"href":"https:\/\/www.hugorodriguez.com\/blog\/wp-json\/wp\/v2\/comments?post=3843"}],"version-history":[{"count":5,"href":"https:\/\/www.hugorodriguez.com\/blog\/wp-json\/wp\/v2\/pages\/3843\/revisions"}],"predecessor-version":[{"id":7862,"href":"https:\/\/www.hugorodriguez.com\/blog\/wp-json\/wp\/v2\/pages\/3843\/revisions\/7862"}],"up":[{"embeddable":true,"href":"https:\/\/www.hugorodriguez.com\/blog\/wp-json\/wp\/v2\/pages\/3157"}],"wp:attachment":[{"href":"https:\/\/www.hugorodriguez.com\/blog\/wp-json\/wp\/v2\/media?parent=3843"}],"curies":[{"name":"wp","href":"https:\/\/api.w.org\/{rel}","templated":true}]}}