{"id":2862,"date":"2015-12-22T10:43:25","date_gmt":"2015-12-22T09:43:25","guid":{"rendered":"http:\/\/www.hugorodriguez.com\/blog\/?page_id=2862"},"modified":"2019-04-02T12:54:43","modified_gmt":"2019-04-02T10:54:43","slug":"palette-cube-el-sorprendente-medidor-de-color","status":"publish","type":"page","link":"https:\/\/www.hugorodriguez.com\/blog\/reviews\/palette-cube-el-sorprendente-medidor-de-color\/","title":{"rendered":"Palette CUBE, el sorprendente medidor de color"},"content":{"rendered":"<p>Vivimos en un mundo a color y as\u00ed lo fotografiamos, aunque generalmente nos gusta hacerlo con m\u00e1s color y contraste, porque el que hay en el mundo real ya \u00ablo tenemos muy visto\u00bb. Pero en ocasiones s\u00ed que se necesita fotografiar y reproducir un color fielmente, como en fotograf\u00eda de bodeg\u00f3n de producto, de reproducci\u00f3n de obras de arte o en fotograf\u00eda de fauna y flora, para bi\u00f3logos y ornit\u00f3logos o fotograf\u00eda dental, por poner algunos ejemplos.<\/p>\n<p>&nbsp;<\/p>\n<div  class='tabcontainer av-74kdxa-22c8d9fff648dc978739fb4d920dbe04 top_tab  avia-builder-el-0  el_before_av_hr  avia-builder-el-first '>\n<section class='av_tab_section av_tab_section av-61vur2-d25ab02e67f0c61b1f36893dc2d5ee08'  itemscope=\"itemscope\" itemtype=\"https:\/\/schema.org\/CreativeWork\" ><div id='tab-id-1-tab' class='tab active_tab' role='tab' aria-selected=\"true\" tabindex=\"0\" data-fake-id='#tab-id-1' aria-controls='tab-id-1-content'  itemprop=\"headline\" >SIN CALIBRAR<\/div><div id='tab-id-1-content' class='tab_content active_tab_content' role='tabpanel' aria-labelledby='tab-id-1-tab' aria-hidden=\"false\"><div class='tab_inner_content invers-color'  itemprop=\"text\" ><p><img loading=\"lazy\" decoding=\"async\" class=\"aligncenter wp-image-2869 size-full\" src=\"http:\/\/www.hugorodriguez.com\/blog\/wp-content\/uploads\/2015\/12\/Mitsuki_0499-Por-defecto.jpg\" alt=\"Mitsuki_0499-Por-defecto\" width=\"600\" height=\"400\" srcset=\"https:\/\/www.hugorodriguez.com\/blog\/wp-content\/uploads\/2015\/12\/Mitsuki_0499-Por-defecto.jpg 600w, https:\/\/www.hugorodriguez.com\/blog\/wp-content\/uploads\/2015\/12\/Mitsuki_0499-Por-defecto-450x300.jpg 450w, https:\/\/www.hugorodriguez.com\/blog\/wp-content\/uploads\/2015\/12\/Mitsuki_0499-Por-defecto-500x333.jpg 500w\" sizes=\"auto, (max-width: 600px) 100vw, 600px\" \/><\/p>\n<p>Foto: <a href=\"http:\/\/www.yourphotographer.pro\" target=\"_blank\">Miquel Gonz\u00e1lez<\/a><\/p>\n<\/div><\/div><\/section>\n<section class='av_tab_section av_tab_section av-3uyf32-cdd2f9d524906e2964d24ed6881e357c'  itemscope=\"itemscope\" itemtype=\"https:\/\/schema.org\/CreativeWork\" ><div id='tab-id-2-tab' class='tab' role='tab' aria-selected=\"false\" tabindex=\"0\" data-fake-id='#tab-id-2' aria-controls='tab-id-2-content'  itemprop=\"headline\" >CALIBRADA<\/div><div id='tab-id-2-content' class='tab_content' role='tabpanel' aria-labelledby='tab-id-2-tab' aria-hidden=\"true\"><div class='tab_inner_content invers-color'  itemprop=\"text\" ><p><img loading=\"lazy\" decoding=\"async\" class=\"aligncenter wp-image-2868 size-full\" src=\"http:\/\/www.hugorodriguez.com\/blog\/wp-content\/uploads\/2015\/12\/Mitsuki_0499-Calibrada.jpg\" alt=\"Mitsuki_0499-Calibrada\" width=\"600\" height=\"400\" srcset=\"https:\/\/www.hugorodriguez.com\/blog\/wp-content\/uploads\/2015\/12\/Mitsuki_0499-Calibrada.jpg 600w, https:\/\/www.hugorodriguez.com\/blog\/wp-content\/uploads\/2015\/12\/Mitsuki_0499-Calibrada-450x300.jpg 450w, https:\/\/www.hugorodriguez.com\/blog\/wp-content\/uploads\/2015\/12\/Mitsuki_0499-Calibrada-500x333.jpg 500w\" sizes=\"auto, (max-width: 600px) 100vw, 600px\" \/><\/p>\n<p>Foto: <a href=\"http:\/\/www.yourphotographer.pro\" target=\"_blank\">Miquel Gonz\u00e1lez<\/a><\/p>\n<\/div><\/div><\/section>\n<\/div>\n<p>Es en casos como estos cuando es necesario contar con referencias que te permitan saber si vas por buen camino. Una de ellas es la calibraci\u00f3n del monitor, que busca como objetivo asegurar que \u00e9sta muestre fielmente los colores de las fotograf\u00edas. Sin duda es algo muy necesario cuando uno quiere empezar a tomarse en serio el color, pero no basta para los mencionados casos. Se tiene que complementar idealmente con una calibraci\u00f3n de c\u00e1mara, o al menos con alg\u00fan sistema que permita medir el color del sujeto y verificar si se ha reproducido bien en la imagen.<\/p>\n<p><a href=\"http:\/\/www.hugorodriguez.com\/blog\/wp-content\/uploads\/2015\/12\/CUBE-03.jpg\"><img loading=\"lazy\" decoding=\"async\" class=\"aligncenter wp-image-2864 size-medium\" src=\"http:\/\/www.hugorodriguez.com\/blog\/wp-content\/uploads\/2015\/12\/CUBE-03-405x500.jpg\" alt=\"\" width=\"405\" height=\"500\" srcset=\"https:\/\/www.hugorodriguez.com\/blog\/wp-content\/uploads\/2015\/12\/CUBE-03-405x500.jpg 405w, https:\/\/www.hugorodriguez.com\/blog\/wp-content\/uploads\/2015\/12\/CUBE-03-450x554.jpg 450w, https:\/\/www.hugorodriguez.com\/blog\/wp-content\/uploads\/2015\/12\/CUBE-03-572x705.jpg 572w, https:\/\/www.hugorodriguez.com\/blog\/wp-content\/uploads\/2015\/12\/CUBE-03.jpg 600w\" sizes=\"auto, (max-width: 405px) 100vw, 405px\" \/><\/a><\/p>\n<p>De esta forma, se puede tomar una lectura del color real del objeto y cotejar en la imagen si qued\u00f3 bien reproducido&#8230; Y aqu\u00ed es donde entra en escena el CUBE, un color\u00edmetro capaz de tomar lecturas reales sobre objetos y mostrar su color tanto en valores absolutos como en valores RGB y CMYK. Suena bien, verdad?<\/p>\n<p><a href=\"http:\/\/www.hugorodriguez.com\/blog\/wp-content\/uploads\/2015\/12\/LEctura-naranja.jpg\"><img loading=\"lazy\" decoding=\"async\" class=\"aligncenter wp-image-2875\" src=\"http:\/\/www.hugorodriguez.com\/blog\/wp-content\/uploads\/2015\/12\/LEctura-naranja.jpg\" alt=\"LEctura naranja\" width=\"300\" height=\"300\" srcset=\"https:\/\/www.hugorodriguez.com\/blog\/wp-content\/uploads\/2015\/12\/LEctura-naranja.jpg 601w, https:\/\/www.hugorodriguez.com\/blog\/wp-content\/uploads\/2015\/12\/LEctura-naranja-450x449.jpg 450w, https:\/\/www.hugorodriguez.com\/blog\/wp-content\/uploads\/2015\/12\/LEctura-naranja-100x100.jpg 100w, https:\/\/www.hugorodriguez.com\/blog\/wp-content\/uploads\/2015\/12\/LEctura-naranja-250x250.jpg 250w, https:\/\/www.hugorodriguez.com\/blog\/wp-content\/uploads\/2015\/12\/LEctura-naranja-500x500.jpg 500w, https:\/\/www.hugorodriguez.com\/blog\/wp-content\/uploads\/2015\/12\/LEctura-naranja-36x36.jpg 36w, https:\/\/www.hugorodriguez.com\/blog\/wp-content\/uploads\/2015\/12\/LEctura-naranja-180x180.jpg 180w\" sizes=\"auto, (max-width: 300px) 100vw, 300px\" \/><\/a><\/p>\n<p>Por ejemplo: si quisiera fotografiar un producto, (pondr\u00e9 por caso que fuera mi libro de Imagen Digital), habr\u00eda que asegurarse de que el equipo est\u00e1 bien <em>afinado<\/em> (c\u00e1mara, revelado, iluminaci\u00f3n\u2026) porque de lo contrario (si se fotograf\u00edo \u201ctal-cual\u201d), no se obtendr\u00e1 el color original.<\/p>\n<p><a href=\"http:\/\/www.hugorodriguez.com\/blog\/wp-content\/uploads\/2015\/12\/CUBE-08.jpg\"><img loading=\"lazy\" decoding=\"async\" class=\"aligncenter size-medium wp-image-2866\" src=\"http:\/\/www.hugorodriguez.com\/blog\/wp-content\/uploads\/2015\/12\/CUBE-08-500x365.jpg\" alt=\"CUBE 08\" width=\"500\" height=\"365\" srcset=\"https:\/\/www.hugorodriguez.com\/blog\/wp-content\/uploads\/2015\/12\/CUBE-08-500x365.jpg 500w, https:\/\/www.hugorodriguez.com\/blog\/wp-content\/uploads\/2015\/12\/CUBE-08-450x329.jpg 450w, https:\/\/www.hugorodriguez.com\/blog\/wp-content\/uploads\/2015\/12\/CUBE-08-705x515.jpg 705w, https:\/\/www.hugorodriguez.com\/blog\/wp-content\/uploads\/2015\/12\/CUBE-08.jpg 800w\" sizes=\"auto, (max-width: 500px) 100vw, 500px\" \/><\/a><\/p>\n<p>Lo ideal es que la c\u00e1mara est\u00e9 calibrada pero, mientras tanto, podr\u00eda ser muy \u00fatil el CUBE, ya que con \u00e9l puedo tomar una lectura del color para saber cu\u00e1les son sus valores de color (RGB o CMYK) y c\u00f3mo deber\u00edan ser los p\u00edxeles.<\/p>\n<p><a href=\"http:\/\/www.hugorodriguez.com\/blog\/wp-content\/uploads\/2015\/12\/IMG_3324.jpg\"><img loading=\"lazy\" decoding=\"async\" class=\"aligncenter wp-image-2871\" src=\"http:\/\/www.hugorodriguez.com\/blog\/wp-content\/uploads\/2015\/12\/IMG_3324.jpg\" alt=\"IMG_3324\" width=\"300\" height=\"300\" srcset=\"https:\/\/www.hugorodriguez.com\/blog\/wp-content\/uploads\/2015\/12\/IMG_3324.jpg 601w, https:\/\/www.hugorodriguez.com\/blog\/wp-content\/uploads\/2015\/12\/IMG_3324-450x449.jpg 450w, https:\/\/www.hugorodriguez.com\/blog\/wp-content\/uploads\/2015\/12\/IMG_3324-100x100.jpg 100w, https:\/\/www.hugorodriguez.com\/blog\/wp-content\/uploads\/2015\/12\/IMG_3324-250x250.jpg 250w, https:\/\/www.hugorodriguez.com\/blog\/wp-content\/uploads\/2015\/12\/IMG_3324-500x500.jpg 500w, https:\/\/www.hugorodriguez.com\/blog\/wp-content\/uploads\/2015\/12\/IMG_3324-36x36.jpg 36w, https:\/\/www.hugorodriguez.com\/blog\/wp-content\/uploads\/2015\/12\/IMG_3324-180x180.jpg 180w\" sizes=\"auto, (max-width: 300px) 100vw, 300px\" \/><\/a><\/p>\n<p>Si una vez tomada la foto se ve que no coinciden, siempre se pueden cotejar los valores RGB de los p\u00edxeles de la camiseta en la fotograf\u00eda obtenida, para comparar directamente. A partir de ah\u00ed, se plantean dos opciones: retocar el color a mano o calibrar la c\u00e1mara (por si te interesa, yo <a title=\"Calibraci\u00f3n de c\u00e1mara\" href=\"http:\/\/www.hugorodriguez.com\/blog\/servicios-de-gestion-de-color\/calibracion-de-camaras\/\">ofrezco un servicio<\/a> para ello).<\/p>\n<p><a href=\"http:\/\/www.perfilesdecolor.com\"><img loading=\"lazy\" decoding=\"async\" class=\"aligncenter wp-image-2884 size-full\" src=\"http:\/\/www.hugorodriguez.com\/blog\/wp-content\/uploads\/2015\/12\/Banner-Perfilesdecolor-para-QSD.jpg\" alt=\"Servicios de gesti\u00f3n del color\" width=\"600\" height=\"227\" srcset=\"https:\/\/www.hugorodriguez.com\/blog\/wp-content\/uploads\/2015\/12\/Banner-Perfilesdecolor-para-QSD.jpg 600w, https:\/\/www.hugorodriguez.com\/blog\/wp-content\/uploads\/2015\/12\/Banner-Perfilesdecolor-para-QSD-450x170.jpg 450w, https:\/\/www.hugorodriguez.com\/blog\/wp-content\/uploads\/2015\/12\/Banner-Perfilesdecolor-para-QSD-500x189.jpg 500w\" sizes=\"auto, (max-width: 600px) 100vw, 600px\" \/><\/a><\/p>\n<p>El funcionamiento es bien sencillo. En primer lugar se conecta a una toma USB para cargar su bater\u00eda, cosa que lleva una o dos horas. Luego se instala una App en el smartphone (compatible con iOS) y se conecta con el CUBE (via Bluetooth) una vez abierta.<\/p>\n<p><a href=\"http:\/\/www.hugorodriguez.com\/blog\/wp-content\/uploads\/2015\/12\/App-CUBE.jpg\"><img loading=\"lazy\" decoding=\"async\" class=\"aligncenter size-medium wp-image-2872\" src=\"http:\/\/www.hugorodriguez.com\/blog\/wp-content\/uploads\/2015\/12\/App-CUBE-281x500.jpg\" alt=\"App - CUBE\" width=\"281\" height=\"500\" srcset=\"https:\/\/www.hugorodriguez.com\/blog\/wp-content\/uploads\/2015\/12\/App-CUBE-281x500.jpg 281w, https:\/\/www.hugorodriguez.com\/blog\/wp-content\/uploads\/2015\/12\/App-CUBE-397x705.jpg 397w\" sizes=\"auto, (max-width: 281px) 100vw, 281px\" \/><\/a><\/p>\n<p>Seguidamente se calibra usando la propia tapa para ello. Finalmente se coloca el CUBE sobre la superficie a medir, se toca en la parte superior&#8230; y la lectura aparece en el smartphone. As\u00ed de sencillo.<\/p>\n<p><a href=\"http:\/\/www.hugorodriguez.com\/blog\/wp-content\/uploads\/2015\/12\/Calibrando-CUBE.jpg\"><img loading=\"lazy\" decoding=\"async\" class=\"aligncenter wp-image-2877\" src=\"http:\/\/www.hugorodriguez.com\/blog\/wp-content\/uploads\/2015\/12\/Calibrando-CUBE.jpg\" alt=\"Calibrando - CUBE\" width=\"260\" height=\"400\" srcset=\"https:\/\/www.hugorodriguez.com\/blog\/wp-content\/uploads\/2015\/12\/Calibrando-CUBE.jpg 519w, https:\/\/www.hugorodriguez.com\/blog\/wp-content\/uploads\/2015\/12\/Calibrando-CUBE-450x694.jpg 450w, https:\/\/www.hugorodriguez.com\/blog\/wp-content\/uploads\/2015\/12\/Calibrando-CUBE-324x500.jpg 324w, https:\/\/www.hugorodriguez.com\/blog\/wp-content\/uploads\/2015\/12\/Calibrando-CUBE-457x705.jpg 457w\" sizes=\"auto, (max-width: 260px) 100vw, 260px\" \/><\/a><\/p>\n<p>Hay que tener en cuenta que no se pueden medir todas las superficies. Aquellas que sean transl\u00facidas, con brillo met\u00e1lico o transparentes no dar\u00e1n valores correctos.<\/p>\n<p><a href=\"http:\/\/www.hugorodriguez.com\/blog\/wp-content\/uploads\/2015\/12\/CUBE-04.jpg\"><img loading=\"lazy\" decoding=\"async\" class=\"aligncenter size-medium wp-image-2865\" src=\"http:\/\/www.hugorodriguez.com\/blog\/wp-content\/uploads\/2015\/12\/CUBE-04-437x500.jpg\" alt=\"CUBE 04\" width=\"437\" height=\"500\" srcset=\"https:\/\/www.hugorodriguez.com\/blog\/wp-content\/uploads\/2015\/12\/CUBE-04-437x500.jpg 437w, https:\/\/www.hugorodriguez.com\/blog\/wp-content\/uploads\/2015\/12\/CUBE-04-450x515.jpg 450w, https:\/\/www.hugorodriguez.com\/blog\/wp-content\/uploads\/2015\/12\/CUBE-04.jpg 600w\" sizes=\"auto, (max-width: 437px) 100vw, 437px\" \/><\/a><\/p>\n<p>La App es muy sencilla y no ofrece muchas funciones, pero lo que hace, lo hace bien. Una vez tomada una lectura se pueden ver los valores RGB de ese color, pudiendo escoger entre los espacios sRGB y Adobe RGB 1998. Tambi\u00e9n se puede cambiar a CMYK, y all\u00ed escoger entre los espacios FOGRA 39 para Europa y SWOP para USA.<\/p>\n<p><a href=\"http:\/\/www.hugorodriguez.com\/blog\/wp-content\/uploads\/2015\/12\/Escogiendo-RGB-CUBE.jpg\"><img loading=\"lazy\" decoding=\"async\" class=\"aligncenter wp-image-2879\" src=\"http:\/\/www.hugorodriguez.com\/blog\/wp-content\/uploads\/2015\/12\/Escogiendo-RGB-CUBE-378x500.jpg\" alt=\"Escogiendo RGB - CUBE\" width=\"265\" height=\"350\" srcset=\"https:\/\/www.hugorodriguez.com\/blog\/wp-content\/uploads\/2015\/12\/Escogiendo-RGB-CUBE-378x500.jpg 378w, https:\/\/www.hugorodriguez.com\/blog\/wp-content\/uploads\/2015\/12\/Escogiendo-RGB-CUBE-450x595.jpg 450w, https:\/\/www.hugorodriguez.com\/blog\/wp-content\/uploads\/2015\/12\/Escogiendo-RGB-CUBE-533x705.jpg 533w, https:\/\/www.hugorodriguez.com\/blog\/wp-content\/uploads\/2015\/12\/Escogiendo-RGB-CUBE.jpg 600w\" sizes=\"auto, (max-width: 265px) 100vw, 265px\" \/><\/a><\/p>\n<p>Aparte de RGB y CMYK, tambi\u00e9n se pueden ver en valores hexadecimales y cu\u00e1l es el color m\u00e1s cercano en las paletas DULUX y otras.<\/p>\n<p><a href=\"http:\/\/www.hugorodriguez.com\/blog\/wp-content\/uploads\/2015\/12\/Escogiendo-perfil-CUBE.jpg\"><img loading=\"lazy\" decoding=\"async\" class=\"aligncenter wp-image-2878\" src=\"http:\/\/www.hugorodriguez.com\/blog\/wp-content\/uploads\/2015\/12\/Escogiendo-perfil-CUBE-500x331.jpg\" alt=\"Escogiendo perfil - CUBE\" width=\"350\" height=\"232\" srcset=\"https:\/\/www.hugorodriguez.com\/blog\/wp-content\/uploads\/2015\/12\/Escogiendo-perfil-CUBE-500x331.jpg 500w, https:\/\/www.hugorodriguez.com\/blog\/wp-content\/uploads\/2015\/12\/Escogiendo-perfil-CUBE-450x298.jpg 450w, https:\/\/www.hugorodriguez.com\/blog\/wp-content\/uploads\/2015\/12\/Escogiendo-perfil-CUBE.jpg 640w\" sizes=\"auto, (max-width: 350px) 100vw, 350px\" \/><\/a><\/p>\n<p>Las lecturas se almacenan sin m\u00e1s, pero pueden compartirse via correo, WhatsApp o subir a DropBox.<\/p>\n<p>Aparte de con el Smartphone, el CUBE tambi\u00e9n puede conectarse directamente al ordenador (de momento, s\u00f3lo con Windows, para Mac en breve), para traspasar las lecturas directamente a Photoshop.<\/p>\n<p><img loading=\"lazy\" decoding=\"async\" class=\"aligncenter wp-image-2881 size-full\" src=\"http:\/\/www.hugorodriguez.com\/blog\/wp-content\/uploads\/2015\/12\/App-CUBE.png\" alt=\"App-CUBE\" width=\"320\" height=\"482\" \/><\/p>\n<p>Es una App muy interesante para cargarlas directamente, aunque me he tirado un rato tratando de conectarlo por Bluetooth porque en ning\u00fan sitio indicaba que en este caso se tiene que conectar por USB. Nada importante que el usuario no acabe por descubrir, pero estar\u00eda bien que te lo haga saber en alg\u00fan sitio, m\u00e1s que nada para ahorrarte el rato\u2026<\/p>\n<p><img loading=\"lazy\" decoding=\"async\" class=\"aligncenter wp-image-2882 size-full\" src=\"http:\/\/www.hugorodriguez.com\/blog\/wp-content\/uploads\/2015\/12\/Lectura-L01-Photoshop.png\" alt=\"Lectura-L01-Photoshop\" width=\"241\" height=\"206\" \/><\/p>\n<p>En definitiva, el CUBE es un medidor muy muy interesante para todos aquellos que necesitan reproducir con fidelidad. Es una herramienta de control moderna, muy bien dise\u00f1ada y extremadamente facil de usar. La precisi\u00f3n de las lecturas, sin ser extraordinariamente alta, s\u00ed que es buena y m\u00e1s que suficiente para lo que se busca, especialmente teniendo en cuenta su atractivo precio.<\/p>\n<div  class='hr av-2olfe6-cf7d2524cf8bb09bae60ec5ac3924d2c hr-short  avia-builder-el-1  el_after_av_tab_container  avia-builder-el-last  hr-center'><span class='hr-inner '><span class=\"hr-inner-style\"><\/span><\/span><\/div>\n<p>Mis agradecimientos a Montse Prats de XP Distribution\u00a0y a Dave Mobbs por dejarme probar tan interesante <em>gadget<\/em>.<\/p>\n<p><em>NOTA: XP Distribution\u00a0me ha prestado este art\u00edculo para poder probarlo durante unas semanas. De momento no lo he devuelto y, aunque\u00a0eso es lo acordado inicialmente, mi intenci\u00f3n es adquirirlo, pagando el precio que me soliciten.<\/em><\/p>\n","protected":false},"excerpt":{"rendered":"<p>Vivimos en un mundo a color y as\u00ed lo fotografiamos, aunque generalmente nos gusta hacerlo con m\u00e1s color y contraste, porque el que hay en el mundo real ya \u00ablo tenemos muy visto\u00bb. Pero en ocasiones s\u00ed que se necesita fotografiar y reproducir un color fielmente, como en fotograf\u00eda de bodeg\u00f3n de producto, de reproducci\u00f3n [&hellip;]<\/p>\n","protected":false},"author":1,"featured_media":2890,"parent":2652,"menu_order":0,"comment_status":"open","ping_status":"closed","template":"","meta":{"footnotes":""},"class_list":["post-2862","page","type-page","status-publish","has-post-thumbnail","hentry"],"_links":{"self":[{"href":"https:\/\/www.hugorodriguez.com\/blog\/wp-json\/wp\/v2\/pages\/2862","targetHints":{"allow":["GET"]}}],"collection":[{"href":"https:\/\/www.hugorodriguez.com\/blog\/wp-json\/wp\/v2\/pages"}],"about":[{"href":"https:\/\/www.hugorodriguez.com\/blog\/wp-json\/wp\/v2\/types\/page"}],"author":[{"embeddable":true,"href":"https:\/\/www.hugorodriguez.com\/blog\/wp-json\/wp\/v2\/users\/1"}],"replies":[{"embeddable":true,"href":"https:\/\/www.hugorodriguez.com\/blog\/wp-json\/wp\/v2\/comments?post=2862"}],"version-history":[{"count":5,"href":"https:\/\/www.hugorodriguez.com\/blog\/wp-json\/wp\/v2\/pages\/2862\/revisions"}],"predecessor-version":[{"id":7915,"href":"https:\/\/www.hugorodriguez.com\/blog\/wp-json\/wp\/v2\/pages\/2862\/revisions\/7915"}],"up":[{"embeddable":true,"href":"https:\/\/www.hugorodriguez.com\/blog\/wp-json\/wp\/v2\/pages\/2652"}],"wp:featuredmedia":[{"embeddable":true,"href":"https:\/\/www.hugorodriguez.com\/blog\/wp-json\/wp\/v2\/media\/2890"}],"wp:attachment":[{"href":"https:\/\/www.hugorodriguez.com\/blog\/wp-json\/wp\/v2\/media?parent=2862"}],"curies":[{"name":"wp","href":"https:\/\/api.w.org\/{rel}","templated":true}]}}