{"id":2634,"date":"2015-10-29T17:10:36","date_gmt":"2015-10-29T16:10:36","guid":{"rendered":"http:\/\/www.hugorodriguez.com\/blog\/?page_id=2634"},"modified":"2019-04-02T12:54:43","modified_gmt":"2019-04-02T10:54:43","slug":"fujifilm-is-mini-un-pequeno-pero-potente-corrector-de-color-para-cine-y-video-pro","status":"publish","type":"page","link":"https:\/\/www.hugorodriguez.com\/blog\/reviews\/fujifilm-is-mini-un-pequeno-pero-potente-corrector-de-color-para-cine-y-video-pro\/","title":{"rendered":"Fujifilm IS-mini, un peque\u00f1o pero potente corrector de color para cine y video pro"},"content":{"rendered":"<address>\u00a0<\/address>\n<address>Nota: Fujifilm Espa\u00f1a me ha prestado este IS-mini para hacer este art\u00edculo. No he tenido que pagar nada y tampoco he recibido ninguna compensaci\u00f3n econ\u00f3mica. He tenido que devolverlo pasadas dos semanas.<\/address>\n<p>Que el v\u00eddeo est\u00e1 en auge es algo que nadie niega. Cada vez tenemos m\u00e1s y mejores equipos tanto para capturar como para evitar y visionar. Y para el visionado, tanto durante el rodaje como en la edici\u00f3n, cada vez es m\u00e1s clara la necesidad de usar una buena gesti\u00f3n del color. Precisamente para ello, Fujifilm ha presentado hace muy poco un peque\u00f1o dispositivo muy interesante: el <a href=\"http:\/\/www.fujifilm.com\/products\/motion_picture\/image_processing\/is_mini\/\" target=\"_blank\">IS-mini<\/a>, que he tenido el gusto de poder probar durante una semana gracias a la gentileza de Fujifilm Espa\u00f1a.<\/p>\n<p>Se trata de un peque\u00f1o dispositivo del tama\u00f1o de un disco duro port\u00e1til que integra una potente LUT en su interior, con la que se pueden hacer cosas como calibrar una pantalla o modificar la respuesta de color de una c\u00e1mara.<\/p>\n<p>Para los no familiarizados con estos dispositivos, tratar\u00e9 de explicarlo con palabras m\u00e1s sencillas. Imagina que tenemos un monitor para ver lo que se est\u00e1 grabando. \u00c9ste monitor es de muy buena calidad (por ejemplo, gracias a un panel IPS), pero es muy limitado en sus men\u00fas, de forma que poco se puede ajustar. Viene razonablemente bien de f\u00e1brica, pero nos gustar\u00eda mejorarlo. \u00bfQu\u00e9 podemos hacer?<\/p>\n<p>Est\u00e1 claro que si el monitor tiene muy pocas posibilidades en sus men\u00fas o con sus controles externos, no hay mucho que hacer por esa v\u00eda. Pero s\u00ed que se puede modificar la se\u00f1al de video que le llega. Y justamente eso es lo que hace este curioso dispositivo: calibrar una pantalla o modificar la respuesta de color de una c\u00e1mara a base de \u201cacondicionar\u201d la se\u00f1al que genera esa c\u00e1mara o que llega a esa pantalla.<\/p>\n<p><a href=\"http:\/\/www.hugorodriguez.com\/blog\/wp-content\/uploads\/2015\/10\/Fuji-IS-mini_04.jpg\"><img loading=\"lazy\" decoding=\"async\" class=\"size-medium wp-image-2646 aligncenter\" src=\"http:\/\/www.hugorodriguez.com\/blog\/wp-content\/uploads\/2015\/10\/Fuji-IS-mini_04-500x333.jpg\" alt=\"Fuji-IS-mini_04\" width=\"500\" height=\"333\" srcset=\"https:\/\/www.hugorodriguez.com\/blog\/wp-content\/uploads\/2015\/10\/Fuji-IS-mini_04-500x333.jpg 500w, https:\/\/www.hugorodriguez.com\/blog\/wp-content\/uploads\/2015\/10\/Fuji-IS-mini_04-450x300.jpg 450w, https:\/\/www.hugorodriguez.com\/blog\/wp-content\/uploads\/2015\/10\/Fuji-IS-mini_04-705x469.jpg 705w, https:\/\/www.hugorodriguez.com\/blog\/wp-content\/uploads\/2015\/10\/Fuji-IS-mini_04.jpg 800w\" sizes=\"auto, (max-width: 500px) 100vw, 500px\" \/><\/a><\/p>\n<p>La idea, aunque muy ingeniosa, no es nueva ni tampoco f\u00e1cil de llevar a cabo. La potencia de c\u00e1lculo que tiene que realizar este \u201caparatito\u201d no es nada desde\u00f1able, puesto que tiene que ser capaz de hacer fuertes modificaciones tanto de luminosidad como de contraste y de color a la imagen, pero a 25 o m\u00e1s fotogramas por segundo, que no es \u201cmoco de pavo\u201d.<\/p>\n<p>Externamente es muy sencillo, y tiene un dise\u00f1o muy limpio y elegante. Por un costado lleva la conexi\u00f3n de la cual recibe la alimentaci\u00f3n de corriente, una entrada HD-SDI (un tipo de conexi\u00f3n muy utilizado en el mundo del video profesional) y una conexi\u00f3n de red (para gestionar los diferentes ajustes sin necesidad de un cable USB corto).<\/p>\n<p style=\"text-align: center;\"><a href=\"http:\/\/www.hugorodriguez.com\/blog\/wp-content\/uploads\/2015\/10\/Fuji-IS-mini_03.jpg\"><img loading=\"lazy\" decoding=\"async\" class=\"alignnone size-medium wp-image-2645\" src=\"http:\/\/www.hugorodriguez.com\/blog\/wp-content\/uploads\/2015\/10\/Fuji-IS-mini_03-500x454.jpg\" alt=\"Fuji-IS-mini_03\" width=\"500\" height=\"454\" srcset=\"https:\/\/www.hugorodriguez.com\/blog\/wp-content\/uploads\/2015\/10\/Fuji-IS-mini_03-500x454.jpg 500w, https:\/\/www.hugorodriguez.com\/blog\/wp-content\/uploads\/2015\/10\/Fuji-IS-mini_03-450x409.jpg 450w, https:\/\/www.hugorodriguez.com\/blog\/wp-content\/uploads\/2015\/10\/Fuji-IS-mini_03.jpg 660w\" sizes=\"auto, (max-width: 500px) 100vw, 500px\" \/><\/a><\/p>\n<p>Por el otro costado lleva una conexi\u00f3n USB (para una gesti\u00f3n directa), una salida HDMI y otra HD-SDI. No tiene botones, ni interruptores ni mucho menos pantalla. Todo se maneja desde el ordenador.<\/p>\n<p style=\"text-align: center;\"><a href=\"http:\/\/www.hugorodriguez.com\/blog\/wp-content\/uploads\/2015\/10\/Fuji-IS-mini_02.jpg\"><img loading=\"lazy\" decoding=\"async\" class=\"alignnone size-medium wp-image-2644\" src=\"http:\/\/www.hugorodriguez.com\/blog\/wp-content\/uploads\/2015\/10\/Fuji-IS-mini_02-500x452.jpg\" alt=\"Fuji-IS-mini_02\" width=\"500\" height=\"452\" srcset=\"https:\/\/www.hugorodriguez.com\/blog\/wp-content\/uploads\/2015\/10\/Fuji-IS-mini_02-500x452.jpg 500w, https:\/\/www.hugorodriguez.com\/blog\/wp-content\/uploads\/2015\/10\/Fuji-IS-mini_02-450x407.jpg 450w, https:\/\/www.hugorodriguez.com\/blog\/wp-content\/uploads\/2015\/10\/Fuji-IS-mini_02.jpg 663w\" sizes=\"auto, (max-width: 500px) 100vw, 500px\" \/><\/a><\/p>\n<p>Una vez que se instala el software y se activa la licencia correspondiente, accedemos a la sorprendente variedad de funciones y par\u00e1metros que llega a gestionar esta LUT port\u00e1til:<\/p>\n<p style=\"text-align: center;\"><a href=\"http:\/\/www.hugorodriguez.com\/blog\/wp-content\/uploads\/2015\/10\/IS-mini_software_042.jpg\"><img loading=\"lazy\" decoding=\"async\" class=\"alignnone size-medium wp-image-2638\" src=\"http:\/\/www.hugorodriguez.com\/blog\/wp-content\/uploads\/2015\/10\/IS-mini_software_042-500x400.jpg\" alt=\"IS-mini_software_042\" width=\"500\" height=\"400\" srcset=\"https:\/\/www.hugorodriguez.com\/blog\/wp-content\/uploads\/2015\/10\/IS-mini_software_042-500x400.jpg 500w, https:\/\/www.hugorodriguez.com\/blog\/wp-content\/uploads\/2015\/10\/IS-mini_software_042-450x360.jpg 450w, https:\/\/www.hugorodriguez.com\/blog\/wp-content\/uploads\/2015\/10\/IS-mini_software_042-705x564.jpg 705w, https:\/\/www.hugorodriguez.com\/blog\/wp-content\/uploads\/2015\/10\/IS-mini_software_042.jpg 716w\" sizes=\"auto, (max-width: 500px) 100vw, 500px\" \/><\/a><\/p>\n<p>Desde la pantalla principal se accede a cuatro grandes apartados (que aparecen en forma de cuatro grandes botones en la parte inferior derecha): los ajustes, la correcci\u00f3n de color sobre la imagen introducida por HD-SDI, la calibraci\u00f3n de monitor (via la salida HDMI) y un apartado de inicializaci\u00f3n del software.<\/p>\n<p>En los d\u00edas en que pude probar este curioso dispositivo, gracias a la gentileza de Fujifilm Espa\u00f1a, intent\u00e9 organizar una prueba para probarlo con una c\u00e1mara de video profesional Sony con salida HD-SDI, pero al final me fue imposible.<\/p>\n<p>Tengo pendiente probarla en persona, pero por lo que me han explicado desde Fujifilm, la forma de utilizarla en c\u00e1mara es la siguiente: durante un d\u00eda de rodaje, las condiciones lum\u00ednicas en exterior van cambiando, lo que luego provoca que unas escenas no casen perfectamente con las sucesivas. Para ello, utilizando una mesa de control Tangent (como la <a href=\"http:\/\/www.tangentwave.co.uk\/products_element.asp\">Element<\/a>) se monitoriza desde una sala lo que est\u00e1 registrando la C\u00e1mara en ese momento y se corrige en tiempo real la luminancia y que luminancia con esta mesa de control. Estas correcciones se pueden almacenar al momento en la IS-Mini y se pueden guardar en la tarjeta de memoria junto con los videos capturados, de forma que m\u00e1s adelante, durante la edici\u00f3n, el colorista pueda cargar estas correcciones (las LUT) y facilitar el trabajo.<\/p>\n<p>Puedes ver una muestra de c\u00f3mo se utiliza aqu\u00ed:<\/p>\n<div  class='avia-video av-2vgc3u-e3d8bb6c840ae98be87a1e4e4409e0d6 avia-video-16-9 av-no-preview-image avia-video-load-always av-lazyload-immediate av-lazyload-video-embed'  itemprop=\"video\" itemtype=\"https:\/\/schema.org\/VideoObject\"  data-original_url='http:\/\/vimeo.com\/131882471'><script type='text\/html' class='av-video-tmpl'><div class='avia-iframe-wrap'><iframe loading=\"lazy\" src=\"https:\/\/player.vimeo.com\/video\/131882471?autoplay=0&loop=0&controls=1&muted=0\" width=\"1280\" height=\"720\" frameborder=\"0\" title=\"DIT World \/ Managing 3D LUT on set\" webkitallowfullscreen mozallowfullscreen allowfullscreen><\/iframe><\/div><\/script><div class='av-click-to-play-overlay'><div class=\"avia_playpause_icon\"><\/div><\/div><\/div>\n<p>Cuando se entra en este modo (Color correction with IS-Lut), se accede a una pantalla repleta de controles e informaci\u00f3n, que a primera vista puede impresionar, especialmente a los menos familiarizados con el mundo de la correcci\u00f3n del color.<\/p>\n<p style=\"text-align: center;\"><a href=\"http:\/\/www.hugorodriguez.com\/blog\/wp-content\/uploads\/2015\/10\/IS-mini_software_012.jpg\"><img loading=\"lazy\" decoding=\"async\" class=\"alignnone size-medium wp-image-2635\" src=\"http:\/\/www.hugorodriguez.com\/blog\/wp-content\/uploads\/2015\/10\/IS-mini_software_012-500x301.jpg\" alt=\"IS-mini_software_012\" width=\"500\" height=\"301\" srcset=\"https:\/\/www.hugorodriguez.com\/blog\/wp-content\/uploads\/2015\/10\/IS-mini_software_012-500x301.jpg 500w, https:\/\/www.hugorodriguez.com\/blog\/wp-content\/uploads\/2015\/10\/IS-mini_software_012-450x271.jpg 450w, https:\/\/www.hugorodriguez.com\/blog\/wp-content\/uploads\/2015\/10\/IS-mini_software_012-800x482.jpg 800w, https:\/\/www.hugorodriguez.com\/blog\/wp-content\/uploads\/2015\/10\/IS-mini_software_012-705x425.jpg 705w, https:\/\/www.hugorodriguez.com\/blog\/wp-content\/uploads\/2015\/10\/IS-mini_software_012.jpg 824w\" sizes=\"auto, (max-width: 500px) 100vw, 500px\" \/><\/a><\/p>\n<p>Es cierto que condensa un mont\u00f3n de apartados reguladores y botones, pero tambi\u00e9n es cierto que la potencia para modificar el color que demuestra tener este peque\u00f1o dispositivo queda patente al contemplar esta pantalla. Desde ella podemos comenzar desde cero una sesi\u00f3n de correcci\u00f3n de color utilizando los habituales controles circulares de Gain, Lift, Gamma, Offset, Power y Slope, que puede modificarse globalmente, canal por canal (RGB) o solamente en el canal luminancia (Y). Tambi\u00e9n tiene un apartado para modificar los colores en una vista de vectorscopio<\/p>\n<p style=\"text-align: center;\"><a href=\"http:\/\/www.hugorodriguez.com\/blog\/wp-content\/uploads\/2015\/10\/IS-mini_software_014.jpg\"><img loading=\"lazy\" decoding=\"async\" class=\"alignnone size-medium wp-image-2636\" src=\"http:\/\/www.hugorodriguez.com\/blog\/wp-content\/uploads\/2015\/10\/IS-mini_software_014-500x301.jpg\" alt=\"IS-mini_software_014\" width=\"500\" height=\"301\" srcset=\"https:\/\/www.hugorodriguez.com\/blog\/wp-content\/uploads\/2015\/10\/IS-mini_software_014-500x301.jpg 500w, https:\/\/www.hugorodriguez.com\/blog\/wp-content\/uploads\/2015\/10\/IS-mini_software_014-450x271.jpg 450w, https:\/\/www.hugorodriguez.com\/blog\/wp-content\/uploads\/2015\/10\/IS-mini_software_014-800x482.jpg 800w, https:\/\/www.hugorodriguez.com\/blog\/wp-content\/uploads\/2015\/10\/IS-mini_software_014-705x425.jpg 705w, https:\/\/www.hugorodriguez.com\/blog\/wp-content\/uploads\/2015\/10\/IS-mini_software_014.jpg 824w\" sizes=\"auto, (max-width: 500px) 100vw, 500px\" \/><\/a><\/p>\n<p>Si has hecho correcci\u00f3n de color en video (por ejemplo, con DaVinci Resolve), seguramente te resultan familiares estos controles.<\/p>\n<p>Aparte de empezar desde cero a hacer correcciones, tambi\u00e9n puede cargarse una LUT como punto de partida. Para los no familiarizados, una LUT viene a ser parecido a lo que en fotograf\u00eda conocemos como un perfil de color ICC, pero con algunas diferencias. En esencia son muy similares: ficheros que tienen la capacidad de hacer potentes y complejas correcciones de color que, o bien son muy dif\u00edciles de llevar a cabo con los controles de color habituales, o bien son directamente imposibles.<\/p>\n<p>Pues bien, se puede cargar como punto de partida una LUT, y sobre ella hacer correcciones a mano.<\/p>\n<p style=\"text-align: center;\"><a href=\"http:\/\/www.hugorodriguez.com\/blog\/wp-content\/uploads\/2015\/10\/IS-mini_software_022.jpg\"><img loading=\"lazy\" decoding=\"async\" class=\"alignnone size-medium wp-image-2637\" src=\"http:\/\/www.hugorodriguez.com\/blog\/wp-content\/uploads\/2015\/10\/IS-mini_software_022-500x301.jpg\" alt=\"IS-mini_software_022\" width=\"500\" height=\"301\" srcset=\"https:\/\/www.hugorodriguez.com\/blog\/wp-content\/uploads\/2015\/10\/IS-mini_software_022-500x301.jpg 500w, https:\/\/www.hugorodriguez.com\/blog\/wp-content\/uploads\/2015\/10\/IS-mini_software_022-450x271.jpg 450w, https:\/\/www.hugorodriguez.com\/blog\/wp-content\/uploads\/2015\/10\/IS-mini_software_022-800x482.jpg 800w, https:\/\/www.hugorodriguez.com\/blog\/wp-content\/uploads\/2015\/10\/IS-mini_software_022-705x425.jpg 705w, https:\/\/www.hugorodriguez.com\/blog\/wp-content\/uploads\/2015\/10\/IS-mini_software_022.jpg 824w\" sizes=\"auto, (max-width: 500px) 100vw, 500px\" \/><\/a><\/p>\n<p>Una vez cargada una LUT, se puede ver la curva de transferencia de tonos, y sobre ella hacer ajustes diversos aunque, como dec\u00eda, desgraciadamente no tuve la oportunidad de poder probarlo con una c\u00e1mara real.<\/p>\n<p>Lo que s\u00ed que he testeado es la funci\u00f3n de calibraci\u00f3n de pantalla, a la que se accede a trav\u00e9s del bot\u00f3n <em>Manage monitor calibration<\/em>.<\/p>\n<p style=\"text-align: center;\"><a href=\"http:\/\/www.hugorodriguez.com\/blog\/wp-content\/uploads\/2015\/10\/IS-mini_software_042.jpg\"><img loading=\"lazy\" decoding=\"async\" class=\"alignnone size-medium wp-image-2638\" src=\"http:\/\/www.hugorodriguez.com\/blog\/wp-content\/uploads\/2015\/10\/IS-mini_software_042-500x400.jpg\" alt=\"IS-mini_software_042\" width=\"500\" height=\"400\" srcset=\"https:\/\/www.hugorodriguez.com\/blog\/wp-content\/uploads\/2015\/10\/IS-mini_software_042-500x400.jpg 500w, https:\/\/www.hugorodriguez.com\/blog\/wp-content\/uploads\/2015\/10\/IS-mini_software_042-450x360.jpg 450w, https:\/\/www.hugorodriguez.com\/blog\/wp-content\/uploads\/2015\/10\/IS-mini_software_042-705x564.jpg 705w, https:\/\/www.hugorodriguez.com\/blog\/wp-content\/uploads\/2015\/10\/IS-mini_software_042.jpg 716w\" sizes=\"auto, (max-width: 500px) 100vw, 500px\" \/><\/a><\/p>\n<p>Es importante aclarar que aunque este aparato permite calibrar un monitor de fotograf\u00eda o de video (o un televisor) a trav\u00e9s de HDMI o HD-SDI, no se puede mostrar ninguna se\u00f1al de video, ni ver lo que est\u00e1 grabando la c\u00e1mara, ni nada parecido. Digamos que una vez se va a calibrar una pantalla, se desconecta esta de la fuente para conectar el cable HDMI al Fuji IS-Mini (de forma que se deja de ver lo que se estaba viendo), y una vez se arranca el proceso de calibrado, s\u00f3lo se ven colores a pantalla completa.<\/p>\n<p>Al terminar el proceso, se generan todas las modificaciones de color necesarias para que esta pantalla se vea correctamente y se almacenan en una LUT, que se puede exportar a diversos formatos habituales para LUTs. Seguidamente, este fichero se puede cargar en el software de video profesional desde el que se va a visionar el video que se va a editar. Dicho en t\u00e9rminos sencillos: con el IS-Mini se averigua que correcciones (en forma de un fichero LUT) hay que hacer en la se\u00f1al que se le env\u00eda a esa pantalla para que se vea como si estuviera calibrada, para luego introducir esa LUT en DaVinci Resolve (por ejemplo) y garantizar que el previo del video se ve perfectamente.<\/p>\n<p>La gran ventaja del IS-Mini es que desbloquea la imposibilidad de conseguir calibraciones muy finas incluso con monitores de ajustes muy toscos, que suelen ser lo habitual en el mundo del video profesional.<\/p>\n<p>Una vez que se arranca el proceso, hay que escoger cu\u00e1l es el espacio de color, el punto blanco y la curva de gamma que se desea antes de poder empezar:<\/p>\n<p style=\"text-align: center;\"><a href=\"http:\/\/www.hugorodriguez.com\/blog\/wp-content\/uploads\/2015\/10\/IS-mini_software_044-crop.jpg\"><img loading=\"lazy\" decoding=\"async\" class=\"alignnone size-medium wp-image-2639\" src=\"http:\/\/www.hugorodriguez.com\/blog\/wp-content\/uploads\/2015\/10\/IS-mini_software_044-crop-405x500.jpg\" alt=\"IS-mini_software_044 crop\" width=\"405\" height=\"500\" srcset=\"https:\/\/www.hugorodriguez.com\/blog\/wp-content\/uploads\/2015\/10\/IS-mini_software_044-crop-405x500.jpg 405w, https:\/\/www.hugorodriguez.com\/blog\/wp-content\/uploads\/2015\/10\/IS-mini_software_044-crop.jpg 423w\" sizes=\"auto, (max-width: 405px) 100vw, 405px\" \/><\/a><\/p>\n<p>seguidamente, se escoge el color\u00edmetro o espectro fot\u00f3metro que se va a utilizar, se calibra manualmente el punto blanco, luego se escoge la cantidad de parches que se quieren medir, donde el \u201cQuick\u201d de 165 parches, seguramente ser\u00e1 uno de los m\u00e1s utilizados, y comienza el proceso de medici\u00f3n de color, que viene tardando algo menos de 10 minutos.<\/p>\n<p>Al final, se hace una comprobaci\u00f3n y se muestra una pantalla con los valores conseguidos. En este caso, antes probarlo con mi monitor secundario, un DELL U2413, ha arrojado unos valores bastante buenos: un promedio de error de 2,92 para ajustarlo al espacio de color Rec709 partiendo del nativo del propio monitor (aproximadamente un 10% mayor que el Adobe RGB).<\/p>\n<p><a href=\"http:\/\/www.hugorodriguez.com\/blog\/wp-content\/uploads\/2015\/10\/IS-mini_software_046.jpg\"><img loading=\"lazy\" decoding=\"async\" class=\"size-medium wp-image-2641 aligncenter\" src=\"http:\/\/www.hugorodriguez.com\/blog\/wp-content\/uploads\/2015\/10\/IS-mini_software_046-500x294.jpg\" alt=\"IS-mini_software_046\" width=\"500\" height=\"294\" srcset=\"https:\/\/www.hugorodriguez.com\/blog\/wp-content\/uploads\/2015\/10\/IS-mini_software_046-500x294.jpg 500w, https:\/\/www.hugorodriguez.com\/blog\/wp-content\/uploads\/2015\/10\/IS-mini_software_046-450x265.jpg 450w, https:\/\/www.hugorodriguez.com\/blog\/wp-content\/uploads\/2015\/10\/IS-mini_software_046-800x470.jpg 800w, https:\/\/www.hugorodriguez.com\/blog\/wp-content\/uploads\/2015\/10\/IS-mini_software_046-705x414.jpg 705w, https:\/\/www.hugorodriguez.com\/blog\/wp-content\/uploads\/2015\/10\/IS-mini_software_046.jpg 835w\" sizes=\"auto, (max-width: 500px) 100vw, 500px\" \/><\/a><\/p>\n<p>Una vez terminado el proceso, se pueden hacer algunos ajustes finos:<\/p>\n<p style=\"text-align: center;\"><a href=\"http:\/\/www.hugorodriguez.com\/blog\/wp-content\/uploads\/2015\/10\/IS-mini_software_069.jpg\"><img loading=\"lazy\" decoding=\"async\" class=\"alignnone size-medium wp-image-2642\" src=\"http:\/\/www.hugorodriguez.com\/blog\/wp-content\/uploads\/2015\/10\/IS-mini_software_069-433x500.jpg\" alt=\"IS-mini_software_069\" width=\"433\" height=\"500\" srcset=\"https:\/\/www.hugorodriguez.com\/blog\/wp-content\/uploads\/2015\/10\/IS-mini_software_069-433x500.jpg 433w, https:\/\/www.hugorodriguez.com\/blog\/wp-content\/uploads\/2015\/10\/IS-mini_software_069-450x519.jpg 450w, https:\/\/www.hugorodriguez.com\/blog\/wp-content\/uploads\/2015\/10\/IS-mini_software_069.jpg 596w\" sizes=\"auto, (max-width: 433px) 100vw, 433px\" \/><\/a><\/p>\n<p>y, finalmente, exportar todos estos ajustes como una LUT.<\/p>\n<p>En definitiva, el IS-mini es un dispositivo con una LUT integrada de alta calidad y muy potente. Muy interesante para profesionales del video y del mundo del cine que necesiten\u00a0hacer correcciones de color sobre la propia se\u00f1al (en vez de sobre el monitor), que puede ser especialmente interesante en aquellos casos en los que el propio monitor no permite hacer estos ajustes tan finos. Tambi\u00e9n cuanto el monitor est\u00e1 supuestamente bien calibrado pero por alguna raz\u00f3n (t\u00edpicamente por tarjetas de video o convertidoras de se\u00f1al intercaladas) deja de estarlo, como me he encontrado personalmente en algunos estudios de coloristas (por ejemplo, <a title=\"Calibrando un HP Dreamcolor Z27x para video profesional\" href=\"http:\/\/www.hugorodriguez.com\/blog\/2015\/10\/calibrando-un-hp-dreamcolor-z27x-para-video-profesional\/\">este<\/a>).<\/p>\n<p>Tambi\u00e9n para sets de rodaje donde es conveniente hacer un primer etalonaje r\u00e1pido de lo filmado que poder usar en la posterior edici\u00f3n.<\/p>\n<p>Agradecimientos a Jose M\u00e1rquez, Albert Flaujat y Salvador Luna de Fujifilm Espa\u00f1a por la colaboraci\u00f3n prestada.<\/p>\n<p>&nbsp;<\/p>\n","protected":false},"excerpt":{"rendered":"<p>\u00a0 Nota: Fujifilm Espa\u00f1a me ha prestado este IS-mini para hacer este art\u00edculo. No he tenido que pagar nada y tampoco he recibido ninguna compensaci\u00f3n econ\u00f3mica. He tenido que devolverlo pasadas dos semanas. Que el v\u00eddeo est\u00e1 en auge es algo que nadie niega. Cada vez tenemos m\u00e1s y mejores equipos tanto para capturar como [&hellip;]<\/p>\n","protected":false},"author":1,"featured_media":2643,"parent":2652,"menu_order":0,"comment_status":"open","ping_status":"closed","template":"","meta":{"footnotes":""},"class_list":["post-2634","page","type-page","status-publish","has-post-thumbnail","hentry"],"_links":{"self":[{"href":"https:\/\/www.hugorodriguez.com\/blog\/wp-json\/wp\/v2\/pages\/2634","targetHints":{"allow":["GET"]}}],"collection":[{"href":"https:\/\/www.hugorodriguez.com\/blog\/wp-json\/wp\/v2\/pages"}],"about":[{"href":"https:\/\/www.hugorodriguez.com\/blog\/wp-json\/wp\/v2\/types\/page"}],"author":[{"embeddable":true,"href":"https:\/\/www.hugorodriguez.com\/blog\/wp-json\/wp\/v2\/users\/1"}],"replies":[{"embeddable":true,"href":"https:\/\/www.hugorodriguez.com\/blog\/wp-json\/wp\/v2\/comments?post=2634"}],"version-history":[{"count":5,"href":"https:\/\/www.hugorodriguez.com\/blog\/wp-json\/wp\/v2\/pages\/2634\/revisions"}],"predecessor-version":[{"id":7923,"href":"https:\/\/www.hugorodriguez.com\/blog\/wp-json\/wp\/v2\/pages\/2634\/revisions\/7923"}],"up":[{"embeddable":true,"href":"https:\/\/www.hugorodriguez.com\/blog\/wp-json\/wp\/v2\/pages\/2652"}],"wp:featuredmedia":[{"embeddable":true,"href":"https:\/\/www.hugorodriguez.com\/blog\/wp-json\/wp\/v2\/media\/2643"}],"wp:attachment":[{"href":"https:\/\/www.hugorodriguez.com\/blog\/wp-json\/wp\/v2\/media?parent=2634"}],"curies":[{"name":"wp","href":"https:\/\/api.w.org\/{rel}","templated":true}]}}