{"id":21362,"date":"2022-06-07T22:34:09","date_gmt":"2022-06-07T20:34:09","guid":{"rendered":"https:\/\/www.hugorodriguez.com\/blog\/?page_id=21362"},"modified":"2022-06-09T20:07:50","modified_gmt":"2022-06-09T18:07:50","slug":"tour-virtual-tech-demo","status":"publish","type":"page","link":"https:\/\/www.hugorodriguez.com\/blog\/porfolio\/tour-virtual-tech-demo\/","title":{"rendered":"TOUR VIRTUAL TECH DEMO"},"content":{"rendered":"<section  class='av_textblock_section av-l44m1k0g-442ad3fc051e5aacab001b9f460eb8d7 '   itemscope=\"itemscope\" itemtype=\"https:\/\/schema.org\/CreativeWork\" ><div class='avia_textblock'  itemprop=\"text\" ><h3 style=\"text-align: center;\">TOURS VIRTUALES<\/h3>\n<p>Aqui puedes ver una tech-demo de lo que es una visita virtual. Se trata de una de las aplicaciones m\u00e1s interesantes -comercialmente hablando- de la tecnolog\u00eda panor\u00e1mica.<\/p>\n<p>En este tour (que con\u00a0mi ayudante\u00a0hemos realizado) del Centro de Tecnolog\u00edas Avanzadas de Zaragoza podr\u00e1s comprobar algunas de sus posibildades tecnol\u00f3gicas, como el sonido ambiental, sonido direccional, plano de situaci\u00f3n, compatibilidad con HTML5, tablets y smartphones, o la compatilidad con el giroscopio de estos \u00faltimos (algo espectacular, por cierto).<\/p>\n<p>NOTA: Debido a que esta sin actualizar, algunas prestaciones no funcionan actualmente (en 2022), como el giroscopio o Google maps.<\/p>\n<\/div><\/section>\n\n<style type=\"text\/css\" data-created_by=\"avia_inline_auto\" id=\"style-css-av-l44m1xrq-367a9b9c9cc17a6f03843e6d85c36280\">\n.avia-image-container.av-l44m1xrq-367a9b9c9cc17a6f03843e6d85c36280 img.avia_image{\nbox-shadow:none;\n}\n.avia-image-container.av-l44m1xrq-367a9b9c9cc17a6f03843e6d85c36280 .av-image-caption-overlay-center{\ncolor:#ffffff;\n}\n<\/style>\n<div  class='avia-image-container av-l44m1xrq-367a9b9c9cc17a6f03843e6d85c36280 av-styling- av-hover-grow av-img-linked avia-align-center  avia-builder-el-1  el_after_av_textblock  el_before_av_textblock '   itemprop=\"image\" itemscope=\"itemscope\" itemtype=\"https:\/\/schema.org\/ImageObject\" ><div class=\"avia-image-container-inner\"><div class=\"avia-image-overlay-wrap\"><a href=\"http:\/\/www.hugorodriguez.com\/tour_virtual\/cta_zaragoza\/tour_cta.html\" class='avia_image '  target=\"_blank\"  rel=\"noopener noreferrer\" aria-label='tour-cta-2015-600'><img decoding=\"async\" fetchpriority=\"high\" class='wp-image-21376 avia-img-lazy-loading-not-21376 avia_image ' src=\"https:\/\/www.hugorodriguez.com\/blog\/wp-content\/uploads\/2022\/06\/tour-cta-2015-600.jpg\" alt='' title='tour-cta-2015-600'  height=\"407\" width=\"600\"  itemprop=\"thumbnailUrl\" srcset=\"https:\/\/www.hugorodriguez.com\/blog\/wp-content\/uploads\/2022\/06\/tour-cta-2015-600.jpg 600w, https:\/\/www.hugorodriguez.com\/blog\/wp-content\/uploads\/2022\/06\/tour-cta-2015-600-80x54.jpg 80w, https:\/\/www.hugorodriguez.com\/blog\/wp-content\/uploads\/2022\/06\/tour-cta-2015-600-500x339.jpg 500w, https:\/\/www.hugorodriguez.com\/blog\/wp-content\/uploads\/2022\/06\/tour-cta-2015-600-450x305.jpg 450w\" sizes=\"(max-width: 600px) 100vw, 600px\" \/><\/a><\/div><\/div><\/div>\n<section  class='av_textblock_section av-l44m24li-dbc5c91f6bcdc40970eb732c18c3947c '   itemscope=\"itemscope\" itemtype=\"https:\/\/schema.org\/CreativeWork\" ><div class='avia_textblock'  itemprop=\"text\" ><p>Mi objetivo en este tour, que he realizado por iniciativa propia y sin ninguna compensaci\u00f3n econ\u00f3mica, es mostrar las posibilidades de esta tecnolog\u00eda.<br \/>\nHan sido necesarias bastantes horas (casi dos semanas) para finalizarlo, y he tratado de incluir el m\u00e1ximo n\u00famero de prestaciones, como:<\/p>\n<ul>\n<li>V\u00eddeo integrado en la propia escena<\/li>\n<li>Compatibilidad con gafas de realidad virtual (Oculus Rift, Samsung Gear, Google Cardboard\u2026). En smartphones y tablets, basta pulsar el bot\u00f3n ENTER VR para comenzar. <strong>NOTA<\/strong>: esta prestacion no funciona en dispositivos actuales (2022)<\/li>\n<li>Tratamiento HDR natural en algunas estancias.<\/li>\n<li>Compatibilidad html5 (tambi\u00e9n con smartphones y tablets).<\/li>\n<li>Sonido ambiental real. M\u00fasica.<\/li>\n<li>Compatibilidad con los giroscopios de smartphones y tablets.<\/li>\n<li>Lluvia.<\/li>\n<li>Galer\u00eda de fotos.<\/li>\n<li>Visor de documentos PDF.<\/li>\n<li>Plano de planta.<\/li>\n<li>Geo localizaci\u00f3n (Google Maps) y br\u00fajula.<\/li>\n<li>V\u00eddeo proyect\u00e1ndose sobre una pantalla.<\/li>\n<li>Empapelado virtual de paredes con fotos.<\/li>\n<li>Colocaci\u00f3n virtual de vinilo de corte en el suelo.<\/li>\n<li>Men\u00fa contextual personalizado.<\/li>\n<li>Diferentes proyecciones (accesibles desde el men\u00fa contextual)<\/li>\n<li>Introducci\u00f3n de \u00abLittle planet\u00bb\u2026 y mucho m\u00e1s<\/li>\n<\/ul>\n<p>No he puesto especial enfasis en que el cosido de las panos sea perfecto, sino en la demostraci\u00f3n tecnol\u00f3gica. Por ello, puede que encuentres algunas &#8216;fisuras&#8217; en el cosido, a las que no he querido dar mayor importancia en este caso. En un trabajo comercial, l\u00f3gicamente, estar\u00edan resueltas.<\/p>\n<\/div><\/section>\n\n<style type=\"text\/css\" data-created_by=\"avia_inline_auto\" id=\"style-css-av-av_one_half-1df1b63c6c045939f2dc1aefbdd8e7ad\">\n.flex_column.av-av_one_half-1df1b63c6c045939f2dc1aefbdd8e7ad{\nborder-radius:0px 0px 0px 0px;\npadding:0px 0px 0px 0px;\n}\n<\/style>\n<div  class='flex_column av-av_one_half-1df1b63c6c045939f2dc1aefbdd8e7ad av_one_half  avia-builder-el-3  el_after_av_textblock  el_before_av_one_half  first flex_column_div av-zero-column-padding  column-top-margin'     ><section  class='av_textblock_section av-l44m5lim-db3955019b32f9b3255c805abc9582c6 '   itemscope=\"itemscope\" itemtype=\"https:\/\/schema.org\/CreativeWork\" ><div class='avia_textblock'  itemprop=\"text\" ><p style=\"text-align: center;\">Lluvia<\/p>\n<\/div><\/section><br \/>\n\n<style type=\"text\/css\" data-created_by=\"avia_inline_auto\" id=\"style-css-av-l44m3mx2-1757758114f7c3776bc4f23e7b367fbd\">\n.avia-image-container.av-l44m3mx2-1757758114f7c3776bc4f23e7b367fbd img.avia_image{\nbox-shadow:none;\n}\n.avia-image-container.av-l44m3mx2-1757758114f7c3776bc4f23e7b367fbd .av-image-caption-overlay-center{\ncolor:#ffffff;\n}\n<\/style>\n<div  class='avia-image-container av-l44m3mx2-1757758114f7c3776bc4f23e7b367fbd av-styling- av-hover-grow av-img-linked avia-align-center  avia-builder-el-5  el_after_av_textblock  avia-builder-el-last '   itemprop=\"image\" itemscope=\"itemscope\" itemtype=\"https:\/\/schema.org\/ImageObject\" ><div class=\"avia-image-container-inner\"><div class=\"avia-image-overlay-wrap\"><a href=\"http:\/\/www.hugorodriguez.com\/tour_virtual\/cta_zaragoza\/tour_cta.html?s=pano1958&amp;h=0&amp;v=0&amp;f=70&amp;skipintro=true\" class='avia_image '  target=\"_blank\"  rel=\"noopener noreferrer\" aria-label='detalles-tour-cta-2015-01'><img decoding=\"async\" fetchpriority=\"high\" class='wp-image-21377 avia-img-lazy-loading-not-21377 avia_image ' src=\"https:\/\/www.hugorodriguez.com\/blog\/wp-content\/uploads\/2022\/06\/detalles-tour-cta-2015-01.jpg\" alt='' title='detalles-tour-cta-2015-01'  height=\"262\" width=\"350\"  itemprop=\"thumbnailUrl\" srcset=\"https:\/\/www.hugorodriguez.com\/blog\/wp-content\/uploads\/2022\/06\/detalles-tour-cta-2015-01.jpg 350w, https:\/\/www.hugorodriguez.com\/blog\/wp-content\/uploads\/2022\/06\/detalles-tour-cta-2015-01-80x60.jpg 80w\" sizes=\"(max-width: 350px) 100vw, 350px\" \/><\/a><\/div><\/div><\/div><\/p><\/div>\n<style type=\"text\/css\" data-created_by=\"avia_inline_auto\" id=\"style-css-av-av_one_half-862f0c8b97abc46405e90743a1c7ee0e\">\n.flex_column.av-av_one_half-862f0c8b97abc46405e90743a1c7ee0e{\nborder-radius:0px 0px 0px 0px;\npadding:0px 0px 0px 0px;\n}\n<\/style>\n<div  class='flex_column av-av_one_half-862f0c8b97abc46405e90743a1c7ee0e av_one_half  avia-builder-el-6  el_after_av_one_half  el_before_av_one_half  flex_column_div av-zero-column-padding  column-top-margin'     ><section  class='av_textblock_section av-l44m5sdi-1af06e8127794d24a22c374f702811f5 '   itemscope=\"itemscope\" itemtype=\"https:\/\/schema.org\/CreativeWork\" ><div class='avia_textblock'  itemprop=\"text\" ><p style=\"text-align: center;\">Empapelado de fotos<\/p>\n<\/div><\/section><br \/>\n\n<style type=\"text\/css\" data-created_by=\"avia_inline_auto\" id=\"style-css-av-l44m4li0-08f9b2a61577431b724fae5f219b0342\">\n.avia-image-container.av-l44m4li0-08f9b2a61577431b724fae5f219b0342 img.avia_image{\nbox-shadow:none;\n}\n.avia-image-container.av-l44m4li0-08f9b2a61577431b724fae5f219b0342 .av-image-caption-overlay-center{\ncolor:#ffffff;\n}\n<\/style>\n<div  class='avia-image-container av-l44m4li0-08f9b2a61577431b724fae5f219b0342 av-styling- av-hover-grow av-img-linked avia-align-center  avia-builder-el-8  el_after_av_textblock  avia-builder-el-last '   itemprop=\"image\" itemscope=\"itemscope\" itemtype=\"https:\/\/schema.org\/ImageObject\" ><div class=\"avia-image-container-inner\"><div class=\"avia-image-overlay-wrap\"><a href=\"http:\/\/www.hugorodriguez.com\/tour_virtual\/cta_zaragoza\/tour_cta.html?s=pano23&amp;h=0&amp;v=0&amp;f=70&amp;skipintro=true\" class='avia_image '  target=\"_blank\"  rel=\"noopener noreferrer\" aria-label='detalles-tour-cta-2015-02'><img decoding=\"async\" fetchpriority=\"high\" class='wp-image-21378 avia-img-lazy-loading-not-21378 avia_image ' src=\"https:\/\/www.hugorodriguez.com\/blog\/wp-content\/uploads\/2022\/06\/detalles-tour-cta-2015-02.jpg\" alt='' title='detalles-tour-cta-2015-02'  height=\"259\" width=\"350\"  itemprop=\"thumbnailUrl\" srcset=\"https:\/\/www.hugorodriguez.com\/blog\/wp-content\/uploads\/2022\/06\/detalles-tour-cta-2015-02.jpg 350w, https:\/\/www.hugorodriguez.com\/blog\/wp-content\/uploads\/2022\/06\/detalles-tour-cta-2015-02-80x59.jpg 80w\" sizes=\"(max-width: 350px) 100vw, 350px\" \/><\/a><\/div><\/div><\/div><\/p><\/div>\n<style type=\"text\/css\" data-created_by=\"avia_inline_auto\" id=\"style-css-av-av_one_half-1df1b63c6c045939f2dc1aefbdd8e7ad\">\n.flex_column.av-av_one_half-1df1b63c6c045939f2dc1aefbdd8e7ad{\nborder-radius:0px 0px 0px 0px;\npadding:0px 0px 0px 0px;\n}\n<\/style>\n<div  class='flex_column av-av_one_half-1df1b63c6c045939f2dc1aefbdd8e7ad av_one_half  avia-builder-el-9  el_after_av_one_half  el_before_av_one_half  first flex_column_div av-zero-column-padding  column-top-margin'     ><section  class='av_textblock_section av-l44m5ycq-0d3a85564d9d6e37b3dbe86986b65cb8 '   itemscope=\"itemscope\" itemtype=\"https:\/\/schema.org\/CreativeWork\" ><div class='avia_textblock'  itemprop=\"text\" ><p style=\"text-align: center;\">Indicaciones virtuales en el suelo<\/p>\n<\/div><\/section><br \/>\n\n<style type=\"text\/css\" data-created_by=\"avia_inline_auto\" id=\"style-css-av-l44m6vth-02efd67d91e448c77e4f939d77cc8092\">\n.avia-image-container.av-l44m6vth-02efd67d91e448c77e4f939d77cc8092 img.avia_image{\nbox-shadow:none;\n}\n.avia-image-container.av-l44m6vth-02efd67d91e448c77e4f939d77cc8092 .av-image-caption-overlay-center{\ncolor:#ffffff;\n}\n<\/style>\n<div  class='avia-image-container av-l44m6vth-02efd67d91e448c77e4f939d77cc8092 av-styling- av-hover-grow av-img-linked avia-align-center  avia-builder-el-11  el_after_av_textblock  avia-builder-el-last '   itemprop=\"image\" itemscope=\"itemscope\" itemtype=\"https:\/\/schema.org\/ImageObject\" ><div class=\"avia-image-container-inner\"><div class=\"avia-image-overlay-wrap\"><a href=\"http:\/\/www.hugorodriguez.com\/tour_virtual\/cta_zaragoza\/tour_cta.html?s=pano23&amp;h=-90&amp;v=35&amp;f=70&amp;skipintro=true\" class='avia_image '  target=\"_blank\"  rel=\"noopener noreferrer\" aria-label='detalles-tour-cta-2015-03'><img decoding=\"async\" fetchpriority=\"high\" class='wp-image-21379 avia-img-lazy-loading-not-21379 avia_image ' src=\"https:\/\/www.hugorodriguez.com\/blog\/wp-content\/uploads\/2022\/06\/detalles-tour-cta-2015-03.jpg\" alt='' title='detalles-tour-cta-2015-03'  height=\"259\" width=\"350\"  itemprop=\"thumbnailUrl\" srcset=\"https:\/\/www.hugorodriguez.com\/blog\/wp-content\/uploads\/2022\/06\/detalles-tour-cta-2015-03.jpg 350w, https:\/\/www.hugorodriguez.com\/blog\/wp-content\/uploads\/2022\/06\/detalles-tour-cta-2015-03-80x59.jpg 80w\" sizes=\"(max-width: 350px) 100vw, 350px\" \/><\/a><\/div><\/div><\/div><\/p><\/div>\n<style type=\"text\/css\" data-created_by=\"avia_inline_auto\" id=\"style-css-av-av_one_half-862f0c8b97abc46405e90743a1c7ee0e\">\n.flex_column.av-av_one_half-862f0c8b97abc46405e90743a1c7ee0e{\nborder-radius:0px 0px 0px 0px;\npadding:0px 0px 0px 0px;\n}\n<\/style>\n<div  class='flex_column av-av_one_half-862f0c8b97abc46405e90743a1c7ee0e av_one_half  avia-builder-el-12  el_after_av_one_half  el_before_av_one_half  flex_column_div av-zero-column-padding  column-top-margin'     ><section  class='av_textblock_section av-l44m63n5-495ae979cfbc88051f31305a414d8fe3 '   itemscope=\"itemscope\" itemtype=\"https:\/\/schema.org\/CreativeWork\" ><div class='avia_textblock'  itemprop=\"text\" ><p style=\"text-align: center;\">Ventana \u00abHDR\u00bb<\/p>\n<\/div><\/section><br \/>\n\n<style type=\"text\/css\" data-created_by=\"avia_inline_auto\" id=\"style-css-av-l44m72ye-ffb0af9bfebd47f45008fe20e123c4b4\">\n.avia-image-container.av-l44m72ye-ffb0af9bfebd47f45008fe20e123c4b4 img.avia_image{\nbox-shadow:none;\n}\n.avia-image-container.av-l44m72ye-ffb0af9bfebd47f45008fe20e123c4b4 .av-image-caption-overlay-center{\ncolor:#ffffff;\n}\n<\/style>\n<div  class='avia-image-container av-l44m72ye-ffb0af9bfebd47f45008fe20e123c4b4 av-styling- av-hover-grow av-img-linked avia-align-center  avia-builder-el-14  el_after_av_textblock  avia-builder-el-last '   itemprop=\"image\" itemscope=\"itemscope\" itemtype=\"https:\/\/schema.org\/ImageObject\" ><div class=\"avia-image-container-inner\"><div class=\"avia-image-overlay-wrap\"><a href=\"http:\/\/www.hugorodriguez.com\/tour_virtual\/cta_zaragoza\/tour_cta.html?s=pano92&amp;h=-14&amp;v=5&amp;f=75&amp;skipintro=true\" class='avia_image '  target=\"_blank\"  rel=\"noopener noreferrer\" aria-label='detalles-tour-cta-2015-04'><img decoding=\"async\" fetchpriority=\"high\" class='wp-image-21380 avia-img-lazy-loading-not-21380 avia_image ' src=\"https:\/\/www.hugorodriguez.com\/blog\/wp-content\/uploads\/2022\/06\/detalles-tour-cta-2015-04.jpg\" alt='' title='detalles-tour-cta-2015-04'  height=\"259\" width=\"350\"  itemprop=\"thumbnailUrl\" srcset=\"https:\/\/www.hugorodriguez.com\/blog\/wp-content\/uploads\/2022\/06\/detalles-tour-cta-2015-04.jpg 350w, https:\/\/www.hugorodriguez.com\/blog\/wp-content\/uploads\/2022\/06\/detalles-tour-cta-2015-04-80x59.jpg 80w\" sizes=\"(max-width: 350px) 100vw, 350px\" \/><\/a><\/div><\/div><\/div><\/p><\/div>\n<style type=\"text\/css\" data-created_by=\"avia_inline_auto\" id=\"style-css-av-av_one_half-1df1b63c6c045939f2dc1aefbdd8e7ad\">\n.flex_column.av-av_one_half-1df1b63c6c045939f2dc1aefbdd8e7ad{\nborder-radius:0px 0px 0px 0px;\npadding:0px 0px 0px 0px;\n}\n<\/style>\n<div  class='flex_column av-av_one_half-1df1b63c6c045939f2dc1aefbdd8e7ad av_one_half  avia-builder-el-15  el_after_av_one_half  el_before_av_one_half  first flex_column_div av-zero-column-padding  column-top-margin'     ><section  class='av_textblock_section av-l44m6i0w-8ecf6ff1755b4baa82e9fead34717fd9 '   itemscope=\"itemscope\" itemtype=\"https:\/\/schema.org\/CreativeWork\" ><div class='avia_textblock'  itemprop=\"text\" ><p style=\"text-align: center;\">M\u00fasica saliendo de altavoces<\/p>\n<\/div><\/section><br \/>\n\n<style type=\"text\/css\" data-created_by=\"avia_inline_auto\" id=\"style-css-av-l44m7lvc-88996f58e1743e0e438d67fc98e35c6b\">\n.avia-image-container.av-l44m7lvc-88996f58e1743e0e438d67fc98e35c6b img.avia_image{\nbox-shadow:none;\n}\n.avia-image-container.av-l44m7lvc-88996f58e1743e0e438d67fc98e35c6b .av-image-caption-overlay-center{\ncolor:#ffffff;\n}\n<\/style>\n<div  class='avia-image-container av-l44m7lvc-88996f58e1743e0e438d67fc98e35c6b av-styling- av-hover-grow av-img-linked avia-align-center  avia-builder-el-17  el_after_av_textblock  avia-builder-el-last '   itemprop=\"image\" itemscope=\"itemscope\" itemtype=\"https:\/\/schema.org\/ImageObject\" ><div class=\"avia-image-container-inner\"><div class=\"avia-image-overlay-wrap\"><a href=\"https:\/\/www.hugorodriguez.com\/tour_virtual\/cta_zaragoza\/tour_cta.html?s=pano79&amp;h=31&amp;v=0&amp;f=70&amp;skipintro=true\" class='avia_image '  target=\"_blank\"  rel=\"noopener noreferrer\" aria-label='detalles-tour-cta-2015-05'><img decoding=\"async\" fetchpriority=\"high\" class='wp-image-21381 avia-img-lazy-loading-not-21381 avia_image ' src=\"https:\/\/www.hugorodriguez.com\/blog\/wp-content\/uploads\/2022\/06\/detalles-tour-cta-2015-05.jpg\" alt='' title='detalles-tour-cta-2015-05'  height=\"259\" width=\"350\"  itemprop=\"thumbnailUrl\" srcset=\"https:\/\/www.hugorodriguez.com\/blog\/wp-content\/uploads\/2022\/06\/detalles-tour-cta-2015-05.jpg 350w, https:\/\/www.hugorodriguez.com\/blog\/wp-content\/uploads\/2022\/06\/detalles-tour-cta-2015-05-80x59.jpg 80w\" sizes=\"(max-width: 350px) 100vw, 350px\" \/><\/a><\/div><\/div><\/div><\/p><\/div>\n<style type=\"text\/css\" data-created_by=\"avia_inline_auto\" id=\"style-css-av-av_one_half-862f0c8b97abc46405e90743a1c7ee0e\">\n.flex_column.av-av_one_half-862f0c8b97abc46405e90743a1c7ee0e{\nborder-radius:0px 0px 0px 0px;\npadding:0px 0px 0px 0px;\n}\n<\/style>\n<div  class='flex_column av-av_one_half-862f0c8b97abc46405e90743a1c7ee0e av_one_half  avia-builder-el-18  el_after_av_one_half  avia-builder-el-last  flex_column_div av-zero-column-padding  column-top-margin'     ><section  class='av_textblock_section av-l44m6on3-577295c8f6bc30f1dc256f83e58272ea '   itemscope=\"itemscope\" itemtype=\"https:\/\/schema.org\/CreativeWork\" ><div class='avia_textblock'  itemprop=\"text\" ><p style=\"text-align: center;\">Video proyect\u00e1ndose en pantalla<\/p>\n<\/div><\/section><br \/>\n\n<style type=\"text\/css\" data-created_by=\"avia_inline_auto\" id=\"style-css-av-l44m8004-a8f1dad9e0d69dd387b6a22e300fb596\">\n.avia-image-container.av-l44m8004-a8f1dad9e0d69dd387b6a22e300fb596 img.avia_image{\nbox-shadow:none;\n}\n.avia-image-container.av-l44m8004-a8f1dad9e0d69dd387b6a22e300fb596 .av-image-caption-overlay-center{\ncolor:#ffffff;\n}\n<\/style>\n<div  class='avia-image-container av-l44m8004-a8f1dad9e0d69dd387b6a22e300fb596 av-styling- av-hover-grow av-img-linked avia-align-center  avia-builder-el-20  el_after_av_textblock  avia-builder-el-last '   itemprop=\"image\" itemscope=\"itemscope\" itemtype=\"https:\/\/schema.org\/ImageObject\" ><div class=\"avia-image-container-inner\"><div class=\"avia-image-overlay-wrap\"><a href=\"http:\/\/www.hugorodriguez.com\/tour_virtual\/cta_zaragoza\/tour_cta.html?s=pano64&amp;h=58&amp;v=0&amp;f=70&amp;skipintro=true\" class='avia_image '  target=\"_blank\"  rel=\"noopener noreferrer\" aria-label='detalles-tour-cta-2015-06'><img decoding=\"async\" fetchpriority=\"high\" class='wp-image-21382 avia-img-lazy-loading-not-21382 avia_image ' src=\"https:\/\/www.hugorodriguez.com\/blog\/wp-content\/uploads\/2022\/06\/detalles-tour-cta-2015-06.jpg\" alt='' title='detalles-tour-cta-2015-06'  height=\"259\" width=\"350\"  itemprop=\"thumbnailUrl\" srcset=\"https:\/\/www.hugorodriguez.com\/blog\/wp-content\/uploads\/2022\/06\/detalles-tour-cta-2015-06.jpg 350w, https:\/\/www.hugorodriguez.com\/blog\/wp-content\/uploads\/2022\/06\/detalles-tour-cta-2015-06-80x59.jpg 80w\" sizes=\"(max-width: 350px) 100vw, 350px\" \/><\/a><\/div><\/div><\/div><\/p><\/div><\/p>\n","protected":false},"excerpt":{"rendered":"","protected":false},"author":1,"featured_media":0,"parent":4022,"menu_order":0,"comment_status":"closed","ping_status":"closed","template":"","meta":{"footnotes":""},"class_list":["post-21362","page","type-page","status-publish","hentry"],"_links":{"self":[{"href":"https:\/\/www.hugorodriguez.com\/blog\/wp-json\/wp\/v2\/pages\/21362","targetHints":{"allow":["GET"]}}],"collection":[{"href":"https:\/\/www.hugorodriguez.com\/blog\/wp-json\/wp\/v2\/pages"}],"about":[{"href":"https:\/\/www.hugorodriguez.com\/blog\/wp-json\/wp\/v2\/types\/page"}],"author":[{"embeddable":true,"href":"https:\/\/www.hugorodriguez.com\/blog\/wp-json\/wp\/v2\/users\/1"}],"replies":[{"embeddable":true,"href":"https:\/\/www.hugorodriguez.com\/blog\/wp-json\/wp\/v2\/comments?post=21362"}],"version-history":[{"count":4,"href":"https:\/\/www.hugorodriguez.com\/blog\/wp-json\/wp\/v2\/pages\/21362\/revisions"}],"predecessor-version":[{"id":21385,"href":"https:\/\/www.hugorodriguez.com\/blog\/wp-json\/wp\/v2\/pages\/21362\/revisions\/21385"}],"up":[{"embeddable":true,"href":"https:\/\/www.hugorodriguez.com\/blog\/wp-json\/wp\/v2\/pages\/4022"}],"wp:attachment":[{"href":"https:\/\/www.hugorodriguez.com\/blog\/wp-json\/wp\/v2\/media?parent=21362"}],"curies":[{"name":"wp","href":"https:\/\/api.w.org\/{rel}","templated":true}]}}