{"id":20194,"date":"2022-02-05T15:46:21","date_gmt":"2022-02-05T13:46:21","guid":{"rendered":"https:\/\/www.hugorodriguez.com\/blog\/?page_id=20194"},"modified":"2022-02-05T15:49:33","modified_gmt":"2022-02-05T13:49:33","slug":"necesitas-ayuda","status":"publish","type":"page","link":"https:\/\/www.hugorodriguez.com\/blog\/cursos-y-conferencias\/necesitas-ayuda\/","title":{"rendered":"\u00bfNecesitas ayuda?"},"content":{"rendered":"<h2><\/h2>\n<h2 style=\"text-align: center;\">\u00bfNecesitas ayuda?<\/h2>\n<p>No te preocupes, si tienes alg\u00fan problema relacionado con:<\/p>\n<ul>\n<li><strong>Gesti\u00f3n del color<\/strong>. Quieres comprar o calibrar un monitor, una impresora, un esc\u00e1ner o incluso quieres saber si tu c\u00e1mara tiene una gama de color mayor o menor que el espacio AdobeRGB&#8230;<\/li>\n<li><strong>Procesado de RAW<\/strong>. Con Capture One, Lightroom Classic, Camera RAW o incluso programas minoritarios como el de Nikon o Canon, DxO PhotoLab, Luminar Ai o Affinity. Despejar dudas puntuales, recibir clases particulares y\/o aprender el programa desde cero hasta un nivel muy avanzado&#8230;<\/li>\n<li><strong>Fotograf\u00eda panor\u00e1mica<\/strong>. Con c\u00e1mara y r\u00f3tula o regleta. Con c\u00e1mara 360\u00ba (tipo Ricoh Theta, Insta 360&#8230;). Con Photoshop, Lightroom o PTGui. T\u00e9cnicas, accesorios, el proceso completo hasta montar una panor\u00e1mica equirectangular o un Little Planet.<\/li>\n<\/ul>\n<p><img loading=\"lazy\" decoding=\"async\" class=\"aligncenter wp-image-6477 size-large\" src=\"https:\/\/www.hugorodriguez.com\/blog\/wp-content\/uploads\/2016\/11\/Pano-Nautilus-BII-1030x277.jpg\" alt=\"\" width=\"1030\" height=\"277\" srcset=\"https:\/\/www.hugorodriguez.com\/blog\/wp-content\/uploads\/2016\/11\/Pano-Nautilus-BII-1030x277.jpg 1030w, https:\/\/www.hugorodriguez.com\/blog\/wp-content\/uploads\/2016\/11\/Pano-Nautilus-BII-450x121.jpg 450w, https:\/\/www.hugorodriguez.com\/blog\/wp-content\/uploads\/2016\/11\/Pano-Nautilus-BII-80x21.jpg 80w, https:\/\/www.hugorodriguez.com\/blog\/wp-content\/uploads\/2016\/11\/Pano-Nautilus-BII-500x134.jpg 500w, https:\/\/www.hugorodriguez.com\/blog\/wp-content\/uploads\/2016\/11\/Pano-Nautilus-BII-705x189.jpg 705w, https:\/\/www.hugorodriguez.com\/blog\/wp-content\/uploads\/2016\/11\/Pano-Nautilus-BII.jpg 1200w\" sizes=\"auto, (max-width: 1030px) 100vw, 1030px\" \/><\/p>\n<ul>\n<li><strong>Calidad de la imagen<\/strong>. \u00bfNo consigues fotos n\u00edtidas? \u00bfProblemas de backfocus? \u00bfDemasiado ruido y no sabes como reducirlo bien? Artefactos extra\u00f1os (tipo aliasing, artefactos, hot pixels, moir\u00e8&#8230;)<\/li>\n<li><strong>Escaneo de originales<\/strong>. Escaneo de fotograf\u00edas en papel, libros o revistas, diapositivas o negativos. Limpieza del original. Destramado. Reducci\u00f3n de manchas y rayones. Eliminar el polvo y la est\u00e1tica. Inversi\u00f3n manual de negativos de alta calidad. Reducci\u00f3n de grano&#8230;<\/li>\n<\/ul>\n<p><img loading=\"lazy\" decoding=\"async\" class=\"aligncenter wp-image-1595 size-full\" src=\"https:\/\/www.hugorodriguez.com\/blog\/wp-content\/uploads\/2014\/11\/workshop-gescolor-avanzado-alfa-800.png\" alt=\"\" width=\"800\" height=\"220\" srcset=\"https:\/\/www.hugorodriguez.com\/blog\/wp-content\/uploads\/2014\/11\/workshop-gescolor-avanzado-alfa-800.png 800w, https:\/\/www.hugorodriguez.com\/blog\/wp-content\/uploads\/2014\/11\/workshop-gescolor-avanzado-alfa-800-450x124.png 450w, https:\/\/www.hugorodriguez.com\/blog\/wp-content\/uploads\/2014\/11\/workshop-gescolor-avanzado-alfa-800-500x137.png 500w, https:\/\/www.hugorodriguez.com\/blog\/wp-content\/uploads\/2014\/11\/workshop-gescolor-avanzado-alfa-800-705x193.png 705w\" sizes=\"auto, (max-width: 800px) 100vw, 800px\" \/><\/p>\n<p>Si tienes dudas puntuales, problemas relacionados con todo lo anterior o simplemente quieres aprender, puedes contactar conmigo. Tanto si necesitas \u00fanicamente 10 minutos para una duda puntual como si necesitas 1 o 2h para ver en detalle c\u00f3mo mejorar el revelado de tus RAW, puedes contar con mi ayuda y experiencia en todos esos campos.<\/p>\n<p>&nbsp;<\/p>\n<h3 style=\"text-align: center;\">\u00bfComo contactar?<\/h3>\n<p>Puedes contactarme via <a href=\"https:\/\/www.instagram.com\/hugorodriguezlab\/\" target=\"_blank\" rel=\"noopener\">Instagram<\/a>, <a href=\"https:\/\/www.facebook.com\/HugoRodriguezLab\/\" target=\"_blank\" rel=\"noopener\">Facebook<\/a>, el <a href=\"https:\/\/www.hugorodriguez.com\/blog\/blog-list\/formulario-de-contacto\/\">formulario<\/a> de esta web (ojo, revisa tu carpeta de Spam, que a veces mi respuesta va a parar alli) o directamente a:<\/p>\n<p><img loading=\"lazy\" decoding=\"async\" class=\"aligncenter wp-image-3853 size-full\" src=\"https:\/\/www.hugorodriguez.com\/blog\/wp-content\/uploads\/2016\/11\/correo-infohugorguez.gif\" alt=\"\" width=\"158\" height=\"26\" \/><\/p>\n<p>&nbsp;<\/p>\n<h3 style=\"text-align: center;\">\u00bfCu\u00e1nto me cuesta?<\/h3>\n<p>Puedes reservar tu sesi\u00f3n One2One (clases personalizadas de toda la vida, vaya) por un precio m\u00f3dico de 1,1\u20ac\/min facturables en minutos. Si necesitas algo m\u00e1s, te puedo ofrecer descuentos a partir de 3h.<\/p>\n<p>&nbsp;<\/p>\n<h3 style=\"text-align: center;\">\u00bfEres estudiante?<\/h3>\n<p>Entonces tienes un <strong>descuento del \u00a160%!<\/strong> Simplemente necesitar\u00e9 un documento sellado que acredite que est\u00e1s estudiando una formaci\u00f3n de grado medio o superior o carrera para que obtengas autom\u00e1ticamente este descuento.<\/p>\n<p>&nbsp;<\/p>\n<p>&nbsp;<\/p>\n","protected":false},"excerpt":{"rendered":"<p>\u00bfNecesitas ayuda? No te preocupes, si tienes alg\u00fan problema relacionado con: Gesti\u00f3n del color. Quieres comprar o calibrar un monitor, una impresora, un esc\u00e1ner o incluso quieres saber si tu c\u00e1mara tiene una gama de color mayor o menor que el espacio AdobeRGB&#8230; Procesado de RAW. Con Capture One, Lightroom Classic, Camera RAW o incluso [&hellip;]<\/p>\n","protected":false},"author":1,"featured_media":1845,"parent":3157,"menu_order":0,"comment_status":"closed","ping_status":"closed","template":"","meta":{"footnotes":""},"class_list":["post-20194","page","type-page","status-publish","has-post-thumbnail","hentry"],"_links":{"self":[{"href":"https:\/\/www.hugorodriguez.com\/blog\/wp-json\/wp\/v2\/pages\/20194","targetHints":{"allow":["GET"]}}],"collection":[{"href":"https:\/\/www.hugorodriguez.com\/blog\/wp-json\/wp\/v2\/pages"}],"about":[{"href":"https:\/\/www.hugorodriguez.com\/blog\/wp-json\/wp\/v2\/types\/page"}],"author":[{"embeddable":true,"href":"https:\/\/www.hugorodriguez.com\/blog\/wp-json\/wp\/v2\/users\/1"}],"replies":[{"embeddable":true,"href":"https:\/\/www.hugorodriguez.com\/blog\/wp-json\/wp\/v2\/comments?post=20194"}],"version-history":[{"count":5,"href":"https:\/\/www.hugorodriguez.com\/blog\/wp-json\/wp\/v2\/pages\/20194\/revisions"}],"predecessor-version":[{"id":20203,"href":"https:\/\/www.hugorodriguez.com\/blog\/wp-json\/wp\/v2\/pages\/20194\/revisions\/20203"}],"up":[{"embeddable":true,"href":"https:\/\/www.hugorodriguez.com\/blog\/wp-json\/wp\/v2\/pages\/3157"}],"wp:featuredmedia":[{"embeddable":true,"href":"https:\/\/www.hugorodriguez.com\/blog\/wp-json\/wp\/v2\/media\/1845"}],"wp:attachment":[{"href":"https:\/\/www.hugorodriguez.com\/blog\/wp-json\/wp\/v2\/media?parent=20194"}],"curies":[{"name":"wp","href":"https:\/\/api.w.org\/{rel}","templated":true}]}}