{"id":1723,"date":"2014-11-11T20:16:33","date_gmt":"2014-11-11T19:16:33","guid":{"rendered":"http:\/\/www.hugorodriguez.com\/blog\/?page_id=1723"},"modified":"2019-04-25T17:37:34","modified_gmt":"2019-04-25T15:37:34","slug":"servicios-de-gestion-de-color","status":"publish","type":"page","link":"https:\/\/www.hugorodriguez.com\/blog\/servicios-de-gestion-de-color\/","title":{"rendered":"Servicios de gesti\u00f3n de color"},"content":{"rendered":"<h2 style=\"text-align: center;\">SERVICIOS DE GESTI\u00d3N DEL COLOR<\/h2>\n<p>&nbsp;<\/p>\n<p>\n<style type=\"text\/css\" data-created_by=\"avia_inline_auto\" id=\"style-css-av-mw4gln-3519c8a5e7f48846df3aa8e6b79302b1\">\n.avia-accordion.av-mw4gln-3519c8a5e7f48846df3aa8e6b79302b1{\nmax-height:630px;\n}\n.avia-accordion.av-mw4gln-3519c8a5e7f48846df3aa8e6b79302b1 .aviaccordion-preview{\nwidth:17.1%;\n}\n.avia-accordion .aviaccordion-slide.av-mw4gln-3519c8a5e7f48846df3aa8e6b79302b1__0{\nleft:0%;\n}\n.avia-accordion .aviaccordion-slide.av-mw4gln-3519c8a5e7f48846df3aa8e6b79302b1__1{\nleft:16.666666666667%;\n}\n.avia-accordion .aviaccordion-slide.av-mw4gln-3519c8a5e7f48846df3aa8e6b79302b1__2{\nleft:33.333333333333%;\n}\n.avia-accordion .aviaccordion-slide.av-mw4gln-3519c8a5e7f48846df3aa8e6b79302b1__3{\nleft:50%;\n}\n.avia-accordion .aviaccordion-slide.av-mw4gln-3519c8a5e7f48846df3aa8e6b79302b1__4{\nleft:66.666666666667%;\n}\n.avia-accordion .aviaccordion-slide.av-mw4gln-3519c8a5e7f48846df3aa8e6b79302b1__5{\nleft:83.333333333333%;\n}\n<\/style>\n<div  id=\"accordion_slider_1\"  class='aviaccordion avia-accordion av-mw4gln-3519c8a5e7f48846df3aa8e6b79302b1 aviaccordion-title-active av-slideshow-autoplay av-loop-endless ' data-slideshow-options=\"{&quot;interval&quot;:8,&quot;autoplay&quot;:true,&quot;loop_autoplay&quot;:&quot;endless&quot;}\"  itemscope=\"itemscope\" itemtype=\"https:\/\/schema.org\/Blog\" ><ul class=\"aviaccordion-inner\"><li class='aviaccordion-slide av-mw4gln-3519c8a5e7f48846df3aa8e6b79302b1__0 aviaccordion-slide-1' data-av-left='0'  itemscope=\"itemscope\" itemtype=\"https:\/\/schema.org\/CreativeWork\" ><a class='aviaccordion-slide-link noHover' href=\"https:\/\/www.hugorodriguez.com\/blog\/servicios-de-gestion-de-color\/calibracion-del-monitor-in-situ\/\"  ><div class='aviaccordion-preview '><div class=\"aviaccordion-preview-title-pos\"><div class=\"aviaccordion-preview-title-wrap\"><div class=\"aviaccordion-preview-title\"><h3 class='aviaccordion-title '  itemprop=\"headline\" >Calibraci\u00f3n de monitor<\/h3><\/div><\/div><\/div><\/div><img loading=\"lazy\" decoding=\"async\" width=\"1500\" height=\"630\" src=\"https:\/\/www.hugorodriguez.com\/blog\/wp-content\/uploads\/2014\/11\/X-Rite-i1-Pro2-en-monitor-02.jpg\" class=\"aviaccordion-image\" alt=\"\" srcset=\"https:\/\/www.hugorodriguez.com\/blog\/wp-content\/uploads\/2014\/11\/X-Rite-i1-Pro2-en-monitor-02.jpg 1500w, https:\/\/www.hugorodriguez.com\/blog\/wp-content\/uploads\/2014\/11\/X-Rite-i1-Pro2-en-monitor-02-450x189.jpg 450w, https:\/\/www.hugorodriguez.com\/blog\/wp-content\/uploads\/2014\/11\/X-Rite-i1-Pro2-en-monitor-02-500x210.jpg 500w, https:\/\/www.hugorodriguez.com\/blog\/wp-content\/uploads\/2014\/11\/X-Rite-i1-Pro2-en-monitor-02-800x336.jpg 800w, https:\/\/www.hugorodriguez.com\/blog\/wp-content\/uploads\/2014\/11\/X-Rite-i1-Pro2-en-monitor-02-705x296.jpg 705w\" sizes=\"auto, (max-width: 1500px) 100vw, 1500px\" \/><\/a><\/li><li class='aviaccordion-slide av-mw4gln-3519c8a5e7f48846df3aa8e6b79302b1__1 aviaccordion-slide-2' data-av-left='16.666666666667'  itemscope=\"itemscope\" itemtype=\"https:\/\/schema.org\/CreativeWork\" ><a class='aviaccordion-slide-link noHover' href=\"https:\/\/www.hugorodriguez.com\/blog\/servicios-de-gestion-de-color\/calibracion-de-camaras\/\"  ><div class='aviaccordion-preview '><div class=\"aviaccordion-preview-title-pos\"><div class=\"aviaccordion-preview-title-wrap\"><div class=\"aviaccordion-preview-title\"><h3 class='aviaccordion-title '  itemprop=\"headline\" >Calibraci\u00f3n de c\u00e1mara<\/h3><\/div><\/div><\/div><\/div><img loading=\"lazy\" decoding=\"async\" width=\"1500\" height=\"630\" src=\"https:\/\/www.hugorodriguez.com\/blog\/wp-content\/uploads\/2014\/11\/Calibrando-la-camara-031.jpg\" class=\"aviaccordion-image\" alt=\"\" srcset=\"https:\/\/www.hugorodriguez.com\/blog\/wp-content\/uploads\/2014\/11\/Calibrando-la-camara-031.jpg 1500w, https:\/\/www.hugorodriguez.com\/blog\/wp-content\/uploads\/2014\/11\/Calibrando-la-camara-031-450x189.jpg 450w, https:\/\/www.hugorodriguez.com\/blog\/wp-content\/uploads\/2014\/11\/Calibrando-la-camara-031-500x210.jpg 500w, https:\/\/www.hugorodriguez.com\/blog\/wp-content\/uploads\/2014\/11\/Calibrando-la-camara-031-800x336.jpg 800w, https:\/\/www.hugorodriguez.com\/blog\/wp-content\/uploads\/2014\/11\/Calibrando-la-camara-031-705x296.jpg 705w\" sizes=\"auto, (max-width: 1500px) 100vw, 1500px\" \/><\/a><\/li><li class='aviaccordion-slide av-mw4gln-3519c8a5e7f48846df3aa8e6b79302b1__2 aviaccordion-slide-3' data-av-left='33.333333333333'  itemscope=\"itemscope\" itemtype=\"https:\/\/schema.org\/CreativeWork\" ><a class='aviaccordion-slide-link noHover' href=\"https:\/\/www.hugorodriguez.com\/blog\/servicios-de-gestion-de-color\/calibracion-remota-de-impresoras\/\"  ><div class='aviaccordion-preview '><div class=\"aviaccordion-preview-title-pos\"><div class=\"aviaccordion-preview-title-wrap\"><div class=\"aviaccordion-preview-title\"><h3 class='aviaccordion-title '  itemprop=\"headline\" >Calibraci\u00f3n de impresora<\/h3><\/div><\/div><\/div><\/div><img loading=\"lazy\" decoding=\"async\" width=\"1500\" height=\"630\" src=\"https:\/\/www.hugorodriguez.com\/blog\/wp-content\/uploads\/2014\/11\/X-Rite-i1-Pro-2-01.jpg\" class=\"aviaccordion-image\" alt=\"\" srcset=\"https:\/\/www.hugorodriguez.com\/blog\/wp-content\/uploads\/2014\/11\/X-Rite-i1-Pro-2-01.jpg 1500w, https:\/\/www.hugorodriguez.com\/blog\/wp-content\/uploads\/2014\/11\/X-Rite-i1-Pro-2-01-450x189.jpg 450w, https:\/\/www.hugorodriguez.com\/blog\/wp-content\/uploads\/2014\/11\/X-Rite-i1-Pro-2-01-500x210.jpg 500w, https:\/\/www.hugorodriguez.com\/blog\/wp-content\/uploads\/2014\/11\/X-Rite-i1-Pro-2-01-800x336.jpg 800w, https:\/\/www.hugorodriguez.com\/blog\/wp-content\/uploads\/2014\/11\/X-Rite-i1-Pro-2-01-705x296.jpg 705w\" sizes=\"auto, (max-width: 1500px) 100vw, 1500px\" \/><\/a><\/li><li class='aviaccordion-slide av-mw4gln-3519c8a5e7f48846df3aa8e6b79302b1__3 aviaccordion-slide-4' data-av-left='50'  itemscope=\"itemscope\" itemtype=\"https:\/\/schema.org\/CreativeWork\" ><a class='aviaccordion-slide-link noHover' href=\"https:\/\/www.hugorodriguez.com\/blog\/servicios-de-gestion-de-color\/calibracion-de-tv-video-in-situ\/\"  ><div class='aviaccordion-preview '><div class=\"aviaccordion-preview-title-pos\"><div class=\"aviaccordion-preview-title-wrap\"><div class=\"aviaccordion-preview-title\"><h3 class='aviaccordion-title '  itemprop=\"headline\" >Calibraci\u00f3n de TV para home cinema &amp; video<\/h3><\/div><\/div><\/div><\/div><img loading=\"lazy\" decoding=\"async\" width=\"1500\" height=\"630\" src=\"https:\/\/www.hugorodriguez.com\/blog\/wp-content\/uploads\/2014\/11\/i1-pro2-en-tv-samsung-24.jpg\" class=\"aviaccordion-image\" alt=\"\" srcset=\"https:\/\/www.hugorodriguez.com\/blog\/wp-content\/uploads\/2014\/11\/i1-pro2-en-tv-samsung-24.jpg 1500w, https:\/\/www.hugorodriguez.com\/blog\/wp-content\/uploads\/2014\/11\/i1-pro2-en-tv-samsung-24-450x189.jpg 450w, https:\/\/www.hugorodriguez.com\/blog\/wp-content\/uploads\/2014\/11\/i1-pro2-en-tv-samsung-24-500x210.jpg 500w, https:\/\/www.hugorodriguez.com\/blog\/wp-content\/uploads\/2014\/11\/i1-pro2-en-tv-samsung-24-800x336.jpg 800w, https:\/\/www.hugorodriguez.com\/blog\/wp-content\/uploads\/2014\/11\/i1-pro2-en-tv-samsung-24-705x296.jpg 705w\" sizes=\"auto, (max-width: 1500px) 100vw, 1500px\" \/><\/a><\/li><li class='aviaccordion-slide av-mw4gln-3519c8a5e7f48846df3aa8e6b79302b1__4 aviaccordion-slide-5' data-av-left='66.666666666667'  itemscope=\"itemscope\" itemtype=\"https:\/\/schema.org\/CreativeWork\" ><a class='aviaccordion-slide-link noHover' href=\"https:\/\/www.hugorodriguez.com\/blog\/servicios-de-gestion-de-color\/calibracion-del-proyector\/\"  ><div class='aviaccordion-preview '><div class=\"aviaccordion-preview-title-pos\"><div class=\"aviaccordion-preview-title-wrap\"><div class=\"aviaccordion-preview-title\"><h3 class='aviaccordion-title '  itemprop=\"headline\" >Calibraci\u00f3n de proyector<\/h3><\/div><\/div><\/div><\/div><img loading=\"lazy\" decoding=\"async\" width=\"1500\" height=\"630\" src=\"https:\/\/www.hugorodriguez.com\/blog\/wp-content\/uploads\/2014\/11\/Proyector-Canon-SX80MkII.jpg\" class=\"aviaccordion-image\" alt=\"\" srcset=\"https:\/\/www.hugorodriguez.com\/blog\/wp-content\/uploads\/2014\/11\/Proyector-Canon-SX80MkII.jpg 1500w, https:\/\/www.hugorodriguez.com\/blog\/wp-content\/uploads\/2014\/11\/Proyector-Canon-SX80MkII-450x189.jpg 450w, https:\/\/www.hugorodriguez.com\/blog\/wp-content\/uploads\/2014\/11\/Proyector-Canon-SX80MkII-500x210.jpg 500w, https:\/\/www.hugorodriguez.com\/blog\/wp-content\/uploads\/2014\/11\/Proyector-Canon-SX80MkII-800x336.jpg 800w, https:\/\/www.hugorodriguez.com\/blog\/wp-content\/uploads\/2014\/11\/Proyector-Canon-SX80MkII-705x296.jpg 705w\" sizes=\"auto, (max-width: 1500px) 100vw, 1500px\" \/><\/a><\/li><li class='aviaccordion-slide av-mw4gln-3519c8a5e7f48846df3aa8e6b79302b1__5 aviaccordion-slide-6' data-av-left='83.333333333333'  itemscope=\"itemscope\" itemtype=\"https:\/\/schema.org\/CreativeWork\" ><a class='aviaccordion-slide-link noHover' href=\"https:\/\/www.hugorodriguez.com\/blog\/servicios-de-gestion-de-color\/servicio-de-consultoria\/\"  ><div class='aviaccordion-preview '><div class=\"aviaccordion-preview-title-pos\"><div class=\"aviaccordion-preview-title-wrap\"><div class=\"aviaccordion-preview-title\"><h3 class='aviaccordion-title '  itemprop=\"headline\" >Consultor\u00eda t\u00e9cnica<\/h3><\/div><\/div><\/div><\/div><img loading=\"lazy\" decoding=\"async\" width=\"1500\" height=\"630\" src=\"https:\/\/www.hugorodriguez.com\/blog\/wp-content\/uploads\/2014\/11\/Hugo-con-su-IT8-2.jpg\" class=\"aviaccordion-image\" alt=\"\" srcset=\"https:\/\/www.hugorodriguez.com\/blog\/wp-content\/uploads\/2014\/11\/Hugo-con-su-IT8-2.jpg 1500w, https:\/\/www.hugorodriguez.com\/blog\/wp-content\/uploads\/2014\/11\/Hugo-con-su-IT8-2-450x189.jpg 450w, https:\/\/www.hugorodriguez.com\/blog\/wp-content\/uploads\/2014\/11\/Hugo-con-su-IT8-2-500x210.jpg 500w, https:\/\/www.hugorodriguez.com\/blog\/wp-content\/uploads\/2014\/11\/Hugo-con-su-IT8-2-800x336.jpg 800w, https:\/\/www.hugorodriguez.com\/blog\/wp-content\/uploads\/2014\/11\/Hugo-con-su-IT8-2-705x296.jpg 705w\" sizes=\"auto, (max-width: 1500px) 100vw, 1500px\" \/><\/a><\/li><\/ul><div class='aviaccordion-spacer' style='padding-bottom:42%'><\/div><\/div><\/span><\/p>\n<div  class='flex_column av-b7lsbf-7fbf26bb6fd24c02c77fdc4da47a94c9 av_one_third  avia-builder-el-1  el_after_av_slideshow_accordion  el_before_av_one_third  avia-builder-el-first  first flex_column_div  '     ><article  class='iconbox iconbox_top av-9f5m2z-04216f1b6491c664d29eac0dd8ef124e  avia-builder-el-2  avia-builder-el-no-sibling  main_color'  itemscope=\"itemscope\" itemtype=\"https:\/\/schema.org\/CreativeWork\" ><div class=\"iconbox_content\"><header class=\"entry-content-header\" aria-label=\"Icon: COLOR Hi-Fi\"><div class='iconbox_icon heading-color avia-iconfont avia-font-entypo-fontello' data-av_icon='\ue812' data-av_iconfont='entypo-fontello'  ><\/div><h3 class='iconbox_content_title '  itemprop=\"headline\" >COLOR Hi-Fi<\/h3><\/header><div class='iconbox_content_container '  itemprop=\"text\" ><p>Bienvenido al color Hi-Fi, o color de alta fidelidad, el \u00fanico fiel a la realidad. Olv\u00eddate de colores empastados, apagados, extra\u00f1os, sobresaturados,\u00a0<em>reventados<\/em>&#8230;<\/p>\n<\/div><\/div><footer class=\"entry-footer\"><\/footer><\/article><\/div><div  class='flex_column av-6xn3a3-6daed2fd7b8d34ff9aee90cf0c480fa0 av_one_third  avia-builder-el-3  el_after_av_one_third  el_before_av_one_third  flex_column_div  '     ><article  class='iconbox iconbox_top av-6ivbrf-3ee55573662112014ab938a2a4fb801b  avia-builder-el-4  avia-builder-el-no-sibling  main_color'  itemscope=\"itemscope\" itemtype=\"https:\/\/schema.org\/CreativeWork\" ><div class=\"iconbox_content\"><header class=\"entry-content-header\" aria-label=\"Icon: SENCILLO\"><div class='iconbox_icon heading-color avia-iconfont avia-font-entypo-fontello' data-av_icon='\ue84e' data-av_iconfont='entypo-fontello'  ><\/div><h3 class='iconbox_content_title '  itemprop=\"headline\" >SENCILLO<\/h3><\/header><div class='iconbox_content_container '  itemprop=\"text\" ><p>Yo me encargar\u00e9 de todo el proceso. Si se trata de un proceso a distancia, te guiar\u00e9 paso a paso, con instrucciones claras y sencillas.<\/p>\n<\/div><\/div><footer class=\"entry-footer\"><\/footer><\/article><\/div><\/p>\n<div  class='flex_column av-3yozvv-8447ac2a304d0c9fb5fb8eb2184312c2 av_one_third  avia-builder-el-5  el_after_av_one_third  avia-builder-el-last  flex_column_div  '     ><article  class='iconbox iconbox_top av-2zrx97-9bd796d391bff45c6cf1687dd8586d93  avia-builder-el-6  avia-builder-el-no-sibling  main_color'  itemscope=\"itemscope\" itemtype=\"https:\/\/schema.org\/CreativeWork\" ><div class=\"iconbox_content\"><header class=\"entry-content-header\" aria-label=\"Icon: R\u00c1PIDO\"><div class='iconbox_icon heading-color avia-iconfont avia-font-entypo-fontello' data-av_icon='\ue8b7' data-av_iconfont='entypo-fontello'  ><\/div><h3 class='iconbox_content_title '  itemprop=\"headline\" >R\u00c1PIDO<\/h3><\/header><div class='iconbox_content_container '  itemprop=\"text\" ><p>Antes de que te des cuenta\u00a0tendr\u00e1s tu monitor\/c\u00e1mara\/impresora calibrada y lista para reproducir fielmente los colores.<\/p>\n<\/div><\/div><footer class=\"entry-footer\"><\/footer><\/article><\/div>\n<p>&nbsp;<\/p>\n<p>&nbsp;<\/p>\n<h3 style=\"text-align: right;\"><a title=\"Sobre nosotros\" href=\"https:\/\/www.hugorodriguez.com\/blog\/servicios-de-gestion-de-color\/sobre-mi\/\">Sobre mi<\/a><\/h3>\n","protected":false},"excerpt":{"rendered":"<p>SERVICIOS DE GESTI\u00d3N DEL COLOR &nbsp; &nbsp; &nbsp; Sobre mi<\/p>\n","protected":false},"author":1,"featured_media":0,"parent":0,"menu_order":0,"comment_status":"closed","ping_status":"closed","template":"template-blank.php","meta":{"footnotes":""},"class_list":["post-1723","page","type-page","status-publish","hentry"],"_links":{"self":[{"href":"https:\/\/www.hugorodriguez.com\/blog\/wp-json\/wp\/v2\/pages\/1723","targetHints":{"allow":["GET"]}}],"collection":[{"href":"https:\/\/www.hugorodriguez.com\/blog\/wp-json\/wp\/v2\/pages"}],"about":[{"href":"https:\/\/www.hugorodriguez.com\/blog\/wp-json\/wp\/v2\/types\/page"}],"author":[{"embeddable":true,"href":"https:\/\/www.hugorodriguez.com\/blog\/wp-json\/wp\/v2\/users\/1"}],"replies":[{"embeddable":true,"href":"https:\/\/www.hugorodriguez.com\/blog\/wp-json\/wp\/v2\/comments?post=1723"}],"version-history":[{"count":5,"href":"https:\/\/www.hugorodriguez.com\/blog\/wp-json\/wp\/v2\/pages\/1723\/revisions"}],"predecessor-version":[{"id":1730,"href":"https:\/\/www.hugorodriguez.com\/blog\/wp-json\/wp\/v2\/pages\/1723\/revisions\/1730"}],"wp:attachment":[{"href":"https:\/\/www.hugorodriguez.com\/blog\/wp-json\/wp\/v2\/media?parent=1723"}],"curies":[{"name":"wp","href":"https:\/\/api.w.org\/{rel}","templated":true}]}}