{"id":1564,"date":"2014-11-04T20:00:03","date_gmt":"2014-11-04T19:00:03","guid":{"rendered":"http:\/\/www.hugorodriguez.com\/blog\/?page_id=1564"},"modified":"2019-04-02T12:54:44","modified_gmt":"2019-04-02T10:54:44","slug":"servicio-de-consultoria","status":"publish","type":"page","link":"https:\/\/www.hugorodriguez.com\/blog\/servicios-de-gestion-de-color\/servicio-de-consultoria\/","title":{"rendered":"Servicio de consultor\u00eda"},"content":{"rendered":"<h3>Habitualmente un buen fot\u00f3grafo desarrolla su trabajo con normalidad y buenos resultados a diario, pero en ocasiones surgen trabajos o im\u00e1genes que generan problemas dif\u00edciles de resolver;\u00a0quiz\u00e1s necesitas la ayuda de un experto&#8230;<br \/>\n\u00bfEnvuelto en un mar de dudas sobre el color y los perfiles ICC? \u00bfHarto de problemas con las copias impresas o la pantalla? \u00bfTienes una imagen muy problem\u00e1tica?<\/h3>\n<h3><\/h3>\n<p><a href=\"http:\/\/www.hugorodriguez.com\/blog\/wp-content\/uploads\/2014\/11\/Hugo-rodriguez-con-it8.jpg\"><img loading=\"lazy\" decoding=\"async\" class=\"aligncenter wp-image-1565\" src=\"http:\/\/www.hugorodriguez.com\/blog\/wp-content\/uploads\/2014\/11\/Hugo-rodriguez-con-it8.jpg\" alt=\"Hugo-rodriguez-con it8\" width=\"500\" height=\"514\" srcset=\"https:\/\/www.hugorodriguez.com\/blog\/wp-content\/uploads\/2014\/11\/Hugo-rodriguez-con-it8.jpg 778w, https:\/\/www.hugorodriguez.com\/blog\/wp-content\/uploads\/2014\/11\/Hugo-rodriguez-con-it8-450x463.jpg 450w, https:\/\/www.hugorodriguez.com\/blog\/wp-content\/uploads\/2014\/11\/Hugo-rodriguez-con-it8-486x500.jpg 486w, https:\/\/www.hugorodriguez.com\/blog\/wp-content\/uploads\/2014\/11\/Hugo-rodriguez-con-it8-36x36.jpg 36w, https:\/\/www.hugorodriguez.com\/blog\/wp-content\/uploads\/2014\/11\/Hugo-rodriguez-con-it8-685x705.jpg 685w\" sizes=\"auto, (max-width: 500px) 100vw, 500px\" \/><\/a><\/p>\n<p>En ocasiones tienes una imagen que te est\u00e1 causando problemas y despu\u00e9s de perder tiempo con ella haciendo pruebas ya no sabes qu\u00e9 hacer para resolverlo&#8230;\u00a0Quiz\u00e1s es hora de dejar de probar diferentes niveles\/curvas\/perfiles\/loquesea y tratar de buscar una soluci\u00f3n real al problema.<\/p>\n<p>Un\u00a0ejemplo:\u00a0hace poco me contact\u00f3\u00a0un fot\u00f3grafo que ten\u00eda serios problemas con un retrato y una corbata de color azul que cambiaba de color al imprimirla, volvi\u00e9ndose de un tono m\u00e1s oscuro y apagado. No era un problema de impresi\u00f3n ya que el laboratorio (EGM, uno de los m\u00e1s prestigiosos de Espa\u00f1a) estaba haci\u00e9ndolo correctamente. En realidad el problema\u00a0radicaba en que el azul de la corbata era un color que estaba mucho m\u00e1s all\u00e1 de lo que permiten las tintas, con lo que era imposible imprimirlo en una copia de laboratorio (ni\u00a0en EGM ni en ning\u00fan otro laboratorio). Pero s\u00f3lo un an\u00e1lisis minucioso permiti\u00f3 ver el problema claramente:<\/p>\n<p style=\"text-align: center\"><a href=\"http:\/\/www.hugorodriguez.com\/blog\/wp-content\/uploads\/2014\/11\/Analisis-problema-cian.png\"><img loading=\"lazy\" decoding=\"async\" class=\"aligncenter wp-image-1824\" src=\"http:\/\/www.hugorodriguez.com\/blog\/wp-content\/uploads\/2014\/11\/Analisis-problema-cian.png\" alt=\"Analisis problema cian\" width=\"450\" height=\"508\" srcset=\"https:\/\/www.hugorodriguez.com\/blog\/wp-content\/uploads\/2014\/11\/Analisis-problema-cian.png 579w, https:\/\/www.hugorodriguez.com\/blog\/wp-content\/uploads\/2014\/11\/Analisis-problema-cian-450x508.png 450w, https:\/\/www.hugorodriguez.com\/blog\/wp-content\/uploads\/2014\/11\/Analisis-problema-cian-442x500.png 442w\" sizes=\"auto, (max-width: 450px) 100vw, 450px\" \/><\/a><\/p>\n<p style=\"text-align: left\">Aqu\u00ed puede verse con claridad el problema. Los puntos representan los p\u00edxeles de la imagen,\u00a0y est\u00e1n situados en el\u00a0lugar que les corresponde seg\u00fan el color que tienen.\u00a0La malla representa\u00a0la gama de color del papel de laboratorio. Y, como ves, hay p\u00edxeles azules\u00a0que est\u00e1n fuera de la gama del papel,\u00a0as\u00ed que est\u00e1 claro que no ser\u00e1 imposible imprimirlos \u00abtal cual\u00bb. Antes hay que\u00a0modificarlos&#8230;<\/p>\n<p>Si necesitas ayuda presencial, telef\u00f3nica o telem\u00e1tica sobre cualquiera de estos temas, puedes <a title=\"Solicitud de ayuda con el color\" href=\"http:\/\/www.hugorodriguez.com\/blog\/servicios-de-gestion-de-color\/servicio-de-consultoria\/solicitud-ayuda-con-color\/\" target=\"_blank\">contactarme<\/a>\u00a0y seguro que encontramos la soluci\u00f3n a ese problema que te preocupa.<\/p>\n<p>&nbsp;<\/p>\n<div  class='avia-button-wrap av-9c4xx8-887a3d873847269636aa34d8603be607-wrap avia-button-center  avia-builder-el-0  el_before_av_toggle_container  avia-builder-el-first '><a href='https:\/\/www.hugorodriguez.com\/blog\/servicios-de-gestion-de-color\/servicio-de-consultoria\/solicitud-ayuda-con-color\/'  class='avia-button av-9c4xx8-887a3d873847269636aa34d8603be607 av-link-btn avia-icon_select-no avia-size-large avia-position-center avia-color-orange'   aria-label=\"SOLICITAR AYUDA\"><span class='avia_iconbox_title' >SOLICITAR AYUDA<\/span><\/a><\/div>\n<p>&nbsp;<\/p>\n<div  class='togglecontainer av-72vwzw-6769cff58ea412f866bd3c342e560771  avia-builder-el-1  el_after_av_button  el_before_av_hr  toggle_close_all' >\n<section class='av_toggle_section av-6jxwj0-223f12895aaacebdd1d85a0a071f89a0'  itemscope=\"itemscope\" itemtype=\"https:\/\/schema.org\/CreativeWork\" ><div role=\"tablist\" class=\"single_toggle\" data-tags=\"{Todo} \"  ><p id='toggle-toggle-id-1' data-fake-id='#toggle-id-1' class='toggler  av-title-above '  itemprop=\"headline\"  role='tab' tabindex='0' aria-controls='toggle-id-1' data-slide-speed=\"200\" data-title=\"\u00bfEN QU\u00c9 CONSISTE?\" data-title-open=\"\" data-aria_collapsed=\"Click to expand: \u00bfEN QU\u00c9 CONSISTE?\" data-aria_expanded=\"Click to collapse: \u00bfEN QU\u00c9 CONSISTE?\">\u00bfEN QU\u00c9 CONSISTE?<span class=\"toggle_icon\"><span class=\"vert_icon\"><\/span><span class=\"hor_icon\"><\/span><\/span><\/p><div id='toggle-id-1' aria-labelledby='toggle-toggle-id-1' role='region' class='toggle_wrap  av-title-above'  ><div class='toggle_content invers-color '  itemprop=\"text\" ><p>En primer lugar, expl\u00edcame en qu\u00e9 consiste tu problema. A partir de aqu\u00ed veremos si lo podemos resolver via tel\u00e9fono\/Skype, o si hace falta una sesi\u00f3n telem\u00e1tica (yo me conecto a tu ordenador y veo tu pantalla, para poder comprender la ra\u00edz del problema). Tambi\u00e9n pudiera ser que haga falta programar una intervenci\u00f3n in-situ, en caso de que el problema sea m\u00e1s complejo de lo esperado.<\/p>\n<\/div><\/div><\/div><\/section>\n<section class='av_toggle_section av-41fsv0-d295e4c9978944706af5517fa5706dc9'  itemscope=\"itemscope\" itemtype=\"https:\/\/schema.org\/CreativeWork\" ><div role=\"tablist\" class=\"single_toggle\" data-tags=\"{Todo} \"  ><p id='toggle-toggle-id-2' data-fake-id='#toggle-id-2' class='toggler  av-title-above '  itemprop=\"headline\"  role='tab' tabindex='0' aria-controls='toggle-id-2' data-slide-speed=\"200\" data-title=\"\u00bfCU\u00c1NTO CUESTA?\" data-title-open=\"\" data-aria_collapsed=\"Click to expand: \u00bfCU\u00c1NTO CUESTA?\" data-aria_expanded=\"Click to collapse: \u00bfCU\u00c1NTO CUESTA?\">\u00bfCU\u00c1NTO CUESTA?<span class=\"toggle_icon\"><span class=\"vert_icon\"><\/span><span class=\"hor_icon\"><\/span><\/span><\/p><div id='toggle-id-2' aria-labelledby='toggle-toggle-id-2' role='region' class='toggle_wrap  av-title-above'  ><div class='toggle_content invers-color '  itemprop=\"text\" ><p>Es imposible\u00a0dar un precio final ya que depende de cada caso en particular y de las dificultades que puedan surgir y del tiempo que lleve resolverlas.<\/p>\n<p>Puedes hacer el pago mediante una transferencia bancaria o bien a trav\u00e9s de Paypal.<\/p>\n<\/div><\/div><\/div><\/section>\n<\/div>\n<p>&nbsp;<\/p>\n<div  class='hr av-25ab8s-0721fc0a7fe7f08dd2b791d6063c562b hr-default  avia-builder-el-2  el_after_av_toggle_container  avia-builder-el-last '><span class='hr-inner '><span class=\"hr-inner-style\"><\/span><\/span><\/div>\n<h2 style=\"text-align: center\">\u00bfQuieres saber qu\u00e9 opinan los clientes?<\/h2>\n<p>Pues echa un vistazo a\u00a0lo que algunos de ellos\u00a0han\u00a0<a title=\"Opiniones de clientes\" href=\"http:\/\/www.hugorodriguez.com\/blog\/servicios-de-gestion-de-color\/testimonios\/\">comentado<\/a>.<\/p>\n<p>&nbsp;<\/p>\n<h3 style=\"text-align: right\"><a title=\"Sobre nosotros\" href=\"http:\/\/www.hugorodriguez.com\/blog\/servicios-de-gestion-de-color\/sobre-nosotros\/\">Sobre nosotros<\/a><\/h3>\n","protected":false},"excerpt":{"rendered":"<p>Habitualmente un buen fot\u00f3grafo desarrolla su trabajo con normalidad y buenos resultados a diario, pero en ocasiones surgen trabajos o im\u00e1genes que generan problemas dif\u00edciles de resolver;\u00a0quiz\u00e1s necesitas la ayuda de un experto&#8230; \u00bfEnvuelto en un mar de dudas sobre el color y los perfiles ICC? \u00bfHarto de problemas con las copias impresas o la [&hellip;]<\/p>\n","protected":false},"author":1,"featured_media":0,"parent":1723,"menu_order":0,"comment_status":"closed","ping_status":"closed","template":"template-blank.php","meta":{"footnotes":""},"class_list":["post-1564","page","type-page","status-publish","hentry"],"_links":{"self":[{"href":"https:\/\/www.hugorodriguez.com\/blog\/wp-json\/wp\/v2\/pages\/1564","targetHints":{"allow":["GET"]}}],"collection":[{"href":"https:\/\/www.hugorodriguez.com\/blog\/wp-json\/wp\/v2\/pages"}],"about":[{"href":"https:\/\/www.hugorodriguez.com\/blog\/wp-json\/wp\/v2\/types\/page"}],"author":[{"embeddable":true,"href":"https:\/\/www.hugorodriguez.com\/blog\/wp-json\/wp\/v2\/users\/1"}],"replies":[{"embeddable":true,"href":"https:\/\/www.hugorodriguez.com\/blog\/wp-json\/wp\/v2\/comments?post=1564"}],"version-history":[{"count":5,"href":"https:\/\/www.hugorodriguez.com\/blog\/wp-json\/wp\/v2\/pages\/1564\/revisions"}],"predecessor-version":[{"id":7984,"href":"https:\/\/www.hugorodriguez.com\/blog\/wp-json\/wp\/v2\/pages\/1564\/revisions\/7984"}],"up":[{"embeddable":true,"href":"https:\/\/www.hugorodriguez.com\/blog\/wp-json\/wp\/v2\/pages\/1723"}],"wp:attachment":[{"href":"https:\/\/www.hugorodriguez.com\/blog\/wp-json\/wp\/v2\/media?parent=1564"}],"curies":[{"name":"wp","href":"https:\/\/api.w.org\/{rel}","templated":true}]}}