{"id":1548,"date":"2014-11-04T19:44:20","date_gmt":"2014-11-04T18:44:20","guid":{"rendered":"http:\/\/www.hugorodriguez.com\/blog\/?page_id=1548"},"modified":"2019-04-02T12:54:45","modified_gmt":"2019-04-02T10:54:45","slug":"calibracion-del-monitor-in-situ","status":"publish","type":"page","link":"https:\/\/www.hugorodriguez.com\/blog\/servicios-de-gestion-de-color\/calibracion-del-monitor-in-situ\/","title":{"rendered":"Calibraci\u00f3n del monitor (in-situ)"},"content":{"rendered":"<h3>\u00bfNecesitas un color muy fiel para un importante trabajo que te han encargado? \u00bfNo est\u00e1s contento con la reproducci\u00f3n del color de tu monitor? \u00bfLos colores no coinciden con los de las impresiones?<\/h3>\n<h3>Si tienes problemas con tu monitor y necesitas la ayuda de un especialista, sigue leyendo\u2026<\/h3>\n<p><img loading=\"lazy\" decoding=\"async\" class=\"aligncenter wp-image-1755 size-large\" src=\"http:\/\/www.hugorodriguez.com\/blog\/wp-content\/uploads\/2014\/11\/X-Rite-i1-Pro2-en-monitor-021-800x422.jpg\" alt=\"\" width=\"800\" height=\"422\" srcset=\"https:\/\/www.hugorodriguez.com\/blog\/wp-content\/uploads\/2014\/11\/X-Rite-i1-Pro2-en-monitor-021-800x422.jpg 800w, https:\/\/www.hugorodriguez.com\/blog\/wp-content\/uploads\/2014\/11\/X-Rite-i1-Pro2-en-monitor-021-450x238.jpg 450w, https:\/\/www.hugorodriguez.com\/blog\/wp-content\/uploads\/2014\/11\/X-Rite-i1-Pro2-en-monitor-021-500x264.jpg 500w, https:\/\/www.hugorodriguez.com\/blog\/wp-content\/uploads\/2014\/11\/X-Rite-i1-Pro2-en-monitor-021-710x375.jpg 710w, https:\/\/www.hugorodriguez.com\/blog\/wp-content\/uploads\/2014\/11\/X-Rite-i1-Pro2-en-monitor-021-705x372.jpg 705w, https:\/\/www.hugorodriguez.com\/blog\/wp-content\/uploads\/2014\/11\/X-Rite-i1-Pro2-en-monitor-021.jpg 1000w\" sizes=\"auto, (max-width: 800px) 100vw, 800px\" \/><\/p>\n<p>&nbsp;<\/p>\n<h2 style=\"text-align: center\">\u00bfEn qu\u00e9 consiste?<\/h2>\n<p>B\u00e1sicamente en que una vez solicites visita, me desplazar\u00e9 a tu estudio para calibrar el monitor usando mis equipos.<\/p>\n<p><img loading=\"lazy\" decoding=\"async\" class=\"aligncenter wp-image-1702 size-medium\" src=\"http:\/\/www.hugorodriguez.com\/blog\/wp-content\/uploads\/2014\/11\/xrite_i1display_pro_11-500x281.jpg\" alt=\"\" width=\"500\" height=\"281\" srcset=\"https:\/\/www.hugorodriguez.com\/blog\/wp-content\/uploads\/2014\/11\/xrite_i1display_pro_11-500x281.jpg 500w, https:\/\/www.hugorodriguez.com\/blog\/wp-content\/uploads\/2014\/11\/xrite_i1display_pro_11-450x253.jpg 450w, https:\/\/www.hugorodriguez.com\/blog\/wp-content\/uploads\/2014\/11\/xrite_i1display_pro_11-800x450.jpg 800w, https:\/\/www.hugorodriguez.com\/blog\/wp-content\/uploads\/2014\/11\/xrite_i1display_pro_11-705x396.jpg 705w, https:\/\/www.hugorodriguez.com\/blog\/wp-content\/uploads\/2014\/11\/xrite_i1display_pro_11.jpg 960w\" sizes=\"auto, (max-width: 500px) 100vw, 500px\" \/><\/p>\n<p>Puedo llevar a cabo varias tareas:<\/p>\n<ul>\n<li><strong>Examinar el entorno<\/strong> en el que est\u00e1s trabajando y te dar\u00e9 consejos pr\u00e1cticos para que puedas apreciar mejor lo que ves en tu pantalla.<\/li>\n<li><strong>Chequear el correcto funcionamiento del sistema gr\u00e1fico<\/strong> de tu ordenador y, en su caso, solucionarlo. Si no es posible (fallo de alg\u00fan componente, etc), te dar\u00e9 recomendaciones para repararlo y\/o buscar una soluci\u00f3n.<\/li>\n<li><strong>Calibrar tu pantalla<\/strong> usando mi propio calibrador (un espectrofot\u00f3metro de alta precisi\u00f3n X-Rite i1 Pro2) o bien, si lo prefieres, el tuyo.<\/li>\n<li><strong>Configurar adecuadamente las aplicaciones que utilizas<\/strong> para que usen correctamente el perfil del monitor.<\/li>\n<li><strong>Entregarte un certificado<\/strong> de calibraci\u00f3n con todos los detalles del proceso.<\/li>\n<\/ul>\n<p>&nbsp;<\/p>\n<h2 style=\"text-align: center\">\u00bfSe nota la diferencia?<\/h2>\n<p>\u00a1Por supuesto!\u00a0Como suele decirse, una imagen vale m\u00e1s que mil palabras.\u00a0Aqu\u00ed puedes\u00a0ver la diferencia entre la misma pantalla\u00a0antes y despu\u00e9s de una calibraci\u00f3n:<\/p>\n<div  class='tabcontainer av-1r0c58-14e4e1552477c6fd2ac1653dd02ddca4 top_tab  avia-builder-el-0  el_before_av_button  avia-builder-el-first '>\n<section class='av_tab_section av_tab_section av-ge0tek-c272ffb4b0e49999c943f3fafa86a42c'  itemscope=\"itemscope\" itemtype=\"https:\/\/schema.org\/CreativeWork\" ><div id='tab-id-1-tab' class='tab' role='tab' aria-selected=\"false\" tabindex=\"0\" data-fake-id='#tab-id-1' aria-controls='tab-id-1-content'  itemprop=\"headline\" >Sin calibrar<\/div><div id='tab-id-1-content' class='tab_content' role='tabpanel' aria-labelledby='tab-id-1-tab' aria-hidden=\"true\"><div class='tab_inner_content invers-color'  itemprop=\"text\" ><p><img loading=\"lazy\" decoding=\"async\" class=\"aligncenter wp-image-2030\" src=\"http:\/\/www.hugorodriguez.com\/blog\/wp-content\/uploads\/2014\/11\/nec_pa241w_sin_calibrar.jpg\" alt=\"\" width=\"650\" height=\"549\" srcset=\"https:\/\/www.hugorodriguez.com\/blog\/wp-content\/uploads\/2014\/11\/nec_pa241w_sin_calibrar.jpg 800w, https:\/\/www.hugorodriguez.com\/blog\/wp-content\/uploads\/2014\/11\/nec_pa241w_sin_calibrar-450x380.jpg 450w, https:\/\/www.hugorodriguez.com\/blog\/wp-content\/uploads\/2014\/11\/nec_pa241w_sin_calibrar-500x422.jpg 500w, https:\/\/www.hugorodriguez.com\/blog\/wp-content\/uploads\/2014\/11\/nec_pa241w_sin_calibrar-705x595.jpg 705w\" sizes=\"auto, (max-width: 650px) 100vw, 650px\" \/><\/p>\n<p>En una pantalla sin calibrar ocurre t\u00edpicamente que la imagen est\u00e1 m\u00e1s contrastada y menos saturada. Tambi\u00e9n ocurre a menudo que se pierden texturas en los negros y -menos comunmente- en las altas luces. Asimismo, es muy habitual que la imagen tenga una tonalidad general tirando a ci\u00e1n&#8230;<\/p>\n<\/div><\/div><\/section>\n<section class='av_tab_section av_tab_section av-eb4p7w-6b869314054c564e90d6050f15263875'  itemscope=\"itemscope\" itemtype=\"https:\/\/schema.org\/CreativeWork\" ><div id='tab-id-2-tab' class='tab active_tab' role='tab' aria-selected=\"true\" tabindex=\"0\" data-fake-id='#tab-id-2' aria-controls='tab-id-2-content'  itemprop=\"headline\" >Calibrado<\/div><div id='tab-id-2-content' class='tab_content active_tab_content' role='tabpanel' aria-labelledby='tab-id-2-tab' aria-hidden=\"false\"><div class='tab_inner_content invers-color'  itemprop=\"text\" ><p><img loading=\"lazy\" decoding=\"async\" class=\"aligncenter wp-image-2029\" src=\"http:\/\/www.hugorodriguez.com\/blog\/wp-content\/uploads\/2014\/11\/nec_pa241w_calibrado.jpg\" alt=\"\" width=\"650\" height=\"549\" srcset=\"https:\/\/www.hugorodriguez.com\/blog\/wp-content\/uploads\/2014\/11\/nec_pa241w_calibrado.jpg 800w, https:\/\/www.hugorodriguez.com\/blog\/wp-content\/uploads\/2014\/11\/nec_pa241w_calibrado-450x380.jpg 450w, https:\/\/www.hugorodriguez.com\/blog\/wp-content\/uploads\/2014\/11\/nec_pa241w_calibrado-500x422.jpg 500w, https:\/\/www.hugorodriguez.com\/blog\/wp-content\/uploads\/2014\/11\/nec_pa241w_calibrado-705x595.jpg 705w\" sizes=\"auto, (max-width: 650px) 100vw, 650px\" \/><\/p>\n<\/div><\/div><\/section>\n<\/div>\n<p>&nbsp;<\/p>\n<div  class='avia-button-wrap av-cqcl98-bffb8ac884cea5c422ad074d2da648cf-wrap avia-button-center  avia-builder-el-1  el_after_av_tab_container  el_before_av_toggle_container '><a href='https:\/\/www.hugorodriguez.com\/blog\/servicios-de-gestion-de-color\/calibracion-del-monitor-in-situ\/solicitud-calibrado-monitor-in-situ\/'  class='avia-button av-cqcl98-bffb8ac884cea5c422ad074d2da648cf av-link-btn avia-icon_select-no avia-size-large avia-position-center avia-color-orange'   aria-label=\"SOLICITAR CALIBRACI\u00d3N\"><span class='avia_iconbox_title' >SOLICITAR CALIBRACI\u00d3N<\/span><\/a><\/div>\n<p>&nbsp;<\/p>\n<div  class='togglecontainer av-bav0v0-767680163e720ca56c378e9d7231e7f7  avia-builder-el-2  el_after_av_button  el_before_av_hr  toggle_close_all' >\n<section class='av_toggle_section av-8sb7gs-b47739e4e68ddc944b008d462f98fb4a'  itemscope=\"itemscope\" itemtype=\"https:\/\/schema.org\/CreativeWork\" ><div role=\"tablist\" class=\"single_toggle\" data-tags=\"{Todo} \"  ><p id='toggle-toggle-id-1' data-fake-id='#toggle-id-1' class='toggler  av-title-above '  itemprop=\"headline\"  role='tab' tabindex='0' aria-controls='toggle-id-1' data-slide-speed=\"200\" data-title=\"\u00bfQU\u00c9 NECESITO PARA SOLICITARLO?\" data-title-open=\"\" data-aria_collapsed=\"Click to expand: \u00bfQU\u00c9 NECESITO PARA SOLICITARLO?\" data-aria_expanded=\"Click to collapse: \u00bfQU\u00c9 NECESITO PARA SOLICITARLO?\">\u00bfQU\u00c9 NECESITO PARA SOLICITARLO?<span class=\"toggle_icon\"><span class=\"vert_icon\"><\/span><span class=\"hor_icon\"><\/span><\/span><\/p><div id='toggle-id-1' aria-labelledby='toggle-toggle-id-1' role='region' class='toggle_wrap  av-title-above'  ><div class='toggle_content invers-color '  itemprop=\"text\" ><p>Nada en particular. Basta que <a title=\"Consulta sobre calibraci\u00f3n de monitor\" href=\"http:\/\/www.hugorodriguez.com\/blog\/servicios-de-gestion-de-color\/calibracion-del-monitor-in-situ\/consulta-sobre-calibracion-de-monitor\/\">contactes conmigo<\/a>\u00a0y me indiques:<\/p>\n<ul>\n<li><strong>Qu\u00e9 ordenador <\/strong>tienes (marca, modelo y sistema operativo).<\/li>\n<li><strong>Qu\u00e9 monitor<\/strong> tienes (marca y modelo).<\/li>\n<li><strong>Qu\u00e9 software de fotograf\u00eda, video, multimedia, Web o 3D<\/strong> utilizas y necesitas que gestione bien el color.<\/li>\n<\/ul>\n<p>Habr\u00e1 que instalar software (para que funcione el calibrador), as\u00ed que debes tener permisos de administrador. Si es un ordenador de empresa, contacta con el servicio de inform\u00e1tica ya que suelen estar bloqueados.<\/p>\n<\/div><\/div><\/div><\/section>\n<section class='av_toggle_section av-83xaj0-72aa8874a1f4ee78be4403b98958489b'  itemscope=\"itemscope\" itemtype=\"https:\/\/schema.org\/CreativeWork\" ><div role=\"tablist\" class=\"single_toggle\" data-tags=\"{Todo} \"  ><p id='toggle-toggle-id-2' data-fake-id='#toggle-id-2' class='toggler  av-title-above '  itemprop=\"headline\"  role='tab' tabindex='0' aria-controls='toggle-id-2' data-slide-speed=\"200\" data-title=\"\u00bfCU\u00c1NTO TARDA?\" data-title-open=\"\" data-aria_collapsed=\"Click to expand: \u00bfCU\u00c1NTO TARDA?\" data-aria_expanded=\"Click to collapse: \u00bfCU\u00c1NTO TARDA?\">\u00bfCU\u00c1NTO TARDA?<span class=\"toggle_icon\"><span class=\"vert_icon\"><\/span><span class=\"hor_icon\"><\/span><\/span><\/p><div id='toggle-id-2' aria-labelledby='toggle-toggle-id-2' role='region' class='toggle_wrap  av-title-above'  ><div class='toggle_content invers-color '  itemprop=\"text\" ><p>Generalmente muy poco, aunque depende de tu caso particular; en una hora suele estar hecho. Si tienes dos o m\u00e1s pantallas, calcula una hora por cada una.<\/p>\n<\/div><\/div><\/div><\/section>\n<section class='av_toggle_section av-5ixt9o-087afaa6e704640d26464287dba02259'  itemscope=\"itemscope\" itemtype=\"https:\/\/schema.org\/CreativeWork\" ><div role=\"tablist\" class=\"single_toggle\" data-tags=\"{Todo} \"  ><p id='toggle-toggle-id-3' data-fake-id='#toggle-id-3' class='toggler  av-title-above '  itemprop=\"headline\"  role='tab' tabindex='0' aria-controls='toggle-id-3' data-slide-speed=\"200\" data-title=\"\u00bfCU\u00c1NTO CUESTA?\" data-title-open=\"\" data-aria_collapsed=\"Click to expand: \u00bfCU\u00c1NTO CUESTA?\" data-aria_expanded=\"Click to collapse: \u00bfCU\u00c1NTO CUESTA?\">\u00bfCU\u00c1NTO CUESTA?<span class=\"toggle_icon\"><span class=\"vert_icon\"><\/span><span class=\"hor_icon\"><\/span><\/span><\/p><div id='toggle-id-3' aria-labelledby='toggle-toggle-id-3' role='region' class='toggle_wrap  av-title-above'  ><div class='toggle_content invers-color '  itemprop=\"text\" ><p>Es imposible\u00a0dar un precio final porque depende de cada caso en particular, de las dificultades que puedan surgir y del tiempo que lleve resolverlas.<\/p>\n<p>Si est\u00e1s ubicado en Barcelona, el desplazamiento est\u00e1 incluido. En caso de que est\u00e9s m\u00e1s alejado habr\u00e1 que contar con los gastos de desplazamiento y alojamiento. Tambi\u00e9n podemos hacerlo coincidir con alg\u00fan viaje que haga por tu zona.<\/p>\n<p>Para el pago, puedes hacer\u00a0una transferencia bancaria o bien realizarlo a trav\u00e9s de Paypal.<\/p>\n<\/div><\/div><\/div><\/section>\n<section class='av_toggle_section av-4rkqb0-7c5fb8578801fec341d0a830b533cedd'  itemscope=\"itemscope\" itemtype=\"https:\/\/schema.org\/CreativeWork\" ><div role=\"tablist\" class=\"single_toggle\" data-tags=\"{Todo} \"  ><p id='toggle-toggle-id-4' data-fake-id='#toggle-id-4' class='toggler  av-title-above '  itemprop=\"headline\"  role='tab' tabindex='0' aria-controls='toggle-id-4' data-slide-speed=\"200\" data-title=\"FAQ (preguntas frecuentes)\" data-title-open=\"\" data-aria_collapsed=\"Click to expand: FAQ (preguntas frecuentes)\" data-aria_expanded=\"Click to collapse: FAQ (preguntas frecuentes)\">FAQ (preguntas frecuentes)<span class=\"toggle_icon\"><span class=\"vert_icon\"><\/span><span class=\"hor_icon\"><\/span><\/span><\/p><div id='toggle-id-4' aria-labelledby='toggle-toggle-id-4' role='region' class='toggle_wrap  av-title-above'  ><div class='toggle_content invers-color '  itemprop=\"text\" ><p><strong>P:<\/strong>\u00a0\u00bfEste proceso me garantiza que mi pantalla se va a ver perfecta?<\/p>\n<p><strong>R:<\/strong>\u00a0<em>Lo que te garantiza es que se ver\u00e1 de la mejor forma posible. Lo que no se puede conseguir, por ejemplo, es ver una gama de color Adobe RGB en una pantalla cuya gama s\u00f3lo alcanza hasta\u00a0sRGB, por muy bien que se calibre.<\/em><\/p>\n<hr \/>\n<p><strong>P:<\/strong>\u00a0Mi monitor NEC\/EIZO\/Quato\/Barco tiene un software propio \u00bfes compatible con este proceso?<\/p>\n<p><strong>R:<\/strong>\u00a0<em>S\u00ed, y utilizar el software propio suele ser lo\u00a0m\u00e1s recomendable.<\/em><\/p>\n<hr \/>\n<p><strong>P<strong>:<\/strong><\/strong>\u00a0\u00bfQu\u00e9 ocurre si durante la calibraci\u00f3n se detecta un mal funcionamiento del monitor?<\/p>\n<p><strong>R<strong>:<\/strong><\/strong>\u00a0A<em>unque es raro,<\/em> e<em>n ocasiones puede ocurrir. Simplemente se aborta el proceso hasta que se resuelva el problema.<\/em><\/p>\n<hr \/>\n<p><strong>P<strong>:<\/strong><\/strong>\u00a0No estoy seguro de si la pantalla que uso tiene calidad suficiente para poderse calibrar bien\u2026<\/p>\n<p><strong>R<strong>:<\/strong><\/strong>\u00a0<em><a title=\"Consulta sobre calibraci\u00f3n de monitor\" href=\"http:\/\/www.hugorodriguez.com\/blog\/servicios-de-gestion-de-color\/calibracion-del-monitor-in-situ\/consulta-sobre-calibracion-de-monitor\/\">Contacta conmigo<\/a>\u00a0y lo averiguaremos.<\/em><\/p>\n<hr \/>\n<p><strong>P<strong>:<\/strong><\/strong>\u00a0Uso un viejo monitor; \u00bfvale la pena calibrarlo o es mejor cambiarlo por uno moderno antes? En ese caso, \u00bfcu\u00e1l ser\u00eda el m\u00e1s recomendable?<\/p>\n<p><strong>R<strong>:<\/strong><\/strong>\u00a0<em><a title=\"Consulta sobre calibraci\u00f3n de monitor\" href=\"http:\/\/www.hugorodriguez.com\/blog\/servicios-de-gestion-de-color\/calibracion-del-monitor-in-situ\/consulta-sobre-calibracion-de-monitor\/\">Contacta conmigo<\/a><\/em><em>\u00a0y sabremos si hace falta o no. En caso de cambiar, puedo recomendarte un modelo adecuado a tus necesidades.<\/em><\/p>\n<hr \/>\n<p><strong>P<strong>:<\/strong><\/strong>\u00a0\u00bfCu\u00e1ndo tendr\u00eda que volver a calibrar la pantalla?<\/p>\n<p><strong>R<strong>:<\/strong><\/strong>\u00a0<em>No hay una fecha fija, pero suelo recomendar un plazo de entre 3 y 6 meses.<\/em><\/p>\n<hr \/>\n<p><strong>P<strong>:<\/strong><\/strong>\u00a0Quisiera calibrar un Tablet o Smartphone Apple\/Android; \u00bfes posible?<\/p>\n<p><strong>R<strong>:<\/strong><\/strong>\u00a0<em>En muchos casos s\u00ed se puede. De todas maneras, <em><a title=\"Consulta sobre calibraci\u00f3n de monitor\" href=\"http:\/\/www.hugorodriguez.com\/blog\/servicios-de-gestion-de-color\/calibracion-del-monitor-in-situ\/consulta-sobre-calibracion-de-monitor\/\">contacta conmigo<\/a><\/em>\u00a0y analizamos tu caso en particular.<\/em><\/p>\n<hr \/>\n<p><strong>P<strong>:<\/strong><\/strong>\u00a0Finalmente\u00a0tengo la pantalla calibrada, pero veo los colores menos saturados, y antes se parec\u00edan m\u00e1s a las copias impresas.<\/p>\n<p><strong>R<strong>:<\/strong><\/strong>\u00a0<em>Es un efecto que ocurre en ocasiones. Si la pantalla est\u00e1 bien calibrada, puedes estar seguro de que los colores ahora se ven m\u00e1s fieles. \u00bfAntes estaban m\u00e1s saturados? Puede ser&#8230; Pero eso no hace m\u00e1s que confirmar que antes estaban desviados.<\/em><\/p>\n<hr \/>\n<p><strong>P<strong>:<\/strong><\/strong>\u00a0Finalmente tengo la pantalla calibrada. Todo muy bien, pero ahora veo que todas mis fotos tienen una dominante en particular.<\/p>\n<p><strong>R<strong>:<\/strong><\/strong>\u00a0<em>En ocasiones ocurre con monitores de gama Adobe RGB. Puede pasar que todas las fotos se vean sobresaturadas y al usuario le agrade as\u00ed. Una vez se calibra, los colores pasan a ser correctos, con lo que pierden saturaci\u00f3n, cosa que puede hacer que el usuario lo vea como un paso atr\u00e1s.<\/em><\/p>\n<hr \/>\n<p><strong>P<strong>:<\/strong><\/strong>\u00a0Finalmente\u00a0tengo la pantalla calibrada, pero ahora veo que antes de calibrar mis fotos se parec\u00edan m\u00e1s a la impresi\u00f3n.<\/p>\n<p><strong>R<strong>:<\/strong><\/strong>\u00a0<em>Es un caso raro, pero puede ocurrir. A veces el monitor se ha ajustado en brillo y contraste para que -muy a grosso modo- se asemeje a la copia. Es un sistema muy burdo pero que con fotos de poco contraste y saturaci\u00f3n (t\u00edpico de compactas y m\u00f3viles en manos de usuarios noveles, no de fot\u00f3grafos experimentados) puede funcionar \u00abpara ir tirando\u00bb. Pero al calibrar, la pantalla pasa a mostrar los colores fielmente, lo que pone en evidencia cu\u00e1n distinta de la impresi\u00f3n es. La soluci\u00f3n es <a title=\"Calibraci\u00f3n remota de impresoras\" href=\"http:\/\/www.hugorodriguez.com\/blog\/servicios-de-gestion-de-color\/calibracion-remota-de-impresoras\/\">calibrar tambi\u00e9n la impresi\u00f3n<\/a>, cosa que cerrar\u00e1 el c\u00edrculo.<\/em><\/p>\n<\/div><\/div><\/div><\/section>\n<\/div>\n<p>&nbsp;<\/p>\n<div  class='hr av-2l1vbw-eaed5d12e96286414dfb666515e3cc87 hr-default  avia-builder-el-3  el_after_av_toggle_container  avia-builder-el-last '><span class='hr-inner '><span class=\"hr-inner-style\"><\/span><\/span><\/div>\n<h2 style=\"text-align: center\">\u00bfQuieres saber qu\u00e9 opinan los clientes?<\/h2>\n<p>Pues echa un vistazo a\u00a0lo que algunos de ellos\u00a0han\u00a0<a title=\"Opiniones de clientes\" href=\"http:\/\/www.hugorodriguez.com\/blog\/servicios-de-gestion-de-color\/testimonios\/\">comentado<\/a>.<\/p>\n<p>&nbsp;<\/p>\n<h3 style=\"text-align: right\"><a title=\"Sobre nosotros\" href=\"http:\/\/www.hugorodriguez.com\/blog\/servicios-de-gestion-de-color\/sobre-nosotros\/\">Sobre nosotros<\/a><\/h3>\n","protected":false},"excerpt":{"rendered":"<p>\u00bfNecesitas un color muy fiel para un importante trabajo que te han encargado? \u00bfNo est\u00e1s contento con la reproducci\u00f3n del color de tu monitor? \u00bfLos colores no coinciden con los de las impresiones? Si tienes problemas con tu monitor y necesitas la ayuda de un especialista, sigue leyendo\u2026 &nbsp; \u00bfEn qu\u00e9 consiste? B\u00e1sicamente en que [&hellip;]<\/p>\n","protected":false},"author":1,"featured_media":0,"parent":1723,"menu_order":0,"comment_status":"closed","ping_status":"closed","template":"template-blank.php","meta":{"footnotes":""},"class_list":["post-1548","page","type-page","status-publish","hentry"],"_links":{"self":[{"href":"https:\/\/www.hugorodriguez.com\/blog\/wp-json\/wp\/v2\/pages\/1548","targetHints":{"allow":["GET"]}}],"collection":[{"href":"https:\/\/www.hugorodriguez.com\/blog\/wp-json\/wp\/v2\/pages"}],"about":[{"href":"https:\/\/www.hugorodriguez.com\/blog\/wp-json\/wp\/v2\/types\/page"}],"author":[{"embeddable":true,"href":"https:\/\/www.hugorodriguez.com\/blog\/wp-json\/wp\/v2\/users\/1"}],"replies":[{"embeddable":true,"href":"https:\/\/www.hugorodriguez.com\/blog\/wp-json\/wp\/v2\/comments?post=1548"}],"version-history":[{"count":5,"href":"https:\/\/www.hugorodriguez.com\/blog\/wp-json\/wp\/v2\/pages\/1548\/revisions"}],"predecessor-version":[{"id":7992,"href":"https:\/\/www.hugorodriguez.com\/blog\/wp-json\/wp\/v2\/pages\/1548\/revisions\/7992"}],"up":[{"embeddable":true,"href":"https:\/\/www.hugorodriguez.com\/blog\/wp-json\/wp\/v2\/pages\/1723"}],"wp:attachment":[{"href":"https:\/\/www.hugorodriguez.com\/blog\/wp-json\/wp\/v2\/media?parent=1548"}],"curies":[{"name":"wp","href":"https:\/\/api.w.org\/{rel}","templated":true}]}}