{"id":1545,"date":"2014-11-04T19:19:32","date_gmt":"2014-11-04T18:19:32","guid":{"rendered":"http:\/\/www.hugorodriguez.com\/blog\/?page_id=1545"},"modified":"2019-04-02T12:54:45","modified_gmt":"2019-04-02T10:54:45","slug":"calibracion-remota-de-impresoras","status":"publish","type":"page","link":"https:\/\/www.hugorodriguez.com\/blog\/servicios-de-gestion-de-color\/calibracion-remota-de-impresoras\/","title":{"rendered":"Calibraci\u00f3n remota de impresoras"},"content":{"rendered":"<h3>\u00bfCansado de problemas con las copias impresas? \u00bfGastas demasiado papel en pruebas? \u00bfHarto de que la pantalla y la impresi\u00f3n muestren grandes diferencias?<\/h3>\n<h3>Pues creo que has encontrado lo que estabas buscando: una buena calibraci\u00f3n de tu impresora. Sigue leyendo\u2026<\/h3>\n<p><a href=\"http:\/\/www.hugorodriguez.com\/blog\/wp-content\/uploads\/2014\/11\/X-Rite-i1-Pro-2-05.jpg\"><img loading=\"lazy\" decoding=\"async\" class=\"aligncenter wp-image-1546\" src=\"http:\/\/www.hugorodriguez.com\/blog\/wp-content\/uploads\/2014\/11\/X-Rite-i1-Pro-2-05.jpg\" alt=\"X-Rite-i1-Pro-2-05\" width=\"650\" height=\"434\" srcset=\"https:\/\/www.hugorodriguez.com\/blog\/wp-content\/uploads\/2014\/11\/X-Rite-i1-Pro-2-05.jpg 1000w, https:\/\/www.hugorodriguez.com\/blog\/wp-content\/uploads\/2014\/11\/X-Rite-i1-Pro-2-05-450x300.jpg 450w, https:\/\/www.hugorodriguez.com\/blog\/wp-content\/uploads\/2014\/11\/X-Rite-i1-Pro-2-05-500x333.jpg 500w, https:\/\/www.hugorodriguez.com\/blog\/wp-content\/uploads\/2014\/11\/X-Rite-i1-Pro-2-05-800x533.jpg 800w, https:\/\/www.hugorodriguez.com\/blog\/wp-content\/uploads\/2014\/11\/X-Rite-i1-Pro-2-05-705x470.jpg 705w\" sizes=\"auto, (max-width: 650px) 100vw, 650px\" \/><\/a><\/p>\n<p>&nbsp;<\/p>\n<h2 style=\"text-align: center\">\u00bfSe nota la diferencia?<\/h2>\n<p>Vaya si se nota&#8230; La diferencia entre una impresora calibrada y otra sin calibrar es como de la noche al d\u00eda. Hay que tener en cuenta que en la impresi\u00f3n confluyen muchas variables y\u00a0es imposible que el fabricante de la impresora\u00a0pueda controlar totalmente: lote de tinta utilizado, papel empleado (especialmente si\u00a0no es de la marca), software de impresi\u00f3n e incluso factores como la temperatura ambiente o la humedad relativa del aire&#8230;<\/p>\n<p>Por eso, la \u00fanica forma de garantizar un resultado excelente, siempre que la impresora y el papel tengan calidad suficiente, es con un perfil ICC a la medida.<\/p>\n<p>Por otra parte, crear un perfil ICC no es tan sencillo como \u00abcomprar un calibrador, enchufarlo y ya est\u00e1\u00bb. Hay que saber exactamente cu\u00e1les son los par\u00e1metros concretos que hay que utilizar&#8230; que cambian con cada papel utilizado. Por eso, para generar el perfil,\u00a0a diferencia de los m\u00e9todos m\u00e1s sencillos, haremos una verificaci\u00f3n general de la calidad y no procederemos a crear el perfil hasta tener claro que\u00a0esa prueba est\u00e1 superada. Porque no tiene sentido crear un perfil si hay problemas que disminuyen la calidad, aunque sean dif\u00edciles de detectar.<\/p>\n<p>Adem\u00e1s, en mi laboratorio\u00a0utilizo los mejores equipos y tecnolog\u00eda que pueden conseguirse en la actualidad, como los espectrofot\u00f3metros X-Rite i1 Pro &amp; i1 Pro2.\u00a0Y para crearlos uso procedimientos que he ido depurando durante mis\u00a0a\u00f1os de experiencia, con esos peque\u00f1os\u00a0trucos expertos que, al final, marcan la diferencia.<\/p>\n<p><img loading=\"lazy\" decoding=\"async\" class=\"aligncenter wp-image-1980\" src=\"http:\/\/www.hugorodriguez.com\/blog\/wp-content\/uploads\/2014\/11\/40_i1Pro2_NoseOnChart.jpg\" alt=\"XRite i1Pro2 Nose On Chart\" width=\"600\" height=\"449\" srcset=\"https:\/\/www.hugorodriguez.com\/blog\/wp-content\/uploads\/2014\/11\/40_i1Pro2_NoseOnChart.jpg 800w, https:\/\/www.hugorodriguez.com\/blog\/wp-content\/uploads\/2014\/11\/40_i1Pro2_NoseOnChart-450x336.jpg 450w, https:\/\/www.hugorodriguez.com\/blog\/wp-content\/uploads\/2014\/11\/40_i1Pro2_NoseOnChart-500x373.jpg 500w, https:\/\/www.hugorodriguez.com\/blog\/wp-content\/uploads\/2014\/11\/40_i1Pro2_NoseOnChart-705x526.jpg 705w\" sizes=\"auto, (max-width: 600px) 100vw, 600px\" \/><\/p>\n<p>&nbsp;<\/p>\n<h2 style=\"text-align: center\">\u00bfEn qu\u00e9 consiste?<\/h2>\n<p>Se trata de que puedas tener tu impresora bien calibrada, pero sin que sea necesario que yo me desplace a tu estudio para calibrarla.<\/p>\n<p><img loading=\"lazy\" decoding=\"async\" class=\"aligncenter wp-image-1940\" src=\"http:\/\/www.hugorodriguez.com\/blog\/wp-content\/uploads\/2014\/11\/Cartas-de-color-05.jpg\" alt=\"Cartas-de-color-05\" width=\"600\" height=\"386\" srcset=\"https:\/\/www.hugorodriguez.com\/blog\/wp-content\/uploads\/2014\/11\/Cartas-de-color-05.jpg 800w, https:\/\/www.hugorodriguez.com\/blog\/wp-content\/uploads\/2014\/11\/Cartas-de-color-05-450x289.jpg 450w, https:\/\/www.hugorodriguez.com\/blog\/wp-content\/uploads\/2014\/11\/Cartas-de-color-05-500x321.jpg 500w, https:\/\/www.hugorodriguez.com\/blog\/wp-content\/uploads\/2014\/11\/Cartas-de-color-05-705x452.jpg 705w\" sizes=\"auto, (max-width: 600px) 100vw, 600px\" \/><\/p>\n<p>El proceso de perfilado consiste en lo siguiente:<\/p>\n<ol>\n<li><strong>Te enviar\u00e9 unas cartas de color<\/strong> especialmente escogidas, que <strong>deber\u00e1s imprimir<\/strong> siguiendo mis instrucciones.<\/li>\n<li><strong>Una vez las imprimas, deber\u00e1s<\/strong> meterlas en un sobre y <strong>envi\u00e1rmelas<\/strong>.<\/li>\n<li>Cuando las reciba, <strong>generar\u00e9 el perfil de color y te lo enviar\u00e9 por e-mail<\/strong>, junto con instrucciones para que lo utilices.<\/li>\n<\/ol>\n<p>Ten en cuenta que el proceso de perfilado se hace para un papel y unas tintas, con lo que\u00a0si quieres usar tu impresora con dos papeles diferentes, deber\u00e1s obtener un perfil para cada uno.<\/p>\n<p>&nbsp;<\/p>\n<div  class='avia-button-wrap av-g5ytl5-d1ce1223c4a805b8e2fbbca73bc1a8db-wrap avia-button-center  avia-builder-el-0  el_before_av_toggle_container  avia-builder-el-first '><a href='https:\/\/www.hugorodriguez.com\/blog\/servicios-de-gestion-de-color\/calibracion-remota-de-impresoras\/solicitud-calibrado-remoto-de-impresora\/'  class='avia-button av-g5ytl5-d1ce1223c4a805b8e2fbbca73bc1a8db av-link-btn avia-icon_select-no avia-size-large avia-position-center avia-color-orange'   aria-label=\"SOLICITAR CALIBRACI\u00d3N\"><span class='avia_iconbox_title' >SOLICITAR CALIBRACI\u00d3N<\/span><\/a><\/div>\n<div  class='togglecontainer av-1f4yc9-6d30709287a8257f99a03d6f6d37f229  avia-builder-el-1  el_after_av_button  el_before_av_hr  toggle_close_all' >\n<section class='av_toggle_section av-bw94mh-83d93645027ea1ecec5f8ce6a5f7633d'  itemscope=\"itemscope\" itemtype=\"https:\/\/schema.org\/CreativeWork\" ><div role=\"tablist\" class=\"single_toggle\" data-tags=\"{Todo} \"  ><p id='toggle-toggle-id-1' data-fake-id='#toggle-id-1' class='toggler  av-title-above '  itemprop=\"headline\"  role='tab' tabindex='0' aria-controls='toggle-id-1' data-slide-speed=\"200\" data-title=\"\u00bfY SI PREFIERO UN CALIBRADO IN-SITU?\" data-title-open=\"\" data-aria_collapsed=\"Click to expand: \u00bfY SI PREFIERO UN CALIBRADO IN-SITU?\" data-aria_expanded=\"Click to collapse: \u00bfY SI PREFIERO UN CALIBRADO IN-SITU?\">\u00bfY SI PREFIERO UN CALIBRADO IN-SITU?<span class=\"toggle_icon\"><span class=\"vert_icon\"><\/span><span class=\"hor_icon\"><\/span><\/span><\/p><div id='toggle-id-1' aria-labelledby='toggle-toggle-id-1' role='region' class='toggle_wrap  av-title-above'  ><div class='toggle_content invers-color '  itemprop=\"text\" ><p>No hay problema. <a title=\"Solicitud de calibrado remoto de impresora\" href=\"http:\/\/www.hugorodriguez.com\/blog\/servicios-de-gestion-de-color\/servicio-de-perfilado-remoto-de-impresoras\/solicitud-calibrado-remoto-de-impresora\/\">Contacta<\/a> conmigo y nos ponemos con ello.<\/p>\n<\/div><\/div><\/div><\/section>\n<section class='av_toggle_section av-a8eum1-c31d4742f0ffd1b8f0e517150fce2da8'  itemscope=\"itemscope\" itemtype=\"https:\/\/schema.org\/CreativeWork\" ><div role=\"tablist\" class=\"single_toggle\" data-tags=\"{Todo} \"  ><p id='toggle-toggle-id-2' data-fake-id='#toggle-id-2' class='toggler  av-title-above '  itemprop=\"headline\"  role='tab' tabindex='0' aria-controls='toggle-id-2' data-slide-speed=\"200\" data-title=\"\u00bfQU\u00c9 NECESITO PARA SOLICITARLO?\" data-title-open=\"\" data-aria_collapsed=\"Click to expand: \u00bfQU\u00c9 NECESITO PARA SOLICITARLO?\" data-aria_expanded=\"Click to collapse: \u00bfQU\u00c9 NECESITO PARA SOLICITARLO?\">\u00bfQU\u00c9 NECESITO PARA SOLICITARLO?<span class=\"toggle_icon\"><span class=\"vert_icon\"><\/span><span class=\"hor_icon\"><\/span><\/span><\/p><div id='toggle-id-2' aria-labelledby='toggle-toggle-id-2' role='region' class='toggle_wrap  av-title-above'  ><div class='toggle_content invers-color '  itemprop=\"text\" ><p>Nada en particular. Basta que me contactes usando el formulario y me indiques:<\/p>\n<ul>\n<li>Qu\u00e9 impresora\/plotter tienes (marca y modelo).<\/li>\n<li>Qu\u00e9 papel quieres perfilar. Tambi\u00e9n conviene saber si estas usando las tintas originales.<\/li>\n<li>Qu\u00e9 ordenador tienes (marca, modelo y sistema operativo).<\/li>\n<li>Qu\u00e9 software utilizas para imprimir habitualmente.<\/li>\n<\/ul>\n<p>Debes tener en cuenta que calibrar la impresora bien no consigue que tus impresiones se vean iguales a lo que ves en tu pantalla\u2026 a menos que la tengas bien calibrada tambi\u00e9n. En caso de que no lo hayas hecho a\u00fan, quiz\u00e1s te interesen mi <a title=\"Solicitud de calibrado de monitor in-situ\" href=\"http:\/\/www.hugorodriguez.com\/blog\/servicios-de-gestion-de-color\/servicio-de-calibracion-del-monitor-in-situ\/solicitud-calibrado-monitor-in-situ\/\">servicio de calibrado<\/a>.<\/p>\n<\/div><\/div><\/div><\/section>\n<section class='av_toggle_section av-9hpzk9-acd45575573a7fbed54d56bae79f175b'  itemscope=\"itemscope\" itemtype=\"https:\/\/schema.org\/CreativeWork\" ><div role=\"tablist\" class=\"single_toggle\" data-tags=\"{Todo} \"  ><p id='toggle-toggle-id-3' data-fake-id='#toggle-id-3' class='toggler  av-title-above '  itemprop=\"headline\"  role='tab' tabindex='0' aria-controls='toggle-id-3' data-slide-speed=\"200\" data-title=\"\u00bfCU\u00c1NTO SE TARDA?\" data-title-open=\"\" data-aria_collapsed=\"Click to expand: \u00bfCU\u00c1NTO SE TARDA?\" data-aria_expanded=\"Click to collapse: \u00bfCU\u00c1NTO SE TARDA?\">\u00bfCU\u00c1NTO SE TARDA?<span class=\"toggle_icon\"><span class=\"vert_icon\"><\/span><span class=\"hor_icon\"><\/span><\/span><\/p><div id='toggle-id-3' aria-labelledby='toggle-toggle-id-3' role='region' class='toggle_wrap  av-title-above'  ><div class='toggle_content invers-color '  itemprop=\"text\" ><p>Depende de la rapidez con que imprimas y me llegue el sobre con las cartas de color impresas pero, si no surgen problemas, en tres d\u00edas t\u00edpicamente puedes tener el perfil en tu correo.<\/p>\n<\/div><\/div><\/div><\/section>\n<section class='av_toggle_section av-6v9cq1-bae8f0979b735ea2fe04835754038308'  itemscope=\"itemscope\" itemtype=\"https:\/\/schema.org\/CreativeWork\" ><div role=\"tablist\" class=\"single_toggle\" data-tags=\"{Todo} \"  ><p id='toggle-toggle-id-4' data-fake-id='#toggle-id-4' class='toggler  av-title-above '  itemprop=\"headline\"  role='tab' tabindex='0' aria-controls='toggle-id-4' data-slide-speed=\"200\" data-title=\"\u00bfCU\u00c1NTO CUESTA?\" data-title-open=\"\" data-aria_collapsed=\"Click to expand: \u00bfCU\u00c1NTO CUESTA?\" data-aria_expanded=\"Click to collapse: \u00bfCU\u00c1NTO CUESTA?\">\u00bfCU\u00c1NTO CUESTA?<span class=\"toggle_icon\"><span class=\"vert_icon\"><\/span><span class=\"hor_icon\"><\/span><\/span><\/p><div id='toggle-id-4' aria-labelledby='toggle-toggle-id-4' role='region' class='toggle_wrap  av-title-above'  ><div class='toggle_content invers-color '  itemprop=\"text\" ><p>Menos de lo que imaginas ;-)<\/p>\n<p>Consulta la <a title=\"Tarifa de calibrado remoto de impresora\" href=\"http:\/\/www.hugorodriguez.com\/blog\/servicios-de-gestion-de-color\/perfilado-remoto-de-impresoras\/tarifa-calibrado-remoto-de-impresora\/\">tarifa de precios<\/a>.<\/p>\n<\/div><\/div><\/div><\/section>\n<section class='av_toggle_section av-5zfy5l-898b16ff3b2e32c8717071e427cb3eb0'  itemscope=\"itemscope\" itemtype=\"https:\/\/schema.org\/CreativeWork\" ><div role=\"tablist\" class=\"single_toggle\" data-tags=\"{Todo} \"  ><p id='toggle-toggle-id-5' data-fake-id='#toggle-id-5' class='toggler  av-title-above '  itemprop=\"headline\"  role='tab' tabindex='0' aria-controls='toggle-id-5' data-slide-speed=\"200\" data-title=\"\u00bfES COMPLICADO UTILIZAR LA CALIBRACI\u00d3N?\" data-title-open=\"\" data-aria_collapsed=\"Click to expand: \u00bfES COMPLICADO UTILIZAR LA CALIBRACI\u00d3N?\" data-aria_expanded=\"Click to collapse: \u00bfES COMPLICADO UTILIZAR LA CALIBRACI\u00d3N?\">\u00bfES COMPLICADO UTILIZAR LA CALIBRACI\u00d3N?<span class=\"toggle_icon\"><span class=\"vert_icon\"><\/span><span class=\"hor_icon\"><\/span><\/span><\/p><div id='toggle-id-5' aria-labelledby='toggle-toggle-id-5' role='region' class='toggle_wrap  av-title-above'  ><div class='toggle_content invers-color '  itemprop=\"text\" ><p>Para nada. Una vez tengas tu perfil recibir\u00e1s instrucciones concisas acerca de c\u00f3mo tienes que utilizar tu nuevo perfil personalizado. Siempre y cuando contin\u00faes usando el mismo papel y tintas e imprimiendo desde el mismo software, obtendr\u00e1s un resultado consistente.<\/p>\n<\/div><\/div><\/div><\/section>\n<section class='av_toggle_section av-4p3zux-255c77700e77731ece4fc65ab2e71ea3'  itemscope=\"itemscope\" itemtype=\"https:\/\/schema.org\/CreativeWork\" ><div role=\"tablist\" class=\"single_toggle\" data-tags=\"{Todo} \"  ><p id='toggle-toggle-id-6' data-fake-id='#toggle-id-6' class='toggler  av-title-above '  itemprop=\"headline\"  role='tab' tabindex='0' aria-controls='toggle-id-6' data-slide-speed=\"200\" data-title=\"PREGUNTAS FRECUENTES (FAQ)\" data-title-open=\"\" data-aria_collapsed=\"Click to expand: PREGUNTAS FRECUENTES (FAQ)\" data-aria_expanded=\"Click to collapse: PREGUNTAS FRECUENTES (FAQ)\">PREGUNTAS FRECUENTES (FAQ)<span class=\"toggle_icon\"><span class=\"vert_icon\"><\/span><span class=\"hor_icon\"><\/span><\/span><\/p><div id='toggle-id-6' aria-labelledby='toggle-toggle-id-6' role='region' class='toggle_wrap  av-title-above'  ><div class='toggle_content invers-color '  itemprop=\"text\" ><p><strong>P<\/strong>: Una vez tenga mi impresora calibrada, \u00bfver\u00e9 en pantalla los colores de la copia?<\/p>\n<p><strong>R<\/strong>: <em>Bueno, para poder verlo es imprescindible que tengas un (buen) monitor bien calibrado. Con ambos requisitos cumplidos, es cuesti\u00f3n de comenzar a usar correctamente el softproofing en el software que usas para imprimir.<\/em><\/p>\n<hr \/>\n<p><strong>P<\/strong>: Tengo un plotter grande; \u00bfse puede calibrar con este servicio?<\/p>\n<p><strong>R<\/strong>: <em>Si usas el propio driver no hay ninguna diferencia con impresoras de escritorio. Si usas Epson Mirage, tampoco hay problema.<\/em><\/p>\n<hr \/>\n<p><strong>P<\/strong>: Utilizo un RIP para imprimir; \u00bfse puede perfilar en este caso?<\/p>\n<p><strong>R<\/strong>: <em>Si, se puede. Pero en algunos casos el proceso requiere hacer pruebas previas de l\u00edmites de tintas, lineaturas de trama, alineaci\u00f3n de registros y procesos que pertenecen al mundo del offset, para lo cual quiz\u00e1s debas buscar un t\u00e9cnico especializado en estas \u00e1reas. Si s\u00f3lo hay que linealizar y perfilar, no tendr\u00e9 problema en realizarlo yo mismo.<\/em><\/p>\n<hr \/>\n<p><strong>P<\/strong>: Necesito unas pruebas de color certificadas ISO para imprenta (lo que antiguamente se conoc\u00eda como <em>Cromalin<\/em>).<\/p>\n<p><strong>R<\/strong>: <em><a title=\"Solicitud de calibrado remoto de impresora\" href=\"http:\/\/www.hugorodriguez.com\/blog\/servicios-de-gestion-de-color\/servicio-de-perfilado-remoto-de-impresoras\/solicitud-calibrado-remoto-de-impresora\/\">Contacta<\/a> conmigo. Si necesitas varias (el n\u00famero m\u00ednimo es de 6 a tama\u00f1o peque\u00f1o) lo puedo llevar a cabo. La calidad es excelente. Si s\u00f3lo necesitas una o dos pruebas de peque\u00f1o tama\u00f1o, te recomendar\u00e9 un buen sitio donde puedes pedirlas.<\/em><\/p>\n<hr \/>\n<p><strong>P<\/strong>: Imprimo principalmente en B\/N; \u00bfse puede calibrar\u00a0la impresora en mi caso?<\/p>\n<p><strong>R<\/strong>: S\u00ed, aunque<em>\u00a0en B\/N puede ser\u00a0m\u00e1s conveniente usar otro sistema. <a title=\"Solicitud de calibrado remoto de impresora\" href=\"http:\/\/www.hugorodriguez.com\/blog\/servicios-de-gestion-de-color\/servicio-de-perfilado-remoto-de-impresoras\/solicitud-calibrado-remoto-de-impresora\/\">Contacta<\/a>\u00a0conmigo para m\u00e1s informaci\u00f3n.<\/em><\/p>\n<\/div><\/div><\/div><\/section>\n<\/div>\n<p>&nbsp;<\/p>\n<div  class='hr av-74lax-61df7d51403f04c7ba2e81bd03e7cb49 hr-default  avia-builder-el-2  el_after_av_toggle_container  avia-builder-el-last '><span class='hr-inner '><span class=\"hr-inner-style\"><\/span><\/span><\/div>\n<h2 style=\"text-align: center\">\u00bfQuieres saber qu\u00e9 opinan los clientes?<\/h2>\n<p>Pues echa un vistazo a\u00a0lo que algunos de ellos\u00a0han\u00a0<a title=\"Opiniones de clientes\" href=\"http:\/\/www.hugorodriguez.com\/blog\/servicios-de-gestion-de-color\/testimonios\/\">comentado<\/a>.<\/p>\n<p>&nbsp;<\/p>\n<h3 style=\"text-align: right\"><a title=\"Sobre nosotros\" href=\"http:\/\/www.hugorodriguez.com\/blog\/servicios-de-gestion-de-color\/sobre-nosotros\/\">Sobre nosotros<\/a><\/h3>\n","protected":false},"excerpt":{"rendered":"<p>\u00bfCansado de problemas con las copias impresas? \u00bfGastas demasiado papel en pruebas? \u00bfHarto de que la pantalla y la impresi\u00f3n muestren grandes diferencias? Pues creo que has encontrado lo que estabas buscando: una buena calibraci\u00f3n de tu impresora. Sigue leyendo\u2026 &nbsp; \u00bfSe nota la diferencia? Vaya si se nota&#8230; La diferencia entre una impresora calibrada [&hellip;]<\/p>\n","protected":false},"author":1,"featured_media":0,"parent":1723,"menu_order":0,"comment_status":"closed","ping_status":"closed","template":"template-blank.php","meta":{"footnotes":""},"class_list":["post-1545","page","type-page","status-publish","hentry"],"_links":{"self":[{"href":"https:\/\/www.hugorodriguez.com\/blog\/wp-json\/wp\/v2\/pages\/1545","targetHints":{"allow":["GET"]}}],"collection":[{"href":"https:\/\/www.hugorodriguez.com\/blog\/wp-json\/wp\/v2\/pages"}],"about":[{"href":"https:\/\/www.hugorodriguez.com\/blog\/wp-json\/wp\/v2\/types\/page"}],"author":[{"embeddable":true,"href":"https:\/\/www.hugorodriguez.com\/blog\/wp-json\/wp\/v2\/users\/1"}],"replies":[{"embeddable":true,"href":"https:\/\/www.hugorodriguez.com\/blog\/wp-json\/wp\/v2\/comments?post=1545"}],"version-history":[{"count":5,"href":"https:\/\/www.hugorodriguez.com\/blog\/wp-json\/wp\/v2\/pages\/1545\/revisions"}],"predecessor-version":[{"id":7995,"href":"https:\/\/www.hugorodriguez.com\/blog\/wp-json\/wp\/v2\/pages\/1545\/revisions\/7995"}],"up":[{"embeddable":true,"href":"https:\/\/www.hugorodriguez.com\/blog\/wp-json\/wp\/v2\/pages\/1723"}],"wp:attachment":[{"href":"https:\/\/www.hugorodriguez.com\/blog\/wp-json\/wp\/v2\/media?parent=1545"}],"curies":[{"name":"wp","href":"https:\/\/api.w.org\/{rel}","templated":true}]}}